{"id":6154,"date":"2021-02-24T11:21:37","date_gmt":"2021-02-24T10:21:37","guid":{"rendered":"https:\/\/abcprato.it\/?page_id=6154"},"modified":"2024-04-10T13:01:44","modified_gmt":"2024-04-10T11:01:44","slug":"mision-vision","status":"publish","type":"page","link":"https:\/\/abcprato.it\/es\/mision-vision\/","title":{"rendered":"Misi\u00f3n &#038; Visi\u00f3n"},"content":{"rendered":"\t\t<div data-elementor-type=\"wp-page\" data-elementor-id=\"6154\" class=\"elementor elementor-6154 elementor-1009\" data-elementor-post-type=\"page\">\n\t\t\t\t\t\t<section class=\"elementor-section elementor-top-section elementor-element elementor-element-1ee7299 elementor-section-boxed elementor-section-height-default elementor-section-height-default\" data-id=\"1ee7299\" data-element_type=\"section\" data-e-type=\"section\" data-settings=\"{&quot;background_background&quot;:&quot;classic&quot;}\">\n\t\t\t\t\t\t<div class=\"elementor-container elementor-column-gap-default\">\n\t\t\t\t\t<div class=\"elementor-column elementor-col-100 elementor-top-column elementor-element elementor-element-c05c4d0\" data-id=\"c05c4d0\" data-element_type=\"column\" data-e-type=\"column\">\n\t\t\t<div class=\"elementor-widget-wrap elementor-element-populated\">\n\t\t\t\t\t\t<div class=\"elementor-element elementor-element-a2aa76f elementor-widget elementor-widget-heading\" data-id=\"a2aa76f\" data-element_type=\"widget\" data-e-type=\"widget\" data-widget_type=\"heading.default\">\n\t\t\t\t<div class=\"elementor-widget-container\">\n\t\t\t\t\t<h1 class=\"elementor-heading-title elementor-size-default\">Misi\u00f3n &amp; Visi\u00f3n<\/h1>\t\t\t\t<\/div>\n\t\t\t\t<\/div>\n\t\t\t\t\t<\/div>\n\t\t<\/div>\n\t\t\t\t\t<\/div>\n\t\t<\/section>\n\t\t\t\t<section class=\"elementor-section elementor-top-section elementor-element elementor-element-3ca568f elementor-section-boxed elementor-section-height-default elementor-section-height-default\" data-id=\"3ca568f\" data-element_type=\"section\" data-e-type=\"section\" data-settings=\"{&quot;background_background&quot;:&quot;classic&quot;}\">\n\t\t\t\t\t\t<div class=\"elementor-container elementor-column-gap-default\">\n\t\t\t\t\t<div class=\"elementor-column elementor-col-100 elementor-top-column elementor-element elementor-element-4660a2f\" data-id=\"4660a2f\" data-element_type=\"column\" data-e-type=\"column\">\n\t\t\t<div class=\"elementor-widget-wrap elementor-element-populated\">\n\t\t\t\t\t\t<div class=\"elementor-element elementor-element-e9b04f2 elementor-widget elementor-widget-text-editor\" data-id=\"e9b04f2\" data-element_type=\"widget\" data-e-type=\"widget\" data-widget_type=\"text-editor.default\">\n\t\t\t\t<div class=\"elementor-widget-container\">\n\t\t\t\t\t\t\t\t\t<p><i style=\"color: var( --e-global-color-text ); font-family: var( --e-global-typography-text-font-family ), Sans-serif; font-weight: var( --e-global-typography-text-font-weight ); font-size: 1rem;\"><span style=\"font-size: 14.0pt; color: #44546a; mso-fareast-language: IT;\">\u201cNunca mires atr\u00e1s y nunca te detengas en lo que ya est\u00e1 hecho, pero mant\u00e9n un ojo en las muchas, muchas cosas que quedan por hacer<em style=\"font-weight: var( --e-global-typography-text-font-weight );\">\u201d<\/em>. <\/span><\/i><i style=\"color: var( --e-global-color-text ); font-family: var( --e-global-typography-text-font-family ), Sans-serif; font-weight: var( --e-global-typography-text-font-weight ); font-size: 1rem;\"><span style=\"color: #44546a; mso-fareast-language: IT;\">G.B.M.\u00a0<\/span><\/i><\/p>\t\t\t\t\t\t\t\t<\/div>\n\t\t\t\t<\/div>\n\t\t\t\t\t<\/div>\n\t\t<\/div>\n\t\t\t\t\t<\/div>\n\t\t<\/section>\n\t\t\t\t<section class=\"elementor-section elementor-top-section elementor-element elementor-element-a9b70f4 elementor-reverse-tablet elementor-reverse-mobile elementor-section-boxed elementor-section-height-default elementor-section-height-default\" data-id=\"a9b70f4\" data-element_type=\"section\" data-e-type=\"section\" data-settings=\"{&quot;shape_divider_top&quot;:&quot;opacity-fan&quot;}\">\n\t\t\t\t\t<div class=\"elementor-shape elementor-shape-top\" aria-hidden=\"true\" data-negative=\"false\">\n\t\t\t<svg xmlns=\"http:\/\/www.w3.org\/2000\/svg\" viewBox=\"0 0 283.5 19.6\" preserveAspectRatio=\"none\">\n\t<path class=\"elementor-shape-fill\" style=\"opacity:0.33\" d=\"M0 0L0 18.8 141.8 4.1 283.5 18.8 283.5 0z\"\/>\n\t<path class=\"elementor-shape-fill\" style=\"opacity:0.33\" d=\"M0 0L0 12.6 141.8 4 283.5 12.6 283.5 0z\"\/>\n\t<path class=\"elementor-shape-fill\" style=\"opacity:0.33\" d=\"M0 0L0 6.4 141.8 4 283.5 6.4 283.5 0z\"\/>\n\t<path class=\"elementor-shape-fill\" d=\"M0 0L0 1.2 141.8 4 283.5 1.2 283.5 0z\"\/>\n<\/svg>\t\t<\/div>\n\t\t\t\t\t<div class=\"elementor-container elementor-column-gap-default\">\n\t\t\t\t\t<div class=\"elementor-column elementor-col-50 elementor-top-column elementor-element elementor-element-18111b8\" data-id=\"18111b8\" data-element_type=\"column\" data-e-type=\"column\">\n\t\t\t<div class=\"elementor-widget-wrap elementor-element-populated\">\n\t\t\t\t\t\t<div class=\"elementor-element elementor-element-d33d3ec elementor-invisible elementor-widget elementor-widget-text-editor\" data-id=\"d33d3ec\" data-element_type=\"widget\" data-e-type=\"widget\" data-settings=\"{&quot;_animation&quot;:&quot;fadeIn&quot;}\" data-widget_type=\"text-editor.default\">\n\t\t\t\t<div class=\"elementor-widget-container\">\n\t\t\t\t\t\t\t\t\t<p>Fabricamos equipos dedicados al laboratorio. <br \/>Siempre hemos trabajado para crear productos que faciliten y hagan m\u00e1s seguro el trabajo en la industria del procesamiento del cuero. Creemos en las personas y en el valor de su experiencia. En todo el mundo, en empresas de todos los tama\u00f1os.<\/p><p>El <strong>principal objetivo<\/strong> de nuestros productos es mejorar el tiempo y los m\u00e9todos, optimizando al mismo tiempo el espacio de los departamentos.<\/p>\t\t\t\t\t\t\t\t<\/div>\n\t\t\t\t<\/div>\n\t\t\t\t\t<\/div>\n\t\t<\/div>\n\t\t\t\t<div class=\"elementor-column elementor-col-50 elementor-top-column elementor-element elementor-element-7b17a96\" data-id=\"7b17a96\" data-element_type=\"column\" data-e-type=\"column\">\n\t\t\t<div class=\"elementor-widget-wrap elementor-element-populated\">\n\t\t\t\t\t\t<div class=\"elementor-element elementor-element-9948c66 elementor-widget elementor-widget-image\" data-id=\"9948c66\" data-element_type=\"widget\" data-e-type=\"widget\" data-widget_type=\"image.default\">\n\t\t\t\t<div class=\"elementor-widget-container\">\n\t\t\t\t\t\t\t\t\t\t\t\t\t\t\t<img fetchpriority=\"high\" decoding=\"async\" width=\"300\" height=\"200\" src=\"https:\/\/abcprato.it\/wp-content\/uploads\/2024\/04\/mision-vision-abc-1-300x200.jpg\" class=\"attachment-medium size-medium wp-image-24648\" alt=\"misi\u00f3n-visi\u00f3n-abc\" srcset=\"https:\/\/abcprato.it\/wp-content\/uploads\/2024\/04\/mision-vision-abc-1-300x200.jpg 300w, https:\/\/abcprato.it\/wp-content\/uploads\/2024\/04\/mision-vision-abc-1-1024x683.jpg 1024w, https:\/\/abcprato.it\/wp-content\/uploads\/2024\/04\/mision-vision-abc-1-768x512.jpg 768w, https:\/\/abcprato.it\/wp-content\/uploads\/2024\/04\/mision-vision-abc-1-24x16.jpg 24w, https:\/\/abcprato.it\/wp-content\/uploads\/2024\/04\/mision-vision-abc-1-36x24.jpg 36w, https:\/\/abcprato.it\/wp-content\/uploads\/2024\/04\/mision-vision-abc-1-48x32.jpg 48w, https:\/\/abcprato.it\/wp-content\/uploads\/2024\/04\/mision-vision-abc-1.jpg 1500w\" sizes=\"(max-width: 300px) 100vw, 300px\" \/>\t\t\t\t\t\t\t\t\t\t\t\t\t\t\t<\/div>\n\t\t\t\t<\/div>\n\t\t\t\t\t<\/div>\n\t\t<\/div>\n\t\t\t\t\t<\/div>\n\t\t<\/section>\n\t\t\t\t<section class=\"elementor-section elementor-top-section elementor-element elementor-element-c8dc9ef elementor-section-boxed elementor-section-height-default elementor-section-height-default\" data-id=\"c8dc9ef\" data-element_type=\"section\" data-e-type=\"section\">\n\t\t\t\t\t\t<div class=\"elementor-container elementor-column-gap-default\">\n\t\t\t\t\t<div class=\"elementor-column elementor-col-50 elementor-top-column elementor-element elementor-element-8eb914a\" data-id=\"8eb914a\" data-element_type=\"column\" data-e-type=\"column\">\n\t\t\t<div class=\"elementor-widget-wrap elementor-element-populated\">\n\t\t\t\t\t\t<div class=\"elementor-element elementor-element-6ab9385 elementor-widget elementor-widget-image\" data-id=\"6ab9385\" data-element_type=\"widget\" data-e-type=\"widget\" data-widget_type=\"image.default\">\n\t\t\t\t<div class=\"elementor-widget-container\">\n\t\t\t\t\t\t\t\t\t\t\t\t\t\t\t<img decoding=\"async\" width=\"300\" height=\"200\" src=\"https:\/\/abcprato.it\/wp-content\/uploads\/2024\/04\/mision-vision-comparacion-abc-1-300x200.jpg\" class=\"attachment-medium size-medium wp-image-24652\" alt=\"misi\u00f3n-visi\u00f3n-comparaci\u00f3n-abc\" srcset=\"https:\/\/abcprato.it\/wp-content\/uploads\/2024\/04\/mision-vision-comparacion-abc-1-300x200.jpg 300w, https:\/\/abcprato.it\/wp-content\/uploads\/2024\/04\/mision-vision-comparacion-abc-1-1024x683.jpg 1024w, https:\/\/abcprato.it\/wp-content\/uploads\/2024\/04\/mision-vision-comparacion-abc-1-768x512.jpg 768w, https:\/\/abcprato.it\/wp-content\/uploads\/2024\/04\/mision-vision-comparacion-abc-1-24x16.jpg 24w, https:\/\/abcprato.it\/wp-content\/uploads\/2024\/04\/mision-vision-comparacion-abc-1-36x24.jpg 36w, https:\/\/abcprato.it\/wp-content\/uploads\/2024\/04\/mision-vision-comparacion-abc-1-48x32.jpg 48w, https:\/\/abcprato.it\/wp-content\/uploads\/2024\/04\/mision-vision-comparacion-abc-1.jpg 1500w\" sizes=\"(max-width: 300px) 100vw, 300px\" \/>\t\t\t\t\t\t\t\t\t\t\t\t\t\t\t<\/div>\n\t\t\t\t<\/div>\n\t\t\t\t\t<\/div>\n\t\t<\/div>\n\t\t\t\t<div class=\"elementor-column elementor-col-50 elementor-top-column elementor-element elementor-element-433cd14\" data-id=\"433cd14\" data-element_type=\"column\" data-e-type=\"column\">\n\t\t\t<div class=\"elementor-widget-wrap elementor-element-populated\">\n\t\t\t\t\t\t<div class=\"elementor-element elementor-element-3d64482 elementor-widget elementor-widget-text-editor\" data-id=\"3d64482\" data-element_type=\"widget\" data-e-type=\"widget\" data-widget_type=\"text-editor.default\">\n\t\t\t\t<div class=\"elementor-widget-container\">\n\t\t\t\t\t\t\t\t\t<p><em>\u00abCon la personalizaci\u00f3n, hemos dise\u00f1ado y desarrollado soluciones a medida; equipos creados escuchando las peticiones de cada cliente que luego han pasado a formar parte de nuestra gama de productos ABC.\u00bb<\/em> L.C.<\/p><p>Nuestra <strong>misi\u00f3n <\/strong>es satisfacer las necesidades inesperades de los clientes, sin dejar de comparar y mejorar d\u00eda tras d\u00eda compartiendo la experiencia con todos. <br \/>El intercambio con el cliente nos ha llevado hasta donde estamos hoy.<\/p>\t\t\t\t\t\t\t\t<\/div>\n\t\t\t\t<\/div>\n\t\t\t\t\t<\/div>\n\t\t<\/div>\n\t\t\t\t\t<\/div>\n\t\t<\/section>\n\t\t\t\t<\/div>\n\t\t","protected":false},"excerpt":{"rendered":"<p>Misi\u00f3n &#038; Visi\u00f3n \u201cNunca mires atr\u00e1s y nunca te detengas en lo que ya est\u00e1 hecho, pero mant\u00e9n un ojo en las muchas, muchas cosas&#8230; <a class=\"read-more\" style=\"text-decoration:underline;\" href=\"https:\/\/abcprato.it\/es\/mision-vision\/\">Leer m\u00e1s<\/a><\/p>\n","protected":false},"author":3,"featured_media":24644,"parent":0,"menu_order":0,"comment_status":"closed","ping_status":"closed","template":"elementor_header_footer","meta":{"_acf_changed":false,"footnotes":""},"class_list":["post-6154","page","type-page","status-publish","has-post-thumbnail","hentry"],"acf":[],"yoast_head":"<!-- This site is optimized with the Yoast SEO plugin v27.2 - https:\/\/yoast.com\/product\/yoast-seo-wordpress\/ -->\n<title>Misi\u00f3n &amp; Visi\u00f3n - ABC Equipment &amp; Solutions<\/title>\n<meta name=\"description\" content=\"Nuestra misi\u00f3n y visi\u00f3n nos llevan a un di\u00e1logo continuo con el cliente para desarrollar y mejorar los equipos ABC dedicados a la industria del cuero.\" \/>\n<meta name=\"robots\" content=\"index, follow, max-snippet:-1, max-image-preview:large, max-video-preview:-1\" \/>\n<link rel=\"canonical\" href=\"https:\/\/abcprato.it\/es\/mision-vision\/\" \/>\n<meta property=\"og:locale\" content=\"es_ES\" \/>\n<meta property=\"og:type\" content=\"article\" \/>\n<meta property=\"og:title\" content=\"Misi\u00f3n &amp; Visi\u00f3n - ABC Equipment &amp; Solutions\" \/>\n<meta property=\"og:description\" content=\"Nuestra misi\u00f3n y visi\u00f3n nos llevan a un di\u00e1logo continuo con el cliente para desarrollar y mejorar los equipos ABC dedicados a la industria del cuero.\" \/>\n<meta property=\"og:url\" content=\"https:\/\/abcprato.it\/es\/mision-vision\/\" \/>\n<meta property=\"og:site_name\" content=\"ABC Equipment &amp; Solutions\" \/>\n<meta property=\"article:modified_time\" content=\"2024-04-10T11:01:44+00:00\" \/>\n<meta property=\"og:image\" content=\"https:\/\/abcprato.it\/wp-content\/uploads\/2024\/04\/caballete-porta-cuero-mission-vision-abc-1.jpg\" \/>\n\t<meta property=\"og:image:width\" content=\"1920\" \/>\n\t<meta property=\"og:image:height\" content=\"1080\" \/>\n\t<meta property=\"og:image:type\" content=\"image\/jpeg\" \/>\n<meta name=\"twitter:card\" content=\"summary_large_image\" \/>\n<meta name=\"twitter:label1\" content=\"Tiempo de lectura\" \/>\n\t<meta name=\"twitter:data1\" content=\"2 minutos\" \/>\n<script type=\"application\/ld+json\" class=\"yoast-schema-graph\">{\"@context\":\"https:\/\/schema.org\",\"@graph\":[{\"@type\":\"WebPage\",\"@id\":\"https:\/\/abcprato.it\/es\/mision-vision\/\",\"url\":\"https:\/\/abcprato.it\/es\/mision-vision\/\",\"name\":\"Misi\u00f3n & Visi\u00f3n - ABC Equipment &amp; Solutions\",\"isPartOf\":{\"@id\":\"https:\/\/abcprato.it\/es\/#website\"},\"primaryImageOfPage\":{\"@id\":\"https:\/\/abcprato.it\/es\/mision-vision\/#primaryimage\"},\"image\":{\"@id\":\"https:\/\/abcprato.it\/es\/mision-vision\/#primaryimage\"},\"thumbnailUrl\":\"https:\/\/abcprato.it\/wp-content\/uploads\/2024\/04\/caballete-porta-cuero-mission-vision-abc-1.jpg\",\"datePublished\":\"2021-02-24T10:21:37+00:00\",\"dateModified\":\"2024-04-10T11:01:44+00:00\",\"description\":\"Nuestra misi\u00f3n y visi\u00f3n nos llevan a un di\u00e1logo continuo con el cliente para desarrollar y mejorar los equipos ABC dedicados a la industria del cuero.\",\"breadcrumb\":{\"@id\":\"https:\/\/abcprato.it\/es\/mision-vision\/#breadcrumb\"},\"inLanguage\":\"es\",\"potentialAction\":[{\"@type\":\"ReadAction\",\"target\":[\"https:\/\/abcprato.it\/es\/mision-vision\/\"]}]},{\"@type\":\"ImageObject\",\"inLanguage\":\"es\",\"@id\":\"https:\/\/abcprato.it\/es\/mision-vision\/#primaryimage\",\"url\":\"https:\/\/abcprato.it\/wp-content\/uploads\/2024\/04\/caballete-porta-cuero-mission-vision-abc-1.jpg\",\"contentUrl\":\"https:\/\/abcprato.it\/wp-content\/uploads\/2024\/04\/caballete-porta-cuero-mission-vision-abc-1.jpg\",\"width\":1920,\"height\":1080,\"caption\":\"caballete-porta-cuero-mission-vision-abc\"},{\"@type\":\"BreadcrumbList\",\"@id\":\"https:\/\/abcprato.it\/es\/mision-vision\/#breadcrumb\",\"itemListElement\":[{\"@type\":\"ListItem\",\"position\":1,\"name\":\"Home\",\"item\":\"https:\/\/abcprato.it\/es\/\"},{\"@type\":\"ListItem\",\"position\":2,\"name\":\"Misi\u00f3n &#038; Visi\u00f3n\"}]},{\"@type\":\"WebSite\",\"@id\":\"https:\/\/abcprato.it\/es\/#website\",\"url\":\"https:\/\/abcprato.it\/es\/\",\"name\":\"ABC Equipment &amp; Solutions\",\"description\":\"\",\"publisher\":{\"@id\":\"https:\/\/abcprato.it\/es\/#organization\"},\"potentialAction\":[{\"@type\":\"SearchAction\",\"target\":{\"@type\":\"EntryPoint\",\"urlTemplate\":\"https:\/\/abcprato.it\/es\/?s={search_term_string}\"},\"query-input\":{\"@type\":\"PropertyValueSpecification\",\"valueRequired\":true,\"valueName\":\"search_term_string\"}}],\"inLanguage\":\"es\"},{\"@type\":\"Organization\",\"@id\":\"https:\/\/abcprato.it\/es\/#organization\",\"name\":\"ABC Equipment & Solutions\",\"url\":\"https:\/\/abcprato.it\/es\/\",\"logo\":{\"@type\":\"ImageObject\",\"inLanguage\":\"es\",\"@id\":\"https:\/\/abcprato.it\/es\/#\/schema\/logo\/image\/\",\"url\":\"https:\/\/abcprato.it\/wp-content\/uploads\/2021\/01\/ABC-logo-2021.svg\",\"contentUrl\":\"https:\/\/abcprato.it\/wp-content\/uploads\/2021\/01\/ABC-logo-2021.svg\",\"width\":1,\"height\":1,\"caption\":\"ABC Equipment & Solutions\"},\"image\":{\"@id\":\"https:\/\/abcprato.it\/es\/#\/schema\/logo\/image\/\"}}]}<\/script>\n<!-- \/ Yoast SEO plugin. -->","yoast_head_json":{"title":"Misi\u00f3n & Visi\u00f3n - ABC Equipment &amp; Solutions","description":"Nuestra misi\u00f3n y visi\u00f3n nos llevan a un di\u00e1logo continuo con el cliente para desarrollar y mejorar los equipos ABC dedicados a la industria del cuero.","robots":{"index":"index","follow":"follow","max-snippet":"max-snippet:-1","max-image-preview":"max-image-preview:large","max-video-preview":"max-video-preview:-1"},"canonical":"https:\/\/abcprato.it\/es\/mision-vision\/","og_locale":"es_ES","og_type":"article","og_title":"Misi\u00f3n & Visi\u00f3n - ABC Equipment &amp; Solutions","og_description":"Nuestra misi\u00f3n y visi\u00f3n nos llevan a un di\u00e1logo continuo con el cliente para desarrollar y mejorar los equipos ABC dedicados a la industria del cuero.","og_url":"https:\/\/abcprato.it\/es\/mision-vision\/","og_site_name":"ABC Equipment &amp; Solutions","article_modified_time":"2024-04-10T11:01:44+00:00","og_image":[{"width":1920,"height":1080,"url":"https:\/\/abcprato.it\/wp-content\/uploads\/2024\/04\/caballete-porta-cuero-mission-vision-abc-1.jpg","type":"image\/jpeg"}],"twitter_card":"summary_large_image","twitter_misc":{"Tiempo de lectura":"2 minutos"},"schema":{"@context":"https:\/\/schema.org","@graph":[{"@type":"WebPage","@id":"https:\/\/abcprato.it\/es\/mision-vision\/","url":"https:\/\/abcprato.it\/es\/mision-vision\/","name":"Misi\u00f3n & Visi\u00f3n - ABC Equipment &amp; Solutions","isPartOf":{"@id":"https:\/\/abcprato.it\/es\/#website"},"primaryImageOfPage":{"@id":"https:\/\/abcprato.it\/es\/mision-vision\/#primaryimage"},"image":{"@id":"https:\/\/abcprato.it\/es\/mision-vision\/#primaryimage"},"thumbnailUrl":"https:\/\/abcprato.it\/wp-content\/uploads\/2024\/04\/caballete-porta-cuero-mission-vision-abc-1.jpg","datePublished":"2021-02-24T10:21:37+00:00","dateModified":"2024-04-10T11:01:44+00:00","description":"Nuestra misi\u00f3n y visi\u00f3n nos llevan a un di\u00e1logo continuo con el cliente para desarrollar y mejorar los equipos ABC dedicados a la industria del cuero.","breadcrumb":{"@id":"https:\/\/abcprato.it\/es\/mision-vision\/#breadcrumb"},"inLanguage":"es","potentialAction":[{"@type":"ReadAction","target":["https:\/\/abcprato.it\/es\/mision-vision\/"]}]},{"@type":"ImageObject","inLanguage":"es","@id":"https:\/\/abcprato.it\/es\/mision-vision\/#primaryimage","url":"https:\/\/abcprato.it\/wp-content\/uploads\/2024\/04\/caballete-porta-cuero-mission-vision-abc-1.jpg","contentUrl":"https:\/\/abcprato.it\/wp-content\/uploads\/2024\/04\/caballete-porta-cuero-mission-vision-abc-1.jpg","width":1920,"height":1080,"caption":"caballete-porta-cuero-mission-vision-abc"},{"@type":"BreadcrumbList","@id":"https:\/\/abcprato.it\/es\/mision-vision\/#breadcrumb","itemListElement":[{"@type":"ListItem","position":1,"name":"Home","item":"https:\/\/abcprato.it\/es\/"},{"@type":"ListItem","position":2,"name":"Misi\u00f3n &#038; Visi\u00f3n"}]},{"@type":"WebSite","@id":"https:\/\/abcprato.it\/es\/#website","url":"https:\/\/abcprato.it\/es\/","name":"ABC Equipment &amp; Solutions","description":"","publisher":{"@id":"https:\/\/abcprato.it\/es\/#organization"},"potentialAction":[{"@type":"SearchAction","target":{"@type":"EntryPoint","urlTemplate":"https:\/\/abcprato.it\/es\/?s={search_term_string}"},"query-input":{"@type":"PropertyValueSpecification","valueRequired":true,"valueName":"search_term_string"}}],"inLanguage":"es"},{"@type":"Organization","@id":"https:\/\/abcprato.it\/es\/#organization","name":"ABC Equipment & Solutions","url":"https:\/\/abcprato.it\/es\/","logo":{"@type":"ImageObject","inLanguage":"es","@id":"https:\/\/abcprato.it\/es\/#\/schema\/logo\/image\/","url":"https:\/\/abcprato.it\/wp-content\/uploads\/2021\/01\/ABC-logo-2021.svg","contentUrl":"https:\/\/abcprato.it\/wp-content\/uploads\/2021\/01\/ABC-logo-2021.svg","width":1,"height":1,"caption":"ABC Equipment & Solutions"},"image":{"@id":"https:\/\/abcprato.it\/es\/#\/schema\/logo\/image\/"}}]}},"_links":{"self":[{"href":"https:\/\/abcprato.it\/es\/wp-json\/wp\/v2\/pages\/6154","targetHints":{"allow":["GET"]}}],"collection":[{"href":"https:\/\/abcprato.it\/es\/wp-json\/wp\/v2\/pages"}],"about":[{"href":"https:\/\/abcprato.it\/es\/wp-json\/wp\/v2\/types\/page"}],"author":[{"embeddable":true,"href":"https:\/\/abcprato.it\/es\/wp-json\/wp\/v2\/users\/3"}],"replies":[{"embeddable":true,"href":"https:\/\/abcprato.it\/es\/wp-json\/wp\/v2\/comments?post=6154"}],"version-history":[{"count":7,"href":"https:\/\/abcprato.it\/es\/wp-json\/wp\/v2\/pages\/6154\/revisions"}],"predecessor-version":[{"id":24658,"href":"https:\/\/abcprato.it\/es\/wp-json\/wp\/v2\/pages\/6154\/revisions\/24658"}],"wp:featuredmedia":[{"embeddable":true,"href":"https:\/\/abcprato.it\/es\/wp-json\/wp\/v2\/media\/24644"}],"wp:attachment":[{"href":"https:\/\/abcprato.it\/es\/wp-json\/wp\/v2\/media?parent=6154"}],"curies":[{"name":"wp","href":"https:\/\/api.w.org\/{rel}","templated":true}]}}