{"id":6187,"date":"2021-02-24T11:57:52","date_gmt":"2021-02-24T10:57:52","guid":{"rendered":"https:\/\/abcprato.it\/?page_id=6187"},"modified":"2025-03-07T11:28:09","modified_gmt":"2025-03-07T10:28:09","slug":"almacen-troqueles","status":"publish","type":"page","link":"https:\/\/abcprato.it\/es\/almacen-troqueles\/","title":{"rendered":"Almac\u00e9n Troqueles"},"content":{"rendered":"\t\t<div data-elementor-type=\"wp-page\" data-elementor-id=\"6187\" class=\"elementor elementor-6187 elementor-16\" data-elementor-post-type=\"page\">\n\t\t\t\t\t\t<section class=\"elementor-section elementor-top-section elementor-element elementor-element-93e544a elementor-section-content-middle submenu-product elementor-section-boxed elementor-section-height-default elementor-section-height-default\" data-id=\"93e544a\" data-element_type=\"section\" data-e-type=\"section\" data-settings=\"{&quot;background_background&quot;:&quot;classic&quot;}\">\n\t\t\t\t\t\t<div class=\"elementor-container elementor-column-gap-no\">\n\t\t\t\t\t<div class=\"elementor-column elementor-col-100 elementor-top-column elementor-element elementor-element-705656d animated-fast elementor-invisible\" data-id=\"705656d\" data-element_type=\"column\" data-e-type=\"column\" data-settings=\"{&quot;animation&quot;:&quot;fadeInRight&quot;}\">\n\t\t\t<div class=\"elementor-widget-wrap elementor-element-populated\">\n\t\t\t\t\t\t<div class=\"elementor-element elementor-element-c22b2af elementor-widget elementor-widget-text-editor\" data-id=\"c22b2af\" data-element_type=\"widget\" data-e-type=\"widget\" data-widget_type=\"text-editor.default\">\n\t\t\t\t<div class=\"elementor-widget-container\">\n\t\t\t\t\t\t\t\t\t<ul>\n \t<li style=\"text-align: center;\"><a href=\"https:\/\/abcprato.it\/es\/almacen-troqueles\/mueble-horizontal-de-troqueles-y-componentes\/\"><img decoding=\"async\" class=\"alignnone size-full wp-image-1242\" src=\"https:\/\/abcprato.it\/wp-content\/uploads\/2022\/09\/cassettiera-orizzontale-2022.png\" alt=\"\" width=\"150\" height=\"150\" \/>Horizontal<\/a><\/li>\n \t<li style=\"text-align: center;\"><a href=\"https:\/\/abcprato.it\/es\/almacen-troqueles\/mueble-vertical-de-troqueles\/\"><img decoding=\"async\" class=\"alignnone size-full wp-image-1063\" src=\"https:\/\/abcprato.it\/wp-content\/uploads\/2021\/01\/cassettiera-verticale-icona.png\" alt=\"\" width=\"150\" height=\"150\" srcset=\"https:\/\/abcprato.it\/wp-content\/uploads\/2021\/01\/cassettiera-verticale-icona.png 150w, https:\/\/abcprato.it\/wp-content\/uploads\/2021\/01\/cassettiera-verticale-icona-24x24.png 24w, https:\/\/abcprato.it\/wp-content\/uploads\/2021\/01\/cassettiera-verticale-icona-36x36.png 36w, https:\/\/abcprato.it\/wp-content\/uploads\/2021\/01\/cassettiera-verticale-icona-48x48.png 48w\" sizes=\"(max-width: 150px) 100vw, 150px\" \/>Vertical<\/a><\/li>\n<\/ul>\t\t\t\t\t\t\t\t<\/div>\n\t\t\t\t<\/div>\n\t\t\t\t\t<\/div>\n\t\t<\/div>\n\t\t\t\t\t<\/div>\n\t\t<\/section>\n\t\t\t\t<section class=\"elementor-section elementor-top-section elementor-element elementor-element-4e5a2e3 elementor-section-boxed elementor-section-height-default elementor-section-height-default\" data-id=\"4e5a2e3\" data-element_type=\"section\" data-e-type=\"section\" data-settings=\"{&quot;shape_divider_top&quot;:&quot;tilt&quot;}\">\n\t\t\t\t\t<div class=\"elementor-shape elementor-shape-top\" aria-hidden=\"true\" data-negative=\"false\">\n\t\t\t<svg xmlns=\"http:\/\/www.w3.org\/2000\/svg\" viewBox=\"0 0 1000 100\" preserveAspectRatio=\"none\">\n\t<path class=\"elementor-shape-fill\" d=\"M0,6V0h1000v100L0,6z\"\/>\n<\/svg>\t\t<\/div>\n\t\t\t\t\t<div class=\"elementor-container elementor-column-gap-default\">\n\t\t\t\t\t<div class=\"elementor-column elementor-col-100 elementor-top-column elementor-element elementor-element-824c684\" data-id=\"824c684\" data-element_type=\"column\" data-e-type=\"column\">\n\t\t\t<div class=\"elementor-widget-wrap elementor-element-populated\">\n\t\t\t\t\t\t<div class=\"elementor-element elementor-element-2d66b14 elementor-widget elementor-widget-heading\" data-id=\"2d66b14\" data-element_type=\"widget\" data-e-type=\"widget\" data-widget_type=\"heading.default\">\n\t\t\t\t<div class=\"elementor-widget-container\">\n\t\t\t\t\t<h2 class=\"elementor-heading-title elementor-size-default\"><i>Almac\u00e9n Troqueles: Orden y Racionalidad <\/i><\/h2>\t\t\t\t<\/div>\n\t\t\t\t<\/div>\n\t\t\t\t<div class=\"elementor-element elementor-element-8de0974 elementor-widget__width-initial elementor-widget elementor-widget-text-editor\" data-id=\"8de0974\" data-element_type=\"widget\" data-e-type=\"widget\" data-widget_type=\"text-editor.default\">\n\t\t\t\t<div class=\"elementor-widget-container\">\n\t\t\t\t\t\t\t\t\t<p style=\"text-align: center;\">Los <strong>muebles<\/strong><strong>\u00a0para troqueles<\/strong> <strong>ABC <\/strong>son sistemas de almacenamiento dise\u00f1ados para guardar y mantener en orden los troqueles \u00fatiles para el procesado, en todos los talleres en los que se corta cuero utilizando el troquel. <br \/>Las cajoneras son de acero galvanizado, resistente y duradero. Gracias a su forma cl\u00e1sica que recuerda a un \u00abeuropalet\u00bb, se colocan f\u00e1cil y r\u00e1pidamente en el taller.<\/p><p style=\"text-align: center;\">El\u00a0<strong>mueble\u00a0horizontal<\/strong>, con un estante superior de acero pintado blanco, es perfecto para el departamento de corte colocado a lado de la troqueladora con prensa manual o de carro, de modo que el trabajador disponga de una superficie de trabajo y de cajones para guardar los troqueles. Cada mueble est\u00e1 equipado con un par de gu\u00edas de rodamiento de bolas de extracci\u00f3n total, que facilitan su apertura sin esfuerzo, y c\u00f3modas asas de pl\u00e1stico. La cajonera fue dise\u00f1ada con el sistema Stop&amp;Go para abrir s\u00f3lo un caj\u00f3n cada vez, para aumentar la seguridad.<\/p><p style=\"text-align: center;\">La <strong>mueble vertical<\/strong>, por su parte, puede colocarse en el departamento de producci\u00f3n o de almacenamiento para guardar los troqueles menos utilizados, en funci\u00f3n de su proceso de producci\u00f3n. Cada caj\u00f3n est\u00e1 equipado con un par de gu\u00edas de rodamiento de bolas de extracci\u00f3n total para facilitar la apertura y el deslizamiento, y de una asa de puente ergon\u00f3mica.<\/p><p style=\"text-align: center;\">Todos los almacenes troqueles se suministran montados, listos para usar y de r\u00e1pida instalaci\u00f3n.<\/p>\t\t\t\t\t\t\t\t<\/div>\n\t\t\t\t<\/div>\n\t\t\t\t\t<\/div>\n\t\t<\/div>\n\t\t\t\t\t<\/div>\n\t\t<\/section>\n\t\t\t\t<section class=\"elementor-section elementor-top-section elementor-element elementor-element-3eb79d9 elementor-section-boxed elementor-section-height-default elementor-section-height-default\" data-id=\"3eb79d9\" data-element_type=\"section\" data-e-type=\"section\" data-settings=\"{&quot;background_background&quot;:&quot;classic&quot;}\">\n\t\t\t\t\t\t<div class=\"elementor-container elementor-column-gap-default\">\n\t\t\t\t\t<div class=\"elementor-column elementor-col-50 elementor-top-column elementor-element elementor-element-e0427b8\" data-id=\"e0427b8\" data-element_type=\"column\" data-e-type=\"column\">\n\t\t\t<div class=\"elementor-widget-wrap elementor-element-populated\">\n\t\t\t\t\t\t<div class=\"elementor-element elementor-element-92785c6 elementor-widget elementor-widget-image\" data-id=\"92785c6\" data-element_type=\"widget\" data-e-type=\"widget\" data-widget_type=\"image.default\">\n\t\t\t\t<div class=\"elementor-widget-container\">\n\t\t\t\t\t\t\t\t\t\t\t\t\t\t\t\t<a href=\"https:\/\/abcprato.it\/es\/almacen-troqueles\/mueble-horizontal-de-troqueles-y-componentes\/\">\n\t\t\t\t\t\t\t<img fetchpriority=\"high\" decoding=\"async\" width=\"800\" height=\"534\" src=\"https:\/\/abcprato.it\/wp-content\/uploads\/2024\/06\/mueble-horizontal-para-troqueles--1024x683.webp\" class=\"attachment-large size-large wp-image-26170\" alt=\"mueble-horizontal-para-troqueles-\" srcset=\"https:\/\/abcprato.it\/wp-content\/uploads\/2024\/06\/mueble-horizontal-para-troqueles--1024x683.webp 1024w, https:\/\/abcprato.it\/wp-content\/uploads\/2024\/06\/mueble-horizontal-para-troqueles--300x200.webp 300w, https:\/\/abcprato.it\/wp-content\/uploads\/2024\/06\/mueble-horizontal-para-troqueles--768x512.webp 768w, https:\/\/abcprato.it\/wp-content\/uploads\/2024\/06\/mueble-horizontal-para-troqueles--24x16.webp 24w, https:\/\/abcprato.it\/wp-content\/uploads\/2024\/06\/mueble-horizontal-para-troqueles--36x24.webp 36w, https:\/\/abcprato.it\/wp-content\/uploads\/2024\/06\/mueble-horizontal-para-troqueles--48x32.webp 48w, https:\/\/abcprato.it\/wp-content\/uploads\/2024\/06\/mueble-horizontal-para-troqueles-.webp 1500w\" sizes=\"(max-width: 800px) 100vw, 800px\" \/>\t\t\t\t\t\t\t\t<\/a>\n\t\t\t\t\t\t\t\t\t\t\t\t\t\t\t<\/div>\n\t\t\t\t<\/div>\n\t\t\t\t<div class=\"elementor-element elementor-element-e946a40 elementor-widget elementor-widget-heading\" data-id=\"e946a40\" data-element_type=\"widget\" data-e-type=\"widget\" data-widget_type=\"heading.default\">\n\t\t\t\t<div class=\"elementor-widget-container\">\n\t\t\t\t\t<h3 class=\"elementor-heading-title elementor-size-default\">Mueble horizontal de troqueles <\/h3>\t\t\t\t<\/div>\n\t\t\t\t<\/div>\n\t\t\t\t<div class=\"elementor-element elementor-element-9add9e2 elementor-widget elementor-widget-text-editor\" data-id=\"9add9e2\" data-element_type=\"widget\" data-e-type=\"widget\" data-widget_type=\"text-editor.default\">\n\t\t\t\t<div class=\"elementor-widget-container\">\n\t\t\t\t\t\t\t\t\t<p style=\"text-align: center;\">El <strong>mueble horizontal <\/strong>es ideal para mantener en su f\u00e1brica todos los troqueles y componentes de uso frecuente. Descubra modelos de diferentes tama\u00f1os para acomodar todos los tama\u00f1os de troqueles, peque\u00f1os o grandes.<\/p>\t\t\t\t\t\t\t\t<\/div>\n\t\t\t\t<\/div>\n\t\t\t\t<div class=\"elementor-element elementor-element-fa177ae elementor-align-center elementor-widget elementor-widget-button\" data-id=\"fa177ae\" data-element_type=\"widget\" data-e-type=\"widget\" data-widget_type=\"button.default\">\n\t\t\t\t<div class=\"elementor-widget-container\">\n\t\t\t\t\t\t\t\t\t<div class=\"elementor-button-wrapper\">\n\t\t\t\t\t<a class=\"elementor-button elementor-button-link elementor-size-xs\" href=\"https:\/\/abcprato.it\/es\/almacen-troqueles\/mueble-horizontal-de-troqueles-y-componentes\/\">\n\t\t\t\t\t\t<span class=\"elementor-button-content-wrapper\">\n\t\t\t\t\t\t\t\t\t<span class=\"elementor-button-text\">Descubre m\u00e1s<\/span>\n\t\t\t\t\t<\/span>\n\t\t\t\t\t<\/a>\n\t\t\t\t<\/div>\n\t\t\t\t\t\t\t\t<\/div>\n\t\t\t\t<\/div>\n\t\t\t\t\t<\/div>\n\t\t<\/div>\n\t\t\t\t<div class=\"elementor-column elementor-col-50 elementor-top-column elementor-element elementor-element-17a3619\" data-id=\"17a3619\" data-element_type=\"column\" data-e-type=\"column\">\n\t\t\t<div class=\"elementor-widget-wrap elementor-element-populated\">\n\t\t\t\t\t\t<div class=\"elementor-element elementor-element-f7f1154 elementor-widget elementor-widget-image\" data-id=\"f7f1154\" data-element_type=\"widget\" data-e-type=\"widget\" data-widget_type=\"image.default\">\n\t\t\t\t<div class=\"elementor-widget-container\">\n\t\t\t\t\t\t\t\t\t\t\t\t\t\t\t\t<a href=\"https:\/\/abcprato.it\/es\/almacen-troqueles\/mueble-vertical-de-troqueles\/\">\n\t\t\t\t\t\t\t<img loading=\"lazy\" decoding=\"async\" width=\"800\" height=\"534\" src=\"https:\/\/abcprato.it\/wp-content\/uploads\/2023\/09\/mueble-vertical-ISO-1024x683.webp\" class=\"attachment-large size-large wp-image-18184\" alt=\"mueble-vertical-ISO\" srcset=\"https:\/\/abcprato.it\/wp-content\/uploads\/2023\/09\/mueble-vertical-ISO-1024x683.webp 1024w, https:\/\/abcprato.it\/wp-content\/uploads\/2023\/09\/mueble-vertical-ISO-300x200.webp 300w, https:\/\/abcprato.it\/wp-content\/uploads\/2023\/09\/mueble-vertical-ISO-768x512.webp 768w, https:\/\/abcprato.it\/wp-content\/uploads\/2023\/09\/mueble-vertical-ISO-24x16.webp 24w, https:\/\/abcprato.it\/wp-content\/uploads\/2023\/09\/mueble-vertical-ISO-36x24.webp 36w, https:\/\/abcprato.it\/wp-content\/uploads\/2023\/09\/mueble-vertical-ISO-48x32.webp 48w, https:\/\/abcprato.it\/wp-content\/uploads\/2023\/09\/mueble-vertical-ISO.webp 1500w\" sizes=\"(max-width: 800px) 100vw, 800px\" \/>\t\t\t\t\t\t\t\t<\/a>\n\t\t\t\t\t\t\t\t\t\t\t\t\t\t\t<\/div>\n\t\t\t\t<\/div>\n\t\t\t\t<div class=\"elementor-element elementor-element-6e87ff8 elementor-widget elementor-widget-heading\" data-id=\"6e87ff8\" data-element_type=\"widget\" data-e-type=\"widget\" data-widget_type=\"heading.default\">\n\t\t\t\t<div class=\"elementor-widget-container\">\n\t\t\t\t\t<h3 class=\"elementor-heading-title elementor-size-default\">Mueble vertical de troqueles<\/h3>\t\t\t\t<\/div>\n\t\t\t\t<\/div>\n\t\t\t\t<div class=\"elementor-element elementor-element-88d4970 elementor-widget elementor-widget-text-editor\" data-id=\"88d4970\" data-element_type=\"widget\" data-e-type=\"widget\" data-widget_type=\"text-editor.default\">\n\t\t\t\t<div class=\"elementor-widget-container\">\n\t\t\t\t\t\t\t\t\t<p style=\"text-align: center;\">El <strong>mueble vertical <\/strong>es ideal para almacenar muchos troqueles en el espacio de un europalet. Cuelgue troqueles peque\u00f1os o grandes de cualquier tipo. Descubra los distintos modelos dise\u00f1ados en funci\u00f3n de la altura del troquel a almacenar.<\/p>\t\t\t\t\t\t\t\t<\/div>\n\t\t\t\t<\/div>\n\t\t\t\t<div class=\"elementor-element elementor-element-3afaebf elementor-align-center elementor-widget elementor-widget-button\" data-id=\"3afaebf\" data-element_type=\"widget\" data-e-type=\"widget\" data-widget_type=\"button.default\">\n\t\t\t\t<div class=\"elementor-widget-container\">\n\t\t\t\t\t\t\t\t\t<div class=\"elementor-button-wrapper\">\n\t\t\t\t\t<a class=\"elementor-button elementor-button-link elementor-size-xs\" href=\"https:\/\/abcprato.it\/es\/almacen-troqueles\/mueble-vertical-de-troqueles\/\">\n\t\t\t\t\t\t<span class=\"elementor-button-content-wrapper\">\n\t\t\t\t\t\t\t\t\t<span class=\"elementor-button-text\">Descubre m\u00e1s<\/span>\n\t\t\t\t\t<\/span>\n\t\t\t\t\t<\/a>\n\t\t\t\t<\/div>\n\t\t\t\t\t\t\t\t<\/div>\n\t\t\t\t<\/div>\n\t\t\t\t\t<\/div>\n\t\t<\/div>\n\t\t\t\t\t<\/div>\n\t\t<\/section>\n\t\t\t\t<section class=\"elementor-section elementor-top-section elementor-element elementor-element-7c1d98f elementor-section-boxed elementor-section-height-default elementor-section-height-default\" data-id=\"7c1d98f\" data-element_type=\"section\" data-e-type=\"section\" data-settings=\"{&quot;background_background&quot;:&quot;classic&quot;}\">\n\t\t\t\t\t\t\t<div class=\"elementor-background-overlay\"><\/div>\n\t\t\t\t\t\t\t<div class=\"elementor-container elementor-column-gap-default\">\n\t\t\t\t\t<div class=\"elementor-column elementor-col-100 elementor-top-column elementor-element elementor-element-7f23cc4\" data-id=\"7f23cc4\" data-element_type=\"column\" data-e-type=\"column\">\n\t\t\t<div class=\"elementor-widget-wrap elementor-element-populated\">\n\t\t\t\t\t\t<div class=\"elementor-element elementor-element-e9e36fd elementor-widget elementor-widget-text-editor\" data-id=\"e9e36fd\" data-element_type=\"widget\" data-e-type=\"widget\" data-widget_type=\"text-editor.default\">\n\t\t\t\t<div class=\"elementor-widget-container\">\n\t\t\t\t\t\t\t\t\t<p style=\"text-align: center;\">Si tiene requisitos espec\u00edficos, somos fabricantes y podemos desarrollar juntos el dise\u00f1o de su almac\u00e9n.<br \/>Insp\u00edrese y descubra la categor\u00eda de <a href=\"https:\/\/abcprato.it\/es\/custom-products-category\/almacen-troqueles\/\"><strong><u>almac\u00e9n troqueles hecho a medida <\/u><\/strong><\/a>ya realizados para nuestros clientes.<\/p>\t\t\t\t\t\t\t\t<\/div>\n\t\t\t\t<\/div>\n\t\t\t\t\t<\/div>\n\t\t<\/div>\n\t\t\t\t\t<\/div>\n\t\t<\/section>\n\t\t\t\t<\/div>\n\t\t","protected":false},"excerpt":{"rendered":"<p>Horizontal Vertical Almac\u00e9n Troqueles: Orden y Racionalidad Los muebles\u00a0para troqueles ABC son sistemas de almacenamiento dise\u00f1ados para guardar y mantener en orden los troqueles \u00fatiles&#8230; <a class=\"read-more\" style=\"text-decoration:underline;\" href=\"https:\/\/abcprato.it\/es\/almacen-troqueles\/\">Leer m\u00e1s<\/a><\/p>\n","protected":false},"author":3,"featured_media":31542,"parent":0,"menu_order":0,"comment_status":"closed","ping_status":"closed","template":"elementor_header_footer","meta":{"_acf_changed":false,"footnotes":""},"class_list":["post-6187","page","type-page","status-publish","has-post-thumbnail","hentry"],"acf":[],"yoast_head":"<!-- This site is optimized with the Yoast SEO plugin v27.2 - https:\/\/yoast.com\/product\/yoast-seo-wordpress\/ -->\n<title>Almac\u00e9n Troqueles - ABC Equipment &amp; Solutions<\/title>\n<meta name=\"description\" content=\"Descubra toda la gama de almac\u00e9n troqueles ABC horizontales y verticales de acero galvanizado. Ideales para almacenar y archivar troqueles peque\u00f1os o grandes.\" \/>\n<meta name=\"robots\" content=\"index, follow, max-snippet:-1, max-image-preview:large, max-video-preview:-1\" \/>\n<link rel=\"canonical\" href=\"https:\/\/abcprato.it\/es\/almacen-troqueles\/\" \/>\n<meta property=\"og:locale\" content=\"es_ES\" \/>\n<meta property=\"og:type\" content=\"article\" \/>\n<meta property=\"og:title\" content=\"Almac\u00e9n Troqueles - ABC Equipment &amp; Solutions\" \/>\n<meta property=\"og:description\" content=\"Descubra toda la gama de almac\u00e9n troqueles ABC horizontales y verticales de acero galvanizado. Ideales para almacenar y archivar troqueles peque\u00f1os o grandes.\" \/>\n<meta property=\"og:url\" content=\"https:\/\/abcprato.it\/es\/almacen-troqueles\/\" \/>\n<meta property=\"og:site_name\" content=\"ABC Equipment &amp; Solutions\" \/>\n<meta property=\"article:modified_time\" content=\"2025-03-07T10:28:09+00:00\" \/>\n<meta property=\"og:image\" content=\"https:\/\/abcprato.it\/wp-content\/uploads\/2021\/02\/cajonera-horizontal-para-troqueles-scandicci.jpg\" \/>\n\t<meta property=\"og:image:width\" content=\"1500\" \/>\n\t<meta property=\"og:image:height\" content=\"1100\" \/>\n\t<meta property=\"og:image:type\" content=\"image\/jpeg\" \/>\n<meta name=\"twitter:card\" content=\"summary_large_image\" \/>\n<meta name=\"twitter:label1\" content=\"Tiempo de lectura\" \/>\n\t<meta name=\"twitter:data1\" content=\"3 minutos\" \/>\n<script type=\"application\/ld+json\" class=\"yoast-schema-graph\">{\"@context\":\"https:\/\/schema.org\",\"@graph\":[{\"@type\":\"WebPage\",\"@id\":\"https:\/\/abcprato.it\/es\/almacen-troqueles\/\",\"url\":\"https:\/\/abcprato.it\/es\/almacen-troqueles\/\",\"name\":\"Almac\u00e9n Troqueles - ABC Equipment &amp; Solutions\",\"isPartOf\":{\"@id\":\"https:\/\/abcprato.it\/es\/#website\"},\"primaryImageOfPage\":{\"@id\":\"https:\/\/abcprato.it\/es\/almacen-troqueles\/#primaryimage\"},\"image\":{\"@id\":\"https:\/\/abcprato.it\/es\/almacen-troqueles\/#primaryimage\"},\"thumbnailUrl\":\"https:\/\/abcprato.it\/wp-content\/uploads\/2024\/12\/almacen-troqueles.jpg\",\"datePublished\":\"2021-02-24T10:57:52+00:00\",\"dateModified\":\"2025-03-07T10:28:09+00:00\",\"description\":\"Descubra toda la gama de almac\u00e9n troqueles ABC horizontales y verticales de acero galvanizado. Ideales para almacenar y archivar troqueles peque\u00f1os o grandes.\",\"breadcrumb\":{\"@id\":\"https:\/\/abcprato.it\/es\/almacen-troqueles\/#breadcrumb\"},\"inLanguage\":\"es\",\"potentialAction\":[{\"@type\":\"ReadAction\",\"target\":[\"https:\/\/abcprato.it\/es\/almacen-troqueles\/\"]}]},{\"@type\":\"ImageObject\",\"inLanguage\":\"es\",\"@id\":\"https:\/\/abcprato.it\/es\/almacen-troqueles\/#primaryimage\",\"url\":\"https:\/\/abcprato.it\/wp-content\/uploads\/2024\/12\/almacen-troqueles.jpg\",\"contentUrl\":\"https:\/\/abcprato.it\/wp-content\/uploads\/2024\/12\/almacen-troqueles.jpg\",\"width\":1500,\"height\":1000,\"caption\":\"almacen-troqueles\"},{\"@type\":\"BreadcrumbList\",\"@id\":\"https:\/\/abcprato.it\/es\/almacen-troqueles\/#breadcrumb\",\"itemListElement\":[{\"@type\":\"ListItem\",\"position\":1,\"name\":\"Home\",\"item\":\"https:\/\/abcprato.it\/es\/\"},{\"@type\":\"ListItem\",\"position\":2,\"name\":\"Almac\u00e9n Troqueles\"}]},{\"@type\":\"WebSite\",\"@id\":\"https:\/\/abcprato.it\/es\/#website\",\"url\":\"https:\/\/abcprato.it\/es\/\",\"name\":\"ABC Equipment &amp; Solutions\",\"description\":\"\",\"publisher\":{\"@id\":\"https:\/\/abcprato.it\/es\/#organization\"},\"potentialAction\":[{\"@type\":\"SearchAction\",\"target\":{\"@type\":\"EntryPoint\",\"urlTemplate\":\"https:\/\/abcprato.it\/es\/?s={search_term_string}\"},\"query-input\":{\"@type\":\"PropertyValueSpecification\",\"valueRequired\":true,\"valueName\":\"search_term_string\"}}],\"inLanguage\":\"es\"},{\"@type\":\"Organization\",\"@id\":\"https:\/\/abcprato.it\/es\/#organization\",\"name\":\"ABC Equipment & Solutions\",\"url\":\"https:\/\/abcprato.it\/es\/\",\"logo\":{\"@type\":\"ImageObject\",\"inLanguage\":\"es\",\"@id\":\"https:\/\/abcprato.it\/es\/#\/schema\/logo\/image\/\",\"url\":\"https:\/\/abcprato.it\/wp-content\/uploads\/2021\/01\/ABC-logo-2021.svg\",\"contentUrl\":\"https:\/\/abcprato.it\/wp-content\/uploads\/2021\/01\/ABC-logo-2021.svg\",\"width\":1,\"height\":1,\"caption\":\"ABC Equipment & Solutions\"},\"image\":{\"@id\":\"https:\/\/abcprato.it\/es\/#\/schema\/logo\/image\/\"}}]}<\/script>\n<!-- \/ Yoast SEO plugin. -->","yoast_head_json":{"title":"Almac\u00e9n Troqueles - ABC Equipment &amp; Solutions","description":"Descubra toda la gama de almac\u00e9n troqueles ABC horizontales y verticales de acero galvanizado. Ideales para almacenar y archivar troqueles peque\u00f1os o grandes.","robots":{"index":"index","follow":"follow","max-snippet":"max-snippet:-1","max-image-preview":"max-image-preview:large","max-video-preview":"max-video-preview:-1"},"canonical":"https:\/\/abcprato.it\/es\/almacen-troqueles\/","og_locale":"es_ES","og_type":"article","og_title":"Almac\u00e9n Troqueles - ABC Equipment &amp; Solutions","og_description":"Descubra toda la gama de almac\u00e9n troqueles ABC horizontales y verticales de acero galvanizado. Ideales para almacenar y archivar troqueles peque\u00f1os o grandes.","og_url":"https:\/\/abcprato.it\/es\/almacen-troqueles\/","og_site_name":"ABC Equipment &amp; Solutions","article_modified_time":"2025-03-07T10:28:09+00:00","og_image":[{"width":1500,"height":1100,"url":"https:\/\/abcprato.it\/wp-content\/uploads\/2021\/02\/cajonera-horizontal-para-troqueles-scandicci.jpg","type":"image\/jpeg"}],"twitter_card":"summary_large_image","twitter_misc":{"Tiempo de lectura":"3 minutos"},"schema":{"@context":"https:\/\/schema.org","@graph":[{"@type":"WebPage","@id":"https:\/\/abcprato.it\/es\/almacen-troqueles\/","url":"https:\/\/abcprato.it\/es\/almacen-troqueles\/","name":"Almac\u00e9n Troqueles - ABC Equipment &amp; Solutions","isPartOf":{"@id":"https:\/\/abcprato.it\/es\/#website"},"primaryImageOfPage":{"@id":"https:\/\/abcprato.it\/es\/almacen-troqueles\/#primaryimage"},"image":{"@id":"https:\/\/abcprato.it\/es\/almacen-troqueles\/#primaryimage"},"thumbnailUrl":"https:\/\/abcprato.it\/wp-content\/uploads\/2024\/12\/almacen-troqueles.jpg","datePublished":"2021-02-24T10:57:52+00:00","dateModified":"2025-03-07T10:28:09+00:00","description":"Descubra toda la gama de almac\u00e9n troqueles ABC horizontales y verticales de acero galvanizado. Ideales para almacenar y archivar troqueles peque\u00f1os o grandes.","breadcrumb":{"@id":"https:\/\/abcprato.it\/es\/almacen-troqueles\/#breadcrumb"},"inLanguage":"es","potentialAction":[{"@type":"ReadAction","target":["https:\/\/abcprato.it\/es\/almacen-troqueles\/"]}]},{"@type":"ImageObject","inLanguage":"es","@id":"https:\/\/abcprato.it\/es\/almacen-troqueles\/#primaryimage","url":"https:\/\/abcprato.it\/wp-content\/uploads\/2024\/12\/almacen-troqueles.jpg","contentUrl":"https:\/\/abcprato.it\/wp-content\/uploads\/2024\/12\/almacen-troqueles.jpg","width":1500,"height":1000,"caption":"almacen-troqueles"},{"@type":"BreadcrumbList","@id":"https:\/\/abcprato.it\/es\/almacen-troqueles\/#breadcrumb","itemListElement":[{"@type":"ListItem","position":1,"name":"Home","item":"https:\/\/abcprato.it\/es\/"},{"@type":"ListItem","position":2,"name":"Almac\u00e9n Troqueles"}]},{"@type":"WebSite","@id":"https:\/\/abcprato.it\/es\/#website","url":"https:\/\/abcprato.it\/es\/","name":"ABC Equipment &amp; Solutions","description":"","publisher":{"@id":"https:\/\/abcprato.it\/es\/#organization"},"potentialAction":[{"@type":"SearchAction","target":{"@type":"EntryPoint","urlTemplate":"https:\/\/abcprato.it\/es\/?s={search_term_string}"},"query-input":{"@type":"PropertyValueSpecification","valueRequired":true,"valueName":"search_term_string"}}],"inLanguage":"es"},{"@type":"Organization","@id":"https:\/\/abcprato.it\/es\/#organization","name":"ABC Equipment & Solutions","url":"https:\/\/abcprato.it\/es\/","logo":{"@type":"ImageObject","inLanguage":"es","@id":"https:\/\/abcprato.it\/es\/#\/schema\/logo\/image\/","url":"https:\/\/abcprato.it\/wp-content\/uploads\/2021\/01\/ABC-logo-2021.svg","contentUrl":"https:\/\/abcprato.it\/wp-content\/uploads\/2021\/01\/ABC-logo-2021.svg","width":1,"height":1,"caption":"ABC Equipment & Solutions"},"image":{"@id":"https:\/\/abcprato.it\/es\/#\/schema\/logo\/image\/"}}]}},"_links":{"self":[{"href":"https:\/\/abcprato.it\/es\/wp-json\/wp\/v2\/pages\/6187","targetHints":{"allow":["GET"]}}],"collection":[{"href":"https:\/\/abcprato.it\/es\/wp-json\/wp\/v2\/pages"}],"about":[{"href":"https:\/\/abcprato.it\/es\/wp-json\/wp\/v2\/types\/page"}],"author":[{"embeddable":true,"href":"https:\/\/abcprato.it\/es\/wp-json\/wp\/v2\/users\/3"}],"replies":[{"embeddable":true,"href":"https:\/\/abcprato.it\/es\/wp-json\/wp\/v2\/comments?post=6187"}],"version-history":[{"count":30,"href":"https:\/\/abcprato.it\/es\/wp-json\/wp\/v2\/pages\/6187\/revisions"}],"predecessor-version":[{"id":32809,"href":"https:\/\/abcprato.it\/es\/wp-json\/wp\/v2\/pages\/6187\/revisions\/32809"}],"wp:featuredmedia":[{"embeddable":true,"href":"https:\/\/abcprato.it\/es\/wp-json\/wp\/v2\/media\/31542"}],"wp:attachment":[{"href":"https:\/\/abcprato.it\/es\/wp-json\/wp\/v2\/media?parent=6187"}],"curies":[{"name":"wp","href":"https:\/\/api.w.org\/{rel}","templated":true}]}}