{"id":6786,"date":"2021-02-26T17:19:29","date_gmt":"2021-02-26T16:19:29","guid":{"rendered":"https:\/\/abcprato.it\/?page_id=6786"},"modified":"2023-12-01T01:03:38","modified_gmt":"2023-12-01T00:03:38","slug":"calzado","status":"publish","type":"page","link":"https:\/\/abcprato.it\/es\/sectores\/calzado\/","title":{"rendered":"Calzado"},"content":{"rendered":"\t\t<div data-elementor-type=\"wp-page\" data-elementor-id=\"6786\" class=\"elementor elementor-6786 elementor-2561\" data-elementor-post-type=\"page\">\n\t\t\t\t\t\t<section class=\"elementor-section elementor-top-section elementor-element elementor-element-92bd888 elementor-section-boxed elementor-section-height-default elementor-section-height-default\" data-id=\"92bd888\" data-element_type=\"section\" data-e-type=\"section\" data-settings=\"{&quot;background_background&quot;:&quot;classic&quot;}\">\n\t\t\t\t\t\t\t<div class=\"elementor-background-overlay\"><\/div>\n\t\t\t\t\t\t\t<div class=\"elementor-container elementor-column-gap-default\">\n\t\t\t\t\t<div class=\"elementor-column elementor-col-100 elementor-top-column elementor-element elementor-element-ddcb564\" data-id=\"ddcb564\" data-element_type=\"column\" data-e-type=\"column\">\n\t\t\t<div class=\"elementor-widget-wrap elementor-element-populated\">\n\t\t\t\t\t\t<div class=\"elementor-element elementor-element-b991bd8 elementor-widget elementor-widget-image\" data-id=\"b991bd8\" data-element_type=\"widget\" data-e-type=\"widget\" data-widget_type=\"image.default\">\n\t\t\t\t<div class=\"elementor-widget-container\">\n\t\t\t\t\t\t\t\t\t\t\t\t\t\t\t<img decoding=\"async\" width=\"65\" height=\"65\" src=\"https:\/\/abcprato.it\/wp-content\/uploads\/2021\/09\/ICONE_calzatura.svg\" class=\"attachment-full size-full wp-image-9015\" alt=\"\" \/>\t\t\t\t\t\t\t\t\t\t\t\t\t\t\t<\/div>\n\t\t\t\t<\/div>\n\t\t\t\t<div class=\"elementor-element elementor-element-c6c9171 elementor-widget elementor-widget-heading\" data-id=\"c6c9171\" data-element_type=\"widget\" data-e-type=\"widget\" data-widget_type=\"heading.default\">\n\t\t\t\t<div class=\"elementor-widget-container\">\n\t\t\t\t\t<h2 class=\"elementor-heading-title elementor-size-default\">Calzado<\/h2>\t\t\t\t<\/div>\n\t\t\t\t<\/div>\n\t\t\t\t<div class=\"elementor-element elementor-element-1d053b9 elementor-widget elementor-widget-text-editor\" data-id=\"1d053b9\" data-element_type=\"widget\" data-e-type=\"widget\" data-widget_type=\"text-editor.default\">\n\t\t\t\t<div class=\"elementor-widget-container\">\n\t\t\t\t\t\t\t\t\t<p style=\"text-align: center;\"><em>Descubre todos los equipos ABC dedicados a la industria del calzado <br \/>para gestionar hormas, capelladas y componentes optimizando el tiempo de producci\u00f3n de tus zapatos.<\/em><\/p><p style=\"text-align: center;\"><em>Desde el carrito porta cuero hasta el mueble para troqueles, pasando por los carritos con estantes y el banco de trabajo. <br \/>Aqu\u00ed tienes el equipamiento recomendado para tu f\u00e1brica de calzado.<\/em><\/p>\t\t\t\t\t\t\t\t<\/div>\n\t\t\t\t<\/div>\n\t\t\t\t\t<\/div>\n\t\t<\/div>\n\t\t\t\t\t<\/div>\n\t\t<\/section>\n\t\t\t\t<section class=\"elementor-section elementor-top-section elementor-element elementor-element-a21ead3 elementor-section-boxed elementor-section-height-default elementor-section-height-default\" data-id=\"a21ead3\" data-element_type=\"section\" data-e-type=\"section\">\n\t\t\t\t\t\t<div class=\"elementor-container elementor-column-gap-default\">\n\t\t\t\t\t<div class=\"elementor-column elementor-col-100 elementor-top-column elementor-element elementor-element-9e62c50\" data-id=\"9e62c50\" data-element_type=\"column\" data-e-type=\"column\">\n\t\t\t<div class=\"elementor-widget-wrap elementor-element-populated\">\n\t\t\t\t\t\t<div class=\"elementor-element elementor-element-462eaef elementor-widget elementor-widget-shortcode\" data-id=\"462eaef\" data-element_type=\"widget\" data-e-type=\"widget\" data-widget_type=\"shortcode.default\">\n\t\t\t\t<div class=\"elementor-widget-container\">\n\t\t\t\t\t\t\t<div class=\"elementor-shortcode\"><div class=\"slider \"><div class=\"calzado owl-carousel owl-theme sector\"><div class=\"item flex\"><div class=\"columns column_1-2 image\"><img decoding=\"async\" src=\"https:\/\/abcprato.it\/wp-content\/uploads\/2023\/11\/caballete-estandar-porta-pieles-800x600.jpg\" alt=\"caballete-estandar-porta-pieles\"><\/div><div class=\"columns column_1-2 last slide-content\"><h3>Caballete porta pieles est\u00e1ndar<\/h3><p>Carrito porta cuero para ayudar a manipular medias pieles o recortes en la f\u00e1brica. Perfecto tanto para la troqueladora como para el centro de corte CAD.<br \/>\nEquipado con: joroba lisa est\u00e1ndar, estante doble, asa en ambos lados, sistema antiest\u00e1tico y ruedas anti-hilos.<\/p>\n<a href=\"https:\/\/abcprato.it\/es\/caballetes-cuero\/caballete-porta-pieles-estandar\/\"  style=\"margin-top:40px;text-transform:uppercase; text-decoration:underline; font-weight:600;\" class=\"btn blue\" alt=\"\">Descubrir m\u00e1s<\/a><\/div><\/div><div class=\"item flex\"><div class=\"columns column_1-2 image\"><img decoding=\"async\" src=\"https:\/\/abcprato.it\/wp-content\/uploads\/2023\/11\/caballete-estandar-porta-pieles-joroba-ancha-800x600.jpg\" alt=\"caballete-estandar-porta-pieles-joroba-ancha\"><\/div><div class=\"columns column_1-2 last slide-content\"><h3>Caballete porta pieles est\u00e1ndar con joroba ancha <\/h3><p>Ideal para manipular y manejar todos los cueros, incluidos los m\u00e1s delicados. Gracias a sus 130 cm de altura, se eliminan los esfuerzos del operario. Ideal para el departamento de corte, tanto con troqueladora que con l\u00e1ser CAD.<br \/>\nEquipado con: joroba lisa ancha, estante doble, asa en ambos lados, sistema antiest\u00e1tico y ruedas anti-hilos.<\/p>\n<a href=\"https:\/\/abcprato.it\/es\/caballetes-cuero\/caballete-porta-pieles-estandar-con-joroba-ancha\/\"  style=\"margin-top:40px;text-transform:uppercase; text-decoration:underline; font-weight:600;\" class=\"btn blue\" alt=\"\">Descubrir m\u00e1s<\/a><\/div><\/div><div class=\"item flex\"><div class=\"columns column_1-2 image\"><img decoding=\"async\" src=\"https:\/\/abcprato.it\/wp-content\/uploads\/2023\/11\/mueble-horizontal-fabricante-chaussure-800x600.jpg\" alt=\"mueble-horizontal-fabricante-chaussure\"><\/div><div class=\"columns column_1-2 last slide-content\"><h3>Mueble horizontal para troqueles<\/h3><p>Perfecto para manipular horizontalmente troqueles, de todo tipo y tama\u00f1o, utilizados en el calzado, como los que se emplean para cortar capelladas. La posici\u00f3n ideal es cerca de la troqueladora, sustituyendo eficazmente la superficie de trabajo.<\/p>\n<a href=\"https:\/\/abcprato.it\/es\/almacen-troqueles\/mueble-horizontal-de-troqueles\/\"  style=\"margin-top:40px;text-transform:uppercase; text-decoration:underline; font-weight:600;\" class=\"btn blue\" alt=\"\">Descubrir m\u00e1s<\/a><\/div><\/div><div class=\"item flex\"><div class=\"columns column_1-2 image\"><img decoding=\"async\" src=\"https:\/\/abcprato.it\/wp-content\/uploads\/2023\/11\/carrito-portarrollos-cinturones-800x600.jpg\" alt=\"carrito-portarrollos-cinturones\"><\/div><div class=\"columns column_1-2 last slide-content\"><h3>Carrito portarrollos<\/h3><p>Carrito perfecto para manipular rollos de cuero, salpa o tejido en el departamento de corte o preparaci\u00f3n de f\u00e1bricas de calzado. F\u00e1cil maniobrabilidad garantizada por las ruedas anti-hilos. Estructura compacta que permite manipular hasta 8 rollos optimizando el espacio.<\/p>\n<a href=\"https:\/\/abcprato.it\/es\/carritos\/carrito-portarrollos\/\"  style=\"margin-top:40px;text-transform:uppercase; text-decoration:underline; font-weight:600;\" class=\"btn blue\" alt=\"\">Descubrir m\u00e1s<\/a><\/div><\/div><div class=\"item flex\"><div class=\"columns column_1-2 image\"><img decoding=\"async\" src=\"https:\/\/abcprato.it\/wp-content\/uploads\/2023\/11\/carrito-con-estantes-800x600.jpg\" alt=\"carrito-con-estantes\"><\/div><div class=\"columns column_1-2 last slide-content\"><h3>Carrito con estantes<\/h3><p>Desplaza todos tus componentes, materias primas o productos semiacabados con carritos con estantes. Amplia gama disponible: de dos a cinco niveles, varios tama\u00f1os de estante. Equipados con ruedas anti-hilos que garantizan su movilidad en la f\u00e1brica. Adecuados para cualquier necesidad y forma de trabajo.<\/p>\n<a href=\"https:\/\/abcprato.it\/es\/carritos\/carrito-con-estantes\/\"  style=\"margin-top:40px;text-transform:uppercase; text-decoration:underline; font-weight:600;\" class=\"btn blue\" alt=\"\">Descubrir m\u00e1s<\/a><\/div><\/div><div class=\"item flex\"><div class=\"columns column_1-2 image\"><img decoding=\"async\" src=\"https:\/\/abcprato.it\/wp-content\/uploads\/2023\/11\/mueble-vertical-fabricante-chaussure-800x600.jpg\" alt=\"mueble-vertical-fabricante-chaussure\"><\/div><div class=\"columns column_1-2 last slide-content\"><h3>Mueble vertical de troqueles<\/h3><p>Mant\u00e9n en orden todos los troqueles para el calzado, en vertical, incluso las m\u00e1s grandes. Col\u00f3calos en el departamento de almacenamiento o en producci\u00f3n, optimizando el espacio disponible en la f\u00e1brica.<\/p>\n<a href=\"\"  style=\"margin-top:40px;text-transform:uppercase; text-decoration:underline; font-weight:600;\" class=\"btn blue\" alt=\"\">Descubrir m\u00e1s<\/a><\/div><\/div><div class=\"item flex\"><div class=\"columns column_1-2 image\"><img decoding=\"async\" src=\"https:\/\/abcprato.it\/wp-content\/uploads\/2023\/11\/banco-de-trabajo-modelaje-departement-800x600.jpg\" alt=\"banco-de-trabajo-modelaje-departement\"><\/div><div class=\"columns column_1-2 last slide-content\"><h3>Banco de trabajo<\/h3><p>Ideal para colocar en el departamento de patronaje de tu f\u00e1brica de producci\u00f3n de calzado. El banco tiene una altura regulable para adaptarse al operario. Puede completarse con los accesorios que se deseen.<\/p>\n<a href=\"https:\/\/abcprato.it\/es\/mobiliario\/banco-de-trabajo\/\"  style=\"margin-top:40px;text-transform:uppercase; text-decoration:underline; font-weight:600;\" class=\"btn blue\" alt=\"\">Descubrir m\u00e1s<\/a><\/div><\/div><div class=\"item flex\"><div class=\"columns column_1-2 image\"><img decoding=\"async\" src=\"https:\/\/abcprato.it\/wp-content\/uploads\/2023\/11\/mueble-de-coser-textil-800x600.jpg\" alt=\"mueble-de-coser-textil\"><\/div><div class=\"columns column_1-2 last slide-content\"><h3>Mueble de coser<\/h3><p>Excelente para colocar debajo de cada m\u00e1quina de coser para gestionar el puesto de trabajo individual de la costurera. Se suministra ya con accesorios espec\u00edficos para el departamento de costura del calzado.<\/p>\n<a href=\"\"  style=\"margin-top:40px;text-transform:uppercase; text-decoration:underline; font-weight:600;\" class=\"btn blue\" alt=\"\">Descubrir m\u00e1s<\/a><\/div><\/div><div class=\"item flex\"><div class=\"columns column_1-2 image\"><img decoding=\"async\" src=\"https:\/\/abcprato.it\/wp-content\/uploads\/2023\/10\/carrito-portarrollos-para-maquina-de-corte-automatica-800x600.jpg\" alt=\"carrito-portarrollos-para-maquina-de-corte-automatica\"><\/div><div class=\"columns column_1-2 last slide-content\"><h3>Carrito portarrollos bajo para corte autom\u00e1tico<\/h3><p>Carro perfecto para quienes fabrican calzados con el corte autom\u00e1tico y realizan elaboraciones de \u00abmanta\u00bb, para colocar junto a las mesas de corte. Maneja hasta 4 rollos, 3 est\u00e1ndar y 1 largo. Estructura estrecha que optimiza el espacio en el departamento.<\/p>\n<a href=\"https:\/\/abcprato.it\/es\/productos-hechos-a-medida\/carrito-portarrollos-bajo-para-corte-automatico\/\"  style=\"margin-top:40px;text-transform:uppercase; text-decoration:underline; font-weight:600;\" class=\"btn blue\" alt=\"\">Descubrir m\u00e1s<\/a><\/div><\/div><\/div><script type=\"text\/javascript\">\n  \t\t\t\t\t\t\t\t\tjQuery(document).ready(function($) {\n  \t\t\t\t\t\t\t\t\t$(\".calzado\").owlCarousel({\n  \t\t\t\t\t\t\t\t\tcenter: true,\n  \t\t\t\t\t\t\t\t\titems:1,\n  \t\t\t\t\t\t\t\t\tnav:true,\n  \t\t\t\t\t\t\t\t\tdots:true,\n  \t\t\t\t\t\t\t\t\tloop:true,\n  \t\t\t\t\t\t\t\t\tmargin:0,\n                    smartSpeed: 500,\n  \t\t\t\t\t\t\t\t\tautoplay:true,\n  \t\t\t\t\t\t\t\t\tautoplayTimeout:5000,\n  \t\t\t\t\t\t\t\t\tautoplayHoverPause:true,\n  \t\t\t\t\t\t\t\t\tnavText : [\"<i class=\\\"fas fa-chevron-left\\\"><\/i>\",\"<i class=\\\"fas fa-chevron-right\\\"><\/i>\"]\n  \t\t\t\t\t\t\t\t});});<\/script><\/div><\/div>\n\t\t\t\t\t\t<\/div>\n\t\t\t\t<\/div>\n\t\t\t\t\t<\/div>\n\t\t<\/div>\n\t\t\t\t\t<\/div>\n\t\t<\/section>\n\t\t\t\t<\/div>\n\t\t","protected":false},"excerpt":{"rendered":"<p>Calzado Descubre todos los equipos ABC dedicados a la industria del calzado para gestionar hormas, capelladas y componentes optimizando el tiempo de producci\u00f3n de tus&#8230; <a class=\"read-more\" style=\"text-decoration:underline;\" href=\"https:\/\/abcprato.it\/es\/slider\/calzado\/\">Leer m\u00e1s<\/a><\/p>\n","protected":false},"author":3,"featured_media":0,"parent":7960,"menu_order":0,"comment_status":"closed","ping_status":"closed","template":"elementor_header_footer","meta":{"_acf_changed":false,"footnotes":""},"class_list":["post-6786","page","type-page","status-publish","hentry"],"acf":[],"yoast_head":"<!-- This site is optimized with the Yoast SEO plugin v27.2 - https:\/\/yoast.com\/product\/yoast-seo-wordpress\/ -->\n<title>Calzado - ABC Equipment &amp; Solutions<\/title>\n<meta name=\"description\" content=\"Descubre todos los equipos ABC dedicados a tu f\u00e1brica de producci\u00f3n de calzado: desde el porta cuero, el portarrollos hasta el mueble de troqueles.\" \/>\n<meta name=\"robots\" content=\"index, follow, max-snippet:-1, max-image-preview:large, max-video-preview:-1\" \/>\n<link rel=\"canonical\" href=\"https:\/\/abcprato.it\/es\/sectores\/calzado\/\" \/>\n<meta property=\"og:locale\" content=\"es_ES\" \/>\n<meta property=\"og:type\" content=\"article\" \/>\n<meta property=\"og:title\" content=\"Calzado - ABC Equipment &amp; Solutions\" \/>\n<meta property=\"og:description\" content=\"Descubre todos los equipos ABC dedicados a tu f\u00e1brica de producci\u00f3n de calzado: desde el porta cuero, el portarrollos hasta el mueble de troqueles.\" \/>\n<meta property=\"og:url\" content=\"https:\/\/abcprato.it\/es\/sectores\/calzado\/\" \/>\n<meta property=\"og:site_name\" content=\"ABC Equipment &amp; Solutions\" \/>\n<meta property=\"article:modified_time\" content=\"2023-12-01T00:03:38+00:00\" \/>\n<meta property=\"og:image\" content=\"https:\/\/abcprato.it\/wp-content\/uploads\/2023\/11\/sector-fabricacion-calzado.jpg\" \/>\n\t<meta property=\"og:image:width\" content=\"1500\" \/>\n\t<meta property=\"og:image:height\" content=\"1000\" \/>\n\t<meta property=\"og:image:type\" content=\"image\/jpeg\" \/>\n<meta name=\"twitter:card\" content=\"summary_large_image\" \/>\n<meta name=\"twitter:label1\" content=\"Tiempo de lectura\" \/>\n\t<meta name=\"twitter:data1\" content=\"1 minuto\" \/>\n<script type=\"application\/ld+json\" class=\"yoast-schema-graph\">{\"@context\":\"https:\/\/schema.org\",\"@graph\":[{\"@type\":\"WebPage\",\"@id\":\"https:\/\/abcprato.it\/es\/sectores\/calzado\/\",\"url\":\"https:\/\/abcprato.it\/es\/sectores\/calzado\/\",\"name\":\"Calzado - ABC Equipment &amp; Solutions\",\"isPartOf\":{\"@id\":\"https:\/\/abcprato.it\/es\/#website\"},\"primaryImageOfPage\":{\"@id\":\"https:\/\/abcprato.it\/es\/sectores\/calzado\/#primaryimage\"},\"image\":{\"@id\":\"https:\/\/abcprato.it\/es\/sectores\/calzado\/#primaryimage\"},\"thumbnailUrl\":\"https:\/\/abcprato.it\/wp-content\/uploads\/2021\/09\/ICONE_calzatura.svg\",\"datePublished\":\"2021-02-26T16:19:29+00:00\",\"dateModified\":\"2023-12-01T00:03:38+00:00\",\"description\":\"Descubre todos los equipos ABC dedicados a tu f\u00e1brica de producci\u00f3n de calzado: desde el porta cuero, el portarrollos hasta el mueble de troqueles.\",\"breadcrumb\":{\"@id\":\"https:\/\/abcprato.it\/es\/sectores\/calzado\/#breadcrumb\"},\"inLanguage\":\"es\",\"potentialAction\":[{\"@type\":\"ReadAction\",\"target\":[\"https:\/\/abcprato.it\/es\/sectores\/calzado\/\"]}]},{\"@type\":\"ImageObject\",\"inLanguage\":\"es\",\"@id\":\"https:\/\/abcprato.it\/es\/sectores\/calzado\/#primaryimage\",\"url\":\"https:\/\/abcprato.it\/wp-content\/uploads\/2021\/09\/ICONE_calzatura.svg\",\"contentUrl\":\"https:\/\/abcprato.it\/wp-content\/uploads\/2021\/09\/ICONE_calzatura.svg\"},{\"@type\":\"BreadcrumbList\",\"@id\":\"https:\/\/abcprato.it\/es\/sectores\/calzado\/#breadcrumb\",\"itemListElement\":[{\"@type\":\"ListItem\",\"position\":1,\"name\":\"Home\",\"item\":\"https:\/\/abcprato.it\/es\/\"},{\"@type\":\"ListItem\",\"position\":2,\"name\":\"Sectores\",\"item\":\"https:\/\/abcprato.it\/es\/settori\/\"},{\"@type\":\"ListItem\",\"position\":3,\"name\":\"Calzado\"}]},{\"@type\":\"WebSite\",\"@id\":\"https:\/\/abcprato.it\/es\/#website\",\"url\":\"https:\/\/abcprato.it\/es\/\",\"name\":\"ABC Equipment &amp; Solutions\",\"description\":\"\",\"publisher\":{\"@id\":\"https:\/\/abcprato.it\/es\/#organization\"},\"potentialAction\":[{\"@type\":\"SearchAction\",\"target\":{\"@type\":\"EntryPoint\",\"urlTemplate\":\"https:\/\/abcprato.it\/es\/?s={search_term_string}\"},\"query-input\":{\"@type\":\"PropertyValueSpecification\",\"valueRequired\":true,\"valueName\":\"search_term_string\"}}],\"inLanguage\":\"es\"},{\"@type\":\"Organization\",\"@id\":\"https:\/\/abcprato.it\/es\/#organization\",\"name\":\"ABC Equipment & Solutions\",\"url\":\"https:\/\/abcprato.it\/es\/\",\"logo\":{\"@type\":\"ImageObject\",\"inLanguage\":\"es\",\"@id\":\"https:\/\/abcprato.it\/es\/#\/schema\/logo\/image\/\",\"url\":\"https:\/\/abcprato.it\/wp-content\/uploads\/2021\/01\/ABC-logo-2021.svg\",\"contentUrl\":\"https:\/\/abcprato.it\/wp-content\/uploads\/2021\/01\/ABC-logo-2021.svg\",\"width\":1,\"height\":1,\"caption\":\"ABC Equipment & Solutions\"},\"image\":{\"@id\":\"https:\/\/abcprato.it\/es\/#\/schema\/logo\/image\/\"}}]}<\/script>\n<!-- \/ Yoast SEO plugin. -->","yoast_head_json":{"title":"Calzado - ABC Equipment &amp; Solutions","description":"Descubre todos los equipos ABC dedicados a tu f\u00e1brica de producci\u00f3n de calzado: desde el porta cuero, el portarrollos hasta el mueble de troqueles.","robots":{"index":"index","follow":"follow","max-snippet":"max-snippet:-1","max-image-preview":"max-image-preview:large","max-video-preview":"max-video-preview:-1"},"canonical":"https:\/\/abcprato.it\/es\/sectores\/calzado\/","og_locale":"es_ES","og_type":"article","og_title":"Calzado - ABC Equipment &amp; Solutions","og_description":"Descubre todos los equipos ABC dedicados a tu f\u00e1brica de producci\u00f3n de calzado: desde el porta cuero, el portarrollos hasta el mueble de troqueles.","og_url":"https:\/\/abcprato.it\/es\/sectores\/calzado\/","og_site_name":"ABC Equipment &amp; Solutions","article_modified_time":"2023-12-01T00:03:38+00:00","og_image":[{"width":1500,"height":1000,"url":"https:\/\/abcprato.it\/wp-content\/uploads\/2023\/11\/sector-fabricacion-calzado.jpg","type":"image\/jpeg"}],"twitter_card":"summary_large_image","twitter_misc":{"Tiempo de lectura":"1 minuto"},"schema":{"@context":"https:\/\/schema.org","@graph":[{"@type":"WebPage","@id":"https:\/\/abcprato.it\/es\/sectores\/calzado\/","url":"https:\/\/abcprato.it\/es\/sectores\/calzado\/","name":"Calzado - ABC Equipment &amp; Solutions","isPartOf":{"@id":"https:\/\/abcprato.it\/es\/#website"},"primaryImageOfPage":{"@id":"https:\/\/abcprato.it\/es\/sectores\/calzado\/#primaryimage"},"image":{"@id":"https:\/\/abcprato.it\/es\/sectores\/calzado\/#primaryimage"},"thumbnailUrl":"https:\/\/abcprato.it\/wp-content\/uploads\/2021\/09\/ICONE_calzatura.svg","datePublished":"2021-02-26T16:19:29+00:00","dateModified":"2023-12-01T00:03:38+00:00","description":"Descubre todos los equipos ABC dedicados a tu f\u00e1brica de producci\u00f3n de calzado: desde el porta cuero, el portarrollos hasta el mueble de troqueles.","breadcrumb":{"@id":"https:\/\/abcprato.it\/es\/sectores\/calzado\/#breadcrumb"},"inLanguage":"es","potentialAction":[{"@type":"ReadAction","target":["https:\/\/abcprato.it\/es\/sectores\/calzado\/"]}]},{"@type":"ImageObject","inLanguage":"es","@id":"https:\/\/abcprato.it\/es\/sectores\/calzado\/#primaryimage","url":"https:\/\/abcprato.it\/wp-content\/uploads\/2021\/09\/ICONE_calzatura.svg","contentUrl":"https:\/\/abcprato.it\/wp-content\/uploads\/2021\/09\/ICONE_calzatura.svg"},{"@type":"BreadcrumbList","@id":"https:\/\/abcprato.it\/es\/sectores\/calzado\/#breadcrumb","itemListElement":[{"@type":"ListItem","position":1,"name":"Home","item":"https:\/\/abcprato.it\/es\/"},{"@type":"ListItem","position":2,"name":"Sectores","item":"https:\/\/abcprato.it\/es\/settori\/"},{"@type":"ListItem","position":3,"name":"Calzado"}]},{"@type":"WebSite","@id":"https:\/\/abcprato.it\/es\/#website","url":"https:\/\/abcprato.it\/es\/","name":"ABC Equipment &amp; Solutions","description":"","publisher":{"@id":"https:\/\/abcprato.it\/es\/#organization"},"potentialAction":[{"@type":"SearchAction","target":{"@type":"EntryPoint","urlTemplate":"https:\/\/abcprato.it\/es\/?s={search_term_string}"},"query-input":{"@type":"PropertyValueSpecification","valueRequired":true,"valueName":"search_term_string"}}],"inLanguage":"es"},{"@type":"Organization","@id":"https:\/\/abcprato.it\/es\/#organization","name":"ABC Equipment & Solutions","url":"https:\/\/abcprato.it\/es\/","logo":{"@type":"ImageObject","inLanguage":"es","@id":"https:\/\/abcprato.it\/es\/#\/schema\/logo\/image\/","url":"https:\/\/abcprato.it\/wp-content\/uploads\/2021\/01\/ABC-logo-2021.svg","contentUrl":"https:\/\/abcprato.it\/wp-content\/uploads\/2021\/01\/ABC-logo-2021.svg","width":1,"height":1,"caption":"ABC Equipment & Solutions"},"image":{"@id":"https:\/\/abcprato.it\/es\/#\/schema\/logo\/image\/"}}]}},"_links":{"self":[{"href":"https:\/\/abcprato.it\/es\/wp-json\/wp\/v2\/pages\/6786","targetHints":{"allow":["GET"]}}],"collection":[{"href":"https:\/\/abcprato.it\/es\/wp-json\/wp\/v2\/pages"}],"about":[{"href":"https:\/\/abcprato.it\/es\/wp-json\/wp\/v2\/types\/page"}],"author":[{"embeddable":true,"href":"https:\/\/abcprato.it\/es\/wp-json\/wp\/v2\/users\/3"}],"replies":[{"embeddable":true,"href":"https:\/\/abcprato.it\/es\/wp-json\/wp\/v2\/comments?post=6786"}],"version-history":[{"count":13,"href":"https:\/\/abcprato.it\/es\/wp-json\/wp\/v2\/pages\/6786\/revisions"}],"predecessor-version":[{"id":21653,"href":"https:\/\/abcprato.it\/es\/wp-json\/wp\/v2\/pages\/6786\/revisions\/21653"}],"up":[{"embeddable":true,"href":"https:\/\/abcprato.it\/es\/wp-json\/wp\/v2\/pages\/7960"}],"wp:attachment":[{"href":"https:\/\/abcprato.it\/es\/wp-json\/wp\/v2\/media?parent=6786"}],"curies":[{"name":"wp","href":"https:\/\/api.w.org\/{rel}","templated":true}]}}