{"id":6808,"date":"2021-02-26T17:23:08","date_gmt":"2021-02-26T16:23:08","guid":{"rendered":"https:\/\/abcprato.it\/?page_id=6808"},"modified":"2023-12-01T00:56:38","modified_gmt":"2023-11-30T23:56:38","slug":"billetera","status":"publish","type":"page","link":"https:\/\/abcprato.it\/es\/sectores\/billetera\/","title":{"rendered":"Billetera"},"content":{"rendered":"\t\t<div data-elementor-type=\"wp-page\" data-elementor-id=\"6808\" class=\"elementor elementor-6808 elementor-2659\" data-elementor-post-type=\"page\">\n\t\t\t\t\t\t<section class=\"elementor-section elementor-top-section elementor-element elementor-element-92bd888 elementor-section-boxed elementor-section-height-default elementor-section-height-default\" data-id=\"92bd888\" data-element_type=\"section\" data-e-type=\"section\" data-settings=\"{&quot;background_background&quot;:&quot;classic&quot;}\">\n\t\t\t\t\t\t\t<div class=\"elementor-background-overlay\"><\/div>\n\t\t\t\t\t\t\t<div class=\"elementor-container elementor-column-gap-default\">\n\t\t\t\t\t<div class=\"elementor-column elementor-col-100 elementor-top-column elementor-element elementor-element-ddcb564\" data-id=\"ddcb564\" data-element_type=\"column\" data-e-type=\"column\">\n\t\t\t<div class=\"elementor-widget-wrap elementor-element-populated\">\n\t\t\t\t\t\t<div class=\"elementor-element elementor-element-584bc4f elementor-widget elementor-widget-image\" data-id=\"584bc4f\" data-element_type=\"widget\" data-e-type=\"widget\" data-widget_type=\"image.default\">\n\t\t\t\t<div class=\"elementor-widget-container\">\n\t\t\t\t\t\t\t\t\t\t\t\t\t\t\t<img decoding=\"async\" width=\"65\" height=\"65\" src=\"https:\/\/abcprato.it\/wp-content\/uploads\/2021\/09\/ICONE_portafoglio.svg\" class=\"attachment-full size-full wp-image-9031\" alt=\"\" \/>\t\t\t\t\t\t\t\t\t\t\t\t\t\t\t<\/div>\n\t\t\t\t<\/div>\n\t\t\t\t<div class=\"elementor-element elementor-element-c6c9171 elementor-widget elementor-widget-heading\" data-id=\"c6c9171\" data-element_type=\"widget\" data-e-type=\"widget\" data-widget_type=\"heading.default\">\n\t\t\t\t<div class=\"elementor-widget-container\">\n\t\t\t\t\t<h2 class=\"elementor-heading-title elementor-size-default\">Billetera<\/h2>\t\t\t\t<\/div>\n\t\t\t\t<\/div>\n\t\t\t\t<div class=\"elementor-element elementor-element-1d053b9 elementor-widget elementor-widget-text-editor\" data-id=\"1d053b9\" data-element_type=\"widget\" data-e-type=\"widget\" data-widget_type=\"text-editor.default\">\n\t\t\t\t<div class=\"elementor-widget-container\">\n\t\t\t\t\t\t\t\t\t<p style=\"text-align: center;\"><em>Descubre todos los equipos ABC dedicados al sector de la peque\u00f1a marroquiner\u00eda, como por ejemplo para la producci\u00f3n de billeteras <br \/>para gestionar recortes, troqueles y componentes optimizando el proceso de producci\u00f3n.\u00a0<\/em><\/p><p style=\"text-align: center;\"><em>Desde el caballete porta cuero hasta el mueble para troqueles, pasando por el banco de trabajo y el carrito portarrollos.\u00a0 <br \/>Aqu\u00ed tienes los art\u00edculos de equipamiento recomendadas para tu f\u00e1brica de peque\u00f1a marroquiner\u00eda, para la producci\u00f3n de la billetera<\/em><\/p>\t\t\t\t\t\t\t\t<\/div>\n\t\t\t\t<\/div>\n\t\t\t\t\t<\/div>\n\t\t<\/div>\n\t\t\t\t\t<\/div>\n\t\t<\/section>\n\t\t\t\t<section class=\"elementor-section elementor-top-section elementor-element elementor-element-b2d1de6 elementor-section-boxed elementor-section-height-default elementor-section-height-default\" data-id=\"b2d1de6\" data-element_type=\"section\" data-e-type=\"section\">\n\t\t\t\t\t\t<div class=\"elementor-container elementor-column-gap-default\">\n\t\t\t\t\t<div class=\"elementor-column elementor-col-100 elementor-top-column elementor-element elementor-element-978ac83\" data-id=\"978ac83\" data-element_type=\"column\" data-e-type=\"column\">\n\t\t\t<div class=\"elementor-widget-wrap elementor-element-populated\">\n\t\t\t\t\t\t<div class=\"elementor-element elementor-element-b075b52 elementor-widget elementor-widget-shortcode\" data-id=\"b075b52\" data-element_type=\"widget\" data-e-type=\"widget\" data-widget_type=\"shortcode.default\">\n\t\t\t\t<div class=\"elementor-widget-container\">\n\t\t\t\t\t\t\t<div class=\"elementor-shortcode\"><div class=\"slider \"><div class=\"billetera owl-carousel owl-theme sector\"><div class=\"item flex\"><div class=\"columns column_1-2 image\"><img decoding=\"async\" src=\"https:\/\/abcprato.it\/wp-content\/uploads\/2023\/11\/caballete-estandar-porta-pieles-800x600.jpg\" alt=\"caballete-estandar-porta-pieles\"><\/div><div class=\"columns column_1-2 last slide-content\"><h3>Caballete porta pieles est\u00e1ndar <\/h3><p>Caballete porta cuero perfecto para mover medias pieles o recortes de un departamento a otro de la f\u00e1brica. Col\u00f3calo en el departamento de corte, ya sea por troqueles o l\u00e1ser CAD.<br \/>\nEquipado con: joroba lisa est\u00e1ndar, estante doble, asa en ambos lados, sistema antiest\u00e1tico y ruedas anti-hilos.<\/p>\n<a href=\"https:\/\/abcprato.it\/es\/caballetes-cuero\/caballete-porta-pieles-estandar\/\"  style=\"margin-top:40px;text-transform:uppercase; text-decoration:underline; font-weight:600;\" class=\"btn blue\" alt=\"\">Descubrir m\u00e1s<\/a><\/div><\/div><div class=\"item flex\"><div class=\"columns column_1-2 image\"><img decoding=\"async\" src=\"https:\/\/abcprato.it\/wp-content\/uploads\/2023\/11\/caballete-estandar-porta-pieles-joroba-ancha-800x600.jpg\" alt=\"caballete-estandar-porta-pieles-joroba-ancha\"><\/div><div class=\"columns column_1-2 last slide-content\"><h3>Caballete porta pieles est\u00e1ndar con joroba ancha <\/h3><p>Caballete porta pieles con joroba ancha, ideal para tus billeteras de pieles delicadas y particulares. Ideal tanto para corte con troqueles y a laser CAD. La baja altura de 130 cm elimina los esfuerzos del operario.<br \/>\nEquipado con: joroba lisa ancha, estante doble, asa en ambos lados, sistema antiest\u00e1tico y ruedas anti-hilos.<\/p>\n<a href=\"https:\/\/abcprato.it\/es\/caballetes-cuero\/caballete-porta-pieles-estandar-con-joroba-ancha\/\"  style=\"margin-top:40px;text-transform:uppercase; text-decoration:underline; font-weight:600;\" class=\"btn blue\" alt=\"\">Descubrir m\u00e1s<\/a><\/div><\/div><div class=\"item flex\"><div class=\"columns column_1-2 image\"><img decoding=\"async\" src=\"https:\/\/abcprato.it\/wp-content\/uploads\/2024\/10\/mueble-para-troqueles-seguridad-StopGo-Italia-800x600.jpg\" alt=\"mueble-para-troqueles-seguridad-Stop&Go-Italia\"><\/div><div class=\"columns column_1-2 last slide-content\"><h3>Mueble horizontal de troqueles<\/h3><p>\u00datil para mantener en orden todos los troqueles o patrones utilizados para hacer la billetera. Col\u00f3calo junto a la troqueladora para tener un estante resistente y los troqueles en los cajones.<\/p>\n<a href=\"https:\/\/abcprato.it\/es\/almacen-troqueles\/mueble-horizontal-de-troqueles\/\"  style=\"margin-top:40px;text-transform:uppercase; text-decoration:underline; font-weight:600;\" class=\"btn blue\" alt=\"\">Descubrir m\u00e1s<\/a><\/div><\/div><div class=\"item flex\"><div class=\"columns column_1-2 image\"><img decoding=\"async\" src=\"https:\/\/abcprato.it\/wp-content\/uploads\/2023\/11\/carrito-portarrollos-800x600.jpg\" alt=\"carrito-portarrollos\"><\/div><div class=\"columns column_1-2 last slide-content\"><h3>Carrito portarrollos<\/h3><p>Ideal para manipular rollos de tejido, salpa o microfibra en el departamento de corte de peque\u00f1a marroquiner\u00eda. Manipula hasta 8 rollos en un espacio reducido.\u00a0 Equipado con ruedas anti-hilos para garantizar un manejo \u00e1gil.<\/p>\n<a href=\"https:\/\/abcprato.it\/es\/carritos\/carrito-portarrollos\/\"  style=\"margin-top:40px;text-transform:uppercase; text-decoration:underline; font-weight:600;\" class=\"btn blue\" alt=\"\">Descubrir m\u00e1s<\/a><\/div><\/div><div class=\"item flex\"><div class=\"columns column_1-2 image\"><img decoding=\"async\" src=\"https:\/\/abcprato.it\/wp-content\/uploads\/2023\/11\/carrito-con-estantes-1-800x600.jpg\" alt=\"carrito-con-estantes\"><\/div><div class=\"columns column_1-2 last slide-content\"><h3>Carrito con estantes<\/h3><p>Mueve los recortes, el acolchado y todos los componentes de producci\u00f3n con el carrito con estantes. Amplia gama disponible: de dos a cinco estantes y varios tama\u00f1os de nivel. Adecuado para cualquier uso y departamento de la empresa de peque\u00f1a marroquiner\u00eda. F\u00e1cil maniobrabilidad gracias a las ruedas anti-hilos.<\/p>\n<a href=\"https:\/\/abcprato.it\/es\/carritos\/carrito-con-estantes\/\"  style=\"margin-top:40px;text-transform:uppercase; text-decoration:underline; font-weight:600;\" class=\"btn blue\" alt=\"\">Descubrir m\u00e1s<\/a><\/div><\/div><div class=\"item flex\"><div class=\"columns column_1-2 image\"><img decoding=\"async\" src=\"https:\/\/abcprato.it\/wp-content\/uploads\/2023\/11\/mueble-vertical-cerrado-800x600.jpg\" alt=\"mueble-vertical-cerrado\"><\/div><div class=\"columns column_1-2 last slide-content\"><h3>Mueble vertical de troqueles<\/h3><p>Guarda todos los troqueles que necesita para tu billetera en orden, en forma vertical. Almacena una gran cantidad de troqueles en un espacio reducido.<\/p>\n<a href=\"\"  style=\"margin-top:40px;text-transform:uppercase; text-decoration:underline; font-weight:600;\" class=\"btn blue\" alt=\"\">Descubrir m\u00e1s<\/a><\/div><\/div><div class=\"item flex\"><div class=\"columns column_1-2 image\"><img decoding=\"async\" src=\"https:\/\/abcprato.it\/wp-content\/uploads\/2023\/11\/banco-de-trabajo-modelaje-departement-800x600.jpg\" alt=\"banco-de-trabajo-modelaje-departement\"><\/div><div class=\"columns column_1-2 last slide-content\"><h3>Banco de trabajo <\/h3><p>Ideal en el departamento de preparaci\u00f3n y montaje. Regula la altura para adaptarla a cada operario. Compl\u00e9talo con accesorios como portal\u00e1mparas, l\u00e1mpara LED y caj\u00f3n para que se adapte a cada necesidad.<\/p>\n<a href=\"https:\/\/abcprato.it\/es\/mobiliario\/banco-de-trabajo\/\"  style=\"margin-top:40px;text-transform:uppercase; text-decoration:underline; font-weight:600;\" class=\"btn blue\" alt=\"\">Descubrir m\u00e1s<\/a><\/div><\/div><div class=\"item flex\"><div class=\"columns column_1-2 image\"><img decoding=\"async\" src=\"https:\/\/abcprato.it\/wp-content\/uploads\/2023\/11\/mueble-de-coser-textil-800x600.jpg\" alt=\"mueble-de-coser-textil\"><\/div><div class=\"columns column_1-2 last slide-content\"><h3>Mueble de coser<\/h3><p>Col\u00f3calo debajo de cada m\u00e1quina de coser para gestionar el puesto de trabajo individual. Se suministra ya con accesorios espec\u00edficos para el departamento de costura de tu peque\u00f1a marroquiner\u00eda.<\/p>\n<a href=\"\"  style=\"margin-top:40px;text-transform:uppercase; text-decoration:underline; font-weight:600;\" class=\"btn blue\" alt=\"\">Descubrir m\u00e1s<\/a><\/div><\/div><div class=\"item flex\"><div class=\"columns column_1-2 image\"><img decoding=\"async\" src=\"https:\/\/abcprato.it\/wp-content\/uploads\/2023\/10\/carro-para-rollos-marroquineria-de-tejido-800x600.jpg\" alt=\"carro-para-rollos-marroquineria-de-tejido\"><\/div><div class=\"columns column_1-2 last slide-content\"><h3>Carrito portarrollos bajo para corte autom\u00e1tico<\/h3><p>Carrito ideal para peque\u00f1os art\u00edculos de piel para todos aquellos procesos de \u00abmanta\u00bb que utilizan m\u00e1s materiales durante el corte. Maneja hasta 4 rollos simult\u00e1neamente. Maniobrabilidad asegurada por ruedas anti-hilos de alta calidad con frenos.<\/p>\n<a href=\"https:\/\/abcprato.it\/es\/productos-hechos-a-medida\/carrito-portarrollos-bajo-para-corte-automatico\/\"  style=\"margin-top:40px;text-transform:uppercase; text-decoration:underline; font-weight:600;\" class=\"btn blue\" alt=\"\">Descubrir m\u00e1s<\/a><\/div><\/div><\/div><script type=\"text\/javascript\">\n  \t\t\t\t\t\t\t\t\tjQuery(document).ready(function($) {\n  \t\t\t\t\t\t\t\t\t$(\".billetera\").owlCarousel({\n  \t\t\t\t\t\t\t\t\tcenter: true,\n  \t\t\t\t\t\t\t\t\titems:1,\n  \t\t\t\t\t\t\t\t\tnav:true,\n  \t\t\t\t\t\t\t\t\tdots:true,\n  \t\t\t\t\t\t\t\t\tloop:true,\n  \t\t\t\t\t\t\t\t\tmargin:0,\n                    smartSpeed: 500,\n  \t\t\t\t\t\t\t\t\tautoplay:true,\n  \t\t\t\t\t\t\t\t\tautoplayTimeout:5000,\n  \t\t\t\t\t\t\t\t\tautoplayHoverPause:true,\n  \t\t\t\t\t\t\t\t\tnavText : [\"<i class=\\\"fas fa-chevron-left\\\"><\/i>\",\"<i class=\\\"fas fa-chevron-right\\\"><\/i>\"]\n  \t\t\t\t\t\t\t\t});});<\/script><\/div><\/div>\n\t\t\t\t\t\t<\/div>\n\t\t\t\t<\/div>\n\t\t\t\t\t<\/div>\n\t\t<\/div>\n\t\t\t\t\t<\/div>\n\t\t<\/section>\n\t\t\t\t<\/div>\n\t\t","protected":false},"excerpt":{"rendered":"<p>Billetera Descubre todos los equipos ABC dedicados al sector de la peque\u00f1a marroquiner\u00eda, como por ejemplo para la producci\u00f3n de billeteras para gestionar recortes, troqueles&#8230; <a class=\"read-more\" style=\"text-decoration:underline;\" href=\"https:\/\/abcprato.it\/es\/slider\/billetera\/\">Leer m\u00e1s<\/a><\/p>\n","protected":false},"author":3,"featured_media":20206,"parent":7960,"menu_order":0,"comment_status":"closed","ping_status":"closed","template":"elementor_header_footer","meta":{"_acf_changed":false,"footnotes":""},"class_list":["post-6808","page","type-page","status-publish","has-post-thumbnail","hentry"],"acf":[],"yoast_head":"<!-- This site is optimized with the Yoast SEO plugin v27.2 - https:\/\/yoast.com\/product\/yoast-seo-wordpress\/ -->\n<title>Billetera - ABC Equipment &amp; Solutions<\/title>\n<meta name=\"description\" content=\"Descubre todo el equipamiento ABC dedicado a la producci\u00f3n de billetera: caballete porta pieles, portarrollos, carrito con estantes y mueble de troqueles.\" \/>\n<meta name=\"robots\" content=\"index, follow, max-snippet:-1, max-image-preview:large, max-video-preview:-1\" \/>\n<link rel=\"canonical\" href=\"https:\/\/abcprato.it\/es\/sectores\/billetera\/\" \/>\n<meta property=\"og:locale\" content=\"es_ES\" \/>\n<meta property=\"og:type\" content=\"article\" \/>\n<meta property=\"og:title\" content=\"Billetera - ABC Equipment &amp; Solutions\" \/>\n<meta property=\"og:description\" content=\"Descubre todo el equipamiento ABC dedicado a la producci\u00f3n de billetera: caballete porta pieles, portarrollos, carrito con estantes y mueble de troqueles.\" \/>\n<meta property=\"og:url\" content=\"https:\/\/abcprato.it\/es\/sectores\/billetera\/\" \/>\n<meta property=\"og:site_name\" content=\"ABC Equipment &amp; Solutions\" \/>\n<meta property=\"article:modified_time\" content=\"2023-11-30T23:56:38+00:00\" \/>\n<meta property=\"og:image\" content=\"https:\/\/abcprato.it\/wp-content\/uploads\/2023\/11\/sector-fabricacion-billetera.jpg\" \/>\n\t<meta property=\"og:image:width\" content=\"1500\" \/>\n\t<meta property=\"og:image:height\" content=\"1000\" \/>\n\t<meta property=\"og:image:type\" content=\"image\/jpeg\" \/>\n<meta name=\"twitter:card\" content=\"summary_large_image\" \/>\n<meta name=\"twitter:label1\" content=\"Tiempo de lectura\" \/>\n\t<meta name=\"twitter:data1\" content=\"1 minuto\" \/>\n<script type=\"application\/ld+json\" class=\"yoast-schema-graph\">{\"@context\":\"https:\/\/schema.org\",\"@graph\":[{\"@type\":\"WebPage\",\"@id\":\"https:\/\/abcprato.it\/es\/sectores\/billetera\/\",\"url\":\"https:\/\/abcprato.it\/es\/sectores\/billetera\/\",\"name\":\"Billetera - ABC Equipment &amp; Solutions\",\"isPartOf\":{\"@id\":\"https:\/\/abcprato.it\/es\/#website\"},\"primaryImageOfPage\":{\"@id\":\"https:\/\/abcprato.it\/es\/sectores\/billetera\/#primaryimage\"},\"image\":{\"@id\":\"https:\/\/abcprato.it\/es\/sectores\/billetera\/#primaryimage\"},\"thumbnailUrl\":\"https:\/\/abcprato.it\/wp-content\/uploads\/2023\/11\/settore-produzione-portafoglio.jpg\",\"datePublished\":\"2021-02-26T16:23:08+00:00\",\"dateModified\":\"2023-11-30T23:56:38+00:00\",\"description\":\"Descubre todo el equipamiento ABC dedicado a la producci\u00f3n de billetera: caballete porta pieles, portarrollos, carrito con estantes y mueble de troqueles.\",\"breadcrumb\":{\"@id\":\"https:\/\/abcprato.it\/es\/sectores\/billetera\/#breadcrumb\"},\"inLanguage\":\"es\",\"potentialAction\":[{\"@type\":\"ReadAction\",\"target\":[\"https:\/\/abcprato.it\/es\/sectores\/billetera\/\"]}]},{\"@type\":\"ImageObject\",\"inLanguage\":\"es\",\"@id\":\"https:\/\/abcprato.it\/es\/sectores\/billetera\/#primaryimage\",\"url\":\"https:\/\/abcprato.it\/wp-content\/uploads\/2023\/11\/settore-produzione-portafoglio.jpg\",\"contentUrl\":\"https:\/\/abcprato.it\/wp-content\/uploads\/2023\/11\/settore-produzione-portafoglio.jpg\",\"width\":1500,\"height\":1000,\"caption\":\"settore-produzione-portafoglio\"},{\"@type\":\"BreadcrumbList\",\"@id\":\"https:\/\/abcprato.it\/es\/sectores\/billetera\/#breadcrumb\",\"itemListElement\":[{\"@type\":\"ListItem\",\"position\":1,\"name\":\"Home\",\"item\":\"https:\/\/abcprato.it\/es\/\"},{\"@type\":\"ListItem\",\"position\":2,\"name\":\"Sectores\",\"item\":\"https:\/\/abcprato.it\/es\/settori\/\"},{\"@type\":\"ListItem\",\"position\":3,\"name\":\"Billetera\"}]},{\"@type\":\"WebSite\",\"@id\":\"https:\/\/abcprato.it\/es\/#website\",\"url\":\"https:\/\/abcprato.it\/es\/\",\"name\":\"ABC Equipment &amp; Solutions\",\"description\":\"\",\"publisher\":{\"@id\":\"https:\/\/abcprato.it\/es\/#organization\"},\"potentialAction\":[{\"@type\":\"SearchAction\",\"target\":{\"@type\":\"EntryPoint\",\"urlTemplate\":\"https:\/\/abcprato.it\/es\/?s={search_term_string}\"},\"query-input\":{\"@type\":\"PropertyValueSpecification\",\"valueRequired\":true,\"valueName\":\"search_term_string\"}}],\"inLanguage\":\"es\"},{\"@type\":\"Organization\",\"@id\":\"https:\/\/abcprato.it\/es\/#organization\",\"name\":\"ABC Equipment & Solutions\",\"url\":\"https:\/\/abcprato.it\/es\/\",\"logo\":{\"@type\":\"ImageObject\",\"inLanguage\":\"es\",\"@id\":\"https:\/\/abcprato.it\/es\/#\/schema\/logo\/image\/\",\"url\":\"https:\/\/abcprato.it\/wp-content\/uploads\/2021\/01\/ABC-logo-2021.svg\",\"contentUrl\":\"https:\/\/abcprato.it\/wp-content\/uploads\/2021\/01\/ABC-logo-2021.svg\",\"width\":1,\"height\":1,\"caption\":\"ABC Equipment & Solutions\"},\"image\":{\"@id\":\"https:\/\/abcprato.it\/es\/#\/schema\/logo\/image\/\"}}]}<\/script>\n<!-- \/ Yoast SEO plugin. -->","yoast_head_json":{"title":"Billetera - ABC Equipment &amp; Solutions","description":"Descubre todo el equipamiento ABC dedicado a la producci\u00f3n de billetera: caballete porta pieles, portarrollos, carrito con estantes y mueble de troqueles.","robots":{"index":"index","follow":"follow","max-snippet":"max-snippet:-1","max-image-preview":"max-image-preview:large","max-video-preview":"max-video-preview:-1"},"canonical":"https:\/\/abcprato.it\/es\/sectores\/billetera\/","og_locale":"es_ES","og_type":"article","og_title":"Billetera - ABC Equipment &amp; Solutions","og_description":"Descubre todo el equipamiento ABC dedicado a la producci\u00f3n de billetera: caballete porta pieles, portarrollos, carrito con estantes y mueble de troqueles.","og_url":"https:\/\/abcprato.it\/es\/sectores\/billetera\/","og_site_name":"ABC Equipment &amp; Solutions","article_modified_time":"2023-11-30T23:56:38+00:00","og_image":[{"width":1500,"height":1000,"url":"https:\/\/abcprato.it\/wp-content\/uploads\/2023\/11\/sector-fabricacion-billetera.jpg","type":"image\/jpeg"}],"twitter_card":"summary_large_image","twitter_misc":{"Tiempo de lectura":"1 minuto"},"schema":{"@context":"https:\/\/schema.org","@graph":[{"@type":"WebPage","@id":"https:\/\/abcprato.it\/es\/sectores\/billetera\/","url":"https:\/\/abcprato.it\/es\/sectores\/billetera\/","name":"Billetera - ABC Equipment &amp; Solutions","isPartOf":{"@id":"https:\/\/abcprato.it\/es\/#website"},"primaryImageOfPage":{"@id":"https:\/\/abcprato.it\/es\/sectores\/billetera\/#primaryimage"},"image":{"@id":"https:\/\/abcprato.it\/es\/sectores\/billetera\/#primaryimage"},"thumbnailUrl":"https:\/\/abcprato.it\/wp-content\/uploads\/2023\/11\/settore-produzione-portafoglio.jpg","datePublished":"2021-02-26T16:23:08+00:00","dateModified":"2023-11-30T23:56:38+00:00","description":"Descubre todo el equipamiento ABC dedicado a la producci\u00f3n de billetera: caballete porta pieles, portarrollos, carrito con estantes y mueble de troqueles.","breadcrumb":{"@id":"https:\/\/abcprato.it\/es\/sectores\/billetera\/#breadcrumb"},"inLanguage":"es","potentialAction":[{"@type":"ReadAction","target":["https:\/\/abcprato.it\/es\/sectores\/billetera\/"]}]},{"@type":"ImageObject","inLanguage":"es","@id":"https:\/\/abcprato.it\/es\/sectores\/billetera\/#primaryimage","url":"https:\/\/abcprato.it\/wp-content\/uploads\/2023\/11\/settore-produzione-portafoglio.jpg","contentUrl":"https:\/\/abcprato.it\/wp-content\/uploads\/2023\/11\/settore-produzione-portafoglio.jpg","width":1500,"height":1000,"caption":"settore-produzione-portafoglio"},{"@type":"BreadcrumbList","@id":"https:\/\/abcprato.it\/es\/sectores\/billetera\/#breadcrumb","itemListElement":[{"@type":"ListItem","position":1,"name":"Home","item":"https:\/\/abcprato.it\/es\/"},{"@type":"ListItem","position":2,"name":"Sectores","item":"https:\/\/abcprato.it\/es\/settori\/"},{"@type":"ListItem","position":3,"name":"Billetera"}]},{"@type":"WebSite","@id":"https:\/\/abcprato.it\/es\/#website","url":"https:\/\/abcprato.it\/es\/","name":"ABC Equipment &amp; Solutions","description":"","publisher":{"@id":"https:\/\/abcprato.it\/es\/#organization"},"potentialAction":[{"@type":"SearchAction","target":{"@type":"EntryPoint","urlTemplate":"https:\/\/abcprato.it\/es\/?s={search_term_string}"},"query-input":{"@type":"PropertyValueSpecification","valueRequired":true,"valueName":"search_term_string"}}],"inLanguage":"es"},{"@type":"Organization","@id":"https:\/\/abcprato.it\/es\/#organization","name":"ABC Equipment & Solutions","url":"https:\/\/abcprato.it\/es\/","logo":{"@type":"ImageObject","inLanguage":"es","@id":"https:\/\/abcprato.it\/es\/#\/schema\/logo\/image\/","url":"https:\/\/abcprato.it\/wp-content\/uploads\/2021\/01\/ABC-logo-2021.svg","contentUrl":"https:\/\/abcprato.it\/wp-content\/uploads\/2021\/01\/ABC-logo-2021.svg","width":1,"height":1,"caption":"ABC Equipment & Solutions"},"image":{"@id":"https:\/\/abcprato.it\/es\/#\/schema\/logo\/image\/"}}]}},"_links":{"self":[{"href":"https:\/\/abcprato.it\/es\/wp-json\/wp\/v2\/pages\/6808","targetHints":{"allow":["GET"]}}],"collection":[{"href":"https:\/\/abcprato.it\/es\/wp-json\/wp\/v2\/pages"}],"about":[{"href":"https:\/\/abcprato.it\/es\/wp-json\/wp\/v2\/types\/page"}],"author":[{"embeddable":true,"href":"https:\/\/abcprato.it\/es\/wp-json\/wp\/v2\/users\/3"}],"replies":[{"embeddable":true,"href":"https:\/\/abcprato.it\/es\/wp-json\/wp\/v2\/comments?post=6808"}],"version-history":[{"count":19,"href":"https:\/\/abcprato.it\/es\/wp-json\/wp\/v2\/pages\/6808\/revisions"}],"predecessor-version":[{"id":21626,"href":"https:\/\/abcprato.it\/es\/wp-json\/wp\/v2\/pages\/6808\/revisions\/21626"}],"up":[{"embeddable":true,"href":"https:\/\/abcprato.it\/es\/wp-json\/wp\/v2\/pages\/7960"}],"wp:featuredmedia":[{"embeddable":true,"href":"https:\/\/abcprato.it\/es\/wp-json\/wp\/v2\/media\/20206"}],"wp:attachment":[{"href":"https:\/\/abcprato.it\/es\/wp-json\/wp\/v2\/media?parent=6808"}],"curies":[{"name":"wp","href":"https:\/\/api.w.org\/{rel}","templated":true}]}}