{"id":6817,"date":"2021-02-26T17:25:16","date_gmt":"2021-02-26T16:25:16","guid":{"rendered":"https:\/\/abcprato.it\/?page_id=6817"},"modified":"2023-12-01T01:06:11","modified_gmt":"2023-12-01T00:06:11","slug":"bolso","status":"publish","type":"page","link":"https:\/\/abcprato.it\/es\/sectores\/bolso\/","title":{"rendered":"Bolso"},"content":{"rendered":"\t\t<div data-elementor-type=\"wp-page\" data-elementor-id=\"6817\" class=\"elementor elementor-6817 elementor-2311\" data-elementor-post-type=\"page\">\n\t\t\t\t\t\t<section class=\"elementor-section elementor-top-section elementor-element elementor-element-92bd888 elementor-section-boxed elementor-section-height-default elementor-section-height-default\" data-id=\"92bd888\" data-element_type=\"section\" data-e-type=\"section\" data-settings=\"{&quot;background_background&quot;:&quot;classic&quot;}\">\n\t\t\t\t\t\t\t<div class=\"elementor-background-overlay\"><\/div>\n\t\t\t\t\t\t\t<div class=\"elementor-container elementor-column-gap-default\">\n\t\t\t\t\t<div class=\"elementor-column elementor-col-100 elementor-top-column elementor-element elementor-element-ddcb564\" data-id=\"ddcb564\" data-element_type=\"column\" data-e-type=\"column\">\n\t\t\t<div class=\"elementor-widget-wrap elementor-element-populated\">\n\t\t\t\t\t\t<div class=\"elementor-element elementor-element-12211ac elementor-widget elementor-widget-image\" data-id=\"12211ac\" data-element_type=\"widget\" data-e-type=\"widget\" data-widget_type=\"image.default\">\n\t\t\t\t<div class=\"elementor-widget-container\">\n\t\t\t\t\t\t\t\t\t\t\t\t\t\t\t<img decoding=\"async\" width=\"65\" height=\"65\" src=\"https:\/\/abcprato.it\/wp-content\/uploads\/2021\/09\/ICONE_borsa.svg\" class=\"attachment-full size-full wp-image-9035\" alt=\"\" \/>\t\t\t\t\t\t\t\t\t\t\t\t\t\t\t<\/div>\n\t\t\t\t<\/div>\n\t\t\t\t<div class=\"elementor-element elementor-element-c6c9171 elementor-widget elementor-widget-heading\" data-id=\"c6c9171\" data-element_type=\"widget\" data-e-type=\"widget\" data-widget_type=\"heading.default\">\n\t\t\t\t<div class=\"elementor-widget-container\">\n\t\t\t\t\t<h2 class=\"elementor-heading-title elementor-size-default\">Bolso<\/h2>\t\t\t\t<\/div>\n\t\t\t\t<\/div>\n\t\t\t\t<div class=\"elementor-element elementor-element-1d053b9 elementor-widget elementor-widget-text-editor\" data-id=\"1d053b9\" data-element_type=\"widget\" data-e-type=\"widget\" data-widget_type=\"text-editor.default\">\n\t\t\t\t<div class=\"elementor-widget-container\">\n\t\t\t\t\t\t\t\t\t<p style=\"text-align: center;\"><em>Descubre todos los equipos ABC dedicados al sector de la marroquiner\u00eda para la producci\u00f3n de bolsos, <br \/>para gestionar el corte, los componentes y los productos semiacabados optimizando los tiempos de producci\u00f3n.<\/em><\/p><p style=\"text-align: center;\"><em>Desde el caballete porta pieles y el carrito porta bolsos, pasando por el mueble para troqueles, hasta el portarrollos y la mesa de trabajo.\u00a0<br \/><\/em><em>Estos son los productos recomendados para tu f\u00e1brica de marroquiner\u00eda para la producci\u00f3n de bolso.<\/em><\/p>\t\t\t\t\t\t\t\t<\/div>\n\t\t\t\t<\/div>\n\t\t\t\t\t<\/div>\n\t\t<\/div>\n\t\t\t\t\t<\/div>\n\t\t<\/section>\n\t\t\t\t<section class=\"elementor-section elementor-top-section elementor-element elementor-element-c31ec2d elementor-section-boxed elementor-section-height-default elementor-section-height-default\" data-id=\"c31ec2d\" data-element_type=\"section\" data-e-type=\"section\">\n\t\t\t\t\t\t<div class=\"elementor-container elementor-column-gap-default\">\n\t\t\t\t\t<div class=\"elementor-column elementor-col-100 elementor-top-column elementor-element elementor-element-7108726\" data-id=\"7108726\" data-element_type=\"column\" data-e-type=\"column\">\n\t\t\t<div class=\"elementor-widget-wrap elementor-element-populated\">\n\t\t\t\t\t\t<div class=\"elementor-element elementor-element-a1827e2 elementor-widget elementor-widget-shortcode\" data-id=\"a1827e2\" data-element_type=\"widget\" data-e-type=\"widget\" data-widget_type=\"shortcode.default\">\n\t\t\t\t<div class=\"elementor-widget-container\">\n\t\t\t\t\t\t\t<div class=\"elementor-shortcode\"><div class=\"slider \"><div class=\"bolso owl-carousel owl-theme sector\"><div class=\"item flex\"><div class=\"columns column_1-2 image\"><img decoding=\"async\" src=\"https:\/\/abcprato.it\/wp-content\/uploads\/2024\/02\/carrito-portabolsos-ahorro-de-espacio-800x600.jpg\" alt=\"carrito-portabolsos-ahorro-de-espacio\"><\/div><div class=\"columns column_1-2 last slide-content\"><h3>Carrito portabolsos<\/h3><p>Cuelga los bolsos en el carrito portabolsos manteni\u00e9ndolos en forma y evitando que se rayen. Ideal para bolsos de todos los tama\u00f1os: desde los m\u00e1s peque\u00f1os como clutch o pochette hasta los m\u00e1s grandes como mochilas. Gracias a sus brazos plegables y a la posibilidad de apilarse con otros para optimizar el espacio en el departamento. Equipado con ruedas anti-hilos.<\/p>\n<a href=\"\"  style=\"margin-top:40px;text-transform:uppercase; text-decoration:underline; font-weight:600;\" class=\"btn blue\" alt=\"\">Descubrir m\u00e1s<\/a><\/div><\/div><div class=\"item flex\"><div class=\"columns column_1-2 image\"><img decoding=\"async\" src=\"https:\/\/abcprato.it\/wp-content\/uploads\/2023\/11\/caballete-porta-pieles-grande-automocion-800x600.jpg\" alt=\"caballete-porta-pieles-grande-automocion\"><\/div><div class=\"columns column_1-2 last slide-content\"><h3>Caballete porta pieles grande<\/h3><p>Caballete porta cuero para la manipulaci\u00f3n \u00e1gil de pieles enteras en la f\u00e1brica de marroquiner\u00eda, para la producci\u00f3n de bolsos. Excelente para usar tanto para corte de troquel como con l\u00e1ser CAD.<br \/>\nEquipado con: joroba lisa est\u00e1ndar, estante doble, asa en ambos lados, sistema antiest\u00e1tico y ruedas anti-hilos.<\/p>\n<a href=\"https:\/\/abcprato.it\/es\/caballetes-cuero\/caballete-porta-pieles-grande\/\"  style=\"margin-top:40px;text-transform:uppercase; text-decoration:underline; font-weight:600;\" class=\"btn blue\" alt=\"\">Descubrir m\u00e1s<\/a><\/div><\/div><div class=\"item flex\"><div class=\"columns column_1-2 image\"><img decoding=\"async\" src=\"https:\/\/abcprato.it\/wp-content\/uploads\/2023\/11\/caballete-estandar-porta-pieles-joroba-ancha-800x600.jpg\" alt=\"caballete-estandar-porta-pieles-joroba-ancha\"><\/div><div class=\"columns column_1-2 last slide-content\"><h3>Caballete porta pieles est\u00e1ndar con joroba ancha  <\/h3><p>Caballete est\u00e1ndar para pieles que, gracias a su joroba ancha, permite manipular pieles de mayor tama\u00f1o a baja altura, reduciendo el esfuerzo del operario. Ideal para manipular pieles de un departamento a otro. Equipado con: joroba lisa ancha, estante doble, asa en ambos lados, sistema antiest\u00e1tico y ruedas anti-hilos.<\/p>\n<a href=\"https:\/\/abcprato.it\/es\/caballetes-cuero\/caballete-porta-pieles-estandar-con-joroba-ancha\/\"  style=\"margin-top:40px;text-transform:uppercase; text-decoration:underline; font-weight:600;\" class=\"btn blue\" alt=\"\">Descubrir m\u00e1s<\/a><\/div><\/div><div class=\"item flex\"><div class=\"columns column_1-2 image\"><img decoding=\"async\" src=\"https:\/\/abcprato.it\/wp-content\/uploads\/2024\/06\/caballete-porta-cuero-grande-joroba-ancha-marroquineria-800x600.jpg\" alt=\"caballete-porta-cuero-grande-joroba-ancha-marroquineria\"><\/div><div class=\"columns column_1-2 last slide-content\"><h3>Caballete porta pieles grande con joroba ancha<\/h3><p>Caballete porta cuero grande con joroba ancha, perfecto para manipular pieles enteras de cualquier material, incluso las m\u00e1s delicadas. Col\u00f3calo en el departamento de corte, ya sea con troquel o l\u00e1ser CAD.<br \/>\nEquipado con: joroba lisa ancha, estante doble, asa en ambos lados, sistema antiest\u00e1tico y ruedas anti-hilos.<\/p>\n<a href=\"https:\/\/abcprato.it\/es\/caballetes-cuero\/caballete-porta-pieles-grande-con-joroba-ancha\/\"  style=\"margin-top:40px;text-transform:uppercase; text-decoration:underline; font-weight:600;\" class=\"btn blue\" alt=\"\">Descubrir m\u00e1s<\/a><\/div><\/div><div class=\"item flex\"><div class=\"columns column_1-2 image\"><img decoding=\"async\" src=\"https:\/\/abcprato.it\/wp-content\/uploads\/2023\/11\/mueble-horizontal-marroquinaria-800x600.jpg\" alt=\"mueble-horizontal-marroquinaria\"><\/div><div class=\"columns column_1-2 last slide-content\"><h3>Mueble horizontal de troqueles<\/h3><p>Mant\u00e9n todos tus troqueles, utilizados para hacer bolsos, ordenados dentro de la cajonera horizontal. Col\u00f3quela junto a la troqueladora para que el operario disponga tanto de un estante resistente como de los cajones con los troqueles.<\/p>\n<a href=\"https:\/\/abcprato.it\/es\/almacen-troqueles\/mueble-horizontal-de-troqueles\/\"  style=\"margin-top:40px;text-transform:uppercase; text-decoration:underline; font-weight:600;\" class=\"btn blue\" alt=\"\">Descubrir m\u00e1s<\/a><\/div><\/div><div class=\"item flex\"><div class=\"columns column_1-2 image\"><img decoding=\"async\" src=\"https:\/\/abcprato.it\/wp-content\/uploads\/2023\/11\/carrito-portarrollos-800x600.jpg\" alt=\"carrito-portarrollos\"><\/div><div class=\"columns column_1-2 last slide-content\"><h3>Carrito portarrollos<\/h3><p>Carrito ideal para manipular rollos de salpa, endurecer o tejidos en los departamentos de corte y preparaci\u00f3n de art\u00edculos de cuero. Maneja hasta 8 tubos de material con el portarrollos.\u00a0 F\u00e1cil manejo en la f\u00e1brica gracias a las ruedas anti-hilos.<\/p>\n<a href=\"https:\/\/abcprato.it\/es\/carritos\/carrito-portarrollos\/\"  style=\"margin-top:40px;text-transform:uppercase; text-decoration:underline; font-weight:600;\" class=\"btn blue\" alt=\"\">Descubrir m\u00e1s<\/a><\/div><\/div><div class=\"item flex\"><div class=\"columns column_1-2 image\"><img decoding=\"async\" src=\"https:\/\/abcprato.it\/wp-content\/uploads\/2023\/11\/carrito-con-estantes-fabricante-bolso-800x600.jpg\" alt=\"carrito-con-estantes-fabricante-bolso\"><\/div><div class=\"columns column_1-2 last slide-content\"><h3>Carrito con estantes<\/h3><p>Una amplia gama de carritos con estantes, de dos a cinco estantes, para cada uso y fase de procesamiento en la f\u00e1brica de producci\u00f3n de bolsos, equipados con ruedas anti-hilos para una manipulaci\u00f3n \u00e1gil. Ideales tanto para el producto acabado y cortado como para los distintos componentes utilizados.<\/p>\n<a href=\"https:\/\/abcprato.it\/es\/carritos\/carrito-con-estantes\/\"  style=\"margin-top:40px;text-transform:uppercase; text-decoration:underline; font-weight:600;\" class=\"btn blue\" alt=\"\">Descubrir m\u00e1s<\/a><\/div><\/div><div class=\"item flex\"><div class=\"columns column_1-2 image\"><img decoding=\"async\" src=\"https:\/\/abcprato.it\/wp-content\/uploads\/2023\/11\/mueble-vertical-fabricante-bolso-800x600.jpg\" alt=\"mueble-vertical-fabricante-bolso\"><\/div><div class=\"columns column_1-2 last slide-content\"><h3>Mueble vertical de troqueles<\/h3><p>Guarda los juegos de troqueles de cada tama\u00f1o, para hacer bolsos, dentro de la cajonera vertical. Introduce los m\u00e1s peque\u00f1os dentro de los m\u00e1s grandes para aumentar a\u00fan m\u00e1s el espacio.<\/p>\n<a href=\"\"  style=\"margin-top:40px;text-transform:uppercase; text-decoration:underline; font-weight:600;\" class=\"btn blue\" alt=\"\">Descubrir m\u00e1s<\/a><\/div><\/div><div class=\"item flex\"><div class=\"columns column_1-2 image\"><img decoding=\"async\" src=\"https:\/\/abcprato.it\/wp-content\/uploads\/2023\/11\/banco-de-trabajo-modelaje-departement-800x600.jpg\" alt=\"banco-de-trabajo-modelaje-departement\"><\/div><div class=\"columns column_1-2 last slide-content\"><h3>Banco de trabajo <\/h3><p>Coloca el banco de trabajo en el departamento de modelaje o de muestras de la f\u00e1brica de producci\u00f3n de bolsos. El banco tiene una altura regulable para adaptarse al operario y est\u00e1 equipado con un doble estante, de madera resistente. Se puede completar con accesorios para cada necesidad.<\/p>\n<a href=\"https:\/\/abcprato.it\/es\/mobiliario\/banco-de-trabajo\/\"  style=\"margin-top:40px;text-transform:uppercase; text-decoration:underline; font-weight:600;\" class=\"btn blue\" alt=\"\">Descubrir m\u00e1s<\/a><\/div><\/div><div class=\"item flex\"><div class=\"columns column_1-2 image\"><img decoding=\"async\" src=\"https:\/\/abcprato.it\/wp-content\/uploads\/2023\/11\/porta-cinturones-con-separadores-800x600.webp\" alt=\"porta-cinturones-con-separadores\"><\/div><div class=\"columns column_1-2 last slide-content\"><h3>Carrito porta cinturones<\/h3><p>Utiliza el carrito porta cinturones para manipular las correas de los bolsos o las tiras de cuero de un departamento a otro. Complete el carrito con separadores para separar los distintos tipos de productos. Manipulaci\u00f3n \u00e1gil garantizada por las ruedas anti-hilo.<\/p>\n<a href=\"https:\/\/abcprato.it\/es\/carritos\/carrito-porta-cinturones\/\"  style=\"margin-top:40px;text-transform:uppercase; text-decoration:underline; font-weight:600;\" class=\"btn blue\" alt=\"\">Descubrir m\u00e1s<\/a><\/div><\/div><div class=\"item flex\"><div class=\"columns column_1-2 image\"><img decoding=\"async\" src=\"https:\/\/abcprato.it\/wp-content\/uploads\/2023\/11\/meuble-a-coudre-marroquinaria-800x600.jpg\" alt=\"meuble-a-coudre-marroquinaria\"><\/div><div class=\"columns column_1-2 last slide-content\"><h3>Mueble de coser<\/h3><p>Perfecto para gestionar el puesto de trabajo individual de la costurera. Col\u00f3calo debajo de cada m\u00e1quina de coser. Se suministra ya preequipado con accesorios de costura.<\/p>\n<a href=\"\"  style=\"margin-top:40px;text-transform:uppercase; text-decoration:underline; font-weight:600;\" class=\"btn blue\" alt=\"\">Descubrir m\u00e1s<\/a><\/div><\/div><div class=\"item flex\"><div class=\"columns column_1-2 image\"><img decoding=\"async\" src=\"https:\/\/abcprato.it\/wp-content\/uploads\/2023\/10\/carrito-portarrollos-para-maquina-de-corte-automatica-800x600.jpg\" alt=\"carrito-portarrollos-para-maquina-de-corte-automatica\"><\/div><div class=\"columns column_1-2 last slide-content\"><h3>Carrito portarrollos bajo para corte autom\u00e1tico<\/h3><p>Realiza f\u00e1cilmente el procesamiento de bolsas de \u00abmanta\u00bb con el carrito portarrollos bajo para corte autom\u00e1tico. Maneja hasta 4 rollos, 3 est\u00e1ndar y 1 rollo m\u00e1s largo como el cartene. Col\u00f3calo junto al sistema de corte.<\/p>\n<a href=\"https:\/\/abcprato.it\/es\/productos-hechos-a-medida\/carrito-portarrollos-bajo-para-corte-automatico\/\"  style=\"margin-top:40px;text-transform:uppercase; text-decoration:underline; font-weight:600;\" class=\"btn blue\" alt=\"\">Descubrir m\u00e1s<\/a><\/div><\/div><\/div><script type=\"text\/javascript\">\n  \t\t\t\t\t\t\t\t\tjQuery(document).ready(function($) {\n  \t\t\t\t\t\t\t\t\t$(\".bolso\").owlCarousel({\n  \t\t\t\t\t\t\t\t\tcenter: true,\n  \t\t\t\t\t\t\t\t\titems:1,\n  \t\t\t\t\t\t\t\t\tnav:true,\n  \t\t\t\t\t\t\t\t\tdots:true,\n  \t\t\t\t\t\t\t\t\tloop:true,\n  \t\t\t\t\t\t\t\t\tmargin:0,\n                    smartSpeed: 500,\n  \t\t\t\t\t\t\t\t\tautoplay:true,\n  \t\t\t\t\t\t\t\t\tautoplayTimeout:5000,\n  \t\t\t\t\t\t\t\t\tautoplayHoverPause:true,\n  \t\t\t\t\t\t\t\t\tnavText : [\"<i class=\\\"fas fa-chevron-left\\\"><\/i>\",\"<i class=\\\"fas fa-chevron-right\\\"><\/i>\"]\n  \t\t\t\t\t\t\t\t});});<\/script><\/div><\/div>\n\t\t\t\t\t\t<\/div>\n\t\t\t\t<\/div>\n\t\t\t\t\t<\/div>\n\t\t<\/div>\n\t\t\t\t\t<\/div>\n\t\t<\/section>\n\t\t\t\t<\/div>\n\t\t","protected":false},"excerpt":{"rendered":"<p>Bolso Descubre todos los equipos ABC dedicados al sector de la marroquiner\u00eda para la producci\u00f3n de bolsos, para gestionar el corte, los componentes y los&#8230; <a class=\"read-more\" style=\"text-decoration:underline;\" href=\"https:\/\/abcprato.it\/es\/slider\/bolso\/\">Leer m\u00e1s<\/a><\/p>\n","protected":false},"author":3,"featured_media":20150,"parent":7960,"menu_order":0,"comment_status":"closed","ping_status":"closed","template":"elementor_header_footer","meta":{"_acf_changed":false,"footnotes":""},"class_list":["post-6817","page","type-page","status-publish","has-post-thumbnail","hentry"],"acf":[],"yoast_head":"<!-- This site is optimized with the Yoast SEO plugin v27.2 - https:\/\/yoast.com\/product\/yoast-seo-wordpress\/ -->\n<title>Bolso - ABC Equipment &amp; Solutions<\/title>\n<meta name=\"description\" content=\"Descubre equipos espec\u00edficos para tu f\u00e1brica de producci\u00f3n de bolsos: desde carritos porta pieles y portarrollos hasta muebles para troqueles y bancos de trabajo.\" \/>\n<meta name=\"robots\" content=\"index, follow, max-snippet:-1, max-image-preview:large, max-video-preview:-1\" \/>\n<link rel=\"canonical\" href=\"https:\/\/abcprato.it\/es\/sectores\/bolso\/\" \/>\n<meta property=\"og:locale\" content=\"es_ES\" \/>\n<meta property=\"og:type\" content=\"article\" \/>\n<meta property=\"og:title\" content=\"Bolso - ABC Equipment &amp; Solutions\" \/>\n<meta property=\"og:description\" content=\"Descubre equipos espec\u00edficos para tu f\u00e1brica de producci\u00f3n de bolsos: desde carritos porta pieles y portarrollos hasta muebles para troqueles y bancos de trabajo.\" \/>\n<meta property=\"og:url\" content=\"https:\/\/abcprato.it\/es\/sectores\/bolso\/\" \/>\n<meta property=\"og:site_name\" content=\"ABC Equipment &amp; Solutions\" \/>\n<meta property=\"article:modified_time\" content=\"2023-12-01T00:06:11+00:00\" \/>\n<meta property=\"og:image\" content=\"https:\/\/abcprato.it\/wp-content\/uploads\/2023\/11\/sector-fabricacion-bolso.jpg\" \/>\n\t<meta property=\"og:image:width\" content=\"1500\" \/>\n\t<meta property=\"og:image:height\" content=\"1100\" \/>\n\t<meta property=\"og:image:type\" content=\"image\/jpeg\" \/>\n<meta name=\"twitter:card\" content=\"summary_large_image\" \/>\n<meta name=\"twitter:label1\" content=\"Tiempo de lectura\" \/>\n\t<meta name=\"twitter:data1\" content=\"1 minuto\" \/>\n<script type=\"application\/ld+json\" class=\"yoast-schema-graph\">{\"@context\":\"https:\/\/schema.org\",\"@graph\":[{\"@type\":\"WebPage\",\"@id\":\"https:\/\/abcprato.it\/es\/sectores\/bolso\/\",\"url\":\"https:\/\/abcprato.it\/es\/sectores\/bolso\/\",\"name\":\"Bolso - ABC Equipment &amp; Solutions\",\"isPartOf\":{\"@id\":\"https:\/\/abcprato.it\/es\/#website\"},\"primaryImageOfPage\":{\"@id\":\"https:\/\/abcprato.it\/es\/sectores\/bolso\/#primaryimage\"},\"image\":{\"@id\":\"https:\/\/abcprato.it\/es\/sectores\/bolso\/#primaryimage\"},\"thumbnailUrl\":\"https:\/\/abcprato.it\/wp-content\/uploads\/2023\/11\/settore-produzione-borsa.jpg\",\"datePublished\":\"2021-02-26T16:25:16+00:00\",\"dateModified\":\"2023-12-01T00:06:11+00:00\",\"description\":\"Descubre equipos espec\u00edficos para tu f\u00e1brica de producci\u00f3n de bolsos: desde carritos porta pieles y portarrollos hasta muebles para troqueles y bancos de trabajo.\",\"breadcrumb\":{\"@id\":\"https:\/\/abcprato.it\/es\/sectores\/bolso\/#breadcrumb\"},\"inLanguage\":\"es\",\"potentialAction\":[{\"@type\":\"ReadAction\",\"target\":[\"https:\/\/abcprato.it\/es\/sectores\/bolso\/\"]}]},{\"@type\":\"ImageObject\",\"inLanguage\":\"es\",\"@id\":\"https:\/\/abcprato.it\/es\/sectores\/bolso\/#primaryimage\",\"url\":\"https:\/\/abcprato.it\/wp-content\/uploads\/2023\/11\/settore-produzione-borsa.jpg\",\"contentUrl\":\"https:\/\/abcprato.it\/wp-content\/uploads\/2023\/11\/settore-produzione-borsa.jpg\",\"width\":1500,\"height\":1100,\"caption\":\"settore-produzione-borsa\"},{\"@type\":\"BreadcrumbList\",\"@id\":\"https:\/\/abcprato.it\/es\/sectores\/bolso\/#breadcrumb\",\"itemListElement\":[{\"@type\":\"ListItem\",\"position\":1,\"name\":\"Home\",\"item\":\"https:\/\/abcprato.it\/es\/\"},{\"@type\":\"ListItem\",\"position\":2,\"name\":\"Sectores\",\"item\":\"https:\/\/abcprato.it\/es\/settori\/\"},{\"@type\":\"ListItem\",\"position\":3,\"name\":\"Bolso\"}]},{\"@type\":\"WebSite\",\"@id\":\"https:\/\/abcprato.it\/es\/#website\",\"url\":\"https:\/\/abcprato.it\/es\/\",\"name\":\"ABC Equipment &amp; Solutions\",\"description\":\"\",\"publisher\":{\"@id\":\"https:\/\/abcprato.it\/es\/#organization\"},\"potentialAction\":[{\"@type\":\"SearchAction\",\"target\":{\"@type\":\"EntryPoint\",\"urlTemplate\":\"https:\/\/abcprato.it\/es\/?s={search_term_string}\"},\"query-input\":{\"@type\":\"PropertyValueSpecification\",\"valueRequired\":true,\"valueName\":\"search_term_string\"}}],\"inLanguage\":\"es\"},{\"@type\":\"Organization\",\"@id\":\"https:\/\/abcprato.it\/es\/#organization\",\"name\":\"ABC Equipment & Solutions\",\"url\":\"https:\/\/abcprato.it\/es\/\",\"logo\":{\"@type\":\"ImageObject\",\"inLanguage\":\"es\",\"@id\":\"https:\/\/abcprato.it\/es\/#\/schema\/logo\/image\/\",\"url\":\"https:\/\/abcprato.it\/wp-content\/uploads\/2021\/01\/ABC-logo-2021.svg\",\"contentUrl\":\"https:\/\/abcprato.it\/wp-content\/uploads\/2021\/01\/ABC-logo-2021.svg\",\"width\":1,\"height\":1,\"caption\":\"ABC Equipment & Solutions\"},\"image\":{\"@id\":\"https:\/\/abcprato.it\/es\/#\/schema\/logo\/image\/\"}}]}<\/script>\n<!-- \/ Yoast SEO plugin. -->","yoast_head_json":{"title":"Bolso - ABC Equipment &amp; Solutions","description":"Descubre equipos espec\u00edficos para tu f\u00e1brica de producci\u00f3n de bolsos: desde carritos porta pieles y portarrollos hasta muebles para troqueles y bancos de trabajo.","robots":{"index":"index","follow":"follow","max-snippet":"max-snippet:-1","max-image-preview":"max-image-preview:large","max-video-preview":"max-video-preview:-1"},"canonical":"https:\/\/abcprato.it\/es\/sectores\/bolso\/","og_locale":"es_ES","og_type":"article","og_title":"Bolso - ABC Equipment &amp; Solutions","og_description":"Descubre equipos espec\u00edficos para tu f\u00e1brica de producci\u00f3n de bolsos: desde carritos porta pieles y portarrollos hasta muebles para troqueles y bancos de trabajo.","og_url":"https:\/\/abcprato.it\/es\/sectores\/bolso\/","og_site_name":"ABC Equipment &amp; Solutions","article_modified_time":"2023-12-01T00:06:11+00:00","og_image":[{"width":1500,"height":1100,"url":"https:\/\/abcprato.it\/wp-content\/uploads\/2023\/11\/sector-fabricacion-bolso.jpg","type":"image\/jpeg"}],"twitter_card":"summary_large_image","twitter_misc":{"Tiempo de lectura":"1 minuto"},"schema":{"@context":"https:\/\/schema.org","@graph":[{"@type":"WebPage","@id":"https:\/\/abcprato.it\/es\/sectores\/bolso\/","url":"https:\/\/abcprato.it\/es\/sectores\/bolso\/","name":"Bolso - ABC Equipment &amp; Solutions","isPartOf":{"@id":"https:\/\/abcprato.it\/es\/#website"},"primaryImageOfPage":{"@id":"https:\/\/abcprato.it\/es\/sectores\/bolso\/#primaryimage"},"image":{"@id":"https:\/\/abcprato.it\/es\/sectores\/bolso\/#primaryimage"},"thumbnailUrl":"https:\/\/abcprato.it\/wp-content\/uploads\/2023\/11\/settore-produzione-borsa.jpg","datePublished":"2021-02-26T16:25:16+00:00","dateModified":"2023-12-01T00:06:11+00:00","description":"Descubre equipos espec\u00edficos para tu f\u00e1brica de producci\u00f3n de bolsos: desde carritos porta pieles y portarrollos hasta muebles para troqueles y bancos de trabajo.","breadcrumb":{"@id":"https:\/\/abcprato.it\/es\/sectores\/bolso\/#breadcrumb"},"inLanguage":"es","potentialAction":[{"@type":"ReadAction","target":["https:\/\/abcprato.it\/es\/sectores\/bolso\/"]}]},{"@type":"ImageObject","inLanguage":"es","@id":"https:\/\/abcprato.it\/es\/sectores\/bolso\/#primaryimage","url":"https:\/\/abcprato.it\/wp-content\/uploads\/2023\/11\/settore-produzione-borsa.jpg","contentUrl":"https:\/\/abcprato.it\/wp-content\/uploads\/2023\/11\/settore-produzione-borsa.jpg","width":1500,"height":1100,"caption":"settore-produzione-borsa"},{"@type":"BreadcrumbList","@id":"https:\/\/abcprato.it\/es\/sectores\/bolso\/#breadcrumb","itemListElement":[{"@type":"ListItem","position":1,"name":"Home","item":"https:\/\/abcprato.it\/es\/"},{"@type":"ListItem","position":2,"name":"Sectores","item":"https:\/\/abcprato.it\/es\/settori\/"},{"@type":"ListItem","position":3,"name":"Bolso"}]},{"@type":"WebSite","@id":"https:\/\/abcprato.it\/es\/#website","url":"https:\/\/abcprato.it\/es\/","name":"ABC Equipment &amp; Solutions","description":"","publisher":{"@id":"https:\/\/abcprato.it\/es\/#organization"},"potentialAction":[{"@type":"SearchAction","target":{"@type":"EntryPoint","urlTemplate":"https:\/\/abcprato.it\/es\/?s={search_term_string}"},"query-input":{"@type":"PropertyValueSpecification","valueRequired":true,"valueName":"search_term_string"}}],"inLanguage":"es"},{"@type":"Organization","@id":"https:\/\/abcprato.it\/es\/#organization","name":"ABC Equipment & Solutions","url":"https:\/\/abcprato.it\/es\/","logo":{"@type":"ImageObject","inLanguage":"es","@id":"https:\/\/abcprato.it\/es\/#\/schema\/logo\/image\/","url":"https:\/\/abcprato.it\/wp-content\/uploads\/2021\/01\/ABC-logo-2021.svg","contentUrl":"https:\/\/abcprato.it\/wp-content\/uploads\/2021\/01\/ABC-logo-2021.svg","width":1,"height":1,"caption":"ABC Equipment & Solutions"},"image":{"@id":"https:\/\/abcprato.it\/es\/#\/schema\/logo\/image\/"}}]}},"_links":{"self":[{"href":"https:\/\/abcprato.it\/es\/wp-json\/wp\/v2\/pages\/6817","targetHints":{"allow":["GET"]}}],"collection":[{"href":"https:\/\/abcprato.it\/es\/wp-json\/wp\/v2\/pages"}],"about":[{"href":"https:\/\/abcprato.it\/es\/wp-json\/wp\/v2\/types\/page"}],"author":[{"embeddable":true,"href":"https:\/\/abcprato.it\/es\/wp-json\/wp\/v2\/users\/3"}],"replies":[{"embeddable":true,"href":"https:\/\/abcprato.it\/es\/wp-json\/wp\/v2\/comments?post=6817"}],"version-history":[{"count":19,"href":"https:\/\/abcprato.it\/es\/wp-json\/wp\/v2\/pages\/6817\/revisions"}],"predecessor-version":[{"id":21662,"href":"https:\/\/abcprato.it\/es\/wp-json\/wp\/v2\/pages\/6817\/revisions\/21662"}],"up":[{"embeddable":true,"href":"https:\/\/abcprato.it\/es\/wp-json\/wp\/v2\/pages\/7960"}],"wp:featuredmedia":[{"embeddable":true,"href":"https:\/\/abcprato.it\/es\/wp-json\/wp\/v2\/media\/20150"}],"wp:attachment":[{"href":"https:\/\/abcprato.it\/es\/wp-json\/wp\/v2\/media?parent=6817"}],"curies":[{"name":"wp","href":"https:\/\/api.w.org\/{rel}","templated":true}]}}