{"id":6846,"date":"2021-02-26T17:30:40","date_gmt":"2021-02-26T16:30:40","guid":{"rendered":"https:\/\/abcprato.it\/?page_id=6846"},"modified":"2023-12-01T01:01:17","modified_gmt":"2023-12-01T00:01:17","slug":"cinturon","status":"publish","type":"page","link":"https:\/\/abcprato.it\/es\/sectores\/cinturon\/","title":{"rendered":"Cintur\u00f3n"},"content":{"rendered":"\t\t<div data-elementor-type=\"wp-page\" data-elementor-id=\"6846\" class=\"elementor elementor-6846 elementor-2481\" data-elementor-post-type=\"page\">\n\t\t\t\t\t\t<section class=\"elementor-section elementor-top-section elementor-element elementor-element-92bd888 elementor-section-boxed elementor-section-height-default elementor-section-height-default\" data-id=\"92bd888\" data-element_type=\"section\" data-e-type=\"section\" data-settings=\"{&quot;background_background&quot;:&quot;classic&quot;}\">\n\t\t\t\t\t\t\t<div class=\"elementor-background-overlay\"><\/div>\n\t\t\t\t\t\t\t<div class=\"elementor-container elementor-column-gap-default\">\n\t\t\t\t\t<div class=\"elementor-column elementor-col-100 elementor-top-column elementor-element elementor-element-ddcb564\" data-id=\"ddcb564\" data-element_type=\"column\" data-e-type=\"column\">\n\t\t\t<div class=\"elementor-widget-wrap elementor-element-populated\">\n\t\t\t\t\t\t<div class=\"elementor-element elementor-element-89720d3 elementor-widget elementor-widget-image\" data-id=\"89720d3\" data-element_type=\"widget\" data-e-type=\"widget\" data-widget_type=\"image.default\">\n\t\t\t\t<div class=\"elementor-widget-container\">\n\t\t\t\t\t\t\t\t\t\t\t\t\t\t\t<img decoding=\"async\" width=\"65\" height=\"65\" src=\"https:\/\/abcprato.it\/wp-content\/uploads\/2021\/09\/ICONE_cintura.svg\" class=\"attachment-full size-full wp-image-9019\" alt=\"\" \/>\t\t\t\t\t\t\t\t\t\t\t\t\t\t\t<\/div>\n\t\t\t\t<\/div>\n\t\t\t\t<div class=\"elementor-element elementor-element-c6c9171 elementor-widget elementor-widget-heading\" data-id=\"c6c9171\" data-element_type=\"widget\" data-e-type=\"widget\" data-widget_type=\"heading.default\">\n\t\t\t\t<div class=\"elementor-widget-container\">\n\t\t\t\t\t<h2 class=\"elementor-heading-title elementor-size-default\">Cintur\u00f3n<\/h2>\t\t\t\t<\/div>\n\t\t\t\t<\/div>\n\t\t\t\t<div class=\"elementor-element elementor-element-1d053b9 elementor-widget elementor-widget-text-editor\" data-id=\"1d053b9\" data-element_type=\"widget\" data-e-type=\"widget\" data-widget_type=\"text-editor.default\">\n\t\t\t\t<div class=\"elementor-widget-container\">\n\t\t\t\t\t\t\t\t\t<p style=\"text-align: center;\"><em>Descubre todos los equipos ABC dedicados a tu f\u00e1brica de cinturones <br \/>para gestionar y manipular correas de cuero, cuero cortado, productos semiacabados y acabados, mejorando al mismo tiempo los tiempos de producci\u00f3n.<\/em><\/p><p style=\"text-align: center;\"><em>Desde el caballete porta pieles y carrito porta cinturones hasta el mueble para troqueles, pasando por el portarrollos y el banco de trabajo.\u00a0<br \/><\/em><em>Aqu\u00ed est\u00e1n todos los productos recomendados por los fabricantes de cintur\u00f3n.<\/em><\/p>\t\t\t\t\t\t\t\t<\/div>\n\t\t\t\t<\/div>\n\t\t\t\t\t<\/div>\n\t\t<\/div>\n\t\t\t\t\t<\/div>\n\t\t<\/section>\n\t\t\t\t<section class=\"elementor-section elementor-top-section elementor-element elementor-element-51f112e elementor-section-boxed elementor-section-height-default elementor-section-height-default\" data-id=\"51f112e\" data-element_type=\"section\" data-e-type=\"section\">\n\t\t\t\t\t\t<div class=\"elementor-container elementor-column-gap-default\">\n\t\t\t\t\t<div class=\"elementor-column elementor-col-100 elementor-top-column elementor-element elementor-element-a019037\" data-id=\"a019037\" data-element_type=\"column\" data-e-type=\"column\">\n\t\t\t<div class=\"elementor-widget-wrap elementor-element-populated\">\n\t\t\t\t\t\t<div class=\"elementor-element elementor-element-4f77dd7 elementor-widget elementor-widget-shortcode\" data-id=\"4f77dd7\" data-element_type=\"widget\" data-e-type=\"widget\" data-widget_type=\"shortcode.default\">\n\t\t\t\t<div class=\"elementor-widget-container\">\n\t\t\t\t\t\t\t<div class=\"elementor-shortcode\"><div class=\"slider \"><div class=\"cinturon owl-carousel owl-theme sector\"><div class=\"item flex\"><div class=\"columns column_1-2 image\"><img decoding=\"async\" src=\"https:\/\/abcprato.it\/wp-content\/uploads\/2024\/07\/carrito-porta-cinturones-800x600.jpg\" alt=\"carrito-porta-cinturones\"><\/div><div class=\"columns column_1-2 last slide-content\"><h3>Carrito porta cinturones<\/h3><p>Carrito porta cinturones perfecto para mover cinturones y correas de cuero. Completa el carrito insertando separadores para distintas producciones, series o tipos de producto. Mu\u00e9velo f\u00e1cilmente de un departamento a otro gracias a las ruedas anti-hilos.<\/p>\n<a href=\"https:\/\/abcprato.it\/es\/carritos\/carrito-porta-cinturones\/\"  style=\"margin-top:40px;text-transform:uppercase; text-decoration:underline; font-weight:600;\" class=\"btn blue\" alt=\"\">Descubrir m\u00e1s<\/a><\/div><\/div><div class=\"item flex\"><div class=\"columns column_1-2 image\"><img decoding=\"async\" src=\"https:\/\/abcprato.it\/wp-content\/uploads\/2023\/11\/caballete-porta-pieles-grande-automocion-800x600.jpg\" alt=\"caballete-porta-pieles-grande-automocion\"><\/div><div class=\"columns column_1-2 last slide-content\"><h3>Caballete porta pieles grande<\/h3><p>Caballete porta pieles dedicado a pieles enteras de gran tama\u00f1o. Ideal para manipular las pieles utilizadas para fabricar cinturones. Puedes utilizarse tanto para corte a troqueles o a l\u00e1ser CAD.<br \/>\nEquipado con: joroba lisa est\u00e1ndar, estante doble, asa en ambos lados, sistema antiest\u00e1tico y ruedas anti-hilos.<\/p>\n<a href=\"https:\/\/abcprato.it\/es\/caballetes-cuero\/caballete-porta-pieles-grande\/\"  style=\"margin-top:40px;text-transform:uppercase; text-decoration:underline; font-weight:600;\" class=\"btn blue\" alt=\"\">Descubrir m\u00e1s<\/a><\/div><\/div><div class=\"item flex\"><div class=\"columns column_1-2 image\"><img decoding=\"async\" src=\"https:\/\/abcprato.it\/wp-content\/uploads\/2023\/11\/caballete-estandar-porta-pieles-joroba-ancha-800x600.jpg\" alt=\"caballete-estandar-porta-pieles-joroba-ancha\"><\/div><div class=\"columns column_1-2 last slide-content\"><h3>Caballete porta pieles est\u00e1ndar con joroba ancha <\/h3><p>Caballete est\u00e1ndar para pieles que, con su joroba ancha, permite manipular pieles de gran tama\u00f1o a una altura reducida de 130 cm, eliminando el esfuerzo f\u00edsico del operario.<br \/>\nEquipado con: joroba lisa ancha, estante doble, asa en ambos lados, sistema antiest\u00e1tico y ruedas anti-hilos.<\/p>\n<a href=\"https:\/\/abcprato.it\/es\/caballetes-cuero\/caballete-porta-pieles-estandar-con-joroba-ancha\/\"  style=\"margin-top:40px;text-transform:uppercase; text-decoration:underline; font-weight:600;\" class=\"btn blue\" alt=\"\">Descubrir m\u00e1s<\/a><\/div><\/div><div class=\"item flex\"><div class=\"columns column_1-2 image\"><img decoding=\"async\" src=\"https:\/\/abcprato.it\/wp-content\/uploads\/2024\/06\/caballete-porta-cuero-grande-joroba-ancha-marroquineria-800x600.jpg\" alt=\"caballete-porta-cuero-grande-joroba-ancha-marroquineria\"><\/div><div class=\"columns column_1-2 last slide-content\"><h3>Caballete porta pieles grande con joroba ancha<\/h3><p>Mueve pieles enteras, incluso las m\u00e1s delicadas, con el caballete grande porta pieles con joroba ancha. Col\u00f3calo en el departamento de corte, ya sea con troqueles o l\u00e1ser CAD.<br \/>\nEquipado con: joroba lisa ancha, estante doble, asa en ambos lados, sistema antiest\u00e1tico y ruedas anti-hilos.<\/p>\n<a href=\"https:\/\/abcprato.it\/es\/caballetes-cuero\/caballete-porta-pieles-grande-con-joroba-ancha\/\"  style=\"margin-top:40px;text-transform:uppercase; text-decoration:underline; font-weight:600;\" class=\"btn blue\" alt=\"\">Descubrir m\u00e1s<\/a><\/div><\/div><div class=\"item flex\"><div class=\"columns column_1-2 image\"><img decoding=\"async\" src=\"https:\/\/abcprato.it\/wp-content\/uploads\/2023\/11\/muble-vertical-cinturones-800x600.jpg\" alt=\"muble-vertical-cinturones\"><\/div><div class=\"columns column_1-2 last slide-content\"><h3>Mueble vertical de troqueles<\/h3><p>Mant\u00e9n ordenados todos tus troqueles de cintur\u00f3n dentro de la cajonera vertical. Inserte tambi\u00e9n el accesorio para troqueles largos para mantenerlos en su sitio al abrir o cerrar el caj\u00f3n. Col\u00f3calo en la departamento de producci\u00f3n o almacenamiento.<\/p>\n<a href=\"\"  style=\"margin-top:40px;text-transform:uppercase; text-decoration:underline; font-weight:600;\" class=\"btn blue\" alt=\"\">Descubrir m\u00e1s<\/a><\/div><\/div><div class=\"item flex\"><div class=\"columns column_1-2 image\"><img decoding=\"async\" src=\"https:\/\/abcprato.it\/wp-content\/uploads\/2023\/11\/mueble-horizontal-cinturones-800x600.jpg\" alt=\"mueble-horizontal-cinturones\"><\/div><div class=\"columns column_1-2 last slide-content\"><h3>Mueble horizontal de troqueles<\/h3><p>Mueble horizontal perfecto para mantener en su sitio todos los troqueles utilizados en la producci\u00f3n, incluidos los troqueles largos utilizadas para el cintur\u00f3n. La posici\u00f3n ideal es junto a la troqueladora, sustituyendo a la superficie de trabajo existente.<\/p>\n<a href=\"https:\/\/abcprato.it\/es\/almacen-troqueles\/mueble-horizontal-de-troqueles\/\"  style=\"margin-top:40px;text-transform:uppercase; text-decoration:underline; font-weight:600;\" class=\"btn blue\" alt=\"\">Descubrir m\u00e1s<\/a><\/div><\/div><div class=\"item flex\"><div class=\"columns column_1-2 image\"><img decoding=\"async\" src=\"https:\/\/abcprato.it\/wp-content\/uploads\/2023\/11\/carrito-portarrollos-cinturones-800x600.jpg\" alt=\"carrito-portarrollos-cinturones\"><\/div><div class=\"columns column_1-2 last slide-content\"><h3>Carrito portarrollos<\/h3><p>Carrito perfecto para manipular rollos de tejido, salpa o endurecer utilizados para producir cinturones. Inst\u00e1lelo en el departamento de corte y preparaci\u00f3n. Despl\u00e1zalo c\u00f3modamente de un departamento a otro gracias a las ruedas anti-hilos. Maneja hasta 8 rollos en un espacio reducido.<\/p>\n<a href=\"https:\/\/abcprato.it\/es\/carritos\/carrito-portarrollos\/\"  style=\"margin-top:40px;text-transform:uppercase; text-decoration:underline; font-weight:600;\" class=\"btn blue\" alt=\"\">Descubrir m\u00e1s<\/a><\/div><\/div><div class=\"item flex\"><div class=\"columns column_1-2 image\"><img decoding=\"async\" src=\"https:\/\/abcprato.it\/wp-content\/uploads\/2023\/11\/carrito-con-estantes-cinturon-800x600.jpg\" alt=\"carrito-con-estantes-cinturon\"><\/div><div class=\"columns column_1-2 last slide-content\"><h3>Carrito con estantes<\/h3><p>Amplia gama de carritos, de dos a cinco niveles. F\u00e1cil maniobrabilidad garantizada por ruedas anti-hilos. Descubra la gama dedicada a las f\u00e1bricas de cinturones para la manipulaci\u00f3n de productos acabados, cortados, muestras o componentes.<\/p>\n<a href=\"https:\/\/abcprato.it\/es\/carritos\/carrito-con-estantes\/\"  style=\"margin-top:40px;text-transform:uppercase; text-decoration:underline; font-weight:600;\" class=\"btn blue\" alt=\"\">Descubrir m\u00e1s<\/a><\/div><\/div><div class=\"item flex\"><div class=\"columns column_1-2 image\"><img decoding=\"async\" src=\"https:\/\/abcprato.it\/wp-content\/uploads\/2023\/11\/banco-de-trabajo-departamento-modelaje-800x600.jpg\" alt=\"banco-de-trabajo-departamento-modelaje\"><\/div><div class=\"columns column_1-2 last slide-content\"><h3>Banco de trabajo <\/h3><p>Coloca el banco de trabajo en el departamento de modelage, muestrario o producci\u00f3n de la f\u00e1brica de cintur\u00f3n. La altura regulable la hace adecuada para cualquier operario. Inserta accesorios seg\u00fan tus necesidades.<\/p>\n<a href=\"https:\/\/abcprato.it\/es\/mobiliario\/banco-de-trabajo\/\"  style=\"margin-top:40px;text-transform:uppercase; text-decoration:underline; font-weight:600;\" class=\"btn blue\" alt=\"\">Descubrir m\u00e1s<\/a><\/div><\/div><div class=\"item flex\"><div class=\"columns column_1-2 image\"><img decoding=\"async\" src=\"https:\/\/abcprato.it\/wp-content\/uploads\/2023\/11\/meuble-a-coudre-marroquinaria-800x600.jpg\" alt=\"meuble-a-coudre-marroquinaria\"><\/div><div class=\"columns column_1-2 last slide-content\"><h3>Mueble de coser<\/h3><p>Mueble de coser dise\u00f1ado para la costurera. Se suministra ya completa con accesorios espec\u00edficos como portacarretes, bobinas y conos. Col\u00f3cala debajo de cada m\u00e1quina de coser en el departamento de costura de tu taller de cintur\u00f3n.<\/p>\n<a href=\"\"  style=\"margin-top:40px;text-transform:uppercase; text-decoration:underline; font-weight:600;\" class=\"btn blue\" alt=\"\">Descubrir m\u00e1s<\/a><\/div><\/div><div class=\"item flex\"><div class=\"columns column_1-2 image\"><img decoding=\"async\" src=\"https:\/\/abcprato.it\/wp-content\/uploads\/2023\/10\/carro-para-rollos-marroquineria-de-tejido-800x600.jpg\" alt=\"carro-para-rollos-marroquineria-de-tejido\"><\/div><div class=\"columns column_1-2 last slide-content\"><h3>Carrito portarrollos bajo para corte autom\u00e1tico<\/h3><p>Coloca el carrito junto a la m\u00e1quina de corte para el corte de cintur\u00f3n. Maneja hasta 4 rollos de material. Estructura estrecha que optimiza el espacio en el departamento. Maniobrabilidad garantizada por ruedas anti-hilos con frenos.<\/p>\n<a href=\"https:\/\/abcprato.it\/es\/productos-hechos-a-medida\/carrito-portarrollos-bajo-para-corte-automatico\/\"  style=\"margin-top:40px;text-transform:uppercase; text-decoration:underline; font-weight:600;\" class=\"btn blue\" alt=\"\">Descubrir m\u00e1s<\/a><\/div><\/div><\/div><script type=\"text\/javascript\">\n  \t\t\t\t\t\t\t\t\tjQuery(document).ready(function($) {\n  \t\t\t\t\t\t\t\t\t$(\".cinturon\").owlCarousel({\n  \t\t\t\t\t\t\t\t\tcenter: true,\n  \t\t\t\t\t\t\t\t\titems:1,\n  \t\t\t\t\t\t\t\t\tnav:true,\n  \t\t\t\t\t\t\t\t\tdots:true,\n  \t\t\t\t\t\t\t\t\tloop:true,\n  \t\t\t\t\t\t\t\t\tmargin:0,\n                    smartSpeed: 500,\n  \t\t\t\t\t\t\t\t\tautoplay:true,\n  \t\t\t\t\t\t\t\t\tautoplayTimeout:5000,\n  \t\t\t\t\t\t\t\t\tautoplayHoverPause:true,\n  \t\t\t\t\t\t\t\t\tnavText : [\"<i class=\\\"fas fa-chevron-left\\\"><\/i>\",\"<i class=\\\"fas fa-chevron-right\\\"><\/i>\"]\n  \t\t\t\t\t\t\t\t});});<\/script><\/div><\/div>\n\t\t\t\t\t\t<\/div>\n\t\t\t\t<\/div>\n\t\t\t\t\t<\/div>\n\t\t<\/div>\n\t\t\t\t\t<\/div>\n\t\t<\/section>\n\t\t\t\t<\/div>\n\t\t","protected":false},"excerpt":{"rendered":"<p>Cintur\u00f3n Descubre todos los equipos ABC dedicados a tu f\u00e1brica de cinturones para gestionar y manipular correas de cuero, cuero cortado, productos semiacabados y acabados,&#8230; <a class=\"read-more\" style=\"text-decoration:underline;\" href=\"https:\/\/abcprato.it\/es\/slider\/cinturon\/\">Leer m\u00e1s<\/a><\/p>\n","protected":false},"author":3,"featured_media":20176,"parent":7960,"menu_order":0,"comment_status":"closed","ping_status":"closed","template":"elementor_header_footer","meta":{"_acf_changed":false,"footnotes":""},"class_list":["post-6846","page","type-page","status-publish","has-post-thumbnail","hentry"],"acf":[],"yoast_head":"<!-- This site is optimized with the Yoast SEO plugin v27.2 - https:\/\/yoast.com\/product\/yoast-seo-wordpress\/ -->\n<title>Cintur\u00f3n - ABC Equipment &amp; Solutions<\/title>\n<meta name=\"description\" content=\"Descubre todo el equipamiento ABC dedicado a tu f\u00e1brica de cinturones: carrito porta cinturones, portarrollos y caballete de cuero, mueble para troqueles.\" \/>\n<meta name=\"robots\" content=\"index, follow, max-snippet:-1, max-image-preview:large, max-video-preview:-1\" \/>\n<link rel=\"canonical\" href=\"https:\/\/abcprato.it\/es\/sectores\/cinturon\/\" \/>\n<meta property=\"og:locale\" content=\"es_ES\" \/>\n<meta property=\"og:type\" content=\"article\" \/>\n<meta property=\"og:title\" content=\"Cintur\u00f3n - ABC Equipment &amp; Solutions\" \/>\n<meta property=\"og:description\" content=\"Descubre todo el equipamiento ABC dedicado a tu f\u00e1brica de cinturones: carrito porta cinturones, portarrollos y caballete de cuero, mueble para troqueles.\" \/>\n<meta property=\"og:url\" content=\"https:\/\/abcprato.it\/es\/sectores\/cinturon\/\" \/>\n<meta property=\"og:site_name\" content=\"ABC Equipment &amp; Solutions\" \/>\n<meta property=\"article:modified_time\" content=\"2023-12-01T00:01:17+00:00\" \/>\n<meta property=\"og:image\" content=\"https:\/\/abcprato.it\/wp-content\/uploads\/2023\/11\/sector-fabricacion-cinturon.jpg\" \/>\n\t<meta property=\"og:image:width\" content=\"1500\" \/>\n\t<meta property=\"og:image:height\" content=\"1100\" \/>\n\t<meta property=\"og:image:type\" content=\"image\/jpeg\" \/>\n<meta name=\"twitter:card\" content=\"summary_large_image\" \/>\n<meta name=\"twitter:label1\" content=\"Tiempo de lectura\" \/>\n\t<meta name=\"twitter:data1\" content=\"1 minuto\" \/>\n<script type=\"application\/ld+json\" class=\"yoast-schema-graph\">{\"@context\":\"https:\/\/schema.org\",\"@graph\":[{\"@type\":\"WebPage\",\"@id\":\"https:\/\/abcprato.it\/es\/sectores\/cinturon\/\",\"url\":\"https:\/\/abcprato.it\/es\/sectores\/cinturon\/\",\"name\":\"Cintur\u00f3n - ABC Equipment &amp; Solutions\",\"isPartOf\":{\"@id\":\"https:\/\/abcprato.it\/es\/#website\"},\"primaryImageOfPage\":{\"@id\":\"https:\/\/abcprato.it\/es\/sectores\/cinturon\/#primaryimage\"},\"image\":{\"@id\":\"https:\/\/abcprato.it\/es\/sectores\/cinturon\/#primaryimage\"},\"thumbnailUrl\":\"https:\/\/abcprato.it\/wp-content\/uploads\/2023\/11\/settore-produzione-cintura-.jpg\",\"datePublished\":\"2021-02-26T16:30:40+00:00\",\"dateModified\":\"2023-12-01T00:01:17+00:00\",\"description\":\"Descubre todo el equipamiento ABC dedicado a tu f\u00e1brica de cinturones: carrito porta cinturones, portarrollos y caballete de cuero, mueble para troqueles.\",\"breadcrumb\":{\"@id\":\"https:\/\/abcprato.it\/es\/sectores\/cinturon\/#breadcrumb\"},\"inLanguage\":\"es\",\"potentialAction\":[{\"@type\":\"ReadAction\",\"target\":[\"https:\/\/abcprato.it\/es\/sectores\/cinturon\/\"]}]},{\"@type\":\"ImageObject\",\"inLanguage\":\"es\",\"@id\":\"https:\/\/abcprato.it\/es\/sectores\/cinturon\/#primaryimage\",\"url\":\"https:\/\/abcprato.it\/wp-content\/uploads\/2023\/11\/settore-produzione-cintura-.jpg\",\"contentUrl\":\"https:\/\/abcprato.it\/wp-content\/uploads\/2023\/11\/settore-produzione-cintura-.jpg\",\"width\":1500,\"height\":1100,\"caption\":\"settore-produzione-cintura-\"},{\"@type\":\"BreadcrumbList\",\"@id\":\"https:\/\/abcprato.it\/es\/sectores\/cinturon\/#breadcrumb\",\"itemListElement\":[{\"@type\":\"ListItem\",\"position\":1,\"name\":\"Home\",\"item\":\"https:\/\/abcprato.it\/es\/\"},{\"@type\":\"ListItem\",\"position\":2,\"name\":\"Sectores\",\"item\":\"https:\/\/abcprato.it\/es\/settori\/\"},{\"@type\":\"ListItem\",\"position\":3,\"name\":\"Cintur\u00f3n\"}]},{\"@type\":\"WebSite\",\"@id\":\"https:\/\/abcprato.it\/es\/#website\",\"url\":\"https:\/\/abcprato.it\/es\/\",\"name\":\"ABC Equipment &amp; Solutions\",\"description\":\"\",\"publisher\":{\"@id\":\"https:\/\/abcprato.it\/es\/#organization\"},\"potentialAction\":[{\"@type\":\"SearchAction\",\"target\":{\"@type\":\"EntryPoint\",\"urlTemplate\":\"https:\/\/abcprato.it\/es\/?s={search_term_string}\"},\"query-input\":{\"@type\":\"PropertyValueSpecification\",\"valueRequired\":true,\"valueName\":\"search_term_string\"}}],\"inLanguage\":\"es\"},{\"@type\":\"Organization\",\"@id\":\"https:\/\/abcprato.it\/es\/#organization\",\"name\":\"ABC Equipment & Solutions\",\"url\":\"https:\/\/abcprato.it\/es\/\",\"logo\":{\"@type\":\"ImageObject\",\"inLanguage\":\"es\",\"@id\":\"https:\/\/abcprato.it\/es\/#\/schema\/logo\/image\/\",\"url\":\"https:\/\/abcprato.it\/wp-content\/uploads\/2021\/01\/ABC-logo-2021.svg\",\"contentUrl\":\"https:\/\/abcprato.it\/wp-content\/uploads\/2021\/01\/ABC-logo-2021.svg\",\"width\":1,\"height\":1,\"caption\":\"ABC Equipment & Solutions\"},\"image\":{\"@id\":\"https:\/\/abcprato.it\/es\/#\/schema\/logo\/image\/\"}}]}<\/script>\n<!-- \/ Yoast SEO plugin. -->","yoast_head_json":{"title":"Cintur\u00f3n - ABC Equipment &amp; Solutions","description":"Descubre todo el equipamiento ABC dedicado a tu f\u00e1brica de cinturones: carrito porta cinturones, portarrollos y caballete de cuero, mueble para troqueles.","robots":{"index":"index","follow":"follow","max-snippet":"max-snippet:-1","max-image-preview":"max-image-preview:large","max-video-preview":"max-video-preview:-1"},"canonical":"https:\/\/abcprato.it\/es\/sectores\/cinturon\/","og_locale":"es_ES","og_type":"article","og_title":"Cintur\u00f3n - ABC Equipment &amp; Solutions","og_description":"Descubre todo el equipamiento ABC dedicado a tu f\u00e1brica de cinturones: carrito porta cinturones, portarrollos y caballete de cuero, mueble para troqueles.","og_url":"https:\/\/abcprato.it\/es\/sectores\/cinturon\/","og_site_name":"ABC Equipment &amp; Solutions","article_modified_time":"2023-12-01T00:01:17+00:00","og_image":[{"width":1500,"height":1100,"url":"https:\/\/abcprato.it\/wp-content\/uploads\/2023\/11\/sector-fabricacion-cinturon.jpg","type":"image\/jpeg"}],"twitter_card":"summary_large_image","twitter_misc":{"Tiempo de lectura":"1 minuto"},"schema":{"@context":"https:\/\/schema.org","@graph":[{"@type":"WebPage","@id":"https:\/\/abcprato.it\/es\/sectores\/cinturon\/","url":"https:\/\/abcprato.it\/es\/sectores\/cinturon\/","name":"Cintur\u00f3n - ABC Equipment &amp; Solutions","isPartOf":{"@id":"https:\/\/abcprato.it\/es\/#website"},"primaryImageOfPage":{"@id":"https:\/\/abcprato.it\/es\/sectores\/cinturon\/#primaryimage"},"image":{"@id":"https:\/\/abcprato.it\/es\/sectores\/cinturon\/#primaryimage"},"thumbnailUrl":"https:\/\/abcprato.it\/wp-content\/uploads\/2023\/11\/settore-produzione-cintura-.jpg","datePublished":"2021-02-26T16:30:40+00:00","dateModified":"2023-12-01T00:01:17+00:00","description":"Descubre todo el equipamiento ABC dedicado a tu f\u00e1brica de cinturones: carrito porta cinturones, portarrollos y caballete de cuero, mueble para troqueles.","breadcrumb":{"@id":"https:\/\/abcprato.it\/es\/sectores\/cinturon\/#breadcrumb"},"inLanguage":"es","potentialAction":[{"@type":"ReadAction","target":["https:\/\/abcprato.it\/es\/sectores\/cinturon\/"]}]},{"@type":"ImageObject","inLanguage":"es","@id":"https:\/\/abcprato.it\/es\/sectores\/cinturon\/#primaryimage","url":"https:\/\/abcprato.it\/wp-content\/uploads\/2023\/11\/settore-produzione-cintura-.jpg","contentUrl":"https:\/\/abcprato.it\/wp-content\/uploads\/2023\/11\/settore-produzione-cintura-.jpg","width":1500,"height":1100,"caption":"settore-produzione-cintura-"},{"@type":"BreadcrumbList","@id":"https:\/\/abcprato.it\/es\/sectores\/cinturon\/#breadcrumb","itemListElement":[{"@type":"ListItem","position":1,"name":"Home","item":"https:\/\/abcprato.it\/es\/"},{"@type":"ListItem","position":2,"name":"Sectores","item":"https:\/\/abcprato.it\/es\/settori\/"},{"@type":"ListItem","position":3,"name":"Cintur\u00f3n"}]},{"@type":"WebSite","@id":"https:\/\/abcprato.it\/es\/#website","url":"https:\/\/abcprato.it\/es\/","name":"ABC Equipment &amp; Solutions","description":"","publisher":{"@id":"https:\/\/abcprato.it\/es\/#organization"},"potentialAction":[{"@type":"SearchAction","target":{"@type":"EntryPoint","urlTemplate":"https:\/\/abcprato.it\/es\/?s={search_term_string}"},"query-input":{"@type":"PropertyValueSpecification","valueRequired":true,"valueName":"search_term_string"}}],"inLanguage":"es"},{"@type":"Organization","@id":"https:\/\/abcprato.it\/es\/#organization","name":"ABC Equipment & Solutions","url":"https:\/\/abcprato.it\/es\/","logo":{"@type":"ImageObject","inLanguage":"es","@id":"https:\/\/abcprato.it\/es\/#\/schema\/logo\/image\/","url":"https:\/\/abcprato.it\/wp-content\/uploads\/2021\/01\/ABC-logo-2021.svg","contentUrl":"https:\/\/abcprato.it\/wp-content\/uploads\/2021\/01\/ABC-logo-2021.svg","width":1,"height":1,"caption":"ABC Equipment & Solutions"},"image":{"@id":"https:\/\/abcprato.it\/es\/#\/schema\/logo\/image\/"}}]}},"_links":{"self":[{"href":"https:\/\/abcprato.it\/es\/wp-json\/wp\/v2\/pages\/6846","targetHints":{"allow":["GET"]}}],"collection":[{"href":"https:\/\/abcprato.it\/es\/wp-json\/wp\/v2\/pages"}],"about":[{"href":"https:\/\/abcprato.it\/es\/wp-json\/wp\/v2\/types\/page"}],"author":[{"embeddable":true,"href":"https:\/\/abcprato.it\/es\/wp-json\/wp\/v2\/users\/3"}],"replies":[{"embeddable":true,"href":"https:\/\/abcprato.it\/es\/wp-json\/wp\/v2\/comments?post=6846"}],"version-history":[{"count":13,"href":"https:\/\/abcprato.it\/es\/wp-json\/wp\/v2\/pages\/6846\/revisions"}],"predecessor-version":[{"id":21644,"href":"https:\/\/abcprato.it\/es\/wp-json\/wp\/v2\/pages\/6846\/revisions\/21644"}],"up":[{"embeddable":true,"href":"https:\/\/abcprato.it\/es\/wp-json\/wp\/v2\/pages\/7960"}],"wp:featuredmedia":[{"embeddable":true,"href":"https:\/\/abcprato.it\/es\/wp-json\/wp\/v2\/media\/20176"}],"wp:attachment":[{"href":"https:\/\/abcprato.it\/es\/wp-json\/wp\/v2\/media?parent=6846"}],"curies":[{"name":"wp","href":"https:\/\/api.w.org\/{rel}","templated":true}]}}