{"id":6875,"date":"2021-02-26T17:39:40","date_gmt":"2021-02-26T16:39:40","guid":{"rendered":"https:\/\/abcprato.it\/?page_id=6875"},"modified":"2023-12-01T00:54:24","modified_gmt":"2023-11-30T23:54:24","slug":"guarnicioneria","status":"publish","type":"page","link":"https:\/\/abcprato.it\/es\/sectores\/guarnicioneria\/","title":{"rendered":"Guarnicioner\u00eda"},"content":{"rendered":"\t\t<div data-elementor-type=\"wp-page\" data-elementor-id=\"6875\" class=\"elementor elementor-6875 elementor-2582\" data-elementor-post-type=\"page\">\n\t\t\t\t\t\t<section class=\"elementor-section elementor-top-section elementor-element elementor-element-92bd888 elementor-section-boxed elementor-section-height-default elementor-section-height-default\" data-id=\"92bd888\" data-element_type=\"section\" data-e-type=\"section\" data-settings=\"{&quot;background_background&quot;:&quot;classic&quot;}\">\n\t\t\t\t\t\t\t<div class=\"elementor-background-overlay\"><\/div>\n\t\t\t\t\t\t\t<div class=\"elementor-container elementor-column-gap-default\">\n\t\t\t\t\t<div class=\"elementor-column elementor-col-100 elementor-top-column elementor-element elementor-element-ddcb564\" data-id=\"ddcb564\" data-element_type=\"column\" data-e-type=\"column\">\n\t\t\t<div class=\"elementor-widget-wrap elementor-element-populated\">\n\t\t\t\t\t\t<div class=\"elementor-element elementor-element-4e540a4 elementor-widget elementor-widget-image\" data-id=\"4e540a4\" data-element_type=\"widget\" data-e-type=\"widget\" data-widget_type=\"image.default\">\n\t\t\t\t<div class=\"elementor-widget-container\">\n\t\t\t\t\t\t\t\t\t\t\t\t\t\t\t<img decoding=\"async\" width=\"65\" height=\"65\" src=\"https:\/\/abcprato.it\/wp-content\/uploads\/2021\/09\/ICONE_equitazione.svg\" class=\"attachment-full size-full wp-image-9027\" alt=\"\" \/>\t\t\t\t\t\t\t\t\t\t\t\t\t\t\t<\/div>\n\t\t\t\t<\/div>\n\t\t\t\t<div class=\"elementor-element elementor-element-c6c9171 elementor-widget elementor-widget-heading\" data-id=\"c6c9171\" data-element_type=\"widget\" data-e-type=\"widget\" data-widget_type=\"heading.default\">\n\t\t\t\t<div class=\"elementor-widget-container\">\n\t\t\t\t\t<h2 class=\"elementor-heading-title elementor-size-default\">Guarnicioner\u00eda<\/h2>\t\t\t\t<\/div>\n\t\t\t\t<\/div>\n\t\t\t\t<div class=\"elementor-element elementor-element-1d053b9 elementor-widget elementor-widget-text-editor\" data-id=\"1d053b9\" data-element_type=\"widget\" data-e-type=\"widget\" data-widget_type=\"text-editor.default\">\n\t\t\t\t<div class=\"elementor-widget-container\">\n\t\t\t\t\t\t\t\t\t<p style=\"text-align: center;\"><em>Descubre todos los equipos ABC dedicados a la guarnicioner\u00eda <br \/><\/em><em>para gestionar y manipular productos semiacabados, componentes y productos acabados optimizando los tiempos de producci\u00f3n.<\/em><\/p><p style=\"text-align: center;\"><em>Desde el caballete porta pieles y carrito portarrollos hasta el mueble para troqueles, pasando por el banco de trabajo y los carritos con estantes.\u00a0<br \/><\/em><em>Aqu\u00ed est\u00e1n todos los productos recomendados para el sector ecuestre, para la guarnicioner\u00eda.<\/em><\/p>\t\t\t\t\t\t\t\t<\/div>\n\t\t\t\t<\/div>\n\t\t\t\t\t<\/div>\n\t\t<\/div>\n\t\t\t\t\t<\/div>\n\t\t<\/section>\n\t\t\t\t<section class=\"elementor-section elementor-top-section elementor-element elementor-element-23cdbb6 elementor-section-boxed elementor-section-height-default elementor-section-height-default\" data-id=\"23cdbb6\" data-element_type=\"section\" data-e-type=\"section\">\n\t\t\t\t\t\t<div class=\"elementor-container elementor-column-gap-default\">\n\t\t\t\t\t<div class=\"elementor-column elementor-col-100 elementor-top-column elementor-element elementor-element-6c7645a\" data-id=\"6c7645a\" data-element_type=\"column\" data-e-type=\"column\">\n\t\t\t<div class=\"elementor-widget-wrap elementor-element-populated\">\n\t\t\t\t\t\t<div class=\"elementor-element elementor-element-6c37284 elementor-widget elementor-widget-shortcode\" data-id=\"6c37284\" data-element_type=\"widget\" data-e-type=\"widget\" data-widget_type=\"shortcode.default\">\n\t\t\t\t<div class=\"elementor-widget-container\">\n\t\t\t\t\t\t\t<div class=\"elementor-shortcode\"><div class=\"slider \"><div class=\"guarnicioneria owl-carousel owl-theme sector\"><div class=\"item flex\"><div class=\"columns column_1-2 image\"><img decoding=\"async\" src=\"https:\/\/abcprato.it\/wp-content\/uploads\/2023\/11\/caballete-grande-porta-cuero-guarnicioneria-800x600.jpg\" alt=\"caballete-grande-porta-cuero-guarnicioneria\"><\/div><div class=\"columns column_1-2 last slide-content\"><h3>Caballete porta pieles grande<\/h3><p>Caballete porta cuero para manipular pieles grandes de un departamento a otro. Col\u00f3calo junto a la m\u00e1quina de corte por l\u00e1ser o a la troqueladora.<br \/>\nEquipado con: joroba lisa est\u00e1ndar, estante doble, asa en ambos lados, sistema antiest\u00e1tico y ruedas anti-hilos.<\/p>\n<a href=\"https:\/\/abcprato.it\/es\/caballetes-cuero\/caballete-porta-pieles-grande\/\"  style=\"margin-top:40px;text-transform:uppercase; text-decoration:underline; font-weight:600;\" class=\"btn blue\" alt=\"\">Descubrir m\u00e1s<\/a><\/div><\/div><div class=\"item flex\"><div class=\"columns column_1-2 image\"><img decoding=\"async\" src=\"https:\/\/abcprato.it\/wp-content\/uploads\/2023\/11\/caballete-estandar-porta-pieles-joroba-ancha-800x600.jpg\" alt=\"caballete-estandar-porta-pieles-joroba-ancha\"><\/div><div class=\"columns column_1-2 last slide-content\"><h3>Caballete porta pieles est\u00e1ndar con joroba ancha <\/h3><p>Caballete est\u00e1ndar porta pieles con una joroba ancha, ideal para manipular todo tipo de pieles, incluso las m\u00e1s delicadas. Tambi\u00e9n puede manipular pieles grandes con poca altura gracias a la mayor superficie de apoyo. Equipado con: joroba lisa ancha, estante doble, asa en ambos lados, sistema antiest\u00e1tico y ruedas anti-hilos.<\/p>\n<a href=\"https:\/\/abcprato.it\/es\/caballetes-cuero\/caballete-porta-pieles-estandar-con-joroba-ancha\/\"  style=\"margin-top:40px;text-transform:uppercase; text-decoration:underline; font-weight:600;\" class=\"btn blue\" alt=\"\">Descubrir m\u00e1s<\/a><\/div><\/div><div class=\"item flex\"><div class=\"columns column_1-2 image\"><img decoding=\"async\" src=\"https:\/\/abcprato.it\/wp-content\/uploads\/2023\/11\/carrito-porta-pieles-grande-con-joroba-ancha-800x600.jpg\" alt=\"carrito-porta-pieles-grande-con-joroba-ancha\"><\/div><div class=\"columns column_1-2 last slide-content\"><h3>Caballete porta pieles grande con joroba ancha<\/h3><p>Caballete porta pieles grande con joroba ancha, dise\u00f1ado para manipular todo tipo de cuero, incluso el m\u00e1s delicado. Col\u00f3calo en el departamento de corte tanto con troquel que con l\u00e1ser CAD de su talabarter\u00eda. Equipado con: joroba lisa ancha, estante doble, asa en ambos lados, sistema antiest\u00e1tico y ruedas anti-hilos.<\/p>\n<a href=\"https:\/\/abcprato.it\/es\/caballetes-cuero\/caballete-porta-pieles-grande-con-joroba-ancha\/\"  style=\"margin-top:40px;text-transform:uppercase; text-decoration:underline; font-weight:600;\" class=\"btn blue\" alt=\"\">Descubrir m\u00e1s<\/a><\/div><\/div><div class=\"item flex\"><div class=\"columns column_1-2 image\"><img decoding=\"async\" src=\"https:\/\/abcprato.it\/wp-content\/uploads\/2023\/11\/mueble-vertical-guanicioneria-800x600.jpg\" alt=\"mueble-vertical-guanicioneria\"><\/div><div class=\"columns column_1-2 last slide-content\"><h3>Mueble vertical de troqueles<\/h3><p>Mant\u00e9n en orden los troqueles grandes, utilizados para fabricar sillas da montar u otros componentes dentro de la cajonera vertical. Almacena una gran cantidad de troqueles en el espacio de un europalet.<\/p>\n<a href=\"\"  style=\"margin-top:40px;text-transform:uppercase; text-decoration:underline; font-weight:600;\" class=\"btn blue\" alt=\"\">Descubrir m\u00e1s<\/a><\/div><\/div><div class=\"item flex\"><div class=\"columns column_1-2 image\"><img decoding=\"async\" src=\"https:\/\/abcprato.it\/wp-content\/uploads\/2023\/11\/mueble-horizontal-troqueles-guarnicioneria-800x600.jpg\" alt=\"mueble-horizontal-troqueles-guarnicioneria\"><\/div><div class=\"columns column_1-2 last slide-content\"><h3>Mueble horizontal de troqueles<\/h3><p>Coloca la cajonera horizontal junto a la troqueladora, sustituyendo la superficie de trabajo. El operario dispondr\u00e1 de una duradera encimera de acero pintado y de los cajones con los troqueles.<\/p>\n<a href=\"https:\/\/abcprato.it\/es\/almacen-troqueles\/mueble-horizontal-de-troqueles\/\"  style=\"margin-top:40px;text-transform:uppercase; text-decoration:underline; font-weight:600;\" class=\"btn blue\" alt=\"\">Descubrir m\u00e1s<\/a><\/div><\/div><div class=\"item flex\"><div class=\"columns column_1-2 image\"><img decoding=\"async\" src=\"https:\/\/abcprato.it\/wp-content\/uploads\/2023\/11\/carrito-portarrollos-fabricante-chaussure-800x600.jpg\" alt=\"carrito-portarrollos-fabricante-chaussure\"><\/div><div class=\"columns column_1-2 last slide-content\"><h3>Carrito portarrollos<\/h3><p>Gestiona y manipula todos los rollos de tejido, endurecer y salpa utilizados para fabricar sillas de montar u otros componentes del mundo ecuestre. El carrito portarrollos tiene una estructura estrecha y permite manipular hasta 8 rollos. Se suministra con ruedas anti-hilos para un manejo c\u00f3modo en la f\u00e1brica.<\/p>\n<a href=\"https:\/\/abcprato.it\/es\/carritos\/carrito-portarrollos\/\"  style=\"margin-top:40px;text-transform:uppercase; text-decoration:underline; font-weight:600;\" class=\"btn blue\" alt=\"\">Descubrir m\u00e1s<\/a><\/div><\/div><div class=\"item flex\"><div class=\"columns column_1-2 image\"><img decoding=\"async\" src=\"https:\/\/abcprato.it\/wp-content\/uploads\/2023\/11\/porta-cinturones-con-separadores-800x600.webp\" alt=\"porta-cinturones-con-separadores\"><\/div><div class=\"columns column_1-2 last slide-content\"><h3>Carrito porta cinturones<\/h3><p>Utiliza el carrito porta cinturones no s\u00f3lo para cinturones, sino tambi\u00e9n para todas esas tiras de cuero que componen la silla de montar, como correas, estribos, bridas y riendas. Complete el carrito con separadores para separar los distintos productos. Maniobrabilidad \u00e1gil garantizada por las ruedas anti-hilos.<\/p>\n<a href=\"https:\/\/abcprato.it\/es\/carritos\/carrito-porta-cinturones\/\"  style=\"margin-top:40px;text-transform:uppercase; text-decoration:underline; font-weight:600;\" class=\"btn blue\" alt=\"\">Descubrir m\u00e1s<\/a><\/div><\/div><div class=\"item flex\"><div class=\"columns column_1-2 image\"><img decoding=\"async\" src=\"https:\/\/abcprato.it\/wp-content\/uploads\/2023\/11\/carrito-con-estantes-1-800x600.jpg\" alt=\"carrito-con-estantes\"><\/div><div class=\"columns column_1-2 last slide-content\"><h3>Carrito con estantes<\/h3><p>Amplia gama de carritos, de dos a cinco niveles, con estantes de distintos tama\u00f1os. Ideales para manipular componentes, productos semiacabados, muestras y productos acabados en la f\u00e1brica de guarnicioner\u00eda. C\u00f3moda movilidad gracias a las ruedas anti-hilos.<\/p>\n<a href=\"https:\/\/abcprato.it\/es\/carritos\/carrito-con-estantes\/\"  style=\"margin-top:40px;text-transform:uppercase; text-decoration:underline; font-weight:600;\" class=\"btn blue\" alt=\"\">Descubrir m\u00e1s<\/a><\/div><\/div><div class=\"item flex\"><div class=\"columns column_1-2 image\"><img decoding=\"async\" src=\"https:\/\/abcprato.it\/wp-content\/uploads\/2023\/11\/banco-de-trabajo-guarnicioneria-800x600.jpg\" alt=\"banco-de-trabajo-guarnicioneria\"><\/div><div class=\"columns column_1-2 last slide-content\"><h3>Banco de trabajo <\/h3><p>Perfecto para todas las fases de procesamiento, desde la materia prima hasta el producto acabado. Dispone de altura regulable para adaptarse al operario y al tipo de trabajo que realiza (sentado o de pie). Personal\u00edzalo con accesorios.<\/p>\n<a href=\"https:\/\/abcprato.it\/es\/mobiliario\/banco-de-trabajo\/\"  style=\"margin-top:40px;text-transform:uppercase; text-decoration:underline; font-weight:600;\" class=\"btn blue\" alt=\"\">Descubrir m\u00e1s<\/a><\/div><\/div><div class=\"item flex\"><div class=\"columns column_1-2 image\"><img decoding=\"async\" src=\"https:\/\/abcprato.it\/wp-content\/uploads\/2023\/11\/mueble-de-coser-textil-800x600.jpg\" alt=\"mueble-de-coser-textil\"><\/div><div class=\"columns column_1-2 last slide-content\"><h3>Mueble de coser<\/h3><p>Mueble de costura dise\u00f1ado para la costurera. Se suministra con accesorios \u00fatiles como carretes, bobinas y conos. Col\u00f3cala debajo de cada m\u00e1quina de coser en el taller de guarnicioner\u00eda.<\/p>\n<a href=\"\"  style=\"margin-top:40px;text-transform:uppercase; text-decoration:underline; font-weight:600;\" class=\"btn blue\" alt=\"\">Descubrir m\u00e1s<\/a><\/div><\/div><div class=\"item flex\"><div class=\"columns column_1-2 image\"><img decoding=\"async\" src=\"https:\/\/abcprato.it\/wp-content\/uploads\/2023\/10\/carrito-portarrollos-para-maquina-de-corte-automatica-800x600.jpg\" alt=\"carrito-portarrollos-para-maquina-de-corte-automatica\"><\/div><div class=\"columns column_1-2 last slide-content\"><h3>Carrito portarrollos bajo para corte autom\u00e1tico <\/h3><p>Carrito portarrollos dise\u00f1ado para el corte autom\u00e1tico de silla de monta y para ser colocado junto a la mesa de corte. Desplazamiento garantizado por ruedas anti-hilos con freno. Maneja hasta 4 rollos, 3 est\u00e1ndar y 1 m\u00e1s largo como el cartene.<\/p>\n<a href=\"https:\/\/abcprato.it\/es\/productos-hechos-a-medida\/carrito-portarrollos-bajo-para-corte-automatico\/\"  style=\"margin-top:40px;text-transform:uppercase; text-decoration:underline; font-weight:600;\" class=\"btn blue\" alt=\"\">Descubrir m\u00e1s<\/a><\/div><\/div><\/div><script type=\"text\/javascript\">\n  \t\t\t\t\t\t\t\t\tjQuery(document).ready(function($) {\n  \t\t\t\t\t\t\t\t\t$(\".guarnicioneria\").owlCarousel({\n  \t\t\t\t\t\t\t\t\tcenter: true,\n  \t\t\t\t\t\t\t\t\titems:1,\n  \t\t\t\t\t\t\t\t\tnav:true,\n  \t\t\t\t\t\t\t\t\tdots:true,\n  \t\t\t\t\t\t\t\t\tloop:true,\n  \t\t\t\t\t\t\t\t\tmargin:0,\n                    smartSpeed: 500,\n  \t\t\t\t\t\t\t\t\tautoplay:true,\n  \t\t\t\t\t\t\t\t\tautoplayTimeout:5000,\n  \t\t\t\t\t\t\t\t\tautoplayHoverPause:true,\n  \t\t\t\t\t\t\t\t\tnavText : [\"<i class=\\\"fas fa-chevron-left\\\"><\/i>\",\"<i class=\\\"fas fa-chevron-right\\\"><\/i>\"]\n  \t\t\t\t\t\t\t\t});});<\/script><\/div><\/div>\n\t\t\t\t\t\t<\/div>\n\t\t\t\t<\/div>\n\t\t\t\t\t<\/div>\n\t\t<\/div>\n\t\t\t\t\t<\/div>\n\t\t<\/section>\n\t\t\t\t<\/div>\n\t\t","protected":false},"excerpt":{"rendered":"<p>Guarnicioner\u00eda Descubre todos los equipos ABC dedicados a la guarnicioner\u00eda para gestionar y manipular productos semiacabados, componentes y productos acabados optimizando los tiempos de producci\u00f3n&#8230;. <a class=\"read-more\" style=\"text-decoration:underline;\" href=\"https:\/\/abcprato.it\/es\/slider\/guarnicioneria\/\">Leer m\u00e1s<\/a><\/p>\n","protected":false},"author":3,"featured_media":20228,"parent":7960,"menu_order":0,"comment_status":"closed","ping_status":"closed","template":"elementor_header_footer","meta":{"_acf_changed":false,"footnotes":""},"class_list":["post-6875","page","type-page","status-publish","has-post-thumbnail","hentry"],"acf":[],"yoast_head":"<!-- This site is optimized with the Yoast SEO plugin v27.2 - https:\/\/yoast.com\/product\/yoast-seo-wordpress\/ -->\n<title>Guarnicioner\u00eda - ABC Equipment &amp; Solutions<\/title>\n<meta name=\"description\" content=\"Descubre todo el equipamiento ABC dedicado a tu f\u00e1brica de guarnicioner\u00eda: desde caballete porta pieles y portarrollos hasta mueble de troqueles y banco de trabajo.\" \/>\n<meta name=\"robots\" content=\"index, follow, max-snippet:-1, max-image-preview:large, max-video-preview:-1\" \/>\n<link rel=\"canonical\" href=\"https:\/\/abcprato.it\/es\/sectores\/guarnicioneria\/\" \/>\n<meta property=\"og:locale\" content=\"es_ES\" \/>\n<meta property=\"og:type\" content=\"article\" \/>\n<meta property=\"og:title\" content=\"Guarnicioner\u00eda - ABC Equipment &amp; Solutions\" \/>\n<meta property=\"og:description\" content=\"Descubre todo el equipamiento ABC dedicado a tu f\u00e1brica de guarnicioner\u00eda: desde caballete porta pieles y portarrollos hasta mueble de troqueles y banco de trabajo.\" \/>\n<meta property=\"og:url\" content=\"https:\/\/abcprato.it\/es\/sectores\/guarnicioneria\/\" \/>\n<meta property=\"og:site_name\" content=\"ABC Equipment &amp; Solutions\" \/>\n<meta property=\"article:modified_time\" content=\"2023-11-30T23:54:24+00:00\" \/>\n<meta property=\"og:image\" content=\"https:\/\/abcprato.it\/wp-content\/uploads\/2023\/11\/sector-fabricacion-guanicioneria.jpg\" \/>\n\t<meta property=\"og:image:width\" content=\"1500\" \/>\n\t<meta property=\"og:image:height\" content=\"1100\" \/>\n\t<meta property=\"og:image:type\" content=\"image\/jpeg\" \/>\n<meta name=\"twitter:card\" content=\"summary_large_image\" \/>\n<meta name=\"twitter:label1\" content=\"Tiempo de lectura\" \/>\n\t<meta name=\"twitter:data1\" content=\"1 minuto\" \/>\n<script type=\"application\/ld+json\" class=\"yoast-schema-graph\">{\"@context\":\"https:\/\/schema.org\",\"@graph\":[{\"@type\":\"WebPage\",\"@id\":\"https:\/\/abcprato.it\/es\/sectores\/guarnicioneria\/\",\"url\":\"https:\/\/abcprato.it\/es\/sectores\/guarnicioneria\/\",\"name\":\"Guarnicioner\u00eda - ABC Equipment &amp; Solutions\",\"isPartOf\":{\"@id\":\"https:\/\/abcprato.it\/es\/#website\"},\"primaryImageOfPage\":{\"@id\":\"https:\/\/abcprato.it\/es\/sectores\/guarnicioneria\/#primaryimage\"},\"image\":{\"@id\":\"https:\/\/abcprato.it\/es\/sectores\/guarnicioneria\/#primaryimage\"},\"thumbnailUrl\":\"https:\/\/abcprato.it\/wp-content\/uploads\/2023\/11\/settore-produzione-sella.jpg\",\"datePublished\":\"2021-02-26T16:39:40+00:00\",\"dateModified\":\"2023-11-30T23:54:24+00:00\",\"description\":\"Descubre todo el equipamiento ABC dedicado a tu f\u00e1brica de guarnicioner\u00eda: desde caballete porta pieles y portarrollos hasta mueble de troqueles y banco de trabajo.\",\"breadcrumb\":{\"@id\":\"https:\/\/abcprato.it\/es\/sectores\/guarnicioneria\/#breadcrumb\"},\"inLanguage\":\"es\",\"potentialAction\":[{\"@type\":\"ReadAction\",\"target\":[\"https:\/\/abcprato.it\/es\/sectores\/guarnicioneria\/\"]}]},{\"@type\":\"ImageObject\",\"inLanguage\":\"es\",\"@id\":\"https:\/\/abcprato.it\/es\/sectores\/guarnicioneria\/#primaryimage\",\"url\":\"https:\/\/abcprato.it\/wp-content\/uploads\/2023\/11\/settore-produzione-sella.jpg\",\"contentUrl\":\"https:\/\/abcprato.it\/wp-content\/uploads\/2023\/11\/settore-produzione-sella.jpg\",\"width\":1500,\"height\":1100,\"caption\":\"settore-produzione-sella\"},{\"@type\":\"BreadcrumbList\",\"@id\":\"https:\/\/abcprato.it\/es\/sectores\/guarnicioneria\/#breadcrumb\",\"itemListElement\":[{\"@type\":\"ListItem\",\"position\":1,\"name\":\"Home\",\"item\":\"https:\/\/abcprato.it\/es\/\"},{\"@type\":\"ListItem\",\"position\":2,\"name\":\"Sectores\",\"item\":\"https:\/\/abcprato.it\/es\/settori\/\"},{\"@type\":\"ListItem\",\"position\":3,\"name\":\"Guarnicioner\u00eda\"}]},{\"@type\":\"WebSite\",\"@id\":\"https:\/\/abcprato.it\/es\/#website\",\"url\":\"https:\/\/abcprato.it\/es\/\",\"name\":\"ABC Equipment &amp; Solutions\",\"description\":\"\",\"publisher\":{\"@id\":\"https:\/\/abcprato.it\/es\/#organization\"},\"potentialAction\":[{\"@type\":\"SearchAction\",\"target\":{\"@type\":\"EntryPoint\",\"urlTemplate\":\"https:\/\/abcprato.it\/es\/?s={search_term_string}\"},\"query-input\":{\"@type\":\"PropertyValueSpecification\",\"valueRequired\":true,\"valueName\":\"search_term_string\"}}],\"inLanguage\":\"es\"},{\"@type\":\"Organization\",\"@id\":\"https:\/\/abcprato.it\/es\/#organization\",\"name\":\"ABC Equipment & Solutions\",\"url\":\"https:\/\/abcprato.it\/es\/\",\"logo\":{\"@type\":\"ImageObject\",\"inLanguage\":\"es\",\"@id\":\"https:\/\/abcprato.it\/es\/#\/schema\/logo\/image\/\",\"url\":\"https:\/\/abcprato.it\/wp-content\/uploads\/2021\/01\/ABC-logo-2021.svg\",\"contentUrl\":\"https:\/\/abcprato.it\/wp-content\/uploads\/2021\/01\/ABC-logo-2021.svg\",\"width\":1,\"height\":1,\"caption\":\"ABC Equipment & Solutions\"},\"image\":{\"@id\":\"https:\/\/abcprato.it\/es\/#\/schema\/logo\/image\/\"}}]}<\/script>\n<!-- \/ Yoast SEO plugin. -->","yoast_head_json":{"title":"Guarnicioner\u00eda - ABC Equipment &amp; Solutions","description":"Descubre todo el equipamiento ABC dedicado a tu f\u00e1brica de guarnicioner\u00eda: desde caballete porta pieles y portarrollos hasta mueble de troqueles y banco de trabajo.","robots":{"index":"index","follow":"follow","max-snippet":"max-snippet:-1","max-image-preview":"max-image-preview:large","max-video-preview":"max-video-preview:-1"},"canonical":"https:\/\/abcprato.it\/es\/sectores\/guarnicioneria\/","og_locale":"es_ES","og_type":"article","og_title":"Guarnicioner\u00eda - ABC Equipment &amp; Solutions","og_description":"Descubre todo el equipamiento ABC dedicado a tu f\u00e1brica de guarnicioner\u00eda: desde caballete porta pieles y portarrollos hasta mueble de troqueles y banco de trabajo.","og_url":"https:\/\/abcprato.it\/es\/sectores\/guarnicioneria\/","og_site_name":"ABC Equipment &amp; Solutions","article_modified_time":"2023-11-30T23:54:24+00:00","og_image":[{"width":1500,"height":1100,"url":"https:\/\/abcprato.it\/wp-content\/uploads\/2023\/11\/sector-fabricacion-guanicioneria.jpg","type":"image\/jpeg"}],"twitter_card":"summary_large_image","twitter_misc":{"Tiempo de lectura":"1 minuto"},"schema":{"@context":"https:\/\/schema.org","@graph":[{"@type":"WebPage","@id":"https:\/\/abcprato.it\/es\/sectores\/guarnicioneria\/","url":"https:\/\/abcprato.it\/es\/sectores\/guarnicioneria\/","name":"Guarnicioner\u00eda - ABC Equipment &amp; Solutions","isPartOf":{"@id":"https:\/\/abcprato.it\/es\/#website"},"primaryImageOfPage":{"@id":"https:\/\/abcprato.it\/es\/sectores\/guarnicioneria\/#primaryimage"},"image":{"@id":"https:\/\/abcprato.it\/es\/sectores\/guarnicioneria\/#primaryimage"},"thumbnailUrl":"https:\/\/abcprato.it\/wp-content\/uploads\/2023\/11\/settore-produzione-sella.jpg","datePublished":"2021-02-26T16:39:40+00:00","dateModified":"2023-11-30T23:54:24+00:00","description":"Descubre todo el equipamiento ABC dedicado a tu f\u00e1brica de guarnicioner\u00eda: desde caballete porta pieles y portarrollos hasta mueble de troqueles y banco de trabajo.","breadcrumb":{"@id":"https:\/\/abcprato.it\/es\/sectores\/guarnicioneria\/#breadcrumb"},"inLanguage":"es","potentialAction":[{"@type":"ReadAction","target":["https:\/\/abcprato.it\/es\/sectores\/guarnicioneria\/"]}]},{"@type":"ImageObject","inLanguage":"es","@id":"https:\/\/abcprato.it\/es\/sectores\/guarnicioneria\/#primaryimage","url":"https:\/\/abcprato.it\/wp-content\/uploads\/2023\/11\/settore-produzione-sella.jpg","contentUrl":"https:\/\/abcprato.it\/wp-content\/uploads\/2023\/11\/settore-produzione-sella.jpg","width":1500,"height":1100,"caption":"settore-produzione-sella"},{"@type":"BreadcrumbList","@id":"https:\/\/abcprato.it\/es\/sectores\/guarnicioneria\/#breadcrumb","itemListElement":[{"@type":"ListItem","position":1,"name":"Home","item":"https:\/\/abcprato.it\/es\/"},{"@type":"ListItem","position":2,"name":"Sectores","item":"https:\/\/abcprato.it\/es\/settori\/"},{"@type":"ListItem","position":3,"name":"Guarnicioner\u00eda"}]},{"@type":"WebSite","@id":"https:\/\/abcprato.it\/es\/#website","url":"https:\/\/abcprato.it\/es\/","name":"ABC Equipment &amp; Solutions","description":"","publisher":{"@id":"https:\/\/abcprato.it\/es\/#organization"},"potentialAction":[{"@type":"SearchAction","target":{"@type":"EntryPoint","urlTemplate":"https:\/\/abcprato.it\/es\/?s={search_term_string}"},"query-input":{"@type":"PropertyValueSpecification","valueRequired":true,"valueName":"search_term_string"}}],"inLanguage":"es"},{"@type":"Organization","@id":"https:\/\/abcprato.it\/es\/#organization","name":"ABC Equipment & Solutions","url":"https:\/\/abcprato.it\/es\/","logo":{"@type":"ImageObject","inLanguage":"es","@id":"https:\/\/abcprato.it\/es\/#\/schema\/logo\/image\/","url":"https:\/\/abcprato.it\/wp-content\/uploads\/2021\/01\/ABC-logo-2021.svg","contentUrl":"https:\/\/abcprato.it\/wp-content\/uploads\/2021\/01\/ABC-logo-2021.svg","width":1,"height":1,"caption":"ABC Equipment & Solutions"},"image":{"@id":"https:\/\/abcprato.it\/es\/#\/schema\/logo\/image\/"}}]}},"_links":{"self":[{"href":"https:\/\/abcprato.it\/es\/wp-json\/wp\/v2\/pages\/6875","targetHints":{"allow":["GET"]}}],"collection":[{"href":"https:\/\/abcprato.it\/es\/wp-json\/wp\/v2\/pages"}],"about":[{"href":"https:\/\/abcprato.it\/es\/wp-json\/wp\/v2\/types\/page"}],"author":[{"embeddable":true,"href":"https:\/\/abcprato.it\/es\/wp-json\/wp\/v2\/users\/3"}],"replies":[{"embeddable":true,"href":"https:\/\/abcprato.it\/es\/wp-json\/wp\/v2\/comments?post=6875"}],"version-history":[{"count":16,"href":"https:\/\/abcprato.it\/es\/wp-json\/wp\/v2\/pages\/6875\/revisions"}],"predecessor-version":[{"id":21617,"href":"https:\/\/abcprato.it\/es\/wp-json\/wp\/v2\/pages\/6875\/revisions\/21617"}],"up":[{"embeddable":true,"href":"https:\/\/abcprato.it\/es\/wp-json\/wp\/v2\/pages\/7960"}],"wp:featuredmedia":[{"embeddable":true,"href":"https:\/\/abcprato.it\/es\/wp-json\/wp\/v2\/media\/20228"}],"wp:attachment":[{"href":"https:\/\/abcprato.it\/es\/wp-json\/wp\/v2\/media?parent=6875"}],"curies":[{"name":"wp","href":"https:\/\/api.w.org\/{rel}","templated":true}]}}