{"id":12509,"date":"2022-11-02T15:04:19","date_gmt":"2022-11-02T14:04:19","guid":{"rendered":"https:\/\/abcprato.it\/?page_id=12509"},"modified":"2024-06-21T12:53:06","modified_gmt":"2024-06-21T10:53:06","slug":"automobile","status":"publish","type":"page","link":"https:\/\/abcprato.it\/fr\/domaines-d-application\/automobile\/","title":{"rendered":"Automobile"},"content":{"rendered":"\t\t<div data-elementor-type=\"wp-page\" data-elementor-id=\"12509\" class=\"elementor elementor-12509 elementor-12457\" data-elementor-post-type=\"page\">\n\t\t\t\t\t\t<section class=\"elementor-section elementor-top-section elementor-element elementor-element-73994e3 elementor-section-boxed elementor-section-height-default elementor-section-height-default\" data-id=\"73994e3\" data-element_type=\"section\" data-e-type=\"section\" data-settings=\"{&quot;background_background&quot;:&quot;classic&quot;}\">\n\t\t\t\t\t\t\t<div class=\"elementor-background-overlay\"><\/div>\n\t\t\t\t\t\t\t<div class=\"elementor-container elementor-column-gap-default\">\n\t\t\t\t\t<div class=\"elementor-column elementor-col-100 elementor-top-column elementor-element elementor-element-45fd97c\" data-id=\"45fd97c\" data-element_type=\"column\" data-e-type=\"column\">\n\t\t\t<div class=\"elementor-widget-wrap elementor-element-populated\">\n\t\t\t\t\t\t<div class=\"elementor-element elementor-element-fd111c2 elementor-widget elementor-widget-image\" data-id=\"fd111c2\" data-element_type=\"widget\" data-e-type=\"widget\" data-widget_type=\"image.default\">\n\t\t\t\t<div class=\"elementor-widget-container\">\n\t\t\t\t\t\t\t\t\t\t\t\t\t\t\t<img decoding=\"async\" width=\"62\" height=\"62\" src=\"https:\/\/abcprato.it\/wp-content\/uploads\/2022\/11\/ICONE_automotive.svg\" class=\"attachment-full size-full wp-image-12700\" alt=\"\" \/>\t\t\t\t\t\t\t\t\t\t\t\t\t\t\t<\/div>\n\t\t\t\t<\/div>\n\t\t\t\t<div class=\"elementor-element elementor-element-71a14a8 elementor-widget elementor-widget-heading\" data-id=\"71a14a8\" data-element_type=\"widget\" data-e-type=\"widget\" data-widget_type=\"heading.default\">\n\t\t\t\t<div class=\"elementor-widget-container\">\n\t\t\t\t\t<h2 class=\"elementor-heading-title elementor-size-default\">Automobile<\/h2>\t\t\t\t<\/div>\n\t\t\t\t<\/div>\n\t\t\t\t<div class=\"elementor-element elementor-element-6d1c44b elementor-widget elementor-widget-text-editor\" data-id=\"6d1c44b\" data-element_type=\"widget\" data-e-type=\"widget\" data-widget_type=\"text-editor.default\">\n\t\t\t\t<div class=\"elementor-widget-container\">\n\t\t\t\t\t\t\t\t\t<p style=\"text-align: center;\"><em>D\u00e9couvrez tous les \u00e9quipements ABC d\u00e9di\u00e9s au secteur automobile <br \/>pour la production de si\u00e8ges et de tapisserie pour l&rsquo;int\u00e9rieur des voitures.<\/em><\/p><p style=\"text-align: center;\"><em>Du chariot porte-rouleaux \u00e0 la gamme des chevalets porte-peaux, des meubles pour EP \u00e0 la table de travail.\u00a0<br \/><\/em><em>Tous les produits ABC en acier galvanis\u00e9 destin\u00e9s au secteur automobile sont \u00e9num\u00e9r\u00e9s ci-dessous.<\/em><\/p>\t\t\t\t\t\t\t\t<\/div>\n\t\t\t\t<\/div>\n\t\t\t\t\t<\/div>\n\t\t<\/div>\n\t\t\t\t\t<\/div>\n\t\t<\/section>\n\t\t\t\t<section class=\"elementor-section elementor-top-section elementor-element elementor-element-18eee79 elementor-section-boxed elementor-section-height-default elementor-section-height-default\" data-id=\"18eee79\" data-element_type=\"section\" data-e-type=\"section\">\n\t\t\t\t\t\t<div class=\"elementor-container elementor-column-gap-default\">\n\t\t\t\t\t<div class=\"elementor-column elementor-col-100 elementor-top-column elementor-element elementor-element-f2efa2d\" data-id=\"f2efa2d\" data-element_type=\"column\" data-e-type=\"column\">\n\t\t\t<div class=\"elementor-widget-wrap elementor-element-populated\">\n\t\t\t\t\t\t<div class=\"elementor-element elementor-element-0d67fdc elementor-widget elementor-widget-shortcode\" data-id=\"0d67fdc\" data-element_type=\"widget\" data-e-type=\"widget\" data-widget_type=\"shortcode.default\">\n\t\t\t\t<div class=\"elementor-widget-container\">\n\t\t\t\t\t\t\t<div class=\"elementor-shortcode\"><div class=\"slider \"><div class=\"automobile owl-carousel owl-theme sector\"><div class=\"item flex\"><div class=\"columns column_1-2 image\"><img decoding=\"async\" src=\"https:\/\/abcprato.it\/wp-content\/uploads\/2023\/11\/chariot-porte-rouleaux-800x600.jpg\" alt=\"chariot-porte-rouleaux\"><\/div><div class=\"columns column_1-2 last slide-content\"><h3>Chariot porte-rouleaux<\/h3><p>Chariot porte-rouleaux id\u00e9al pour la manipulation de rouleaux de tissu, de salpa et de reinforcement pour l&rsquo;int\u00e9rieur des voitures.\u00a0 Structure \u00e9troite qui peut accueillir jusqu&rsquo;\u00e0 8 rouleaux. Man\u0153uvre ais\u00e9e gr\u00e2ce aux roues anti-fil.<\/p>\n<a href=\"https:\/\/abcprato.it\/fr\/chariots\/chariot-porte-rouleaux\/\"  style=\"margin-top:40px;text-transform:uppercase; text-decoration:underline; font-weight:600;\" class=\"btn blue\" alt=\"\">D\u00e9couvrir plus<\/a><\/div><\/div><div class=\"item flex\"><div class=\"columns column_1-2 image\"><img decoding=\"async\" src=\"https:\/\/abcprato.it\/wp-content\/uploads\/2023\/11\/grand-chevalet-porte-epeaux-automobile-800x600.jpg\" alt=\"grand-chevalet-porte-epeaux-automobile\"><\/div><div class=\"columns column_1-2 last slide-content\"><h3>Grand chevalet porte-peaux<\/h3><p>Grand chevalet porte-peaux avec bosse standard, id\u00e9al pour d\u00e9placer des peaux enti\u00e8res d&rsquo;un d\u00e9partement \u00e0 l&rsquo;autre. \u00c0 placer dans l&rsquo;atelier de d\u00e9coupe.<br \/>\n\u00c9quip\u00e9 avec : bosse lisse standard, double \u00e9tag\u00e8re d\u2019appui, poign\u00e9e des deux c\u00f4t\u00e9s, syst\u00e8me antistatique et roues anti-fil.<\/p>\n<a href=\"https:\/\/abcprato.it\/fr\/chevalet-cuir\/chevalet-porte-peaux-grand\/\"  style=\"margin-top:40px;text-transform:uppercase; text-decoration:underline; font-weight:600;\" class=\"btn blue\" alt=\"\">D\u00e9couvrir plus<\/a><\/div><\/div><div class=\"item flex\"><div class=\"columns column_1-2 image\"><img decoding=\"async\" src=\"https:\/\/abcprato.it\/wp-content\/uploads\/2023\/11\/chevalet-porte-peaux-standard-avec-large-bosse-800x600.jpg\" alt=\"chevalet-porte-peaux-standard-avec-large-bosse\"><\/div><div class=\"columns column_1-2 last slide-content\"><h3>Chevalet porte-peaux standard avec large bosse<\/h3><p>Chevalet porte-peaux standard avec large bosse con\u00e7u pour manipuler tous les types de cuir. La faible hauteur \u00e9limine les efforts physiques pour l&rsquo;op\u00e9rateur. Il peut \u00eatre plac\u00e9 \u00e0 c\u00f4t\u00e9 de la machine de d\u00e9coupe laser CAD ou de la presse hydraulique.<br \/>\n\u00c9quip\u00e9 avec\u00a0: large bosse lisse, double \u00e9tag\u00e8re d\u2019appui, poign\u00e9e des deux c\u00f4t\u00e9s, syst\u00e8me antistatique et de roues anti-fil.<\/p>\n<a href=\"https:\/\/abcprato.it\/fr\/chevalet-cuir\/chevalet-porte-peaux-standard-avec-large-bosse\/\"  style=\"margin-top:40px;text-transform:uppercase; text-decoration:underline; font-weight:600;\" class=\"btn blue\" alt=\"\">D\u00e9couvrir plus<\/a><\/div><\/div><div class=\"item flex\"><div class=\"columns column_1-2 image\"><img decoding=\"async\" src=\"https:\/\/abcprato.it\/wp-content\/uploads\/2023\/11\/grand-chariot-porte-peaux-large-bosse-800x600.jpg\" alt=\"grand-chariot-porte-peaux-large-bosse\"><\/div><div class=\"columns column_1-2 last slide-content\"><h3>Grand chevalet porte-peaux avec large bosse<\/h3><p>Grand chevalet porte-peaux avec large bosse, id\u00e9al pour manipuler les peaux de grande taille, de tout mat\u00e9riau, m\u00eame les plus d\u00e9licates, gr\u00e2ce \u00e0 la plus grande surface d&rsquo;appui. \u00c9quip\u00e9 avec\u00a0: large bosse lisse, double \u00e9tag\u00e8re d\u2019appui, poign\u00e9e des deux c\u00f4t\u00e9s, syst\u00e8me antistatique et de roues anti-fil.<\/p>\n<a href=\"https:\/\/abcprato.it\/fr\/chevalet-cuir\/grand-chevalet-porte-peaux-avec-large-bosse\/\"  style=\"margin-top:40px;text-transform:uppercase; text-decoration:underline; font-weight:600;\" class=\"btn blue\" alt=\"\">D\u00e9couvrir plus<\/a><\/div><\/div><div class=\"item flex\"><div class=\"columns column_1-2 image\"><img decoding=\"async\" src=\"https:\/\/abcprato.it\/wp-content\/uploads\/2023\/11\/chariot-porte-peaux-standard-800x600.jpg\" alt=\"chariot-porte-peaux-standard\"><\/div><div class=\"columns column_1-2 last slide-content\"><h3>Chevalet porte-peaux standard <\/h3><p>Si vous utilisez des demi-peaux ou des coupures de cuir, le tr\u00e9teau porte-peaux standard est parfait pour vous. Installez-le dans le d\u00e9partement de d\u00e9coupe \u00e0 l&#8217;emporte-pi\u00e8ce ou au laser CAD.<br \/>\n\u00c9quip\u00e9 avec : bosse lisse standard, double \u00e9tag\u00e8re d\u2019appui, poign\u00e9e des deux c\u00f4t\u00e9s, syst\u00e8me antistatique et roues anti-fil.<\/p>\n<a href=\"https:\/\/abcprato.it\/fr\/chevalet-cuir\/chevalet-porte-peaux-standard\/\"  style=\"margin-top:40px;text-transform:uppercase; text-decoration:underline; font-weight:600;\" class=\"btn blue\" alt=\"\">D\u00e9couvrir plus<\/a><\/div><\/div><div class=\"item flex\"><div class=\"columns column_1-2 image\"><img decoding=\"async\" src=\"https:\/\/abcprato.it\/wp-content\/uploads\/2023\/11\/meuble-horizontal-pour-ep-sac-800x600.jpg\" alt=\"meuble-horizontal-pour-ep-sac\"><\/div><div class=\"columns column_1-2 last slide-content\"><h3>Meuble horizontal pour EP<\/h3><p>Si vous avez des emporte-pi\u00e8ces, grands ou petits, pour produire des articles pour l&rsquo;int\u00e9rieur des voitures, rangez-les dans le meuble horizontal. La position id\u00e9ale est dans le d\u00e9partement de d\u00e9coupe, \u00e0 c\u00f4t\u00e9 de la presse hydraulique.<\/p>\n<a href=\"https:\/\/abcprato.it\/fr\/rangement-a-ep\/meuble-horizontal-pour-emporte-pieces\/\"  style=\"margin-top:40px;text-transform:uppercase; text-decoration:underline; font-weight:600;\" class=\"btn blue\" alt=\"\">D\u00e9couvrir plus<\/a><\/div><\/div><div class=\"item flex\"><div class=\"columns column_1-2 image\"><img decoding=\"async\" src=\"https:\/\/abcprato.it\/wp-content\/uploads\/2023\/11\/meuble-vertical-sellerie-800x600.jpg\" alt=\"meuble-vertical-sellerie\"><\/div><div class=\"columns column_1-2 last slide-content\"><h3>Meuble vertical pour EP<\/h3><p>Stockez toutes les grandes EP dans le meuble vertical. G\u00e9rer une grande quantit\u00e9 des emporte-pi\u00e8ces dans l&rsquo;espace d&rsquo;une euro palette, en am\u00e9liorant l&rsquo;espace du d\u00e9partement.<\/p>\n<a href=\"\"  style=\"margin-top:40px;text-transform:uppercase; text-decoration:underline; font-weight:600;\" class=\"btn blue\" alt=\"\">D\u00e9couvrir plus<\/a><\/div><\/div><div class=\"item flex\"><div class=\"columns column_1-2 image\"><img decoding=\"async\" src=\"https:\/\/abcprato.it\/wp-content\/uploads\/2023\/11\/chariot-a-etageres-1-800x600.jpg\" alt=\"chariot-a-etageres\"><\/div><div class=\"columns column_1-2 last slide-content\"><h3>Chariot \u00e0 \u00e9tag\u00e8res<\/h3><p>D\u00e9placez tous les composants, produits semi-finis, \u00e9chantillons et produits finis avec les chariots \u00e0 \u00e9tag\u00e8res. Large gamme disponible, de deux \u00e0 cinq niveaux, ferm\u00e9s ou ouverts. Convient \u00e0 tous les besoins.\u00a0 Manipulation ais\u00e9e garantie par les roues anti-fil.<\/p>\n<a href=\"https:\/\/abcprato.it\/fr\/chariots\/chariot-a-etageres\/\"  style=\"margin-top:40px;text-transform:uppercase; text-decoration:underline; font-weight:600;\" class=\"btn blue\" alt=\"\">D\u00e9couvrir plus<\/a><\/div><\/div><div class=\"item flex\"><div class=\"columns column_1-2 image\"><img decoding=\"async\" src=\"https:\/\/abcprato.it\/wp-content\/uploads\/2023\/11\/table-de-travail-automobile-800x600.jpg\" alt=\"table-de-travail-automobile\"><\/div><div class=\"columns column_1-2 last slide-content\"><h3>Table de travail <\/h3><p>La table de travail peut \u00eatre plac\u00e9e dans le d\u00e9partement de modelage ou d&rsquo;\u00e9chantillonnage de la sellerie. La hauteur est r\u00e9glable pour s&rsquo;adapter \u00e0 chaque op\u00e9rateur et \u00e0 chaque type de travail. Rendez-la unique gr\u00e2ce \u00e0 des accessoires qui r\u00e9pondent \u00e0 tous les besoins et \u00e0 toutes les exigences.<\/p>\n<a href=\"https:\/\/abcprato.it\/fr\/ameublement\/table-de-travail\/\"  style=\"margin-top:40px;text-transform:uppercase; text-decoration:underline; font-weight:600;\" class=\"btn blue\" alt=\"\">D\u00e9couvrir plus<\/a><\/div><\/div><div class=\"item flex\"><div class=\"columns column_1-2 image\"><img decoding=\"async\" src=\"https:\/\/abcprato.it\/wp-content\/uploads\/2023\/11\/meuble-a-coudre-textile-800x600.jpg\" alt=\"meuble-a-coudre-textile\"><\/div><div class=\"columns column_1-2 last slide-content\"><h3>Meuble \u00e0 coudre<\/h3><p>Meuble con\u00e7u pour la couturi\u00e8re. Livr\u00e9 d\u00e9j\u00e0 complet avec les accessoires d\u00e9di\u00e9s. \u00c0 placer sous chaque machine \u00e0 coudre dans le d\u00e9partement couture.<\/p>\n<a href=\"\"  style=\"margin-top:40px;text-transform:uppercase; text-decoration:underline; font-weight:600;\" class=\"btn blue\" alt=\"\">D\u00e9couvrir plus<\/a><\/div><\/div><div class=\"item flex\"><div class=\"columns column_1-2 image\"><img decoding=\"async\" src=\"https:\/\/abcprato.it\/wp-content\/uploads\/2023\/06\/chariot-porte-rouleaux-pour-machine-de-decoupe-laser-CAD-800x600.jpg\" alt=\"chariot-porte-rouleaux-pour-machine-de-decoupe-laser-CAD\"><\/div><div class=\"columns column_1-2 last slide-content\"><h3>Chariot porte-rouleaux bas pour la d\u00e9coupe automatique <\/h3><p>Dans la production automobile, installez le chariot porte-rouleaux bas \u00e0 c\u00f4t\u00e9 de la table de d\u00e9coupe. Parfait pour le traitement en couches des \u00ab\u00a0matelas\u00a0\u00bb o\u00f9 plusieurs mat\u00e9riaux sont d\u00e9coup\u00e9s ensemble. Structure asym\u00e9trique qui optimise l&rsquo;espace dans le d\u00e9partement.<\/p>\n<a href=\"https:\/\/abcprato.it\/fr\/articles-faits-sur-mesure\/chariot-porte-rouleaux-bas-pour-decoupe-automatique\/\"  style=\"margin-top:40px;text-transform:uppercase; text-decoration:underline; font-weight:600;\" class=\"btn blue\" alt=\"\">D\u00e9couvrir plus<\/a><\/div><\/div><\/div><script type=\"text\/javascript\">\n  \t\t\t\t\t\t\t\t\tjQuery(document).ready(function($) {\n  \t\t\t\t\t\t\t\t\t$(\".automobile\").owlCarousel({\n  \t\t\t\t\t\t\t\t\tcenter: true,\n  \t\t\t\t\t\t\t\t\titems:1,\n  \t\t\t\t\t\t\t\t\tnav:true,\n  \t\t\t\t\t\t\t\t\tdots:true,\n  \t\t\t\t\t\t\t\t\tloop:true,\n  \t\t\t\t\t\t\t\t\tmargin:0,\n                    smartSpeed: 500,\n  \t\t\t\t\t\t\t\t\tautoplay:true,\n  \t\t\t\t\t\t\t\t\tautoplayTimeout:5000,\n  \t\t\t\t\t\t\t\t\tautoplayHoverPause:true,\n  \t\t\t\t\t\t\t\t\tnavText : [\"<i class=\\\"fas fa-chevron-left\\\"><\/i>\",\"<i class=\\\"fas fa-chevron-right\\\"><\/i>\"]\n  \t\t\t\t\t\t\t\t});});<\/script><\/div><\/div>\n\t\t\t\t\t\t<\/div>\n\t\t\t\t<\/div>\n\t\t\t\t\t<\/div>\n\t\t<\/div>\n\t\t\t\t\t<\/div>\n\t\t<\/section>\n\t\t\t\t<\/div>\n\t\t","protected":false},"excerpt":{"rendered":"<p>Automobile D\u00e9couvrez tous les \u00e9quipements ABC d\u00e9di\u00e9s au secteur automobile pour la production de si\u00e8ges et de tapisserie pour l&rsquo;int\u00e9rieur des voitures. Du chariot porte-rouleaux&#8230; <a class=\"read-more\" style=\"text-decoration:underline;\" href=\"https:\/\/abcprato.it\/fr\/slider\/automobile\/\">En savoir plus<\/a><\/p>\n","protected":false},"author":3,"featured_media":20118,"parent":7959,"menu_order":0,"comment_status":"closed","ping_status":"closed","template":"elementor_header_footer","meta":{"_acf_changed":false,"footnotes":""},"class_list":["post-12509","page","type-page","status-publish","has-post-thumbnail","hentry"],"acf":[],"yoast_head":"<!-- This site is optimized with the Yoast SEO plugin v27.2 - https:\/\/yoast.com\/product\/yoast-seo-wordpress\/ -->\n<title>Automobile - ABC Equipment &amp; Solutions<\/title>\n<meta name=\"description\" content=\"D\u00e9couvrez les \u00e9quipements ABC d\u00e9di\u00e9s au secteur automobile : chariots porte-peaux, porte-rouleaux, meubles pour EP et tables de travail.\" \/>\n<meta name=\"robots\" content=\"index, follow, max-snippet:-1, max-image-preview:large, max-video-preview:-1\" \/>\n<link rel=\"canonical\" href=\"https:\/\/abcprato.it\/fr\/domaines-d-application\/automobile\/\" \/>\n<meta property=\"og:locale\" content=\"fr_FR\" \/>\n<meta property=\"og:type\" content=\"article\" \/>\n<meta property=\"og:title\" content=\"Automobile - ABC Equipment &amp; Solutions\" \/>\n<meta property=\"og:description\" content=\"D\u00e9couvrez les \u00e9quipements ABC d\u00e9di\u00e9s au secteur automobile : chariots porte-peaux, porte-rouleaux, meubles pour EP et tables de travail.\" \/>\n<meta property=\"og:url\" content=\"https:\/\/abcprato.it\/fr\/domaines-d-application\/automobile\/\" \/>\n<meta property=\"og:site_name\" content=\"ABC Equipment &amp; Solutions\" \/>\n<meta property=\"article:modified_time\" content=\"2024-06-21T10:53:06+00:00\" \/>\n<meta property=\"og:image\" content=\"https:\/\/abcprato.it\/wp-content\/uploads\/2023\/11\/domaine-fabricant-automobile.jpg\" \/>\n\t<meta property=\"og:image:width\" content=\"1500\" \/>\n\t<meta property=\"og:image:height\" content=\"1000\" \/>\n\t<meta property=\"og:image:type\" content=\"image\/jpeg\" \/>\n<meta name=\"twitter:card\" content=\"summary_large_image\" \/>\n<meta name=\"twitter:label1\" content=\"Dur\u00e9e de lecture estim\u00e9e\" \/>\n\t<meta name=\"twitter:data1\" content=\"1 minute\" \/>\n<script type=\"application\/ld+json\" class=\"yoast-schema-graph\">{\"@context\":\"https:\/\/schema.org\",\"@graph\":[{\"@type\":\"WebPage\",\"@id\":\"https:\/\/abcprato.it\/fr\/domaines-d-application\/automobile\/\",\"url\":\"https:\/\/abcprato.it\/fr\/domaines-d-application\/automobile\/\",\"name\":\"Automobile - ABC Equipment &amp; Solutions\",\"isPartOf\":{\"@id\":\"https:\/\/abcprato.it\/fr\/#website\"},\"primaryImageOfPage\":{\"@id\":\"https:\/\/abcprato.it\/fr\/domaines-d-application\/automobile\/#primaryimage\"},\"image\":{\"@id\":\"https:\/\/abcprato.it\/fr\/domaines-d-application\/automobile\/#primaryimage\"},\"thumbnailUrl\":\"https:\/\/abcprato.it\/wp-content\/uploads\/2023\/11\/settore-produzione-automotive.jpg\",\"datePublished\":\"2022-11-02T14:04:19+00:00\",\"dateModified\":\"2024-06-21T10:53:06+00:00\",\"description\":\"D\u00e9couvrez les \u00e9quipements ABC d\u00e9di\u00e9s au secteur automobile : chariots porte-peaux, porte-rouleaux, meubles pour EP et tables de travail.\",\"breadcrumb\":{\"@id\":\"https:\/\/abcprato.it\/fr\/domaines-d-application\/automobile\/#breadcrumb\"},\"inLanguage\":\"fr-FR\",\"potentialAction\":[{\"@type\":\"ReadAction\",\"target\":[\"https:\/\/abcprato.it\/fr\/domaines-d-application\/automobile\/\"]}]},{\"@type\":\"ImageObject\",\"inLanguage\":\"fr-FR\",\"@id\":\"https:\/\/abcprato.it\/fr\/domaines-d-application\/automobile\/#primaryimage\",\"url\":\"https:\/\/abcprato.it\/wp-content\/uploads\/2023\/11\/settore-produzione-automotive.jpg\",\"contentUrl\":\"https:\/\/abcprato.it\/wp-content\/uploads\/2023\/11\/settore-produzione-automotive.jpg\",\"width\":1500,\"height\":1000,\"caption\":\"settore-produzione-automotive\"},{\"@type\":\"BreadcrumbList\",\"@id\":\"https:\/\/abcprato.it\/fr\/domaines-d-application\/automobile\/#breadcrumb\",\"itemListElement\":[{\"@type\":\"ListItem\",\"position\":1,\"name\":\"Home\",\"item\":\"https:\/\/abcprato.it\/fr\/\"},{\"@type\":\"ListItem\",\"position\":2,\"name\":\"Domaines\",\"item\":\"https:\/\/abcprato.it\/fr\/settori\/\"},{\"@type\":\"ListItem\",\"position\":3,\"name\":\"Automobile\"}]},{\"@type\":\"WebSite\",\"@id\":\"https:\/\/abcprato.it\/fr\/#website\",\"url\":\"https:\/\/abcprato.it\/fr\/\",\"name\":\"ABC Equipment &amp; Solutions\",\"description\":\"\",\"publisher\":{\"@id\":\"https:\/\/abcprato.it\/fr\/#organization\"},\"potentialAction\":[{\"@type\":\"SearchAction\",\"target\":{\"@type\":\"EntryPoint\",\"urlTemplate\":\"https:\/\/abcprato.it\/fr\/?s={search_term_string}\"},\"query-input\":{\"@type\":\"PropertyValueSpecification\",\"valueRequired\":true,\"valueName\":\"search_term_string\"}}],\"inLanguage\":\"fr-FR\"},{\"@type\":\"Organization\",\"@id\":\"https:\/\/abcprato.it\/fr\/#organization\",\"name\":\"ABC Equipment & Solutions\",\"url\":\"https:\/\/abcprato.it\/fr\/\",\"logo\":{\"@type\":\"ImageObject\",\"inLanguage\":\"fr-FR\",\"@id\":\"https:\/\/abcprato.it\/fr\/#\/schema\/logo\/image\/\",\"url\":\"https:\/\/abcprato.it\/wp-content\/uploads\/2021\/01\/ABC-logo-2021.svg\",\"contentUrl\":\"https:\/\/abcprato.it\/wp-content\/uploads\/2021\/01\/ABC-logo-2021.svg\",\"width\":1,\"height\":1,\"caption\":\"ABC Equipment & Solutions\"},\"image\":{\"@id\":\"https:\/\/abcprato.it\/fr\/#\/schema\/logo\/image\/\"}}]}<\/script>\n<!-- \/ Yoast SEO plugin. -->","yoast_head_json":{"title":"Automobile - ABC Equipment &amp; Solutions","description":"D\u00e9couvrez les \u00e9quipements ABC d\u00e9di\u00e9s au secteur automobile : chariots porte-peaux, porte-rouleaux, meubles pour EP et tables de travail.","robots":{"index":"index","follow":"follow","max-snippet":"max-snippet:-1","max-image-preview":"max-image-preview:large","max-video-preview":"max-video-preview:-1"},"canonical":"https:\/\/abcprato.it\/fr\/domaines-d-application\/automobile\/","og_locale":"fr_FR","og_type":"article","og_title":"Automobile - ABC Equipment &amp; Solutions","og_description":"D\u00e9couvrez les \u00e9quipements ABC d\u00e9di\u00e9s au secteur automobile : chariots porte-peaux, porte-rouleaux, meubles pour EP et tables de travail.","og_url":"https:\/\/abcprato.it\/fr\/domaines-d-application\/automobile\/","og_site_name":"ABC Equipment &amp; Solutions","article_modified_time":"2024-06-21T10:53:06+00:00","og_image":[{"width":1500,"height":1000,"url":"https:\/\/abcprato.it\/wp-content\/uploads\/2023\/11\/domaine-fabricant-automobile.jpg","type":"image\/jpeg"}],"twitter_card":"summary_large_image","twitter_misc":{"Dur\u00e9e de lecture estim\u00e9e":"1 minute"},"schema":{"@context":"https:\/\/schema.org","@graph":[{"@type":"WebPage","@id":"https:\/\/abcprato.it\/fr\/domaines-d-application\/automobile\/","url":"https:\/\/abcprato.it\/fr\/domaines-d-application\/automobile\/","name":"Automobile - ABC Equipment &amp; Solutions","isPartOf":{"@id":"https:\/\/abcprato.it\/fr\/#website"},"primaryImageOfPage":{"@id":"https:\/\/abcprato.it\/fr\/domaines-d-application\/automobile\/#primaryimage"},"image":{"@id":"https:\/\/abcprato.it\/fr\/domaines-d-application\/automobile\/#primaryimage"},"thumbnailUrl":"https:\/\/abcprato.it\/wp-content\/uploads\/2023\/11\/settore-produzione-automotive.jpg","datePublished":"2022-11-02T14:04:19+00:00","dateModified":"2024-06-21T10:53:06+00:00","description":"D\u00e9couvrez les \u00e9quipements ABC d\u00e9di\u00e9s au secteur automobile : chariots porte-peaux, porte-rouleaux, meubles pour EP et tables de travail.","breadcrumb":{"@id":"https:\/\/abcprato.it\/fr\/domaines-d-application\/automobile\/#breadcrumb"},"inLanguage":"fr-FR","potentialAction":[{"@type":"ReadAction","target":["https:\/\/abcprato.it\/fr\/domaines-d-application\/automobile\/"]}]},{"@type":"ImageObject","inLanguage":"fr-FR","@id":"https:\/\/abcprato.it\/fr\/domaines-d-application\/automobile\/#primaryimage","url":"https:\/\/abcprato.it\/wp-content\/uploads\/2023\/11\/settore-produzione-automotive.jpg","contentUrl":"https:\/\/abcprato.it\/wp-content\/uploads\/2023\/11\/settore-produzione-automotive.jpg","width":1500,"height":1000,"caption":"settore-produzione-automotive"},{"@type":"BreadcrumbList","@id":"https:\/\/abcprato.it\/fr\/domaines-d-application\/automobile\/#breadcrumb","itemListElement":[{"@type":"ListItem","position":1,"name":"Home","item":"https:\/\/abcprato.it\/fr\/"},{"@type":"ListItem","position":2,"name":"Domaines","item":"https:\/\/abcprato.it\/fr\/settori\/"},{"@type":"ListItem","position":3,"name":"Automobile"}]},{"@type":"WebSite","@id":"https:\/\/abcprato.it\/fr\/#website","url":"https:\/\/abcprato.it\/fr\/","name":"ABC Equipment &amp; Solutions","description":"","publisher":{"@id":"https:\/\/abcprato.it\/fr\/#organization"},"potentialAction":[{"@type":"SearchAction","target":{"@type":"EntryPoint","urlTemplate":"https:\/\/abcprato.it\/fr\/?s={search_term_string}"},"query-input":{"@type":"PropertyValueSpecification","valueRequired":true,"valueName":"search_term_string"}}],"inLanguage":"fr-FR"},{"@type":"Organization","@id":"https:\/\/abcprato.it\/fr\/#organization","name":"ABC Equipment & Solutions","url":"https:\/\/abcprato.it\/fr\/","logo":{"@type":"ImageObject","inLanguage":"fr-FR","@id":"https:\/\/abcprato.it\/fr\/#\/schema\/logo\/image\/","url":"https:\/\/abcprato.it\/wp-content\/uploads\/2021\/01\/ABC-logo-2021.svg","contentUrl":"https:\/\/abcprato.it\/wp-content\/uploads\/2021\/01\/ABC-logo-2021.svg","width":1,"height":1,"caption":"ABC Equipment & Solutions"},"image":{"@id":"https:\/\/abcprato.it\/fr\/#\/schema\/logo\/image\/"}}]}},"_links":{"self":[{"href":"https:\/\/abcprato.it\/fr\/wp-json\/wp\/v2\/pages\/12509","targetHints":{"allow":["GET"]}}],"collection":[{"href":"https:\/\/abcprato.it\/fr\/wp-json\/wp\/v2\/pages"}],"about":[{"href":"https:\/\/abcprato.it\/fr\/wp-json\/wp\/v2\/types\/page"}],"author":[{"embeddable":true,"href":"https:\/\/abcprato.it\/fr\/wp-json\/wp\/v2\/users\/3"}],"replies":[{"embeddable":true,"href":"https:\/\/abcprato.it\/fr\/wp-json\/wp\/v2\/comments?post=12509"}],"version-history":[{"count":23,"href":"https:\/\/abcprato.it\/fr\/wp-json\/wp\/v2\/pages\/12509\/revisions"}],"predecessor-version":[{"id":21668,"href":"https:\/\/abcprato.it\/fr\/wp-json\/wp\/v2\/pages\/12509\/revisions\/21668"}],"up":[{"embeddable":true,"href":"https:\/\/abcprato.it\/fr\/wp-json\/wp\/v2\/pages\/7959"}],"wp:featuredmedia":[{"embeddable":true,"href":"https:\/\/abcprato.it\/fr\/wp-json\/wp\/v2\/media\/20118"}],"wp:attachment":[{"href":"https:\/\/abcprato.it\/fr\/wp-json\/wp\/v2\/media?parent=12509"}],"curies":[{"name":"wp","href":"https:\/\/api.w.org\/{rel}","templated":true}]}}