{"id":20806,"date":"2023-11-20T12:40:39","date_gmt":"2023-11-20T11:40:39","guid":{"rendered":"https:\/\/abcprato.it\/?page_id=20806"},"modified":"2025-02-28T16:22:15","modified_gmt":"2025-02-28T15:22:15","slug":"textile","status":"publish","type":"page","link":"https:\/\/abcprato.it\/fr\/domaines-d-application\/textile\/","title":{"rendered":"Textile"},"content":{"rendered":"\t\t<div data-elementor-type=\"wp-page\" data-elementor-id=\"20806\" class=\"elementor elementor-20806 elementor-20282\" data-elementor-post-type=\"page\">\n\t\t\t\t\t\t<section class=\"elementor-section elementor-top-section elementor-element elementor-element-1a7a384 elementor-section-boxed elementor-section-height-default elementor-section-height-default\" data-id=\"1a7a384\" data-element_type=\"section\" data-e-type=\"section\" data-settings=\"{&quot;background_background&quot;:&quot;classic&quot;}\">\n\t\t\t\t\t\t\t<div class=\"elementor-background-overlay\"><\/div>\n\t\t\t\t\t\t\t<div class=\"elementor-container elementor-column-gap-default\">\n\t\t\t\t\t<div class=\"elementor-column elementor-col-100 elementor-top-column elementor-element elementor-element-73a2121\" data-id=\"73a2121\" data-element_type=\"column\" data-e-type=\"column\">\n\t\t\t<div class=\"elementor-widget-wrap elementor-element-populated\">\n\t\t\t\t\t\t<div class=\"elementor-element elementor-element-76ee643 elementor-widget elementor-widget-image\" data-id=\"76ee643\" data-element_type=\"widget\" data-e-type=\"widget\" data-widget_type=\"image.default\">\n\t\t\t\t<div class=\"elementor-widget-container\">\n\t\t\t\t\t\t\t\t\t\t\t\t\t\t\t<img decoding=\"async\" width=\"65\" height=\"65\" src=\"https:\/\/abcprato.it\/wp-content\/uploads\/2023\/11\/ICONE_tessile-2.svg\" class=\"attachment-full size-full wp-image-21183\" alt=\"\" \/>\t\t\t\t\t\t\t\t\t\t\t\t\t\t\t<\/div>\n\t\t\t\t<\/div>\n\t\t\t\t<div class=\"elementor-element elementor-element-ebc57dd elementor-widget elementor-widget-heading\" data-id=\"ebc57dd\" data-element_type=\"widget\" data-e-type=\"widget\" data-widget_type=\"heading.default\">\n\t\t\t\t<div class=\"elementor-widget-container\">\n\t\t\t\t\t<h2 class=\"elementor-heading-title elementor-size-default\">Textile<\/h2>\t\t\t\t<\/div>\n\t\t\t\t<\/div>\n\t\t\t\t<div class=\"elementor-element elementor-element-8c1dd82 elementor-widget elementor-widget-text-editor\" data-id=\"8c1dd82\" data-element_type=\"widget\" data-e-type=\"widget\" data-widget_type=\"text-editor.default\">\n\t\t\t\t<div class=\"elementor-widget-container\">\n\t\t\t\t\t\t\t\t\t<p style=\"text-align: center;\"><em>D\u00e9couvrez tous les \u00e9quipements ABC d\u00e9di\u00e9s au secteur textile pour manipuler des rouleaux de tissu <br \/>de diff\u00e9rentes mati\u00e8res et plus, en am\u00e9liorant les temps et les m\u00e9thodes de production.<\/em><\/p><p style=\"text-align: center;\"><em>Du chariot porte-rouleaux \u00e0 la table de travail en passant par le meuble horizontal ou vertical si vous utilisez des emporte-pi\u00e8ces. \u00a0\u00a0<br \/><\/em><em>Voici tous les produits d\u00e9di\u00e9s au secteur textile.<\/em><\/p>\t\t\t\t\t\t\t\t<\/div>\n\t\t\t\t<\/div>\n\t\t\t\t\t<\/div>\n\t\t<\/div>\n\t\t\t\t\t<\/div>\n\t\t<\/section>\n\t\t\t\t<section class=\"elementor-section elementor-top-section elementor-element elementor-element-a704bc2 elementor-section-boxed elementor-section-height-default elementor-section-height-default\" data-id=\"a704bc2\" data-element_type=\"section\" data-e-type=\"section\">\n\t\t\t\t\t\t<div class=\"elementor-container elementor-column-gap-default\">\n\t\t\t\t\t<div class=\"elementor-column elementor-col-100 elementor-top-column elementor-element elementor-element-a5d9c70\" data-id=\"a5d9c70\" data-element_type=\"column\" data-e-type=\"column\">\n\t\t\t<div class=\"elementor-widget-wrap elementor-element-populated\">\n\t\t\t\t\t\t<div class=\"elementor-element elementor-element-1183d62 elementor-widget elementor-widget-shortcode\" data-id=\"1183d62\" data-element_type=\"widget\" data-e-type=\"widget\" data-widget_type=\"shortcode.default\">\n\t\t\t\t<div class=\"elementor-widget-container\">\n\t\t\t\t\t\t\t<div class=\"elementor-shortcode\"><div class=\"slider \"><div class=\"textile owl-carousel owl-theme sector\"><div class=\"item flex\"><div class=\"columns column_1-2 image\"><img decoding=\"async\" src=\"https:\/\/abcprato.it\/wp-content\/uploads\/2023\/11\/chariot-porte-rouleaux-800x600.jpg\" alt=\"chariot-porte-rouleaux\"><\/div><div class=\"columns column_1-2 last slide-content\"><h3>Chariot porte-rouleaux<\/h3><p>Le chariot porte-rouleaux permet de ranger les rouleaux de tout le type de tissu. Permet de manipuler jusqu&rsquo;\u00e0 8 rouleaux dans un espace restreint. \u00c9quip\u00e9 de roues anti-fil pour assurer une maniabilit\u00e9 confortable dans l\u2019atelier.<\/p>\n<a href=\"https:\/\/abcprato.it\/fr\/chariots\/chariot-porte-rouleaux\/\"  style=\"margin-top:40px;text-transform:uppercase; text-decoration:underline; font-weight:600;\" class=\"btn blue\" alt=\"\">D\u00e9couvrir plus<\/a><\/div><\/div><div class=\"item flex\"><div class=\"columns column_1-2 image\"><img decoding=\"async\" src=\"https:\/\/abcprato.it\/wp-content\/uploads\/2024\/07\/meuble-pour-EP-maroquinerie-800x600.jpg\" alt=\"meuble-pour-EP-maroquinerie\"><\/div><div class=\"columns column_1-2 last slide-content\"><h3>Meuble horizontal pour emporte-pi\u00e8ces<\/h3><p>Placez toutes les EP utilis\u00e9es, grands et petits, dans le meuble horizontal. Placez-les dans le d\u00e9partement de d\u00e9coupe, \u00e0 c\u00f4t\u00e9 de presse hydraulique.<\/p>\n<a href=\"https:\/\/abcprato.it\/fr\/rangement-a-ep\/meuble-horizontal-pour-emporte-pieces\/\"  style=\"margin-top:40px;text-transform:uppercase; text-decoration:underline; font-weight:600;\" class=\"btn blue\" alt=\"\">D\u00e9couvrir plus<\/a><\/div><\/div><div class=\"item flex\"><div class=\"columns column_1-2 image\"><img decoding=\"async\" src=\"https:\/\/abcprato.it\/wp-content\/uploads\/2023\/11\/meuble-vertical-ferme-800x600.jpg\" alt=\"meuble-vertical-ferme\"><\/div><div class=\"columns column_1-2 last slide-content\"><h3>Meuble vertical pour emporte-pi\u00e8ces<\/h3><p>Stockez tous les jeux de emporte-pi\u00e8ces, m\u00eame les moins utilis\u00e9s, \u00e0 l&rsquo;int\u00e9rieur du meuble vertical. Placez-le dans le d\u00e9partement de stockage ou de production.<\/p>\n<a href=\"\"  style=\"margin-top:40px;text-transform:uppercase; text-decoration:underline; font-weight:600;\" class=\"btn blue\" alt=\"\">D\u00e9couvrir plus<\/a><\/div><\/div><div class=\"item flex\"><div class=\"columns column_1-2 image\"><img decoding=\"async\" src=\"https:\/\/abcprato.it\/wp-content\/uploads\/2023\/11\/table-de-travail-modelage-departement-800x600.jpg\" alt=\"table-de-travail-modelage-departement\"><\/div><div class=\"columns column_1-2 last slide-content\"><h3>Table de travail <\/h3><p>Table id\u00e9ale pour chaque \u00e9tape de travail du secteur textile. Les \u00e9tag\u00e8res sont en bois durable et la structure est en acier peint en blanc.<br \/>\nPermet de r\u00e9gler la hauteur en fonction de l&rsquo;op\u00e9rateur et du type de t\u00e2che \u00e0 effectuer.<\/p>\n<a href=\"https:\/\/abcprato.it\/fr\/ameublement\/table-de-travail\/\"  style=\"margin-top:40px;text-transform:uppercase; text-decoration:underline; font-weight:600;\" class=\"btn blue\" alt=\"\">D\u00e9couvrir plus<\/a><\/div><\/div><div class=\"item flex\"><div class=\"columns column_1-2 image\"><img decoding=\"async\" src=\"https:\/\/abcprato.it\/wp-content\/uploads\/2023\/11\/meuble-a-coudre-textile-800x600.jpg\" alt=\"meuble-a-coudre-textile\"><\/div><div class=\"columns column_1-2 last slide-content\"><h3>Meuble \u00e0 coudre<\/h3><p>Id\u00e9al pour la couturi\u00e8re. Le meuble \u00e0 coudre est livr\u00e9 avec des accessoires d\u00e9di\u00e9s tels que des supports de canette, de bobine et de c\u00f4ne. Placez-le sous chaque machine \u00e0 coudre dans le d\u00e9partement de couture.<\/p>\n<a href=\"\"  style=\"margin-top:40px;text-transform:uppercase; text-decoration:underline; font-weight:600;\" class=\"btn blue\" alt=\"\">D\u00e9couvrir plus<\/a><\/div><\/div><\/div><script type=\"text\/javascript\">\n  \t\t\t\t\t\t\t\t\tjQuery(document).ready(function($) {\n  \t\t\t\t\t\t\t\t\t$(\".textile\").owlCarousel({\n  \t\t\t\t\t\t\t\t\tcenter: true,\n  \t\t\t\t\t\t\t\t\titems:1,\n  \t\t\t\t\t\t\t\t\tnav:true,\n  \t\t\t\t\t\t\t\t\tdots:true,\n  \t\t\t\t\t\t\t\t\tloop:true,\n  \t\t\t\t\t\t\t\t\tmargin:0,\n                    smartSpeed: 500,\n  \t\t\t\t\t\t\t\t\tautoplay:true,\n  \t\t\t\t\t\t\t\t\tautoplayTimeout:5000,\n  \t\t\t\t\t\t\t\t\tautoplayHoverPause:true,\n  \t\t\t\t\t\t\t\t\tnavText : [\"<i class=\\\"fas fa-chevron-left\\\"><\/i>\",\"<i class=\\\"fas fa-chevron-right\\\"><\/i>\"]\n  \t\t\t\t\t\t\t\t});});<\/script><\/div><\/div>\n\t\t\t\t\t\t<\/div>\n\t\t\t\t<\/div>\n\t\t\t\t\t<\/div>\n\t\t<\/div>\n\t\t\t\t\t<\/div>\n\t\t<\/section>\n\t\t\t\t<\/div>\n\t\t","protected":false},"excerpt":{"rendered":"<p>Textile D\u00e9couvrez tous les \u00e9quipements ABC d\u00e9di\u00e9s au secteur textile pour manipuler des rouleaux de tissu de diff\u00e9rentes mati\u00e8res et plus, en am\u00e9liorant les temps&#8230; <a class=\"read-more\" style=\"text-decoration:underline;\" href=\"https:\/\/abcprato.it\/fr\/slider\/textile\/\">En savoir plus<\/a><\/p>\n","protected":false},"author":3,"featured_media":20237,"parent":7959,"menu_order":0,"comment_status":"closed","ping_status":"closed","template":"elementor_header_footer","meta":{"_acf_changed":false,"footnotes":""},"class_list":["post-20806","page","type-page","status-publish","has-post-thumbnail","hentry"],"acf":[],"yoast_head":"<!-- This site is optimized with the Yoast SEO plugin v27.2 - https:\/\/yoast.com\/product\/yoast-seo-wordpress\/ -->\n<title>Textile - ABC Equipment &amp; Solutions<\/title>\n<meta name=\"description\" content=\"D\u00e9couvrez tous les \u00e9quipements ABC d\u00e9di\u00e9s au secteur textile : chariot porte-rouleaux, meuble pour emporte-pi\u00e8ces et table de travail.\" \/>\n<meta name=\"robots\" content=\"index, follow, max-snippet:-1, max-image-preview:large, max-video-preview:-1\" \/>\n<link rel=\"canonical\" href=\"https:\/\/abcprato.it\/fr\/domaines-d-application\/textile\/\" \/>\n<meta property=\"og:locale\" content=\"fr_FR\" \/>\n<meta property=\"og:type\" content=\"article\" \/>\n<meta property=\"og:title\" content=\"Textile - ABC Equipment &amp; Solutions\" \/>\n<meta property=\"og:description\" content=\"D\u00e9couvrez tous les \u00e9quipements ABC d\u00e9di\u00e9s au secteur textile : chariot porte-rouleaux, meuble pour emporte-pi\u00e8ces et table de travail.\" \/>\n<meta property=\"og:url\" content=\"https:\/\/abcprato.it\/fr\/domaines-d-application\/textile\/\" \/>\n<meta property=\"og:site_name\" content=\"ABC Equipment &amp; Solutions\" \/>\n<meta property=\"article:modified_time\" content=\"2025-02-28T15:22:15+00:00\" \/>\n<meta property=\"og:image\" content=\"https:\/\/abcprato.it\/wp-content\/uploads\/2023\/11\/settore-produzione-tessile.jpg\" \/>\n\t<meta property=\"og:image:width\" content=\"1500\" \/>\n\t<meta property=\"og:image:height\" content=\"1000\" \/>\n\t<meta property=\"og:image:type\" content=\"image\/jpeg\" \/>\n<meta name=\"twitter:card\" content=\"summary_large_image\" \/>\n<meta name=\"twitter:label1\" content=\"Dur\u00e9e de lecture estim\u00e9e\" \/>\n\t<meta name=\"twitter:data1\" content=\"1 minute\" \/>\n<script type=\"application\/ld+json\" class=\"yoast-schema-graph\">{\"@context\":\"https:\/\/schema.org\",\"@graph\":[{\"@type\":\"WebPage\",\"@id\":\"https:\/\/abcprato.it\/fr\/domaines-d-application\/textile\/\",\"url\":\"https:\/\/abcprato.it\/fr\/domaines-d-application\/textile\/\",\"name\":\"Textile - ABC Equipment &amp; Solutions\",\"isPartOf\":{\"@id\":\"https:\/\/abcprato.it\/fr\/#website\"},\"primaryImageOfPage\":{\"@id\":\"https:\/\/abcprato.it\/fr\/domaines-d-application\/textile\/#primaryimage\"},\"image\":{\"@id\":\"https:\/\/abcprato.it\/fr\/domaines-d-application\/textile\/#primaryimage\"},\"thumbnailUrl\":\"https:\/\/abcprato.it\/wp-content\/uploads\/2023\/11\/settore-produzione-tessile.jpg\",\"datePublished\":\"2023-11-20T11:40:39+00:00\",\"dateModified\":\"2025-02-28T15:22:15+00:00\",\"description\":\"D\u00e9couvrez tous les \u00e9quipements ABC d\u00e9di\u00e9s au secteur textile : chariot porte-rouleaux, meuble pour emporte-pi\u00e8ces et table de travail.\",\"breadcrumb\":{\"@id\":\"https:\/\/abcprato.it\/fr\/domaines-d-application\/textile\/#breadcrumb\"},\"inLanguage\":\"fr-FR\",\"potentialAction\":[{\"@type\":\"ReadAction\",\"target\":[\"https:\/\/abcprato.it\/fr\/domaines-d-application\/textile\/\"]}]},{\"@type\":\"ImageObject\",\"inLanguage\":\"fr-FR\",\"@id\":\"https:\/\/abcprato.it\/fr\/domaines-d-application\/textile\/#primaryimage\",\"url\":\"https:\/\/abcprato.it\/wp-content\/uploads\/2023\/11\/settore-produzione-tessile.jpg\",\"contentUrl\":\"https:\/\/abcprato.it\/wp-content\/uploads\/2023\/11\/settore-produzione-tessile.jpg\",\"width\":1500,\"height\":1000,\"caption\":\"settore-produzione-tessile\"},{\"@type\":\"BreadcrumbList\",\"@id\":\"https:\/\/abcprato.it\/fr\/domaines-d-application\/textile\/#breadcrumb\",\"itemListElement\":[{\"@type\":\"ListItem\",\"position\":1,\"name\":\"Home\",\"item\":\"https:\/\/abcprato.it\/fr\/\"},{\"@type\":\"ListItem\",\"position\":2,\"name\":\"Domaines\",\"item\":\"https:\/\/abcprato.it\/fr\/settori\/\"},{\"@type\":\"ListItem\",\"position\":3,\"name\":\"Textile\"}]},{\"@type\":\"WebSite\",\"@id\":\"https:\/\/abcprato.it\/fr\/#website\",\"url\":\"https:\/\/abcprato.it\/fr\/\",\"name\":\"ABC Equipment &amp; Solutions\",\"description\":\"\",\"publisher\":{\"@id\":\"https:\/\/abcprato.it\/fr\/#organization\"},\"potentialAction\":[{\"@type\":\"SearchAction\",\"target\":{\"@type\":\"EntryPoint\",\"urlTemplate\":\"https:\/\/abcprato.it\/fr\/?s={search_term_string}\"},\"query-input\":{\"@type\":\"PropertyValueSpecification\",\"valueRequired\":true,\"valueName\":\"search_term_string\"}}],\"inLanguage\":\"fr-FR\"},{\"@type\":\"Organization\",\"@id\":\"https:\/\/abcprato.it\/fr\/#organization\",\"name\":\"ABC Equipment & Solutions\",\"url\":\"https:\/\/abcprato.it\/fr\/\",\"logo\":{\"@type\":\"ImageObject\",\"inLanguage\":\"fr-FR\",\"@id\":\"https:\/\/abcprato.it\/fr\/#\/schema\/logo\/image\/\",\"url\":\"https:\/\/abcprato.it\/wp-content\/uploads\/2021\/01\/ABC-logo-2021.svg\",\"contentUrl\":\"https:\/\/abcprato.it\/wp-content\/uploads\/2021\/01\/ABC-logo-2021.svg\",\"width\":1,\"height\":1,\"caption\":\"ABC Equipment & Solutions\"},\"image\":{\"@id\":\"https:\/\/abcprato.it\/fr\/#\/schema\/logo\/image\/\"}}]}<\/script>\n<!-- \/ Yoast SEO plugin. -->","yoast_head_json":{"title":"Textile - ABC Equipment &amp; Solutions","description":"D\u00e9couvrez tous les \u00e9quipements ABC d\u00e9di\u00e9s au secteur textile : chariot porte-rouleaux, meuble pour emporte-pi\u00e8ces et table de travail.","robots":{"index":"index","follow":"follow","max-snippet":"max-snippet:-1","max-image-preview":"max-image-preview:large","max-video-preview":"max-video-preview:-1"},"canonical":"https:\/\/abcprato.it\/fr\/domaines-d-application\/textile\/","og_locale":"fr_FR","og_type":"article","og_title":"Textile - ABC Equipment &amp; Solutions","og_description":"D\u00e9couvrez tous les \u00e9quipements ABC d\u00e9di\u00e9s au secteur textile : chariot porte-rouleaux, meuble pour emporte-pi\u00e8ces et table de travail.","og_url":"https:\/\/abcprato.it\/fr\/domaines-d-application\/textile\/","og_site_name":"ABC Equipment &amp; Solutions","article_modified_time":"2025-02-28T15:22:15+00:00","og_image":[{"width":1500,"height":1000,"url":"https:\/\/abcprato.it\/wp-content\/uploads\/2023\/11\/settore-produzione-tessile.jpg","type":"image\/jpeg"}],"twitter_card":"summary_large_image","twitter_misc":{"Dur\u00e9e de lecture estim\u00e9e":"1 minute"},"schema":{"@context":"https:\/\/schema.org","@graph":[{"@type":"WebPage","@id":"https:\/\/abcprato.it\/fr\/domaines-d-application\/textile\/","url":"https:\/\/abcprato.it\/fr\/domaines-d-application\/textile\/","name":"Textile - ABC Equipment &amp; Solutions","isPartOf":{"@id":"https:\/\/abcprato.it\/fr\/#website"},"primaryImageOfPage":{"@id":"https:\/\/abcprato.it\/fr\/domaines-d-application\/textile\/#primaryimage"},"image":{"@id":"https:\/\/abcprato.it\/fr\/domaines-d-application\/textile\/#primaryimage"},"thumbnailUrl":"https:\/\/abcprato.it\/wp-content\/uploads\/2023\/11\/settore-produzione-tessile.jpg","datePublished":"2023-11-20T11:40:39+00:00","dateModified":"2025-02-28T15:22:15+00:00","description":"D\u00e9couvrez tous les \u00e9quipements ABC d\u00e9di\u00e9s au secteur textile : chariot porte-rouleaux, meuble pour emporte-pi\u00e8ces et table de travail.","breadcrumb":{"@id":"https:\/\/abcprato.it\/fr\/domaines-d-application\/textile\/#breadcrumb"},"inLanguage":"fr-FR","potentialAction":[{"@type":"ReadAction","target":["https:\/\/abcprato.it\/fr\/domaines-d-application\/textile\/"]}]},{"@type":"ImageObject","inLanguage":"fr-FR","@id":"https:\/\/abcprato.it\/fr\/domaines-d-application\/textile\/#primaryimage","url":"https:\/\/abcprato.it\/wp-content\/uploads\/2023\/11\/settore-produzione-tessile.jpg","contentUrl":"https:\/\/abcprato.it\/wp-content\/uploads\/2023\/11\/settore-produzione-tessile.jpg","width":1500,"height":1000,"caption":"settore-produzione-tessile"},{"@type":"BreadcrumbList","@id":"https:\/\/abcprato.it\/fr\/domaines-d-application\/textile\/#breadcrumb","itemListElement":[{"@type":"ListItem","position":1,"name":"Home","item":"https:\/\/abcprato.it\/fr\/"},{"@type":"ListItem","position":2,"name":"Domaines","item":"https:\/\/abcprato.it\/fr\/settori\/"},{"@type":"ListItem","position":3,"name":"Textile"}]},{"@type":"WebSite","@id":"https:\/\/abcprato.it\/fr\/#website","url":"https:\/\/abcprato.it\/fr\/","name":"ABC Equipment &amp; Solutions","description":"","publisher":{"@id":"https:\/\/abcprato.it\/fr\/#organization"},"potentialAction":[{"@type":"SearchAction","target":{"@type":"EntryPoint","urlTemplate":"https:\/\/abcprato.it\/fr\/?s={search_term_string}"},"query-input":{"@type":"PropertyValueSpecification","valueRequired":true,"valueName":"search_term_string"}}],"inLanguage":"fr-FR"},{"@type":"Organization","@id":"https:\/\/abcprato.it\/fr\/#organization","name":"ABC Equipment & Solutions","url":"https:\/\/abcprato.it\/fr\/","logo":{"@type":"ImageObject","inLanguage":"fr-FR","@id":"https:\/\/abcprato.it\/fr\/#\/schema\/logo\/image\/","url":"https:\/\/abcprato.it\/wp-content\/uploads\/2021\/01\/ABC-logo-2021.svg","contentUrl":"https:\/\/abcprato.it\/wp-content\/uploads\/2021\/01\/ABC-logo-2021.svg","width":1,"height":1,"caption":"ABC Equipment & Solutions"},"image":{"@id":"https:\/\/abcprato.it\/fr\/#\/schema\/logo\/image\/"}}]}},"_links":{"self":[{"href":"https:\/\/abcprato.it\/fr\/wp-json\/wp\/v2\/pages\/20806","targetHints":{"allow":["GET"]}}],"collection":[{"href":"https:\/\/abcprato.it\/fr\/wp-json\/wp\/v2\/pages"}],"about":[{"href":"https:\/\/abcprato.it\/fr\/wp-json\/wp\/v2\/types\/page"}],"author":[{"embeddable":true,"href":"https:\/\/abcprato.it\/fr\/wp-json\/wp\/v2\/users\/3"}],"replies":[{"embeddable":true,"href":"https:\/\/abcprato.it\/fr\/wp-json\/wp\/v2\/comments?post=20806"}],"version-history":[{"count":18,"href":"https:\/\/abcprato.it\/fr\/wp-json\/wp\/v2\/pages\/20806\/revisions"}],"predecessor-version":[{"id":32794,"href":"https:\/\/abcprato.it\/fr\/wp-json\/wp\/v2\/pages\/20806\/revisions\/32794"}],"up":[{"embeddable":true,"href":"https:\/\/abcprato.it\/fr\/wp-json\/wp\/v2\/pages\/7959"}],"wp:featuredmedia":[{"embeddable":true,"href":"https:\/\/abcprato.it\/fr\/wp-json\/wp\/v2\/media\/20237"}],"wp:attachment":[{"href":"https:\/\/abcprato.it\/fr\/wp-json\/wp\/v2\/media?parent=20806"}],"curies":[{"name":"wp","href":"https:\/\/api.w.org\/{rel}","templated":true}]}}