{"id":36437,"date":"2025-12-09T13:23:46","date_gmt":"2025-12-09T12:23:46","guid":{"rendered":"https:\/\/abcprato.it\/zone-reservee\/"},"modified":"2025-12-09T13:26:44","modified_gmt":"2025-12-09T12:26:44","slug":"zone-reservee","status":"publish","type":"page","link":"https:\/\/abcprato.it\/fr\/zone-reservee\/","title":{"rendered":"Zone r\u00e9serv\u00e9e"},"content":{"rendered":"\t\t<div data-elementor-type=\"wp-page\" data-elementor-id=\"36437\" class=\"elementor elementor-36437 elementor-36429\" data-elementor-post-type=\"page\">\n\t\t\t\t<div class=\"elementor-element elementor-element-0d02ee3 e-flex e-con-boxed e-con e-parent\" data-id=\"0d02ee3\" data-element_type=\"container\" data-e-type=\"container\">\n\t\t\t\t\t<div class=\"e-con-inner\">\n\t\t<div class=\"elementor-element elementor-element-f54666b e-con-full e-flex e-con e-child\" data-id=\"f54666b\" data-element_type=\"container\" data-e-type=\"container\">\n\t\t\t\t<div class=\"elementor-element elementor-element-95ad46d elementor-widget elementor-widget-text-editor\" data-id=\"95ad46d\" data-element_type=\"widget\" data-e-type=\"widget\" data-widget_type=\"text-editor.default\">\n\t\t\t\t<div class=\"elementor-widget-container\">\n\t\t\t\t\t\t\t\t\t<h1 style=\"text-align: center;\">Zone r\u00e9serv\u00e9e<\/h1>\t\t\t\t\t\t\t\t<\/div>\n\t\t\t\t<\/div>\n\t\t\t\t<\/div>\n\t\t\t\t\t<\/div>\n\t\t\t\t<\/div>\n\t\t<div class=\"elementor-element elementor-element-2c17ea5 e-flex e-con-boxed e-con e-parent\" data-id=\"2c17ea5\" data-element_type=\"container\" data-e-type=\"container\">\n\t\t\t\t\t<div class=\"e-con-inner\">\n\t\t\t\t<div class=\"elementor-element elementor-element-b0faa01 elementor-widget elementor-widget-shortcode\" data-id=\"b0faa01\" data-element_type=\"widget\" data-e-type=\"widget\" data-widget_type=\"shortcode.default\">\n\t\t\t\t<div class=\"elementor-widget-container\">\n\t\t\t\t\t\t\t<div class=\"elementor-shortcode\">        <style>\n            .area-riservata-login-wrapper {\n                max-width: 400px;\n                margin: 0 auto;\n                padding: 20px;\n                border: 1px solid #eee;\n                border-radius: 6px;\n                background: #fafafa;\n            }\n            .area-riservata-login-wrapper h2 {\n                margin-top: 0;\n                margin-bottom: 10px;\n            }\n            .area-riservata-login-message {\n                margin-bottom: 15px;\n            }\n            .area-riservata-login-extra {\n                margin-top: 15px;\n                font-size: 0.9em;\n            }\n            .area-riservata-login-extra a {\n                text-decoration: underline;\n            }\n            .area-riservata-logout-message {\n                margin-bottom: 10px;\n                color: #008000;\n                font-size: 0.9em;\n            }\n        <\/style>\n\n        <div class=\"area-riservata-login-wrapper\">\n            <h2>Espace r\u00e9serv\u00e9<\/h2>\n                        <p class=\"area-riservata-login-message\">\n                Vous devez vous connecter pour acc\u00e9der aux documents r\u00e9serv\u00e9s.            <\/p>\n\n            <form name=\"loginform\" id=\"loginform\" action=\"https:\/\/abcprato.it\/wp-login.php\" method=\"post\"><p class=\"login-username\">\n\t\t\t\t<label for=\"user_login\">Identifiant ou e-mail<\/label>\n\t\t\t\t<input type=\"text\" name=\"log\" id=\"user_login\" autocomplete=\"username\" class=\"input\" value=\"\" size=\"20\" \/>\n\t\t\t<\/p><p class=\"login-password\">\n\t\t\t\t<label for=\"user_pass\">Mot de passe<\/label>\n\t\t\t\t<input type=\"password\" name=\"pwd\" id=\"user_pass\" autocomplete=\"current-password\" spellcheck=\"false\" class=\"input\" value=\"\" size=\"20\" \/>\n\t\t\t<\/p><p class=\"login-remember\"><label><input name=\"rememberme\" type=\"checkbox\" id=\"rememberme\" value=\"forever\" \/> Se souvenir de moi<\/label><\/p><p class=\"login-submit\">\n\t\t\t\t<input type=\"submit\" name=\"wp-submit\" id=\"wp-submit\" class=\"button button-primary\" value=\"Se connecter\" \/>\n\t\t\t\t<input type=\"hidden\" name=\"redirect_to\" value=\"https:\/\/abcprato.it\/fr\/zone-reservee\/\" \/>\n\t\t\t<\/p><\/form>\n            <div class=\"area-riservata-login-extra\">\n                <p>\n                    <a href=\"https:\/\/abcprato.it\/wp-login.php?action=lostpassword&#038;redirect_to=https%3A%2F%2Fabcprato.it%2Ffr%2Fzone-reservee%2F\">\n                        Mot de passe oubli\u00e9 ?                    <\/a>\n                <\/p>\n                            <\/div>\n        <\/div>\n        <\/div>\n\t\t\t\t\t\t<\/div>\n\t\t\t\t<\/div>\n\t\t\t\t\t<\/div>\n\t\t\t\t<\/div>\n\t\t\t\t<\/div>\n\t\t","protected":false},"excerpt":{"rendered":"<p>Zone r\u00e9serv\u00e9e<\/p>\n","protected":false},"author":3,"featured_media":0,"parent":0,"menu_order":0,"comment_status":"closed","ping_status":"closed","template":"elementor_header_footer","meta":{"_acf_changed":false,"footnotes":""},"class_list":["post-36437","page","type-page","status-publish","hentry"],"acf":[],"yoast_head":"<!-- This site is optimized with the Yoast SEO plugin v27.2 - https:\/\/yoast.com\/product\/yoast-seo-wordpress\/ -->\n<title>Zone r\u00e9serv\u00e9e - ABC Equipment &amp; Solutions<\/title>\n<meta name=\"robots\" content=\"index, follow, max-snippet:-1, max-image-preview:large, max-video-preview:-1\" \/>\n<link rel=\"canonical\" href=\"https:\/\/abcprato.it\/fr\/zone-reservee\/\" \/>\n<meta property=\"og:locale\" content=\"fr_FR\" \/>\n<meta property=\"og:type\" content=\"article\" \/>\n<meta property=\"og:title\" content=\"Zone r\u00e9serv\u00e9e - ABC Equipment &amp; Solutions\" \/>\n<meta property=\"og:description\" content=\"Zone r\u00e9serv\u00e9e\" \/>\n<meta property=\"og:url\" content=\"https:\/\/abcprato.it\/fr\/zone-reservee\/\" \/>\n<meta property=\"og:site_name\" content=\"ABC Equipment &amp; Solutions\" \/>\n<meta property=\"article:modified_time\" content=\"2025-12-09T12:26:44+00:00\" \/>\n<meta name=\"twitter:card\" content=\"summary_large_image\" \/>\n<script type=\"application\/ld+json\" class=\"yoast-schema-graph\">{\"@context\":\"https:\/\/schema.org\",\"@graph\":[{\"@type\":\"WebPage\",\"@id\":\"https:\/\/abcprato.it\/fr\/zone-reservee\/\",\"url\":\"https:\/\/abcprato.it\/fr\/zone-reservee\/\",\"name\":\"Zone r\u00e9serv\u00e9e - ABC Equipment &amp; Solutions\",\"isPartOf\":{\"@id\":\"https:\/\/abcprato.it\/fr\/#website\"},\"datePublished\":\"2025-12-09T12:23:46+00:00\",\"dateModified\":\"2025-12-09T12:26:44+00:00\",\"breadcrumb\":{\"@id\":\"https:\/\/abcprato.it\/fr\/zone-reservee\/#breadcrumb\"},\"inLanguage\":\"fr-FR\",\"potentialAction\":[{\"@type\":\"ReadAction\",\"target\":[\"https:\/\/abcprato.it\/fr\/zone-reservee\/\"]}]},{\"@type\":\"BreadcrumbList\",\"@id\":\"https:\/\/abcprato.it\/fr\/zone-reservee\/#breadcrumb\",\"itemListElement\":[{\"@type\":\"ListItem\",\"position\":1,\"name\":\"Home\",\"item\":\"https:\/\/abcprato.it\/fr\/\"},{\"@type\":\"ListItem\",\"position\":2,\"name\":\"Zone r\u00e9serv\u00e9e\"}]},{\"@type\":\"WebSite\",\"@id\":\"https:\/\/abcprato.it\/fr\/#website\",\"url\":\"https:\/\/abcprato.it\/fr\/\",\"name\":\"ABC Equipment &amp; Solutions\",\"description\":\"\",\"publisher\":{\"@id\":\"https:\/\/abcprato.it\/fr\/#organization\"},\"potentialAction\":[{\"@type\":\"SearchAction\",\"target\":{\"@type\":\"EntryPoint\",\"urlTemplate\":\"https:\/\/abcprato.it\/fr\/?s={search_term_string}\"},\"query-input\":{\"@type\":\"PropertyValueSpecification\",\"valueRequired\":true,\"valueName\":\"search_term_string\"}}],\"inLanguage\":\"fr-FR\"},{\"@type\":\"Organization\",\"@id\":\"https:\/\/abcprato.it\/fr\/#organization\",\"name\":\"ABC Equipment & Solutions\",\"url\":\"https:\/\/abcprato.it\/fr\/\",\"logo\":{\"@type\":\"ImageObject\",\"inLanguage\":\"fr-FR\",\"@id\":\"https:\/\/abcprato.it\/fr\/#\/schema\/logo\/image\/\",\"url\":\"https:\/\/abcprato.it\/wp-content\/uploads\/2021\/01\/ABC-logo-2021.svg\",\"contentUrl\":\"https:\/\/abcprato.it\/wp-content\/uploads\/2021\/01\/ABC-logo-2021.svg\",\"width\":1,\"height\":1,\"caption\":\"ABC Equipment & Solutions\"},\"image\":{\"@id\":\"https:\/\/abcprato.it\/fr\/#\/schema\/logo\/image\/\"}}]}<\/script>\n<!-- \/ Yoast SEO plugin. -->","yoast_head_json":{"title":"Zone r\u00e9serv\u00e9e - ABC Equipment &amp; Solutions","robots":{"index":"index","follow":"follow","max-snippet":"max-snippet:-1","max-image-preview":"max-image-preview:large","max-video-preview":"max-video-preview:-1"},"canonical":"https:\/\/abcprato.it\/fr\/zone-reservee\/","og_locale":"fr_FR","og_type":"article","og_title":"Zone r\u00e9serv\u00e9e - ABC Equipment &amp; Solutions","og_description":"Zone r\u00e9serv\u00e9e","og_url":"https:\/\/abcprato.it\/fr\/zone-reservee\/","og_site_name":"ABC Equipment &amp; Solutions","article_modified_time":"2025-12-09T12:26:44+00:00","twitter_card":"summary_large_image","schema":{"@context":"https:\/\/schema.org","@graph":[{"@type":"WebPage","@id":"https:\/\/abcprato.it\/fr\/zone-reservee\/","url":"https:\/\/abcprato.it\/fr\/zone-reservee\/","name":"Zone r\u00e9serv\u00e9e - ABC Equipment &amp; Solutions","isPartOf":{"@id":"https:\/\/abcprato.it\/fr\/#website"},"datePublished":"2025-12-09T12:23:46+00:00","dateModified":"2025-12-09T12:26:44+00:00","breadcrumb":{"@id":"https:\/\/abcprato.it\/fr\/zone-reservee\/#breadcrumb"},"inLanguage":"fr-FR","potentialAction":[{"@type":"ReadAction","target":["https:\/\/abcprato.it\/fr\/zone-reservee\/"]}]},{"@type":"BreadcrumbList","@id":"https:\/\/abcprato.it\/fr\/zone-reservee\/#breadcrumb","itemListElement":[{"@type":"ListItem","position":1,"name":"Home","item":"https:\/\/abcprato.it\/fr\/"},{"@type":"ListItem","position":2,"name":"Zone r\u00e9serv\u00e9e"}]},{"@type":"WebSite","@id":"https:\/\/abcprato.it\/fr\/#website","url":"https:\/\/abcprato.it\/fr\/","name":"ABC Equipment &amp; Solutions","description":"","publisher":{"@id":"https:\/\/abcprato.it\/fr\/#organization"},"potentialAction":[{"@type":"SearchAction","target":{"@type":"EntryPoint","urlTemplate":"https:\/\/abcprato.it\/fr\/?s={search_term_string}"},"query-input":{"@type":"PropertyValueSpecification","valueRequired":true,"valueName":"search_term_string"}}],"inLanguage":"fr-FR"},{"@type":"Organization","@id":"https:\/\/abcprato.it\/fr\/#organization","name":"ABC Equipment & Solutions","url":"https:\/\/abcprato.it\/fr\/","logo":{"@type":"ImageObject","inLanguage":"fr-FR","@id":"https:\/\/abcprato.it\/fr\/#\/schema\/logo\/image\/","url":"https:\/\/abcprato.it\/wp-content\/uploads\/2021\/01\/ABC-logo-2021.svg","contentUrl":"https:\/\/abcprato.it\/wp-content\/uploads\/2021\/01\/ABC-logo-2021.svg","width":1,"height":1,"caption":"ABC Equipment & Solutions"},"image":{"@id":"https:\/\/abcprato.it\/fr\/#\/schema\/logo\/image\/"}}]}},"_links":{"self":[{"href":"https:\/\/abcprato.it\/fr\/wp-json\/wp\/v2\/pages\/36437","targetHints":{"allow":["GET"]}}],"collection":[{"href":"https:\/\/abcprato.it\/fr\/wp-json\/wp\/v2\/pages"}],"about":[{"href":"https:\/\/abcprato.it\/fr\/wp-json\/wp\/v2\/types\/page"}],"author":[{"embeddable":true,"href":"https:\/\/abcprato.it\/fr\/wp-json\/wp\/v2\/users\/3"}],"replies":[{"embeddable":true,"href":"https:\/\/abcprato.it\/fr\/wp-json\/wp\/v2\/comments?post=36437"}],"version-history":[{"count":1,"href":"https:\/\/abcprato.it\/fr\/wp-json\/wp\/v2\/pages\/36437\/revisions"}],"predecessor-version":[{"id":36438,"href":"https:\/\/abcprato.it\/fr\/wp-json\/wp\/v2\/pages\/36437\/revisions\/36438"}],"wp:attachment":[{"href":"https:\/\/abcprato.it\/fr\/wp-json\/wp\/v2\/media?parent=36437"}],"curies":[{"name":"wp","href":"https:\/\/api.w.org\/{rel}","templated":true}]}}