{"id":4832,"date":"2021-02-12T14:51:41","date_gmt":"2021-02-12T13:51:41","guid":{"rendered":"https:\/\/abcprato.it\/?page_id=4832"},"modified":"2025-01-23T11:46:31","modified_gmt":"2025-01-23T10:46:31","slug":"rangement-a-ep","status":"publish","type":"page","link":"https:\/\/abcprato.it\/fr\/rangement-a-ep\/","title":{"rendered":"Rangement a EP"},"content":{"rendered":"\t\t<div data-elementor-type=\"wp-page\" data-elementor-id=\"4832\" class=\"elementor elementor-4832 elementor-16\" data-elementor-post-type=\"page\">\n\t\t\t\t\t\t<section class=\"elementor-section elementor-top-section elementor-element elementor-element-1a599a8 elementor-section-content-middle submenu-product elementor-section-boxed elementor-section-height-default elementor-section-height-default\" data-id=\"1a599a8\" data-element_type=\"section\" data-e-type=\"section\" data-settings=\"{&quot;background_background&quot;:&quot;classic&quot;}\">\n\t\t\t\t\t\t<div class=\"elementor-container elementor-column-gap-no\">\n\t\t\t\t\t<div class=\"elementor-column elementor-col-100 elementor-top-column elementor-element elementor-element-6a567dd animated-fast elementor-invisible\" data-id=\"6a567dd\" data-element_type=\"column\" data-e-type=\"column\" data-settings=\"{&quot;animation&quot;:&quot;fadeInRight&quot;}\">\n\t\t\t<div class=\"elementor-widget-wrap elementor-element-populated\">\n\t\t\t\t\t\t<div class=\"elementor-element elementor-element-db87235 elementor-widget elementor-widget-text-editor\" data-id=\"db87235\" data-element_type=\"widget\" data-e-type=\"widget\" data-widget_type=\"text-editor.default\">\n\t\t\t\t<div class=\"elementor-widget-container\">\n\t\t\t\t\t\t\t\t\t<ul>\n \t<li style=\"text-align: center;\"><a href=\"https:\/\/abcprato.it\/fr\/rangement-a-ep\/meuble-horizontal\/\"><img decoding=\"async\" class=\"alignnone size-full wp-image-1242\" src=\"https:\/\/abcprato.it\/wp-content\/uploads\/2022\/09\/cassettiera-orizzontale-2022.png\" alt=\"\" width=\"150\" height=\"150\" \/>\nHorizontal<\/a><\/li>\n \t<li style=\"text-align: center;\"><a href=\"https:\/\/abcprato.it\/fr\/rangement-a-ep\/meuble-vertical\/\"><img decoding=\"async\" class=\"alignnone size-full wp-image-1063\" src=\"https:\/\/abcprato.it\/wp-content\/uploads\/2021\/01\/cassettiera-verticale-icona.png\" alt=\"\" width=\"150\" height=\"150\" srcset=\"https:\/\/abcprato.it\/wp-content\/uploads\/2021\/01\/cassettiera-verticale-icona.png 150w, https:\/\/abcprato.it\/wp-content\/uploads\/2021\/01\/cassettiera-verticale-icona-24x24.png 24w, https:\/\/abcprato.it\/wp-content\/uploads\/2021\/01\/cassettiera-verticale-icona-36x36.png 36w, https:\/\/abcprato.it\/wp-content\/uploads\/2021\/01\/cassettiera-verticale-icona-48x48.png 48w\" sizes=\"(max-width: 150px) 100vw, 150px\" \/>\nVertical<\/a><\/li>\n<\/ul>\t\t\t\t\t\t\t\t<\/div>\n\t\t\t\t<\/div>\n\t\t\t\t\t<\/div>\n\t\t<\/div>\n\t\t\t\t\t<\/div>\n\t\t<\/section>\n\t\t\t\t<section class=\"elementor-section elementor-top-section elementor-element elementor-element-4e5a2e3 elementor-section-boxed elementor-section-height-default elementor-section-height-default\" data-id=\"4e5a2e3\" data-element_type=\"section\" data-e-type=\"section\" data-settings=\"{&quot;shape_divider_top&quot;:&quot;tilt&quot;}\">\n\t\t\t\t\t<div class=\"elementor-shape elementor-shape-top\" aria-hidden=\"true\" data-negative=\"false\">\n\t\t\t<svg xmlns=\"http:\/\/www.w3.org\/2000\/svg\" viewBox=\"0 0 1000 100\" preserveAspectRatio=\"none\">\n\t<path class=\"elementor-shape-fill\" d=\"M0,6V0h1000v100L0,6z\"\/>\n<\/svg>\t\t<\/div>\n\t\t\t\t\t<div class=\"elementor-container elementor-column-gap-default\">\n\t\t\t\t\t<div class=\"elementor-column elementor-col-100 elementor-top-column elementor-element elementor-element-824c684\" data-id=\"824c684\" data-element_type=\"column\" data-e-type=\"column\">\n\t\t\t<div class=\"elementor-widget-wrap elementor-element-populated\">\n\t\t\t\t\t\t<div class=\"elementor-element elementor-element-2d66b14 elementor-widget elementor-widget-heading\" data-id=\"2d66b14\" data-element_type=\"widget\" data-e-type=\"widget\" data-widget_type=\"heading.default\">\n\t\t\t\t<div class=\"elementor-widget-container\">\n\t\t\t\t\t<h2 class=\"elementor-heading-title elementor-size-default\"><i>Rangement a EP: Ordre et Rationalit\u00e9<\/i><\/h2>\t\t\t\t<\/div>\n\t\t\t\t<\/div>\n\t\t\t\t<div class=\"elementor-element elementor-element-0e5d068 elementor-widget__width-initial elementor-widget elementor-widget-text-editor\" data-id=\"0e5d068\" data-element_type=\"widget\" data-e-type=\"widget\" data-widget_type=\"text-editor.default\">\n\t\t\t\t<div class=\"elementor-widget-container\">\n\t\t\t\t\t\t\t\t\t<p style=\"text-align: center;\">Le<strong> rangement \u00e0 EP<\/strong> <strong>ABC <\/strong>sont des syst\u00e8mes de rangement con\u00e7us pour stocker et ranger les emporte-pi\u00e8ces utiles \u00e0 la transformation, dans tous les ateliers o\u00f9 le cuir est d\u00e9coup\u00e9 \u00e0 l&#8217;emporte-pi\u00e8ce. <br \/>Les meubles sont fabriqu\u00e9s en acier galvanis\u00e9, solide et durable. Gr\u00e2ce \u00e0 leur forme classique rappelant celle d&rsquo;une \u00ab\u00a0euro-palette\u00a0\u00bb, les meuble pour EP sont faciles et rapides \u00e0 positionner dans l&rsquo;atelier.<\/p><p style=\"text-align: center;\">Le <strong>meuble horizontal<\/strong>, avec une \u00e9tag\u00e8re sup\u00e9rieure en acier peint blanc, est id\u00e9al pour le service de d\u00e9coupe, \u00e0 placer \u00e0 c\u00f4t\u00e9 de la presse hydraulique ou \u00e0 chariot, afin que l&rsquo;op\u00e9rateur dispose d&rsquo;un plan de travail et de tiroirs pour ranger les emporte-pi\u00e8ces. Chaque tiroir est \u00e9quip\u00e9 d&rsquo;une paire de glissi\u00e8res \u00e0 billes \u00e0 pleine extension, ce qui permet de l&rsquo;ouvrir sans effort, et de poign\u00e9es pratiques en plastique. Le meuble a d\u00e9j\u00e0 \u00e9t\u00e9 con\u00e7u avec le syst\u00e8me Stop&amp;Go pour n&rsquo;ouvrir qu&rsquo;un seul tiroir \u00e0 la fois, ce qui augmente la s\u00e9curit\u00e9.<\/p><p style=\"text-align: center;\">Le <strong>meuble<\/strong> <strong>vertical<\/strong>, en revanche, peut \u00eatre plac\u00e9 dans le d\u00e9partement de production ou dans le d\u00e9partement de stockage pour ranger les emporte-pi\u00e8ces moins utilis\u00e9s, en fonction de votre processus de production. Chaque tiroir est \u00e9quip\u00e9 d&rsquo;une paire de glissi\u00e8res \u00e0 billes \u00e0 pleine extension pour une ouverture et un coulissement facile et d&rsquo;une poign\u00e9e ergonomique.<\/p><p style=\"text-align: center;\">Tous les rangements \u00e0 EP sont livr\u00e9s assembl\u00e9s, pr\u00eats \u00e0 l&#8217;emploi et rapides \u00e0 installer.<\/p>\t\t\t\t\t\t\t\t<\/div>\n\t\t\t\t<\/div>\n\t\t\t\t\t<\/div>\n\t\t<\/div>\n\t\t\t\t\t<\/div>\n\t\t<\/section>\n\t\t\t\t<section class=\"elementor-section elementor-top-section elementor-element elementor-element-3eb79d9 elementor-section-boxed elementor-section-height-default elementor-section-height-default\" data-id=\"3eb79d9\" data-element_type=\"section\" data-e-type=\"section\" data-settings=\"{&quot;background_background&quot;:&quot;classic&quot;}\">\n\t\t\t\t\t\t<div class=\"elementor-container elementor-column-gap-default\">\n\t\t\t\t\t<div class=\"elementor-column elementor-col-50 elementor-top-column elementor-element elementor-element-e0427b8\" data-id=\"e0427b8\" data-element_type=\"column\" data-e-type=\"column\">\n\t\t\t<div class=\"elementor-widget-wrap elementor-element-populated\">\n\t\t\t\t\t\t<div class=\"elementor-element elementor-element-92785c6 elementor-widget elementor-widget-image\" data-id=\"92785c6\" data-element_type=\"widget\" data-e-type=\"widget\" data-widget_type=\"image.default\">\n\t\t\t\t<div class=\"elementor-widget-container\">\n\t\t\t\t\t\t\t\t\t\t\t\t\t\t\t\t<a href=\"https:\/\/abcprato.it\/fr\/rangement-a-ep\/meuble-horizontal\/\">\n\t\t\t\t\t\t\t<img fetchpriority=\"high\" decoding=\"async\" width=\"800\" height=\"534\" src=\"https:\/\/abcprato.it\/wp-content\/uploads\/2024\/06\/meuble-horizontal-pour-emporte-pieces-1024x683.webp\" class=\"attachment-large size-large wp-image-26163\" alt=\"meuble-horizontal-pour-emporte-pieces\" srcset=\"https:\/\/abcprato.it\/wp-content\/uploads\/2024\/06\/meuble-horizontal-pour-emporte-pieces-1024x683.webp 1024w, https:\/\/abcprato.it\/wp-content\/uploads\/2024\/06\/meuble-horizontal-pour-emporte-pieces-300x200.webp 300w, https:\/\/abcprato.it\/wp-content\/uploads\/2024\/06\/meuble-horizontal-pour-emporte-pieces-768x512.webp 768w, https:\/\/abcprato.it\/wp-content\/uploads\/2024\/06\/meuble-horizontal-pour-emporte-pieces-24x16.webp 24w, https:\/\/abcprato.it\/wp-content\/uploads\/2024\/06\/meuble-horizontal-pour-emporte-pieces-36x24.webp 36w, https:\/\/abcprato.it\/wp-content\/uploads\/2024\/06\/meuble-horizontal-pour-emporte-pieces-48x32.webp 48w, https:\/\/abcprato.it\/wp-content\/uploads\/2024\/06\/meuble-horizontal-pour-emporte-pieces.webp 1500w\" sizes=\"(max-width: 800px) 100vw, 800px\" \/>\t\t\t\t\t\t\t\t<\/a>\n\t\t\t\t\t\t\t\t\t\t\t\t\t\t\t<\/div>\n\t\t\t\t<\/div>\n\t\t\t\t<div class=\"elementor-element elementor-element-2355dc7 elementor-widget elementor-widget-heading\" data-id=\"2355dc7\" data-element_type=\"widget\" data-e-type=\"widget\" data-widget_type=\"heading.default\">\n\t\t\t\t<div class=\"elementor-widget-container\">\n\t\t\t\t\t<h3 class=\"elementor-heading-title elementor-size-default\">Meuble horizontal pour emporte-pi\u00e8ces<\/h3>\t\t\t\t<\/div>\n\t\t\t\t<\/div>\n\t\t\t\t<div class=\"elementor-element elementor-element-9add9e2 elementor-widget elementor-widget-text-editor\" data-id=\"9add9e2\" data-element_type=\"widget\" data-e-type=\"widget\" data-widget_type=\"text-editor.default\">\n\t\t\t\t<div class=\"elementor-widget-container\">\n\t\t\t\t\t\t\t\t\t<p style=\"text-align: center;\">Le <strong>meuble horizontal <\/strong>est id\u00e9al pour maintenir en place toutes les emporte-pi\u00e8ces et les composants fr\u00e9quemment utilis\u00e9s. D\u00e9couvrez des mod\u00e8les de diff\u00e9rentes tailles pour accueillir toutes les dimensions de d\u00e9coupes, petites ou grandes.<\/p>\t\t\t\t\t\t\t\t<\/div>\n\t\t\t\t<\/div>\n\t\t\t\t<div class=\"elementor-element elementor-element-fa177ae elementor-align-center elementor-widget elementor-widget-button\" data-id=\"fa177ae\" data-element_type=\"widget\" data-e-type=\"widget\" data-widget_type=\"button.default\">\n\t\t\t\t<div class=\"elementor-widget-container\">\n\t\t\t\t\t\t\t\t\t<div class=\"elementor-button-wrapper\">\n\t\t\t\t\t<a class=\"elementor-button elementor-button-link elementor-size-xs\" href=\"https:\/\/abcprato.it\/fr\/rangement-a-ep\/meuble-horizontal\/\">\n\t\t\t\t\t\t<span class=\"elementor-button-content-wrapper\">\n\t\t\t\t\t\t\t\t\t<span class=\"elementor-button-text\">En savoir plus<\/span>\n\t\t\t\t\t<\/span>\n\t\t\t\t\t<\/a>\n\t\t\t\t<\/div>\n\t\t\t\t\t\t\t\t<\/div>\n\t\t\t\t<\/div>\n\t\t\t\t\t<\/div>\n\t\t<\/div>\n\t\t\t\t<div class=\"elementor-column elementor-col-50 elementor-top-column elementor-element elementor-element-17a3619\" data-id=\"17a3619\" data-element_type=\"column\" data-e-type=\"column\">\n\t\t\t<div class=\"elementor-widget-wrap elementor-element-populated\">\n\t\t\t\t\t\t<div class=\"elementor-element elementor-element-f7f1154 elementor-widget elementor-widget-image\" data-id=\"f7f1154\" data-element_type=\"widget\" data-e-type=\"widget\" data-widget_type=\"image.default\">\n\t\t\t\t<div class=\"elementor-widget-container\">\n\t\t\t\t\t\t\t\t\t\t\t\t\t\t\t\t<a href=\"https:\/\/abcprato.it\/fr\/rangement-a-ep\/meuble-vertical\/\">\n\t\t\t\t\t\t\t<img loading=\"lazy\" decoding=\"async\" width=\"800\" height=\"534\" src=\"https:\/\/abcprato.it\/wp-content\/uploads\/2023\/09\/meuble-vertical-iso-1024x683.webp\" class=\"attachment-large size-large wp-image-18093\" alt=\"meuble-vertical-iso\" srcset=\"https:\/\/abcprato.it\/wp-content\/uploads\/2023\/09\/meuble-vertical-iso-1024x683.webp 1024w, https:\/\/abcprato.it\/wp-content\/uploads\/2023\/09\/meuble-vertical-iso-300x200.webp 300w, https:\/\/abcprato.it\/wp-content\/uploads\/2023\/09\/meuble-vertical-iso-768x512.webp 768w, https:\/\/abcprato.it\/wp-content\/uploads\/2023\/09\/meuble-vertical-iso-24x16.webp 24w, https:\/\/abcprato.it\/wp-content\/uploads\/2023\/09\/meuble-vertical-iso-36x24.webp 36w, https:\/\/abcprato.it\/wp-content\/uploads\/2023\/09\/meuble-vertical-iso-48x32.webp 48w, https:\/\/abcprato.it\/wp-content\/uploads\/2023\/09\/meuble-vertical-iso.webp 1500w\" sizes=\"(max-width: 800px) 100vw, 800px\" \/>\t\t\t\t\t\t\t\t<\/a>\n\t\t\t\t\t\t\t\t\t\t\t\t\t\t\t<\/div>\n\t\t\t\t<\/div>\n\t\t\t\t<div class=\"elementor-element elementor-element-dc85b46 elementor-widget elementor-widget-heading\" data-id=\"dc85b46\" data-element_type=\"widget\" data-e-type=\"widget\" data-widget_type=\"heading.default\">\n\t\t\t\t<div class=\"elementor-widget-container\">\n\t\t\t\t\t<h3 class=\"elementor-heading-title elementor-size-default\">Meuble vertical pour emporte-pi\u00e8ces<\/h3>\t\t\t\t<\/div>\n\t\t\t\t<\/div>\n\t\t\t\t<div class=\"elementor-element elementor-element-88d4970 elementor-widget elementor-widget-text-editor\" data-id=\"88d4970\" data-element_type=\"widget\" data-e-type=\"widget\" data-widget_type=\"text-editor.default\">\n\t\t\t\t<div class=\"elementor-widget-container\">\n\t\t\t\t\t\t\t\t\t<p style=\"text-align: center;\">Le <strong>meuble vertical <\/strong>est id\u00e9al pour stocker de nombreux emporte-pi\u00e8ces dans l&rsquo;espace d&rsquo;une euro-palette. Accrochez des EP de tous types, petites ou grandes. D\u00e9couvrez les diff\u00e9rents mod\u00e8les con\u00e7us en fonction de la hauteur des EP \u00e0 stocker.<\/p>\t\t\t\t\t\t\t\t<\/div>\n\t\t\t\t<\/div>\n\t\t\t\t<div class=\"elementor-element elementor-element-3afaebf elementor-align-center elementor-widget elementor-widget-button\" data-id=\"3afaebf\" data-element_type=\"widget\" data-e-type=\"widget\" data-widget_type=\"button.default\">\n\t\t\t\t<div class=\"elementor-widget-container\">\n\t\t\t\t\t\t\t\t\t<div class=\"elementor-button-wrapper\">\n\t\t\t\t\t<a class=\"elementor-button elementor-button-link elementor-size-xs\" href=\"https:\/\/abcprato.it\/fr\/rangement-a-ep\/meuble-vertical\/\">\n\t\t\t\t\t\t<span class=\"elementor-button-content-wrapper\">\n\t\t\t\t\t\t\t\t\t<span class=\"elementor-button-text\">En savoir plus<\/span>\n\t\t\t\t\t<\/span>\n\t\t\t\t\t<\/a>\n\t\t\t\t<\/div>\n\t\t\t\t\t\t\t\t<\/div>\n\t\t\t\t<\/div>\n\t\t\t\t\t<\/div>\n\t\t<\/div>\n\t\t\t\t\t<\/div>\n\t\t<\/section>\n\t\t\t\t<section class=\"elementor-section elementor-top-section elementor-element elementor-element-5cb75f3 elementor-section-boxed elementor-section-height-default elementor-section-height-default\" data-id=\"5cb75f3\" data-element_type=\"section\" data-e-type=\"section\" data-settings=\"{&quot;background_background&quot;:&quot;classic&quot;}\">\n\t\t\t\t\t\t\t<div class=\"elementor-background-overlay\"><\/div>\n\t\t\t\t\t\t\t<div class=\"elementor-container elementor-column-gap-default\">\n\t\t\t\t\t<div class=\"elementor-column elementor-col-100 elementor-top-column elementor-element elementor-element-66420b4\" data-id=\"66420b4\" data-element_type=\"column\" data-e-type=\"column\">\n\t\t\t<div class=\"elementor-widget-wrap elementor-element-populated\">\n\t\t\t\t\t\t<div class=\"elementor-element elementor-element-ca3523e elementor-widget elementor-widget-text-editor\" data-id=\"ca3523e\" data-element_type=\"widget\" data-e-type=\"widget\" data-widget_type=\"text-editor.default\">\n\t\t\t\t<div class=\"elementor-widget-container\">\n\t\t\t\t\t\t\t\t\t<p style=\"text-align: center;\">Si vous avez des exigences sp\u00e9cifiques, nous sommes fabricants et pouvons d\u00e9velopper ensemble le design de votre rangement \u00e0 EP. Laissez-vous inspirer et d\u00e9couvrez la cat\u00e9gorie de <a href=\"https:\/\/abcprato.it\/fr\/categories-de-produits\/rangement-a-ep\/\"><strong><u>rangement \u00e0 EP fait sur mesure<\/u><\/strong><\/a>\u00a0d\u00e9j\u00e0 r\u00e9alis\u00e9e pour nos clients.<\/p>\t\t\t\t\t\t\t\t<\/div>\n\t\t\t\t<\/div>\n\t\t\t\t\t<\/div>\n\t\t<\/div>\n\t\t\t\t\t<\/div>\n\t\t<\/section>\n\t\t\t\t<\/div>\n\t\t","protected":false},"excerpt":{"rendered":"<p>Horizontal Vertical Rangement a EP: Ordre et Rationalit\u00e9 Le rangement \u00e0 EP ABC sont des syst\u00e8mes de rangement con\u00e7us pour stocker et ranger les emporte-pi\u00e8ces&#8230; <a class=\"read-more\" style=\"text-decoration:underline;\" href=\"https:\/\/abcprato.it\/fr\/rangement-a-ep\/\">En savoir plus<\/a><\/p>\n","protected":false},"author":3,"featured_media":31535,"parent":0,"menu_order":0,"comment_status":"closed","ping_status":"closed","template":"elementor_header_footer","meta":{"_acf_changed":false,"footnotes":""},"class_list":["post-4832","page","type-page","status-publish","has-post-thumbnail","hentry"],"acf":[],"yoast_head":"<!-- This site is optimized with the Yoast SEO plugin v27.2 - https:\/\/yoast.com\/product\/yoast-seo-wordpress\/ -->\n<title>Rangement a EP - ABC Equipment &amp; Solutions<\/title>\n<meta name=\"description\" content=\"D\u00e9couvrez la gamme compl\u00e8te de rangement \u00e0 EP ABC horizontaux et verticaux en acier galvanis\u00e9. Id\u00e9al pour le stockage et archiver les EP de petite ou grande taille.\" \/>\n<meta name=\"robots\" content=\"index, follow, max-snippet:-1, max-image-preview:large, max-video-preview:-1\" \/>\n<link rel=\"canonical\" href=\"https:\/\/abcprato.it\/fr\/rangement-a-ep\/\" \/>\n<meta property=\"og:locale\" content=\"fr_FR\" \/>\n<meta property=\"og:type\" content=\"article\" \/>\n<meta property=\"og:title\" content=\"Rangement a EP - ABC Equipment &amp; Solutions\" \/>\n<meta property=\"og:description\" content=\"D\u00e9couvrez la gamme compl\u00e8te de rangement \u00e0 EP ABC horizontaux et verticaux en acier galvanis\u00e9. Id\u00e9al pour le stockage et archiver les EP de petite ou grande taille.\" \/>\n<meta property=\"og:url\" content=\"https:\/\/abcprato.it\/fr\/rangement-a-ep\/\" \/>\n<meta property=\"og:site_name\" content=\"ABC Equipment &amp; Solutions\" \/>\n<meta property=\"article:modified_time\" content=\"2025-01-23T10:46:31+00:00\" \/>\n<meta property=\"og:image\" content=\"https:\/\/abcprato.it\/wp-content\/uploads\/2021\/02\/meuble-horizontal-pour-ep-scandicci.jpg\" \/>\n\t<meta property=\"og:image:width\" content=\"1500\" \/>\n\t<meta property=\"og:image:height\" content=\"1100\" \/>\n\t<meta property=\"og:image:type\" content=\"image\/jpeg\" \/>\n<meta name=\"twitter:card\" content=\"summary_large_image\" \/>\n<meta name=\"twitter:label1\" content=\"Dur\u00e9e de lecture estim\u00e9e\" \/>\n\t<meta name=\"twitter:data1\" content=\"3 minutes\" \/>\n<script type=\"application\/ld+json\" class=\"yoast-schema-graph\">{\"@context\":\"https:\/\/schema.org\",\"@graph\":[{\"@type\":\"WebPage\",\"@id\":\"https:\/\/abcprato.it\/fr\/rangement-a-ep\/\",\"url\":\"https:\/\/abcprato.it\/fr\/rangement-a-ep\/\",\"name\":\"Rangement a EP - ABC Equipment &amp; Solutions\",\"isPartOf\":{\"@id\":\"https:\/\/abcprato.it\/fr\/#website\"},\"primaryImageOfPage\":{\"@id\":\"https:\/\/abcprato.it\/fr\/rangement-a-ep\/#primaryimage\"},\"image\":{\"@id\":\"https:\/\/abcprato.it\/fr\/rangement-a-ep\/#primaryimage\"},\"thumbnailUrl\":\"https:\/\/abcprato.it\/wp-content\/uploads\/2024\/12\/rangement-a-ep.jpg\",\"datePublished\":\"2021-02-12T13:51:41+00:00\",\"dateModified\":\"2025-01-23T10:46:31+00:00\",\"description\":\"D\u00e9couvrez la gamme compl\u00e8te de rangement \u00e0 EP ABC horizontaux et verticaux en acier galvanis\u00e9. Id\u00e9al pour le stockage et archiver les EP de petite ou grande taille.\",\"breadcrumb\":{\"@id\":\"https:\/\/abcprato.it\/fr\/rangement-a-ep\/#breadcrumb\"},\"inLanguage\":\"fr-FR\",\"potentialAction\":[{\"@type\":\"ReadAction\",\"target\":[\"https:\/\/abcprato.it\/fr\/rangement-a-ep\/\"]}]},{\"@type\":\"ImageObject\",\"inLanguage\":\"fr-FR\",\"@id\":\"https:\/\/abcprato.it\/fr\/rangement-a-ep\/#primaryimage\",\"url\":\"https:\/\/abcprato.it\/wp-content\/uploads\/2024\/12\/rangement-a-ep.jpg\",\"contentUrl\":\"https:\/\/abcprato.it\/wp-content\/uploads\/2024\/12\/rangement-a-ep.jpg\",\"width\":1500,\"height\":1000,\"caption\":\"rangement-a-ep\"},{\"@type\":\"BreadcrumbList\",\"@id\":\"https:\/\/abcprato.it\/fr\/rangement-a-ep\/#breadcrumb\",\"itemListElement\":[{\"@type\":\"ListItem\",\"position\":1,\"name\":\"Home\",\"item\":\"https:\/\/abcprato.it\/fr\/\"},{\"@type\":\"ListItem\",\"position\":2,\"name\":\"Rangement a EP\"}]},{\"@type\":\"WebSite\",\"@id\":\"https:\/\/abcprato.it\/fr\/#website\",\"url\":\"https:\/\/abcprato.it\/fr\/\",\"name\":\"ABC Equipment &amp; Solutions\",\"description\":\"\",\"publisher\":{\"@id\":\"https:\/\/abcprato.it\/fr\/#organization\"},\"potentialAction\":[{\"@type\":\"SearchAction\",\"target\":{\"@type\":\"EntryPoint\",\"urlTemplate\":\"https:\/\/abcprato.it\/fr\/?s={search_term_string}\"},\"query-input\":{\"@type\":\"PropertyValueSpecification\",\"valueRequired\":true,\"valueName\":\"search_term_string\"}}],\"inLanguage\":\"fr-FR\"},{\"@type\":\"Organization\",\"@id\":\"https:\/\/abcprato.it\/fr\/#organization\",\"name\":\"ABC Equipment & Solutions\",\"url\":\"https:\/\/abcprato.it\/fr\/\",\"logo\":{\"@type\":\"ImageObject\",\"inLanguage\":\"fr-FR\",\"@id\":\"https:\/\/abcprato.it\/fr\/#\/schema\/logo\/image\/\",\"url\":\"https:\/\/abcprato.it\/wp-content\/uploads\/2021\/01\/ABC-logo-2021.svg\",\"contentUrl\":\"https:\/\/abcprato.it\/wp-content\/uploads\/2021\/01\/ABC-logo-2021.svg\",\"width\":1,\"height\":1,\"caption\":\"ABC Equipment & Solutions\"},\"image\":{\"@id\":\"https:\/\/abcprato.it\/fr\/#\/schema\/logo\/image\/\"}}]}<\/script>\n<!-- \/ Yoast SEO plugin. -->","yoast_head_json":{"title":"Rangement a EP - ABC Equipment &amp; Solutions","description":"D\u00e9couvrez la gamme compl\u00e8te de rangement \u00e0 EP ABC horizontaux et verticaux en acier galvanis\u00e9. Id\u00e9al pour le stockage et archiver les EP de petite ou grande taille.","robots":{"index":"index","follow":"follow","max-snippet":"max-snippet:-1","max-image-preview":"max-image-preview:large","max-video-preview":"max-video-preview:-1"},"canonical":"https:\/\/abcprato.it\/fr\/rangement-a-ep\/","og_locale":"fr_FR","og_type":"article","og_title":"Rangement a EP - ABC Equipment &amp; Solutions","og_description":"D\u00e9couvrez la gamme compl\u00e8te de rangement \u00e0 EP ABC horizontaux et verticaux en acier galvanis\u00e9. Id\u00e9al pour le stockage et archiver les EP de petite ou grande taille.","og_url":"https:\/\/abcprato.it\/fr\/rangement-a-ep\/","og_site_name":"ABC Equipment &amp; Solutions","article_modified_time":"2025-01-23T10:46:31+00:00","og_image":[{"width":1500,"height":1100,"url":"https:\/\/abcprato.it\/wp-content\/uploads\/2021\/02\/meuble-horizontal-pour-ep-scandicci.jpg","type":"image\/jpeg"}],"twitter_card":"summary_large_image","twitter_misc":{"Dur\u00e9e de lecture estim\u00e9e":"3 minutes"},"schema":{"@context":"https:\/\/schema.org","@graph":[{"@type":"WebPage","@id":"https:\/\/abcprato.it\/fr\/rangement-a-ep\/","url":"https:\/\/abcprato.it\/fr\/rangement-a-ep\/","name":"Rangement a EP - ABC Equipment &amp; Solutions","isPartOf":{"@id":"https:\/\/abcprato.it\/fr\/#website"},"primaryImageOfPage":{"@id":"https:\/\/abcprato.it\/fr\/rangement-a-ep\/#primaryimage"},"image":{"@id":"https:\/\/abcprato.it\/fr\/rangement-a-ep\/#primaryimage"},"thumbnailUrl":"https:\/\/abcprato.it\/wp-content\/uploads\/2024\/12\/rangement-a-ep.jpg","datePublished":"2021-02-12T13:51:41+00:00","dateModified":"2025-01-23T10:46:31+00:00","description":"D\u00e9couvrez la gamme compl\u00e8te de rangement \u00e0 EP ABC horizontaux et verticaux en acier galvanis\u00e9. Id\u00e9al pour le stockage et archiver les EP de petite ou grande taille.","breadcrumb":{"@id":"https:\/\/abcprato.it\/fr\/rangement-a-ep\/#breadcrumb"},"inLanguage":"fr-FR","potentialAction":[{"@type":"ReadAction","target":["https:\/\/abcprato.it\/fr\/rangement-a-ep\/"]}]},{"@type":"ImageObject","inLanguage":"fr-FR","@id":"https:\/\/abcprato.it\/fr\/rangement-a-ep\/#primaryimage","url":"https:\/\/abcprato.it\/wp-content\/uploads\/2024\/12\/rangement-a-ep.jpg","contentUrl":"https:\/\/abcprato.it\/wp-content\/uploads\/2024\/12\/rangement-a-ep.jpg","width":1500,"height":1000,"caption":"rangement-a-ep"},{"@type":"BreadcrumbList","@id":"https:\/\/abcprato.it\/fr\/rangement-a-ep\/#breadcrumb","itemListElement":[{"@type":"ListItem","position":1,"name":"Home","item":"https:\/\/abcprato.it\/fr\/"},{"@type":"ListItem","position":2,"name":"Rangement a EP"}]},{"@type":"WebSite","@id":"https:\/\/abcprato.it\/fr\/#website","url":"https:\/\/abcprato.it\/fr\/","name":"ABC Equipment &amp; Solutions","description":"","publisher":{"@id":"https:\/\/abcprato.it\/fr\/#organization"},"potentialAction":[{"@type":"SearchAction","target":{"@type":"EntryPoint","urlTemplate":"https:\/\/abcprato.it\/fr\/?s={search_term_string}"},"query-input":{"@type":"PropertyValueSpecification","valueRequired":true,"valueName":"search_term_string"}}],"inLanguage":"fr-FR"},{"@type":"Organization","@id":"https:\/\/abcprato.it\/fr\/#organization","name":"ABC Equipment & Solutions","url":"https:\/\/abcprato.it\/fr\/","logo":{"@type":"ImageObject","inLanguage":"fr-FR","@id":"https:\/\/abcprato.it\/fr\/#\/schema\/logo\/image\/","url":"https:\/\/abcprato.it\/wp-content\/uploads\/2021\/01\/ABC-logo-2021.svg","contentUrl":"https:\/\/abcprato.it\/wp-content\/uploads\/2021\/01\/ABC-logo-2021.svg","width":1,"height":1,"caption":"ABC Equipment & Solutions"},"image":{"@id":"https:\/\/abcprato.it\/fr\/#\/schema\/logo\/image\/"}}]}},"_links":{"self":[{"href":"https:\/\/abcprato.it\/fr\/wp-json\/wp\/v2\/pages\/4832","targetHints":{"allow":["GET"]}}],"collection":[{"href":"https:\/\/abcprato.it\/fr\/wp-json\/wp\/v2\/pages"}],"about":[{"href":"https:\/\/abcprato.it\/fr\/wp-json\/wp\/v2\/types\/page"}],"author":[{"embeddable":true,"href":"https:\/\/abcprato.it\/fr\/wp-json\/wp\/v2\/users\/3"}],"replies":[{"embeddable":true,"href":"https:\/\/abcprato.it\/fr\/wp-json\/wp\/v2\/comments?post=4832"}],"version-history":[{"count":30,"href":"https:\/\/abcprato.it\/fr\/wp-json\/wp\/v2\/pages\/4832\/revisions"}],"predecessor-version":[{"id":31748,"href":"https:\/\/abcprato.it\/fr\/wp-json\/wp\/v2\/pages\/4832\/revisions\/31748"}],"wp:featuredmedia":[{"embeddable":true,"href":"https:\/\/abcprato.it\/fr\/wp-json\/wp\/v2\/media\/31535"}],"wp:attachment":[{"href":"https:\/\/abcprato.it\/fr\/wp-json\/wp\/v2\/media?parent=4832"}],"curies":[{"name":"wp","href":"https:\/\/api.w.org\/{rel}","templated":true}]}}