{"id":5001,"date":"2021-02-12T17:08:15","date_gmt":"2021-02-12T16:08:15","guid":{"rendered":"https:\/\/abcprato.it\/?page_id=5001"},"modified":"2024-04-10T13:00:32","modified_gmt":"2024-04-10T11:00:32","slug":"mission-vision","status":"publish","type":"page","link":"https:\/\/abcprato.it\/fr\/mission-vision\/","title":{"rendered":"Mission &#038; Vision"},"content":{"rendered":"\t\t<div data-elementor-type=\"wp-page\" data-elementor-id=\"5001\" class=\"elementor elementor-5001 elementor-1009\" data-elementor-post-type=\"page\">\n\t\t\t\t\t\t<section class=\"elementor-section elementor-top-section elementor-element elementor-element-4801514 elementor-section-boxed elementor-section-height-default elementor-section-height-default\" data-id=\"4801514\" data-element_type=\"section\" data-e-type=\"section\" data-settings=\"{&quot;background_background&quot;:&quot;classic&quot;}\">\n\t\t\t\t\t\t<div class=\"elementor-container elementor-column-gap-default\">\n\t\t\t\t\t<div class=\"elementor-column elementor-col-100 elementor-top-column elementor-element elementor-element-0ace6e3\" data-id=\"0ace6e3\" data-element_type=\"column\" data-e-type=\"column\">\n\t\t\t<div class=\"elementor-widget-wrap elementor-element-populated\">\n\t\t\t\t\t\t<div class=\"elementor-element elementor-element-3df632f elementor-widget elementor-widget-heading\" data-id=\"3df632f\" data-element_type=\"widget\" data-e-type=\"widget\" data-widget_type=\"heading.default\">\n\t\t\t\t<div class=\"elementor-widget-container\">\n\t\t\t\t\t<h1 class=\"elementor-heading-title elementor-size-default\">Mission &amp; Vision <\/h1>\t\t\t\t<\/div>\n\t\t\t\t<\/div>\n\t\t\t\t\t<\/div>\n\t\t<\/div>\n\t\t\t\t\t<\/div>\n\t\t<\/section>\n\t\t\t\t<section class=\"elementor-section elementor-top-section elementor-element elementor-element-3ca568f elementor-section-boxed elementor-section-height-default elementor-section-height-default\" data-id=\"3ca568f\" data-element_type=\"section\" data-e-type=\"section\" data-settings=\"{&quot;background_background&quot;:&quot;classic&quot;}\">\n\t\t\t\t\t\t<div class=\"elementor-container elementor-column-gap-default\">\n\t\t\t\t\t<div class=\"elementor-column elementor-col-100 elementor-top-column elementor-element elementor-element-4660a2f\" data-id=\"4660a2f\" data-element_type=\"column\" data-e-type=\"column\">\n\t\t\t<div class=\"elementor-widget-wrap elementor-element-populated\">\n\t\t\t\t\t\t<div class=\"elementor-element elementor-element-e9b04f2 elementor-widget elementor-widget-text-editor\" data-id=\"e9b04f2\" data-element_type=\"widget\" data-e-type=\"widget\" data-widget_type=\"text-editor.default\">\n\t\t\t\t<div class=\"elementor-widget-container\">\n\t\t\t\t\t\t\t\t\t<p><em>\u00ab\u00a0Ne regardez jamais en arri\u00e8re et ne vous arr\u00eatez jamais sur ce qui a d\u00e9j\u00e0 \u00e9t\u00e9 fait, mais gardez un \u0153il sur tout ce qui reste \u00e0 faire. \u00bb G.B.M.<\/em><\/p>\t\t\t\t\t\t\t\t<\/div>\n\t\t\t\t<\/div>\n\t\t\t\t\t<\/div>\n\t\t<\/div>\n\t\t\t\t\t<\/div>\n\t\t<\/section>\n\t\t\t\t<section class=\"elementor-section elementor-top-section elementor-element elementor-element-79a67c5 elementor-reverse-tablet elementor-reverse-mobile elementor-section-boxed elementor-section-height-default elementor-section-height-default\" data-id=\"79a67c5\" data-element_type=\"section\" data-e-type=\"section\" data-settings=\"{&quot;shape_divider_top&quot;:&quot;opacity-fan&quot;}\">\n\t\t\t\t\t<div class=\"elementor-shape elementor-shape-top\" aria-hidden=\"true\" data-negative=\"false\">\n\t\t\t<svg xmlns=\"http:\/\/www.w3.org\/2000\/svg\" viewBox=\"0 0 283.5 19.6\" preserveAspectRatio=\"none\">\n\t<path class=\"elementor-shape-fill\" style=\"opacity:0.33\" d=\"M0 0L0 18.8 141.8 4.1 283.5 18.8 283.5 0z\"\/>\n\t<path class=\"elementor-shape-fill\" style=\"opacity:0.33\" d=\"M0 0L0 12.6 141.8 4 283.5 12.6 283.5 0z\"\/>\n\t<path class=\"elementor-shape-fill\" style=\"opacity:0.33\" d=\"M0 0L0 6.4 141.8 4 283.5 6.4 283.5 0z\"\/>\n\t<path class=\"elementor-shape-fill\" d=\"M0 0L0 1.2 141.8 4 283.5 1.2 283.5 0z\"\/>\n<\/svg>\t\t<\/div>\n\t\t\t\t\t<div class=\"elementor-container elementor-column-gap-default\">\n\t\t\t\t\t<div class=\"elementor-column elementor-col-50 elementor-top-column elementor-element elementor-element-4739039\" data-id=\"4739039\" data-element_type=\"column\" data-e-type=\"column\">\n\t\t\t<div class=\"elementor-widget-wrap elementor-element-populated\">\n\t\t\t\t\t\t<div class=\"elementor-element elementor-element-85f0e17 elementor-invisible elementor-widget elementor-widget-text-editor\" data-id=\"85f0e17\" data-element_type=\"widget\" data-e-type=\"widget\" data-settings=\"{&quot;_animation&quot;:&quot;fadeIn&quot;}\" data-widget_type=\"text-editor.default\">\n\t\t\t\t<div class=\"elementor-widget-container\">\n\t\t\t\t\t\t\t\t\t<p>Nous construisons des \u00e9quipements d\u00e9di\u00e9s \u00e0 l\u2019atelier. <br \/>Nous nous sommes toujours efforc\u00e9s de cr\u00e9er des produits qui rendent le travail dans l&rsquo;industrie de la trasformation du cuir plus facile et plus s\u00fbr. Nous croyons aux personnes et \u00e0 la valeur de leur exp\u00e9rience. Dans le monde entier, dans des entreprises de toutes tailles.<\/p><p>L&rsquo;<strong>objectif principal <\/strong>de nos produits est d&rsquo;am\u00e9liorer les d\u00e9lais et les m\u00e9thodes tout en optimisant l&rsquo;espace des d\u00e9partements.<\/p>\t\t\t\t\t\t\t\t<\/div>\n\t\t\t\t<\/div>\n\t\t\t\t\t<\/div>\n\t\t<\/div>\n\t\t\t\t<div class=\"elementor-column elementor-col-50 elementor-top-column elementor-element elementor-element-7a996b7\" data-id=\"7a996b7\" data-element_type=\"column\" data-e-type=\"column\">\n\t\t\t<div class=\"elementor-widget-wrap elementor-element-populated\">\n\t\t\t\t\t\t<div class=\"elementor-element elementor-element-82699af elementor-widget elementor-widget-image\" data-id=\"82699af\" data-element_type=\"widget\" data-e-type=\"widget\" data-widget_type=\"image.default\">\n\t\t\t\t<div class=\"elementor-widget-container\">\n\t\t\t\t\t\t\t\t\t\t\t\t\t\t\t<img fetchpriority=\"high\" decoding=\"async\" width=\"300\" height=\"200\" src=\"https:\/\/abcprato.it\/wp-content\/uploads\/2024\/04\/mission-vision-abc-6-300x200.jpg\" class=\"attachment-medium size-medium wp-image-24631\" alt=\"mission-vision-abc\" srcset=\"https:\/\/abcprato.it\/wp-content\/uploads\/2024\/04\/mission-vision-abc-6-300x200.jpg 300w, https:\/\/abcprato.it\/wp-content\/uploads\/2024\/04\/mission-vision-abc-6-1024x683.jpg 1024w, https:\/\/abcprato.it\/wp-content\/uploads\/2024\/04\/mission-vision-abc-6-768x512.jpg 768w, https:\/\/abcprato.it\/wp-content\/uploads\/2024\/04\/mission-vision-abc-6-24x16.jpg 24w, https:\/\/abcprato.it\/wp-content\/uploads\/2024\/04\/mission-vision-abc-6-36x24.jpg 36w, https:\/\/abcprato.it\/wp-content\/uploads\/2024\/04\/mission-vision-abc-6-48x32.jpg 48w, https:\/\/abcprato.it\/wp-content\/uploads\/2024\/04\/mission-vision-abc-6.jpg 1500w\" sizes=\"(max-width: 300px) 100vw, 300px\" \/>\t\t\t\t\t\t\t\t\t\t\t\t\t\t\t<\/div>\n\t\t\t\t<\/div>\n\t\t\t\t\t<\/div>\n\t\t<\/div>\n\t\t\t\t\t<\/div>\n\t\t<\/section>\n\t\t\t\t<section class=\"elementor-section elementor-top-section elementor-element elementor-element-4e42ad9 elementor-section-boxed elementor-section-height-default elementor-section-height-default\" data-id=\"4e42ad9\" data-element_type=\"section\" data-e-type=\"section\">\n\t\t\t\t\t\t<div class=\"elementor-container elementor-column-gap-default\">\n\t\t\t\t\t<div class=\"elementor-column elementor-col-50 elementor-top-column elementor-element elementor-element-95d188c\" data-id=\"95d188c\" data-element_type=\"column\" data-e-type=\"column\">\n\t\t\t<div class=\"elementor-widget-wrap elementor-element-populated\">\n\t\t\t\t\t\t<div class=\"elementor-element elementor-element-6f048d6 elementor-widget elementor-widget-image\" data-id=\"6f048d6\" data-element_type=\"widget\" data-e-type=\"widget\" data-widget_type=\"image.default\">\n\t\t\t\t<div class=\"elementor-widget-container\">\n\t\t\t\t\t\t\t\t\t\t\t\t\t\t\t<img decoding=\"async\" width=\"300\" height=\"200\" src=\"https:\/\/abcprato.it\/wp-content\/uploads\/2024\/04\/mission-vision-comparaison-abc-1-300x200.jpg\" class=\"attachment-medium size-medium wp-image-24635\" alt=\"mission-vision-comparaison-abc\" srcset=\"https:\/\/abcprato.it\/wp-content\/uploads\/2024\/04\/mission-vision-comparaison-abc-1-300x200.jpg 300w, https:\/\/abcprato.it\/wp-content\/uploads\/2024\/04\/mission-vision-comparaison-abc-1-1024x683.jpg 1024w, https:\/\/abcprato.it\/wp-content\/uploads\/2024\/04\/mission-vision-comparaison-abc-1-768x512.jpg 768w, https:\/\/abcprato.it\/wp-content\/uploads\/2024\/04\/mission-vision-comparaison-abc-1-24x16.jpg 24w, https:\/\/abcprato.it\/wp-content\/uploads\/2024\/04\/mission-vision-comparaison-abc-1-36x24.jpg 36w, https:\/\/abcprato.it\/wp-content\/uploads\/2024\/04\/mission-vision-comparaison-abc-1-48x32.jpg 48w, https:\/\/abcprato.it\/wp-content\/uploads\/2024\/04\/mission-vision-comparaison-abc-1.jpg 1500w\" sizes=\"(max-width: 300px) 100vw, 300px\" \/>\t\t\t\t\t\t\t\t\t\t\t\t\t\t\t<\/div>\n\t\t\t\t<\/div>\n\t\t\t\t\t<\/div>\n\t\t<\/div>\n\t\t\t\t<div class=\"elementor-column elementor-col-50 elementor-top-column elementor-element elementor-element-11eedfd\" data-id=\"11eedfd\" data-element_type=\"column\" data-e-type=\"column\">\n\t\t\t<div class=\"elementor-widget-wrap elementor-element-populated\">\n\t\t\t\t\t\t<div class=\"elementor-element elementor-element-cd69276 elementor-widget elementor-widget-text-editor\" data-id=\"cd69276\" data-element_type=\"widget\" data-e-type=\"widget\" data-widget_type=\"text-editor.default\">\n\t\t\t\t<div class=\"elementor-widget-container\">\n\t\t\t\t\t\t\t\t\t<p><em>\u00ab\u00a0Avec la personnalisation, nous avons con\u00e7u et d\u00e9velopp\u00e9 des solutions sur mesure ; des \u00e9quipements cr\u00e9\u00e9s en \u00e9coutant les demandes de chaque client qui sont ensuite devenus partie int\u00e9grante de notre gamme de produits ABC\u00a0\u00bb.<\/em> L.C.<\/p><p>Notre <strong>mission<\/strong> est de r\u00e9pondre aux besoins non satisfaits des clients, en continuant \u00e0 comparer et \u00e0 am\u00e9liorer jour apr\u00e8s jour en partageant l&rsquo;exp\u00e9rience avec tout le monde. L&rsquo;\u00e9change avec le client nous a amen\u00e9s l\u00e0 o\u00f9 nous sommes aujourd&rsquo;hui. <\/p>\t\t\t\t\t\t\t\t<\/div>\n\t\t\t\t<\/div>\n\t\t\t\t\t<\/div>\n\t\t<\/div>\n\t\t\t\t\t<\/div>\n\t\t<\/section>\n\t\t\t\t<\/div>\n\t\t","protected":false},"excerpt":{"rendered":"<p>Mission &#038; Vision \u00ab\u00a0Ne regardez jamais en arri\u00e8re et ne vous arr\u00eatez jamais sur ce qui a d\u00e9j\u00e0 \u00e9t\u00e9 fait, mais gardez un \u0153il sur&#8230; <a class=\"read-more\" style=\"text-decoration:underline;\" href=\"https:\/\/abcprato.it\/fr\/mission-vision\/\">En savoir plus<\/a><\/p>\n","protected":false},"author":3,"featured_media":24627,"parent":0,"menu_order":0,"comment_status":"closed","ping_status":"closed","template":"elementor_header_footer","meta":{"_acf_changed":false,"footnotes":""},"class_list":["post-5001","page","type-page","status-publish","has-post-thumbnail","hentry"],"acf":[],"yoast_head":"<!-- This site is optimized with the Yoast SEO plugin v27.2 - https:\/\/yoast.com\/product\/yoast-seo-wordpress\/ -->\n<title>Mission &amp; Vision - ABC Equipment &amp; Solutions<\/title>\n<meta name=\"description\" content=\"Mission et vision nous conduisent \u00e0 un dialogue continu avec le client pour d\u00e9velopper et am\u00e9liorer les \u00e9quipements ABC d\u00e9di\u00e9s \u00e0 l&#039;industrie du cuir.\" \/>\n<meta name=\"robots\" content=\"index, follow, max-snippet:-1, max-image-preview:large, max-video-preview:-1\" \/>\n<link rel=\"canonical\" href=\"https:\/\/abcprato.it\/fr\/mission-vision\/\" \/>\n<meta property=\"og:locale\" content=\"fr_FR\" \/>\n<meta property=\"og:type\" content=\"article\" \/>\n<meta property=\"og:title\" content=\"Mission &amp; Vision - ABC Equipment &amp; Solutions\" \/>\n<meta property=\"og:description\" content=\"Mission et vision nous conduisent \u00e0 un dialogue continu avec le client pour d\u00e9velopper et am\u00e9liorer les \u00e9quipements ABC d\u00e9di\u00e9s \u00e0 l&#039;industrie du cuir.\" \/>\n<meta property=\"og:url\" content=\"https:\/\/abcprato.it\/fr\/mission-vision\/\" \/>\n<meta property=\"og:site_name\" content=\"ABC Equipment &amp; Solutions\" \/>\n<meta property=\"article:modified_time\" content=\"2024-04-10T11:00:32+00:00\" \/>\n<meta property=\"og:image\" content=\"https:\/\/abcprato.it\/wp-content\/uploads\/2024\/04\/chevalets-porte-peaux-mission-vision-abc-1.jpg\" \/>\n\t<meta property=\"og:image:width\" content=\"1920\" \/>\n\t<meta property=\"og:image:height\" content=\"1080\" \/>\n\t<meta property=\"og:image:type\" content=\"image\/jpeg\" \/>\n<meta name=\"twitter:card\" content=\"summary_large_image\" \/>\n<meta name=\"twitter:label1\" content=\"Dur\u00e9e de lecture estim\u00e9e\" \/>\n\t<meta name=\"twitter:data1\" content=\"2 minutes\" \/>\n<script type=\"application\/ld+json\" class=\"yoast-schema-graph\">{\"@context\":\"https:\/\/schema.org\",\"@graph\":[{\"@type\":\"WebPage\",\"@id\":\"https:\/\/abcprato.it\/fr\/mission-vision\/\",\"url\":\"https:\/\/abcprato.it\/fr\/mission-vision\/\",\"name\":\"Mission & Vision - ABC Equipment &amp; Solutions\",\"isPartOf\":{\"@id\":\"https:\/\/abcprato.it\/fr\/#website\"},\"primaryImageOfPage\":{\"@id\":\"https:\/\/abcprato.it\/fr\/mission-vision\/#primaryimage\"},\"image\":{\"@id\":\"https:\/\/abcprato.it\/fr\/mission-vision\/#primaryimage\"},\"thumbnailUrl\":\"https:\/\/abcprato.it\/wp-content\/uploads\/2024\/04\/chevalets-porte-peaux-mission-vision-abc-1.jpg\",\"datePublished\":\"2021-02-12T16:08:15+00:00\",\"dateModified\":\"2024-04-10T11:00:32+00:00\",\"description\":\"Mission et vision nous conduisent \u00e0 un dialogue continu avec le client pour d\u00e9velopper et am\u00e9liorer les \u00e9quipements ABC d\u00e9di\u00e9s \u00e0 l'industrie du cuir.\",\"breadcrumb\":{\"@id\":\"https:\/\/abcprato.it\/fr\/mission-vision\/#breadcrumb\"},\"inLanguage\":\"fr-FR\",\"potentialAction\":[{\"@type\":\"ReadAction\",\"target\":[\"https:\/\/abcprato.it\/fr\/mission-vision\/\"]}]},{\"@type\":\"ImageObject\",\"inLanguage\":\"fr-FR\",\"@id\":\"https:\/\/abcprato.it\/fr\/mission-vision\/#primaryimage\",\"url\":\"https:\/\/abcprato.it\/wp-content\/uploads\/2024\/04\/chevalets-porte-peaux-mission-vision-abc-1.jpg\",\"contentUrl\":\"https:\/\/abcprato.it\/wp-content\/uploads\/2024\/04\/chevalets-porte-peaux-mission-vision-abc-1.jpg\",\"width\":1920,\"height\":1080,\"caption\":\"chevalets-porte-peaux-mission-vision-abc\"},{\"@type\":\"BreadcrumbList\",\"@id\":\"https:\/\/abcprato.it\/fr\/mission-vision\/#breadcrumb\",\"itemListElement\":[{\"@type\":\"ListItem\",\"position\":1,\"name\":\"Home\",\"item\":\"https:\/\/abcprato.it\/fr\/\"},{\"@type\":\"ListItem\",\"position\":2,\"name\":\"Mission &#038; Vision\"}]},{\"@type\":\"WebSite\",\"@id\":\"https:\/\/abcprato.it\/fr\/#website\",\"url\":\"https:\/\/abcprato.it\/fr\/\",\"name\":\"ABC Equipment &amp; Solutions\",\"description\":\"\",\"publisher\":{\"@id\":\"https:\/\/abcprato.it\/fr\/#organization\"},\"potentialAction\":[{\"@type\":\"SearchAction\",\"target\":{\"@type\":\"EntryPoint\",\"urlTemplate\":\"https:\/\/abcprato.it\/fr\/?s={search_term_string}\"},\"query-input\":{\"@type\":\"PropertyValueSpecification\",\"valueRequired\":true,\"valueName\":\"search_term_string\"}}],\"inLanguage\":\"fr-FR\"},{\"@type\":\"Organization\",\"@id\":\"https:\/\/abcprato.it\/fr\/#organization\",\"name\":\"ABC Equipment & Solutions\",\"url\":\"https:\/\/abcprato.it\/fr\/\",\"logo\":{\"@type\":\"ImageObject\",\"inLanguage\":\"fr-FR\",\"@id\":\"https:\/\/abcprato.it\/fr\/#\/schema\/logo\/image\/\",\"url\":\"https:\/\/abcprato.it\/wp-content\/uploads\/2021\/01\/ABC-logo-2021.svg\",\"contentUrl\":\"https:\/\/abcprato.it\/wp-content\/uploads\/2021\/01\/ABC-logo-2021.svg\",\"width\":1,\"height\":1,\"caption\":\"ABC Equipment & Solutions\"},\"image\":{\"@id\":\"https:\/\/abcprato.it\/fr\/#\/schema\/logo\/image\/\"}}]}<\/script>\n<!-- \/ Yoast SEO plugin. -->","yoast_head_json":{"title":"Mission & Vision - ABC Equipment &amp; Solutions","description":"Mission et vision nous conduisent \u00e0 un dialogue continu avec le client pour d\u00e9velopper et am\u00e9liorer les \u00e9quipements ABC d\u00e9di\u00e9s \u00e0 l'industrie du cuir.","robots":{"index":"index","follow":"follow","max-snippet":"max-snippet:-1","max-image-preview":"max-image-preview:large","max-video-preview":"max-video-preview:-1"},"canonical":"https:\/\/abcprato.it\/fr\/mission-vision\/","og_locale":"fr_FR","og_type":"article","og_title":"Mission & Vision - ABC Equipment &amp; Solutions","og_description":"Mission et vision nous conduisent \u00e0 un dialogue continu avec le client pour d\u00e9velopper et am\u00e9liorer les \u00e9quipements ABC d\u00e9di\u00e9s \u00e0 l'industrie du cuir.","og_url":"https:\/\/abcprato.it\/fr\/mission-vision\/","og_site_name":"ABC Equipment &amp; Solutions","article_modified_time":"2024-04-10T11:00:32+00:00","og_image":[{"width":1920,"height":1080,"url":"https:\/\/abcprato.it\/wp-content\/uploads\/2024\/04\/chevalets-porte-peaux-mission-vision-abc-1.jpg","type":"image\/jpeg"}],"twitter_card":"summary_large_image","twitter_misc":{"Dur\u00e9e de lecture estim\u00e9e":"2 minutes"},"schema":{"@context":"https:\/\/schema.org","@graph":[{"@type":"WebPage","@id":"https:\/\/abcprato.it\/fr\/mission-vision\/","url":"https:\/\/abcprato.it\/fr\/mission-vision\/","name":"Mission & Vision - ABC Equipment &amp; Solutions","isPartOf":{"@id":"https:\/\/abcprato.it\/fr\/#website"},"primaryImageOfPage":{"@id":"https:\/\/abcprato.it\/fr\/mission-vision\/#primaryimage"},"image":{"@id":"https:\/\/abcprato.it\/fr\/mission-vision\/#primaryimage"},"thumbnailUrl":"https:\/\/abcprato.it\/wp-content\/uploads\/2024\/04\/chevalets-porte-peaux-mission-vision-abc-1.jpg","datePublished":"2021-02-12T16:08:15+00:00","dateModified":"2024-04-10T11:00:32+00:00","description":"Mission et vision nous conduisent \u00e0 un dialogue continu avec le client pour d\u00e9velopper et am\u00e9liorer les \u00e9quipements ABC d\u00e9di\u00e9s \u00e0 l'industrie du cuir.","breadcrumb":{"@id":"https:\/\/abcprato.it\/fr\/mission-vision\/#breadcrumb"},"inLanguage":"fr-FR","potentialAction":[{"@type":"ReadAction","target":["https:\/\/abcprato.it\/fr\/mission-vision\/"]}]},{"@type":"ImageObject","inLanguage":"fr-FR","@id":"https:\/\/abcprato.it\/fr\/mission-vision\/#primaryimage","url":"https:\/\/abcprato.it\/wp-content\/uploads\/2024\/04\/chevalets-porte-peaux-mission-vision-abc-1.jpg","contentUrl":"https:\/\/abcprato.it\/wp-content\/uploads\/2024\/04\/chevalets-porte-peaux-mission-vision-abc-1.jpg","width":1920,"height":1080,"caption":"chevalets-porte-peaux-mission-vision-abc"},{"@type":"BreadcrumbList","@id":"https:\/\/abcprato.it\/fr\/mission-vision\/#breadcrumb","itemListElement":[{"@type":"ListItem","position":1,"name":"Home","item":"https:\/\/abcprato.it\/fr\/"},{"@type":"ListItem","position":2,"name":"Mission &#038; Vision"}]},{"@type":"WebSite","@id":"https:\/\/abcprato.it\/fr\/#website","url":"https:\/\/abcprato.it\/fr\/","name":"ABC Equipment &amp; Solutions","description":"","publisher":{"@id":"https:\/\/abcprato.it\/fr\/#organization"},"potentialAction":[{"@type":"SearchAction","target":{"@type":"EntryPoint","urlTemplate":"https:\/\/abcprato.it\/fr\/?s={search_term_string}"},"query-input":{"@type":"PropertyValueSpecification","valueRequired":true,"valueName":"search_term_string"}}],"inLanguage":"fr-FR"},{"@type":"Organization","@id":"https:\/\/abcprato.it\/fr\/#organization","name":"ABC Equipment & Solutions","url":"https:\/\/abcprato.it\/fr\/","logo":{"@type":"ImageObject","inLanguage":"fr-FR","@id":"https:\/\/abcprato.it\/fr\/#\/schema\/logo\/image\/","url":"https:\/\/abcprato.it\/wp-content\/uploads\/2021\/01\/ABC-logo-2021.svg","contentUrl":"https:\/\/abcprato.it\/wp-content\/uploads\/2021\/01\/ABC-logo-2021.svg","width":1,"height":1,"caption":"ABC Equipment & Solutions"},"image":{"@id":"https:\/\/abcprato.it\/fr\/#\/schema\/logo\/image\/"}}]}},"_links":{"self":[{"href":"https:\/\/abcprato.it\/fr\/wp-json\/wp\/v2\/pages\/5001","targetHints":{"allow":["GET"]}}],"collection":[{"href":"https:\/\/abcprato.it\/fr\/wp-json\/wp\/v2\/pages"}],"about":[{"href":"https:\/\/abcprato.it\/fr\/wp-json\/wp\/v2\/types\/page"}],"author":[{"embeddable":true,"href":"https:\/\/abcprato.it\/fr\/wp-json\/wp\/v2\/users\/3"}],"replies":[{"embeddable":true,"href":"https:\/\/abcprato.it\/fr\/wp-json\/wp\/v2\/comments?post=5001"}],"version-history":[{"count":9,"href":"https:\/\/abcprato.it\/fr\/wp-json\/wp\/v2\/pages\/5001\/revisions"}],"predecessor-version":[{"id":24643,"href":"https:\/\/abcprato.it\/fr\/wp-json\/wp\/v2\/pages\/5001\/revisions\/24643"}],"wp:featuredmedia":[{"embeddable":true,"href":"https:\/\/abcprato.it\/fr\/wp-json\/wp\/v2\/media\/24627"}],"wp:attachment":[{"href":"https:\/\/abcprato.it\/fr\/wp-json\/wp\/v2\/media?parent=5001"}],"curies":[{"name":"wp","href":"https:\/\/api.w.org\/{rel}","templated":true}]}}