{"id":5017,"date":"2021-02-12T17:13:09","date_gmt":"2021-02-12T16:13:09","guid":{"rendered":"https:\/\/abcprato.it\/?page_id=5017"},"modified":"2021-02-19T15:11:28","modified_gmt":"2021-02-19T14:11:28","slug":"travaillez-avec-nous","status":"publish","type":"page","link":"https:\/\/abcprato.it\/fr\/travaillez-avec-nous\/","title":{"rendered":"Travaillez avec nous"},"content":{"rendered":"\t\t<div data-elementor-type=\"wp-page\" data-elementor-id=\"5017\" class=\"elementor elementor-5017 elementor-1048\" data-elementor-post-type=\"page\">\n\t\t\t\t\t\t<section class=\"elementor-section elementor-top-section elementor-element elementor-element-dc0a3ef elementor-section-boxed elementor-section-height-default elementor-section-height-default\" data-id=\"dc0a3ef\" data-element_type=\"section\" data-e-type=\"section\" data-settings=\"{&quot;background_background&quot;:&quot;classic&quot;}\">\n\t\t\t\t\t\t<div class=\"elementor-container elementor-column-gap-default\">\n\t\t\t\t\t<div class=\"elementor-column elementor-col-100 elementor-top-column elementor-element elementor-element-0906e17\" data-id=\"0906e17\" data-element_type=\"column\" data-e-type=\"column\">\n\t\t\t<div class=\"elementor-widget-wrap elementor-element-populated\">\n\t\t\t\t\t\t<div class=\"elementor-element elementor-element-2a2cfdf elementor-widget elementor-widget-text-editor\" data-id=\"2a2cfdf\" data-element_type=\"widget\" data-e-type=\"widget\" data-widget_type=\"text-editor.default\">\n\t\t\t\t<div class=\"elementor-widget-container\">\n\t\t\t\t\t\t\t\t\t<h1 style=\"text-align: center;\">Travaillez avec nous<\/h1>\t\t\t\t\t\t\t\t<\/div>\n\t\t\t\t<\/div>\n\t\t\t\t\t<\/div>\n\t\t<\/div>\n\t\t\t\t\t<\/div>\n\t\t<\/section>\n\t\t\t\t<section class=\"elementor-section elementor-top-section elementor-element elementor-element-7aecb77 elementor-section-content-middle elementor-section-boxed elementor-section-height-default elementor-section-height-default\" data-id=\"7aecb77\" data-element_type=\"section\" data-e-type=\"section\">\n\t\t\t\t\t\t<div class=\"elementor-container elementor-column-gap-default\">\n\t\t\t\t\t<div class=\"elementor-column elementor-col-50 elementor-top-column elementor-element elementor-element-6eb24f9\" data-id=\"6eb24f9\" data-element_type=\"column\" data-e-type=\"column\">\n\t\t\t<div class=\"elementor-widget-wrap elementor-element-populated\">\n\t\t\t\t\t\t<div class=\"elementor-element elementor-element-ae4cf19 elementor-widget elementor-widget-text-editor\" data-id=\"ae4cf19\" data-element_type=\"widget\" data-e-type=\"widget\" data-widget_type=\"text-editor.default\">\n\t\t\t\t<div class=\"elementor-widget-container\">\n\t\t\t\t\t\t\t\t\t<h3>Faites partie de l&rsquo;\u00e9quipe<\/h3><p>\u00cates-vous int\u00e9ress\u00e9 \u00e0 rejoindre notre \u00e9quipe?<br \/>Remplissez le formulaire, vous serez contact\u00e9 dans les plus brefs d\u00e9lais.<br \/>Tous les appels et courriels resteront confidentiels.<\/p>\t\t\t\t\t\t\t\t<\/div>\n\t\t\t\t<\/div>\n\t\t\t\t\t<\/div>\n\t\t<\/div>\n\t\t\t\t<div class=\"elementor-column elementor-col-50 elementor-top-column elementor-element elementor-element-0a69063\" data-id=\"0a69063\" data-element_type=\"column\" data-e-type=\"column\">\n\t\t\t<div class=\"elementor-widget-wrap elementor-element-populated\">\n\t\t\t\t\t\t<div class=\"elementor-element elementor-element-aa006ec elementor-widget elementor-widget-shortcode\" data-id=\"aa006ec\" data-element_type=\"widget\" data-e-type=\"widget\" data-widget_type=\"shortcode.default\">\n\t\t\t\t<div class=\"elementor-widget-container\">\n\t\t\t\t\t\t\t<div class=\"elementor-shortcode\">\n<div class=\"wpcf7 no-js\" id=\"wpcf7-f5815-o1\" lang=\"it-IT\" dir=\"ltr\" data-wpcf7-id=\"5815\">\n<div class=\"screen-reader-response\"><p role=\"status\" aria-live=\"polite\" aria-atomic=\"true\"><\/p> <ul><\/ul><\/div>\n<form action=\"\/fr\/wp-json\/wp\/v2\/pages\/5017#wpcf7-f5815-o1\" method=\"post\" class=\"wpcf7-form init\" aria-label=\"Modulo di contatto\" novalidate=\"novalidate\" data-status=\"init\">\n<fieldset class=\"hidden-fields-container\"><input type=\"hidden\" name=\"_wpcf7\" value=\"5815\" \/><input type=\"hidden\" name=\"_wpcf7_version\" value=\"6.1.5\" \/><input type=\"hidden\" name=\"_wpcf7_locale\" value=\"it_IT\" \/><input type=\"hidden\" name=\"_wpcf7_unit_tag\" value=\"wpcf7-f5815-o1\" \/><input type=\"hidden\" name=\"_wpcf7_container_post\" value=\"0\" \/><input type=\"hidden\" name=\"_wpcf7_posted_data_hash\" value=\"\" \/><input type=\"hidden\" name=\"_wpcf7_recaptcha_response\" value=\"\" \/>\n<\/fieldset>\n<p><label>Nom<br \/>\n<span class=\"wpcf7-form-control-wrap\" data-name=\"your-name\"><input size=\"40\" maxlength=\"400\" class=\"wpcf7-form-control wpcf7-text wpcf7-validates-as-required\" aria-required=\"true\" aria-invalid=\"false\" value=\"\" type=\"text\" name=\"your-name\" \/><\/span> <\/label>\n<\/p>\n<p><label>Email<br \/>\n<span class=\"wpcf7-form-control-wrap\" data-name=\"your-email\"><input size=\"40\" maxlength=\"400\" class=\"wpcf7-form-control wpcf7-email wpcf7-validates-as-required wpcf7-text wpcf7-validates-as-email\" aria-required=\"true\" aria-invalid=\"false\" value=\"\" type=\"email\" name=\"your-email\" \/><\/span> <\/label>\n<\/p>\n<p><label>Message de pr\u00e9sentation<br \/>\n<span class=\"wpcf7-form-control-wrap\" data-name=\"your-message\"><textarea cols=\"40\" rows=\"10\" maxlength=\"2000\" class=\"wpcf7-form-control wpcf7-textarea\" aria-invalid=\"false\" name=\"your-message\"><\/textarea><\/span> <\/label>\n<\/p>\n<p><input class=\"wpcf7-form-control wpcf7-submit has-spinner\" type=\"submit\" value=\"Soumettre\" \/>\n<\/p><div class=\"wpcf7-response-output\" aria-hidden=\"true\"><\/div>\n<\/form>\n<\/div>\n<\/div>\n\t\t\t\t\t\t<\/div>\n\t\t\t\t<\/div>\n\t\t\t\t\t<\/div>\n\t\t<\/div>\n\t\t\t\t\t<\/div>\n\t\t<\/section>\n\t\t\t\t<\/div>\n\t\t","protected":false},"excerpt":{"rendered":"<p>Travaillez avec nous Faites partie de l&rsquo;\u00e9quipe \u00cates-vous int\u00e9ress\u00e9 \u00e0 rejoindre notre \u00e9quipe?Remplissez le formulaire, vous serez contact\u00e9 dans les plus brefs d\u00e9lais.Tous les appels&#8230; <a class=\"read-more\" style=\"text-decoration:underline;\" href=\"https:\/\/abcprato.it\/fr\/travaillez-avec-nous\/\">En savoir plus<\/a><\/p>\n","protected":false},"author":3,"featured_media":0,"parent":0,"menu_order":0,"comment_status":"closed","ping_status":"closed","template":"elementor_header_footer","meta":{"_acf_changed":false,"footnotes":""},"class_list":["post-5017","page","type-page","status-publish","hentry"],"acf":[],"yoast_head":"<!-- This site is optimized with the Yoast SEO plugin v27.2 - https:\/\/yoast.com\/product\/yoast-seo-wordpress\/ -->\n<title>Travaillez avec nous - ABC Equipment &amp; Solutions<\/title>\n<meta name=\"description\" content=\"Faites partie de l\u2019\u00e9quipe\" \/>\n<meta name=\"robots\" content=\"index, follow, max-snippet:-1, max-image-preview:large, max-video-preview:-1\" \/>\n<link rel=\"canonical\" href=\"https:\/\/abcprato.it\/fr\/travaillez-avec-nous\/\" \/>\n<meta property=\"og:locale\" content=\"fr_FR\" \/>\n<meta property=\"og:type\" content=\"article\" \/>\n<meta property=\"og:title\" content=\"Travaillez avec nous - ABC Equipment &amp; Solutions\" \/>\n<meta property=\"og:description\" content=\"Faites partie de l\u2019\u00e9quipe\" \/>\n<meta property=\"og:url\" content=\"https:\/\/abcprato.it\/fr\/travaillez-avec-nous\/\" \/>\n<meta property=\"og:site_name\" content=\"ABC Equipment &amp; Solutions\" \/>\n<meta property=\"article:modified_time\" content=\"2021-02-19T14:11:28+00:00\" \/>\n<meta name=\"twitter:card\" content=\"summary_large_image\" \/>\n<meta name=\"twitter:label1\" content=\"Dur\u00e9e de lecture estim\u00e9e\" \/>\n\t<meta name=\"twitter:data1\" content=\"1 minute\" \/>\n<script type=\"application\/ld+json\" class=\"yoast-schema-graph\">{\"@context\":\"https:\/\/schema.org\",\"@graph\":[{\"@type\":\"WebPage\",\"@id\":\"https:\/\/abcprato.it\/fr\/travaillez-avec-nous\/\",\"url\":\"https:\/\/abcprato.it\/fr\/travaillez-avec-nous\/\",\"name\":\"Travaillez avec nous - ABC Equipment &amp; Solutions\",\"isPartOf\":{\"@id\":\"https:\/\/abcprato.it\/fr\/#website\"},\"datePublished\":\"2021-02-12T16:13:09+00:00\",\"dateModified\":\"2021-02-19T14:11:28+00:00\",\"description\":\"Faites partie de l\u2019\u00e9quipe\",\"breadcrumb\":{\"@id\":\"https:\/\/abcprato.it\/fr\/travaillez-avec-nous\/#breadcrumb\"},\"inLanguage\":\"fr-FR\",\"potentialAction\":[{\"@type\":\"ReadAction\",\"target\":[\"https:\/\/abcprato.it\/fr\/travaillez-avec-nous\/\"]}]},{\"@type\":\"BreadcrumbList\",\"@id\":\"https:\/\/abcprato.it\/fr\/travaillez-avec-nous\/#breadcrumb\",\"itemListElement\":[{\"@type\":\"ListItem\",\"position\":1,\"name\":\"Home\",\"item\":\"https:\/\/abcprato.it\/fr\/\"},{\"@type\":\"ListItem\",\"position\":2,\"name\":\"Travaillez avec nous\"}]},{\"@type\":\"WebSite\",\"@id\":\"https:\/\/abcprato.it\/fr\/#website\",\"url\":\"https:\/\/abcprato.it\/fr\/\",\"name\":\"ABC Equipment &amp; Solutions\",\"description\":\"\",\"publisher\":{\"@id\":\"https:\/\/abcprato.it\/fr\/#organization\"},\"potentialAction\":[{\"@type\":\"SearchAction\",\"target\":{\"@type\":\"EntryPoint\",\"urlTemplate\":\"https:\/\/abcprato.it\/fr\/?s={search_term_string}\"},\"query-input\":{\"@type\":\"PropertyValueSpecification\",\"valueRequired\":true,\"valueName\":\"search_term_string\"}}],\"inLanguage\":\"fr-FR\"},{\"@type\":\"Organization\",\"@id\":\"https:\/\/abcprato.it\/fr\/#organization\",\"name\":\"ABC Equipment & Solutions\",\"url\":\"https:\/\/abcprato.it\/fr\/\",\"logo\":{\"@type\":\"ImageObject\",\"inLanguage\":\"fr-FR\",\"@id\":\"https:\/\/abcprato.it\/fr\/#\/schema\/logo\/image\/\",\"url\":\"https:\/\/abcprato.it\/wp-content\/uploads\/2021\/01\/ABC-logo-2021.svg\",\"contentUrl\":\"https:\/\/abcprato.it\/wp-content\/uploads\/2021\/01\/ABC-logo-2021.svg\",\"width\":1,\"height\":1,\"caption\":\"ABC Equipment & Solutions\"},\"image\":{\"@id\":\"https:\/\/abcprato.it\/fr\/#\/schema\/logo\/image\/\"}}]}<\/script>\n<!-- \/ Yoast SEO plugin. -->","yoast_head_json":{"title":"Travaillez avec nous - ABC Equipment &amp; Solutions","description":"Faites partie de l\u2019\u00e9quipe","robots":{"index":"index","follow":"follow","max-snippet":"max-snippet:-1","max-image-preview":"max-image-preview:large","max-video-preview":"max-video-preview:-1"},"canonical":"https:\/\/abcprato.it\/fr\/travaillez-avec-nous\/","og_locale":"fr_FR","og_type":"article","og_title":"Travaillez avec nous - ABC Equipment &amp; Solutions","og_description":"Faites partie de l\u2019\u00e9quipe","og_url":"https:\/\/abcprato.it\/fr\/travaillez-avec-nous\/","og_site_name":"ABC Equipment &amp; Solutions","article_modified_time":"2021-02-19T14:11:28+00:00","twitter_card":"summary_large_image","twitter_misc":{"Dur\u00e9e de lecture estim\u00e9e":"1 minute"},"schema":{"@context":"https:\/\/schema.org","@graph":[{"@type":"WebPage","@id":"https:\/\/abcprato.it\/fr\/travaillez-avec-nous\/","url":"https:\/\/abcprato.it\/fr\/travaillez-avec-nous\/","name":"Travaillez avec nous - ABC Equipment &amp; Solutions","isPartOf":{"@id":"https:\/\/abcprato.it\/fr\/#website"},"datePublished":"2021-02-12T16:13:09+00:00","dateModified":"2021-02-19T14:11:28+00:00","description":"Faites partie de l\u2019\u00e9quipe","breadcrumb":{"@id":"https:\/\/abcprato.it\/fr\/travaillez-avec-nous\/#breadcrumb"},"inLanguage":"fr-FR","potentialAction":[{"@type":"ReadAction","target":["https:\/\/abcprato.it\/fr\/travaillez-avec-nous\/"]}]},{"@type":"BreadcrumbList","@id":"https:\/\/abcprato.it\/fr\/travaillez-avec-nous\/#breadcrumb","itemListElement":[{"@type":"ListItem","position":1,"name":"Home","item":"https:\/\/abcprato.it\/fr\/"},{"@type":"ListItem","position":2,"name":"Travaillez avec nous"}]},{"@type":"WebSite","@id":"https:\/\/abcprato.it\/fr\/#website","url":"https:\/\/abcprato.it\/fr\/","name":"ABC Equipment &amp; Solutions","description":"","publisher":{"@id":"https:\/\/abcprato.it\/fr\/#organization"},"potentialAction":[{"@type":"SearchAction","target":{"@type":"EntryPoint","urlTemplate":"https:\/\/abcprato.it\/fr\/?s={search_term_string}"},"query-input":{"@type":"PropertyValueSpecification","valueRequired":true,"valueName":"search_term_string"}}],"inLanguage":"fr-FR"},{"@type":"Organization","@id":"https:\/\/abcprato.it\/fr\/#organization","name":"ABC Equipment & Solutions","url":"https:\/\/abcprato.it\/fr\/","logo":{"@type":"ImageObject","inLanguage":"fr-FR","@id":"https:\/\/abcprato.it\/fr\/#\/schema\/logo\/image\/","url":"https:\/\/abcprato.it\/wp-content\/uploads\/2021\/01\/ABC-logo-2021.svg","contentUrl":"https:\/\/abcprato.it\/wp-content\/uploads\/2021\/01\/ABC-logo-2021.svg","width":1,"height":1,"caption":"ABC Equipment & Solutions"},"image":{"@id":"https:\/\/abcprato.it\/fr\/#\/schema\/logo\/image\/"}}]}},"_links":{"self":[{"href":"https:\/\/abcprato.it\/fr\/wp-json\/wp\/v2\/pages\/5017","targetHints":{"allow":["GET"]}}],"collection":[{"href":"https:\/\/abcprato.it\/fr\/wp-json\/wp\/v2\/pages"}],"about":[{"href":"https:\/\/abcprato.it\/fr\/wp-json\/wp\/v2\/types\/page"}],"author":[{"embeddable":true,"href":"https:\/\/abcprato.it\/fr\/wp-json\/wp\/v2\/users\/3"}],"replies":[{"embeddable":true,"href":"https:\/\/abcprato.it\/fr\/wp-json\/wp\/v2\/comments?post=5017"}],"version-history":[{"count":0,"href":"https:\/\/abcprato.it\/fr\/wp-json\/wp\/v2\/pages\/5017\/revisions"}],"wp:attachment":[{"href":"https:\/\/abcprato.it\/fr\/wp-json\/wp\/v2\/media?parent=5017"}],"curies":[{"name":"wp","href":"https:\/\/api.w.org\/{rel}","templated":true}]}}