{"id":5597,"date":"2021-02-16T11:14:44","date_gmt":"2021-02-16T10:14:44","guid":{"rendered":"https:\/\/abcprato.it\/?page_id=5597"},"modified":"2023-12-01T01:03:07","modified_gmt":"2023-12-01T00:03:07","slug":"chaussures","status":"publish","type":"page","link":"https:\/\/abcprato.it\/fr\/domaines-d-application\/chaussures\/","title":{"rendered":"Chaussures"},"content":{"rendered":"\t\t<div data-elementor-type=\"wp-page\" data-elementor-id=\"5597\" class=\"elementor elementor-5597 elementor-2561\" data-elementor-post-type=\"page\">\n\t\t\t\t\t\t<section class=\"elementor-section elementor-top-section elementor-element elementor-element-92bd888 elementor-section-boxed elementor-section-height-default elementor-section-height-default\" data-id=\"92bd888\" data-element_type=\"section\" data-e-type=\"section\" data-settings=\"{&quot;background_background&quot;:&quot;classic&quot;}\">\n\t\t\t\t\t\t\t<div class=\"elementor-background-overlay\"><\/div>\n\t\t\t\t\t\t\t<div class=\"elementor-container elementor-column-gap-default\">\n\t\t\t\t\t<div class=\"elementor-column elementor-col-100 elementor-top-column elementor-element elementor-element-ddcb564\" data-id=\"ddcb564\" data-element_type=\"column\" data-e-type=\"column\">\n\t\t\t<div class=\"elementor-widget-wrap elementor-element-populated\">\n\t\t\t\t\t\t<div class=\"elementor-element elementor-element-942359d elementor-widget elementor-widget-image\" data-id=\"942359d\" data-element_type=\"widget\" data-e-type=\"widget\" data-widget_type=\"image.default\">\n\t\t\t\t<div class=\"elementor-widget-container\">\n\t\t\t\t\t\t\t\t\t\t\t\t\t\t\t<img decoding=\"async\" width=\"65\" height=\"65\" src=\"https:\/\/abcprato.it\/wp-content\/uploads\/2021\/09\/ICONE_calzatura.svg\" class=\"attachment-full size-full wp-image-9014\" alt=\"\" \/>\t\t\t\t\t\t\t\t\t\t\t\t\t\t\t<\/div>\n\t\t\t\t<\/div>\n\t\t\t\t<div class=\"elementor-element elementor-element-c6c9171 elementor-widget elementor-widget-heading\" data-id=\"c6c9171\" data-element_type=\"widget\" data-e-type=\"widget\" data-widget_type=\"heading.default\">\n\t\t\t\t<div class=\"elementor-widget-container\">\n\t\t\t\t\t<h2 class=\"elementor-heading-title elementor-size-default\">Chaussures<\/h2>\t\t\t\t<\/div>\n\t\t\t\t<\/div>\n\t\t\t\t<div class=\"elementor-element elementor-element-1d053b9 elementor-widget elementor-widget-text-editor\" data-id=\"1d053b9\" data-element_type=\"widget\" data-e-type=\"widget\" data-widget_type=\"text-editor.default\">\n\t\t\t\t<div class=\"elementor-widget-container\">\n\t\t\t\t\t\t\t\t\t<p style=\"text-align: center;\"><em>D\u00e9couvrez tous les \u00e9quipements ABC d\u00e9di\u00e9s \u00e0 l&rsquo;industrie de la chaussure <br \/><\/em><em>pour g\u00e9rer les formes, les empeignes et les composants tout en optimisant le temps de production.<\/em><\/p><p style=\"text-align: center;\"><em>Du chevalet porte-peaux au meuble pour EP, des chariots \u00e0 \u00e9tag\u00e8res \u00e0 la table de travail. <br \/>Voici l&rsquo;\u00e9quipement recommand\u00e9 pour votre atelier de production de chaussures.<\/em><\/p>\t\t\t\t\t\t\t\t<\/div>\n\t\t\t\t<\/div>\n\t\t\t\t\t<\/div>\n\t\t<\/div>\n\t\t\t\t\t<\/div>\n\t\t<\/section>\n\t\t\t\t<section class=\"elementor-section elementor-top-section elementor-element elementor-element-05970c3 elementor-section-boxed elementor-section-height-default elementor-section-height-default\" data-id=\"05970c3\" data-element_type=\"section\" data-e-type=\"section\">\n\t\t\t\t\t\t<div class=\"elementor-container elementor-column-gap-default\">\n\t\t\t\t\t<div class=\"elementor-column elementor-col-100 elementor-top-column elementor-element elementor-element-907d939\" data-id=\"907d939\" data-element_type=\"column\" data-e-type=\"column\">\n\t\t\t<div class=\"elementor-widget-wrap elementor-element-populated\">\n\t\t\t\t\t\t<div class=\"elementor-element elementor-element-39048b5 elementor-widget elementor-widget-shortcode\" data-id=\"39048b5\" data-element_type=\"widget\" data-e-type=\"widget\" data-widget_type=\"shortcode.default\">\n\t\t\t\t<div class=\"elementor-widget-container\">\n\t\t\t\t\t\t\t<div class=\"elementor-shortcode\"><div class=\"slider \"><div class=\"chaussures owl-carousel owl-theme sector\"><div class=\"item flex\"><div class=\"columns column_1-2 image\"><img decoding=\"async\" src=\"https:\/\/abcprato.it\/wp-content\/uploads\/2023\/11\/chariot-porte-peaux-standard-800x600.jpg\" alt=\"chariot-porte-peaux-standard\"><\/div><div class=\"columns column_1-2 last slide-content\"><h3>Chevalet porte-peaux standard <\/h3><p>Chevalet porte-peaux pour vous aider \u00e0 manipuler les demi-peaux ou les coupures dans l&rsquo;atelier. Parfait pour la presse hydraulique et le centre de d\u00e9coupe CAD.<br \/>\n\u00c9quip\u00e9 avec : bosse lisse standard, double \u00e9tag\u00e8re d\u2019appui, poign\u00e9e des deux c\u00f4t\u00e9s, syst\u00e8me antistatique et roues anti-fil.<\/p>\n<a href=\"https:\/\/abcprato.it\/fr\/chevalet-cuir\/chevalet-porte-peaux-standard\/\"  style=\"margin-top:40px;text-transform:uppercase; text-decoration:underline; font-weight:600;\" class=\"btn blue\" alt=\"\">D\u00e9couvrir plus<\/a><\/div><\/div><div class=\"item flex\"><div class=\"columns column_1-2 image\"><img decoding=\"async\" src=\"https:\/\/abcprato.it\/wp-content\/uploads\/2023\/11\/chevalet-porte-peaux-standard-avec-large-bosse-800x600.jpg\" alt=\"chevalet-porte-peaux-standard-avec-large-bosse\"><\/div><div class=\"columns column_1-2 last slide-content\"><h3>Chevalet porte-peaux standard avec large bosse <\/h3><p>Id\u00e9al pour la gestion et la manipulation de toutes les peaux, y compris les plus d\u00e9licates. La hauteur de 130 cm permet d&rsquo;\u00e9liminer les efforts de l&rsquo;op\u00e9rateur. Id\u00e9ale pour le d\u00e9partement de d\u00e9coupe, aussi bien \u00e0 l&#8217;emporte-pi\u00e8ce qu&rsquo;au laser CAD. \u00c9quip\u00e9 avec : large bosse lisse, double \u00e9tag\u00e8re d\u2019appui, poign\u00e9e des deux c\u00f4t\u00e9s, syst\u00e8me antistatique et roues anti-fil.<\/p>\n<a href=\"https:\/\/abcprato.it\/fr\/chevalet-cuir\/chevalet-porte-peaux-standard-avec-large-bosse\/\"  style=\"margin-top:40px;text-transform:uppercase; text-decoration:underline; font-weight:600;\" class=\"btn blue\" alt=\"\">D\u00e9couvrir plus<\/a><\/div><\/div><div class=\"item flex\"><div class=\"columns column_1-2 image\"><img decoding=\"async\" src=\"https:\/\/abcprato.it\/wp-content\/uploads\/2023\/11\/meuble-horizontal-chaussures-800x600.jpg\" alt=\"meuble-horizontal-chaussures\"><\/div><div class=\"columns column_1-2 last slide-content\"><h3>Meuble horizontal pour emporte-pi\u00e8ces<\/h3><p>Parfait pour manipuler horizontalement les EP, de tous types et de toutes tailles, utilis\u00e9s dans la chaussure, tels que ceux utilis\u00e9s pour couper les empeignes. La position id\u00e9ale est proche de la presse hydraulique, rempla\u00e7ant ainsi efficacement la surface de travail.<\/p>\n<a href=\"https:\/\/abcprato.it\/fr\/rangement-a-ep\/meuble-horizontal-pour-emporte-pieces\/\"  style=\"margin-top:40px;text-transform:uppercase; text-decoration:underline; font-weight:600;\" class=\"btn blue\" alt=\"\">D\u00e9couvrir plus<\/a><\/div><\/div><div class=\"item flex\"><div class=\"columns column_1-2 image\"><img decoding=\"async\" src=\"https:\/\/abcprato.it\/wp-content\/uploads\/2023\/11\/chariot-porte-rouleaux-fabricants-ceinture-800x600.jpg\" alt=\"chariot-porte-rouleaux-fabricants-ceinture\"><\/div><div class=\"columns column_1-2 last slide-content\"><h3>Chariot porte-rouleaux<\/h3><p>Chariot id\u00e9al pour la manipulation de rouleaux de cuir, de salpa ou de tissu dans les d\u00e9partements de d\u00e9coupe ou de pr\u00e9paration des ateliers de chaussures. Man\u0153uvre ais\u00e9e gr\u00e2ce aux roues anti-fil. Sa conception compacte permet de manipuler jusqu&rsquo;\u00e0 8 rouleaux tout en optimisant l&rsquo;espace.<\/p>\n<a href=\"https:\/\/abcprato.it\/fr\/chariots\/chariot-porte-rouleaux\/\"  style=\"margin-top:40px;text-transform:uppercase; text-decoration:underline; font-weight:600;\" class=\"btn blue\" alt=\"\">D\u00e9couvrir plus<\/a><\/div><\/div><div class=\"item flex\"><div class=\"columns column_1-2 image\"><img decoding=\"async\" src=\"https:\/\/abcprato.it\/wp-content\/uploads\/2023\/11\/chariot-a-etageres-1-800x600.jpg\" alt=\"chariot-a-etageres\"><\/div><div class=\"columns column_1-2 last slide-content\"><h3>Chariot \u00e0 \u00e9tag\u00e8res<\/h3><p>D\u00e9placez tous vos composants, mati\u00e8res premi\u00e8res ou produits semi-finis avec les chariots \u00e0 \u00e9tag\u00e8res. Large gamme disponible : de deux \u00e0 cinq \u00e9tag\u00e8res, diff\u00e9rentes tailles d&rsquo;\u00e9tag\u00e8res. \u00c9quip\u00e9s de roues anti-fil qui garantissent leur mobilit\u00e9 dans le d\u00e9partement. Convient \u00e0 tous les besoins et \u00e0 toutes les m\u00e9thodes de travail.<\/p>\n<a href=\"https:\/\/abcprato.it\/fr\/chariots\/chariot-a-etageres\/\"  style=\"margin-top:40px;text-transform:uppercase; text-decoration:underline; font-weight:600;\" class=\"btn blue\" alt=\"\">D\u00e9couvrir plus<\/a><\/div><\/div><div class=\"item flex\"><div class=\"columns column_1-2 image\"><img decoding=\"async\" src=\"https:\/\/abcprato.it\/wp-content\/uploads\/2023\/11\/meuble-vertical-chaussures-800x600.jpg\" alt=\"meuble-vertical-chaussures\"><\/div><div class=\"columns column_1-2 last slide-content\"><h3>Meuble vertical pour emporte-pi\u00e8ces<\/h3><p>Gardez toutes vos EP de chaussures en ordre, verticalement, m\u00eame les plus grandes. Placez-les dans le d\u00e9partement de stockage ou en production, en optimisant l&rsquo;espace disponible dans l&rsquo;atelier.<\/p>\n<a href=\"\"  style=\"margin-top:40px;text-transform:uppercase; text-decoration:underline; font-weight:600;\" class=\"btn blue\" alt=\"\">D\u00e9couvrir plus<\/a><\/div><\/div><div class=\"item flex\"><div class=\"columns column_1-2 image\"><img decoding=\"async\" src=\"https:\/\/abcprato.it\/wp-content\/uploads\/2023\/11\/table-de-travail-modelage-800x600.jpg\" alt=\"table-de-travail-modelage\"><\/div><div class=\"columns column_1-2 last slide-content\"><h3>Table de travail<\/h3><p>Id\u00e9ale pour \u00eatre plac\u00e9e dans le d\u00e9partement de modelage de votre atelier de production de chaussures. La table est r\u00e9glable en hauteur pour s&rsquo;adapter \u00e0 l&rsquo;op\u00e9rateur. Elle peut \u00eatre compl\u00e9t\u00e9e par des accessoires selon les besoins.<\/p>\n<a href=\"https:\/\/abcprato.it\/fr\/ameublement\/table-de-travail\/\"  style=\"margin-top:40px;text-transform:uppercase; text-decoration:underline; font-weight:600;\" class=\"btn blue\" alt=\"\">D\u00e9couvrir plus<\/a><\/div><\/div><div class=\"item flex\"><div class=\"columns column_1-2 image\"><img decoding=\"async\" src=\"https:\/\/abcprato.it\/wp-content\/uploads\/2023\/11\/meuble-a-coudre-textile-800x600.jpg\" alt=\"meuble-a-coudre-textile\"><\/div><div class=\"columns column_1-2 last slide-content\"><h3>Meuble \u00e0 coudre<\/h3><p>Excellent \u00e0 placer sous chaque machine \u00e0 coudre pour g\u00e9rer le poste de travail individuel de la couturi\u00e8re. Fourni d\u00e9j\u00e0 avec des accessoires d\u00e9di\u00e9s au d\u00e9partement de couture de chaussures.<\/p>\n<a href=\"\"  style=\"margin-top:40px;text-transform:uppercase; text-decoration:underline; font-weight:600;\" class=\"btn blue\" alt=\"\">D\u00e9couvrir plus<\/a><\/div><\/div><div class=\"item flex\"><div class=\"columns column_1-2 image\"><img decoding=\"async\" src=\"https:\/\/abcprato.it\/wp-content\/uploads\/2023\/06\/chariot-porte-rouleaux-pour-machine-de-decoupe-laser-CAD-800x600.jpg\" alt=\"chariot-porte-rouleaux-pour-machine-de-decoupe-laser-CAD\"><\/div><div class=\"columns column_1-2 last slide-content\"><h3>Chariot porte-rouleaux bas pour la d\u00e9coupe automatique <\/h3><p>Chariot id\u00e9al pour ceux qui fabriquent des chaussures avec d\u00e9coupe automatique et qui effectuent des traitements \u00e0 \u00ab\u00a0matelas\u00a0\u00bb, \u00e0 positionner \u00e0 c\u00f4t\u00e9 des tables de d\u00e9coupe. Peut g\u00e9rer jusqu&rsquo;\u00e0 4 rouleaux, 3 standards et 1 long. Structure \u00e9troite qui optimise l&rsquo;espace dans le d\u00e9partement.<\/p>\n<a href=\"https:\/\/abcprato.it\/fr\/articles-faits-sur-mesure\/chariot-porte-rouleaux-bas-pour-decoupe-automatique\/\"  style=\"margin-top:40px;text-transform:uppercase; text-decoration:underline; font-weight:600;\" class=\"btn blue\" alt=\"\">D\u00e9couvrir plus<\/a><\/div><\/div><\/div><script type=\"text\/javascript\">\n  \t\t\t\t\t\t\t\t\tjQuery(document).ready(function($) {\n  \t\t\t\t\t\t\t\t\t$(\".chaussures\").owlCarousel({\n  \t\t\t\t\t\t\t\t\tcenter: true,\n  \t\t\t\t\t\t\t\t\titems:1,\n  \t\t\t\t\t\t\t\t\tnav:true,\n  \t\t\t\t\t\t\t\t\tdots:true,\n  \t\t\t\t\t\t\t\t\tloop:true,\n  \t\t\t\t\t\t\t\t\tmargin:0,\n                    smartSpeed: 500,\n  \t\t\t\t\t\t\t\t\tautoplay:true,\n  \t\t\t\t\t\t\t\t\tautoplayTimeout:5000,\n  \t\t\t\t\t\t\t\t\tautoplayHoverPause:true,\n  \t\t\t\t\t\t\t\t\tnavText : [\"<i class=\\\"fas fa-chevron-left\\\"><\/i>\",\"<i class=\\\"fas fa-chevron-right\\\"><\/i>\"]\n  \t\t\t\t\t\t\t\t});});<\/script><\/div><\/div>\n\t\t\t\t\t\t<\/div>\n\t\t\t\t<\/div>\n\t\t\t\t\t<\/div>\n\t\t<\/div>\n\t\t\t\t\t<\/div>\n\t\t<\/section>\n\t\t\t\t<\/div>\n\t\t","protected":false},"excerpt":{"rendered":"<p>Chaussures D\u00e9couvrez tous les \u00e9quipements ABC d\u00e9di\u00e9s \u00e0 l&rsquo;industrie de la chaussure pour g\u00e9rer les formes, les empeignes et les composants tout en optimisant le&#8230; <a class=\"read-more\" style=\"text-decoration:underline;\" href=\"https:\/\/abcprato.it\/fr\/slider\/chaussures\/\">En savoir plus<\/a><\/p>\n","protected":false},"author":3,"featured_media":20558,"parent":7959,"menu_order":0,"comment_status":"closed","ping_status":"closed","template":"elementor_header_footer","meta":{"_acf_changed":false,"footnotes":""},"class_list":["post-5597","page","type-page","status-publish","has-post-thumbnail","hentry"],"acf":[],"yoast_head":"<!-- This site is optimized with the Yoast SEO plugin v27.2 - https:\/\/yoast.com\/product\/yoast-seo-wordpress\/ -->\n<title>Chaussures - ABC Equipment &amp; Solutions<\/title>\n<meta name=\"description\" content=\"D\u00e9couvrez tous les \u00e9quipements ABC d\u00e9di\u00e9s \u00e0 votre atelier de production de chaussures : du chariot porte-peaux au porte-rouleaux en passant par les meubles \u00e0 EP.\" \/>\n<meta name=\"robots\" content=\"index, follow, max-snippet:-1, max-image-preview:large, max-video-preview:-1\" \/>\n<link rel=\"canonical\" href=\"https:\/\/abcprato.it\/fr\/domaines-d-application\/chaussures\/\" \/>\n<meta property=\"og:locale\" content=\"fr_FR\" \/>\n<meta property=\"og:type\" content=\"article\" \/>\n<meta property=\"og:title\" content=\"Chaussures - ABC Equipment &amp; Solutions\" \/>\n<meta property=\"og:description\" content=\"D\u00e9couvrez tous les \u00e9quipements ABC d\u00e9di\u00e9s \u00e0 votre atelier de production de chaussures : du chariot porte-peaux au porte-rouleaux en passant par les meubles \u00e0 EP.\" \/>\n<meta property=\"og:url\" content=\"https:\/\/abcprato.it\/fr\/domaines-d-application\/chaussures\/\" \/>\n<meta property=\"og:site_name\" content=\"ABC Equipment &amp; Solutions\" \/>\n<meta property=\"article:modified_time\" content=\"2023-12-01T00:03:07+00:00\" \/>\n<meta property=\"og:image\" content=\"https:\/\/abcprato.it\/wp-content\/uploads\/2023\/11\/domaine-fabricant-chaussure.jpg\" \/>\n\t<meta property=\"og:image:width\" content=\"1500\" \/>\n\t<meta property=\"og:image:height\" content=\"1000\" \/>\n\t<meta property=\"og:image:type\" content=\"image\/jpeg\" \/>\n<meta name=\"twitter:card\" content=\"summary_large_image\" \/>\n<meta name=\"twitter:label1\" content=\"Dur\u00e9e de lecture estim\u00e9e\" \/>\n\t<meta name=\"twitter:data1\" content=\"1 minute\" \/>\n<script type=\"application\/ld+json\" class=\"yoast-schema-graph\">{\"@context\":\"https:\/\/schema.org\",\"@graph\":[{\"@type\":\"WebPage\",\"@id\":\"https:\/\/abcprato.it\/fr\/domaines-d-application\/chaussures\/\",\"url\":\"https:\/\/abcprato.it\/fr\/domaines-d-application\/chaussures\/\",\"name\":\"Chaussures - ABC Equipment &amp; Solutions\",\"isPartOf\":{\"@id\":\"https:\/\/abcprato.it\/fr\/#website\"},\"primaryImageOfPage\":{\"@id\":\"https:\/\/abcprato.it\/fr\/domaines-d-application\/chaussures\/#primaryimage\"},\"image\":{\"@id\":\"https:\/\/abcprato.it\/fr\/domaines-d-application\/chaussures\/#primaryimage\"},\"thumbnailUrl\":\"https:\/\/abcprato.it\/wp-content\/uploads\/2023\/11\/domaine-fabricant-chaussure.jpg\",\"datePublished\":\"2021-02-16T10:14:44+00:00\",\"dateModified\":\"2023-12-01T00:03:07+00:00\",\"description\":\"D\u00e9couvrez tous les \u00e9quipements ABC d\u00e9di\u00e9s \u00e0 votre atelier de production de chaussures : du chariot porte-peaux au porte-rouleaux en passant par les meubles \u00e0 EP.\",\"breadcrumb\":{\"@id\":\"https:\/\/abcprato.it\/fr\/domaines-d-application\/chaussures\/#breadcrumb\"},\"inLanguage\":\"fr-FR\",\"potentialAction\":[{\"@type\":\"ReadAction\",\"target\":[\"https:\/\/abcprato.it\/fr\/domaines-d-application\/chaussures\/\"]}]},{\"@type\":\"ImageObject\",\"inLanguage\":\"fr-FR\",\"@id\":\"https:\/\/abcprato.it\/fr\/domaines-d-application\/chaussures\/#primaryimage\",\"url\":\"https:\/\/abcprato.it\/wp-content\/uploads\/2023\/11\/domaine-fabricant-chaussure.jpg\",\"contentUrl\":\"https:\/\/abcprato.it\/wp-content\/uploads\/2023\/11\/domaine-fabricant-chaussure.jpg\",\"width\":1500,\"height\":1000,\"caption\":\"domaine-fabricant-chaussure\"},{\"@type\":\"BreadcrumbList\",\"@id\":\"https:\/\/abcprato.it\/fr\/domaines-d-application\/chaussures\/#breadcrumb\",\"itemListElement\":[{\"@type\":\"ListItem\",\"position\":1,\"name\":\"Home\",\"item\":\"https:\/\/abcprato.it\/fr\/\"},{\"@type\":\"ListItem\",\"position\":2,\"name\":\"Domaines\",\"item\":\"https:\/\/abcprato.it\/fr\/settori\/\"},{\"@type\":\"ListItem\",\"position\":3,\"name\":\"Chaussures\"}]},{\"@type\":\"WebSite\",\"@id\":\"https:\/\/abcprato.it\/fr\/#website\",\"url\":\"https:\/\/abcprato.it\/fr\/\",\"name\":\"ABC Equipment &amp; Solutions\",\"description\":\"\",\"publisher\":{\"@id\":\"https:\/\/abcprato.it\/fr\/#organization\"},\"potentialAction\":[{\"@type\":\"SearchAction\",\"target\":{\"@type\":\"EntryPoint\",\"urlTemplate\":\"https:\/\/abcprato.it\/fr\/?s={search_term_string}\"},\"query-input\":{\"@type\":\"PropertyValueSpecification\",\"valueRequired\":true,\"valueName\":\"search_term_string\"}}],\"inLanguage\":\"fr-FR\"},{\"@type\":\"Organization\",\"@id\":\"https:\/\/abcprato.it\/fr\/#organization\",\"name\":\"ABC Equipment & Solutions\",\"url\":\"https:\/\/abcprato.it\/fr\/\",\"logo\":{\"@type\":\"ImageObject\",\"inLanguage\":\"fr-FR\",\"@id\":\"https:\/\/abcprato.it\/fr\/#\/schema\/logo\/image\/\",\"url\":\"https:\/\/abcprato.it\/wp-content\/uploads\/2021\/01\/ABC-logo-2021.svg\",\"contentUrl\":\"https:\/\/abcprato.it\/wp-content\/uploads\/2021\/01\/ABC-logo-2021.svg\",\"width\":1,\"height\":1,\"caption\":\"ABC Equipment & Solutions\"},\"image\":{\"@id\":\"https:\/\/abcprato.it\/fr\/#\/schema\/logo\/image\/\"}}]}<\/script>\n<!-- \/ Yoast SEO plugin. -->","yoast_head_json":{"title":"Chaussures - ABC Equipment &amp; Solutions","description":"D\u00e9couvrez tous les \u00e9quipements ABC d\u00e9di\u00e9s \u00e0 votre atelier de production de chaussures : du chariot porte-peaux au porte-rouleaux en passant par les meubles \u00e0 EP.","robots":{"index":"index","follow":"follow","max-snippet":"max-snippet:-1","max-image-preview":"max-image-preview:large","max-video-preview":"max-video-preview:-1"},"canonical":"https:\/\/abcprato.it\/fr\/domaines-d-application\/chaussures\/","og_locale":"fr_FR","og_type":"article","og_title":"Chaussures - ABC Equipment &amp; Solutions","og_description":"D\u00e9couvrez tous les \u00e9quipements ABC d\u00e9di\u00e9s \u00e0 votre atelier de production de chaussures : du chariot porte-peaux au porte-rouleaux en passant par les meubles \u00e0 EP.","og_url":"https:\/\/abcprato.it\/fr\/domaines-d-application\/chaussures\/","og_site_name":"ABC Equipment &amp; Solutions","article_modified_time":"2023-12-01T00:03:07+00:00","og_image":[{"width":1500,"height":1000,"url":"https:\/\/abcprato.it\/wp-content\/uploads\/2023\/11\/domaine-fabricant-chaussure.jpg","type":"image\/jpeg"}],"twitter_card":"summary_large_image","twitter_misc":{"Dur\u00e9e de lecture estim\u00e9e":"1 minute"},"schema":{"@context":"https:\/\/schema.org","@graph":[{"@type":"WebPage","@id":"https:\/\/abcprato.it\/fr\/domaines-d-application\/chaussures\/","url":"https:\/\/abcprato.it\/fr\/domaines-d-application\/chaussures\/","name":"Chaussures - ABC Equipment &amp; Solutions","isPartOf":{"@id":"https:\/\/abcprato.it\/fr\/#website"},"primaryImageOfPage":{"@id":"https:\/\/abcprato.it\/fr\/domaines-d-application\/chaussures\/#primaryimage"},"image":{"@id":"https:\/\/abcprato.it\/fr\/domaines-d-application\/chaussures\/#primaryimage"},"thumbnailUrl":"https:\/\/abcprato.it\/wp-content\/uploads\/2023\/11\/domaine-fabricant-chaussure.jpg","datePublished":"2021-02-16T10:14:44+00:00","dateModified":"2023-12-01T00:03:07+00:00","description":"D\u00e9couvrez tous les \u00e9quipements ABC d\u00e9di\u00e9s \u00e0 votre atelier de production de chaussures : du chariot porte-peaux au porte-rouleaux en passant par les meubles \u00e0 EP.","breadcrumb":{"@id":"https:\/\/abcprato.it\/fr\/domaines-d-application\/chaussures\/#breadcrumb"},"inLanguage":"fr-FR","potentialAction":[{"@type":"ReadAction","target":["https:\/\/abcprato.it\/fr\/domaines-d-application\/chaussures\/"]}]},{"@type":"ImageObject","inLanguage":"fr-FR","@id":"https:\/\/abcprato.it\/fr\/domaines-d-application\/chaussures\/#primaryimage","url":"https:\/\/abcprato.it\/wp-content\/uploads\/2023\/11\/domaine-fabricant-chaussure.jpg","contentUrl":"https:\/\/abcprato.it\/wp-content\/uploads\/2023\/11\/domaine-fabricant-chaussure.jpg","width":1500,"height":1000,"caption":"domaine-fabricant-chaussure"},{"@type":"BreadcrumbList","@id":"https:\/\/abcprato.it\/fr\/domaines-d-application\/chaussures\/#breadcrumb","itemListElement":[{"@type":"ListItem","position":1,"name":"Home","item":"https:\/\/abcprato.it\/fr\/"},{"@type":"ListItem","position":2,"name":"Domaines","item":"https:\/\/abcprato.it\/fr\/settori\/"},{"@type":"ListItem","position":3,"name":"Chaussures"}]},{"@type":"WebSite","@id":"https:\/\/abcprato.it\/fr\/#website","url":"https:\/\/abcprato.it\/fr\/","name":"ABC Equipment &amp; Solutions","description":"","publisher":{"@id":"https:\/\/abcprato.it\/fr\/#organization"},"potentialAction":[{"@type":"SearchAction","target":{"@type":"EntryPoint","urlTemplate":"https:\/\/abcprato.it\/fr\/?s={search_term_string}"},"query-input":{"@type":"PropertyValueSpecification","valueRequired":true,"valueName":"search_term_string"}}],"inLanguage":"fr-FR"},{"@type":"Organization","@id":"https:\/\/abcprato.it\/fr\/#organization","name":"ABC Equipment & Solutions","url":"https:\/\/abcprato.it\/fr\/","logo":{"@type":"ImageObject","inLanguage":"fr-FR","@id":"https:\/\/abcprato.it\/fr\/#\/schema\/logo\/image\/","url":"https:\/\/abcprato.it\/wp-content\/uploads\/2021\/01\/ABC-logo-2021.svg","contentUrl":"https:\/\/abcprato.it\/wp-content\/uploads\/2021\/01\/ABC-logo-2021.svg","width":1,"height":1,"caption":"ABC Equipment & Solutions"},"image":{"@id":"https:\/\/abcprato.it\/fr\/#\/schema\/logo\/image\/"}}]}},"_links":{"self":[{"href":"https:\/\/abcprato.it\/fr\/wp-json\/wp\/v2\/pages\/5597","targetHints":{"allow":["GET"]}}],"collection":[{"href":"https:\/\/abcprato.it\/fr\/wp-json\/wp\/v2\/pages"}],"about":[{"href":"https:\/\/abcprato.it\/fr\/wp-json\/wp\/v2\/types\/page"}],"author":[{"embeddable":true,"href":"https:\/\/abcprato.it\/fr\/wp-json\/wp\/v2\/users\/3"}],"replies":[{"embeddable":true,"href":"https:\/\/abcprato.it\/fr\/wp-json\/wp\/v2\/comments?post=5597"}],"version-history":[{"count":30,"href":"https:\/\/abcprato.it\/fr\/wp-json\/wp\/v2\/pages\/5597\/revisions"}],"predecessor-version":[{"id":21650,"href":"https:\/\/abcprato.it\/fr\/wp-json\/wp\/v2\/pages\/5597\/revisions\/21650"}],"up":[{"embeddable":true,"href":"https:\/\/abcprato.it\/fr\/wp-json\/wp\/v2\/pages\/7959"}],"wp:featuredmedia":[{"embeddable":true,"href":"https:\/\/abcprato.it\/fr\/wp-json\/wp\/v2\/media\/20558"}],"wp:attachment":[{"href":"https:\/\/abcprato.it\/fr\/wp-json\/wp\/v2\/media?parent=5597"}],"curies":[{"name":"wp","href":"https:\/\/api.w.org\/{rel}","templated":true}]}}