{"id":5627,"date":"2021-02-16T11:32:25","date_gmt":"2021-02-16T10:32:25","guid":{"rendered":"https:\/\/abcprato.it\/?page_id=5627"},"modified":"2023-12-01T00:56:02","modified_gmt":"2023-11-30T23:56:02","slug":"portefeuille","status":"publish","type":"page","link":"https:\/\/abcprato.it\/fr\/domaines-d-application\/portefeuille\/","title":{"rendered":"Portefeuille"},"content":{"rendered":"\t\t<div data-elementor-type=\"wp-page\" data-elementor-id=\"5627\" class=\"elementor elementor-5627 elementor-2659\" data-elementor-post-type=\"page\">\n\t\t\t\t\t\t<section class=\"elementor-section elementor-top-section elementor-element elementor-element-92bd888 elementor-section-boxed elementor-section-height-default elementor-section-height-default\" data-id=\"92bd888\" data-element_type=\"section\" data-e-type=\"section\" data-settings=\"{&quot;background_background&quot;:&quot;classic&quot;}\">\n\t\t\t\t\t\t\t<div class=\"elementor-background-overlay\"><\/div>\n\t\t\t\t\t\t\t<div class=\"elementor-container elementor-column-gap-default\">\n\t\t\t\t\t<div class=\"elementor-column elementor-col-100 elementor-top-column elementor-element elementor-element-ddcb564\" data-id=\"ddcb564\" data-element_type=\"column\" data-e-type=\"column\">\n\t\t\t<div class=\"elementor-widget-wrap elementor-element-populated\">\n\t\t\t\t\t\t<div class=\"elementor-element elementor-element-017b8ae elementor-widget elementor-widget-image\" data-id=\"017b8ae\" data-element_type=\"widget\" data-e-type=\"widget\" data-widget_type=\"image.default\">\n\t\t\t\t<div class=\"elementor-widget-container\">\n\t\t\t\t\t\t\t\t\t\t\t\t\t\t\t<img decoding=\"async\" width=\"65\" height=\"65\" src=\"https:\/\/abcprato.it\/wp-content\/uploads\/2021\/09\/ICONE_portafoglio.svg\" class=\"attachment-full size-full wp-image-9030\" alt=\"\" \/>\t\t\t\t\t\t\t\t\t\t\t\t\t\t\t<\/div>\n\t\t\t\t<\/div>\n\t\t\t\t<div class=\"elementor-element elementor-element-c6c9171 elementor-widget elementor-widget-heading\" data-id=\"c6c9171\" data-element_type=\"widget\" data-e-type=\"widget\" data-widget_type=\"heading.default\">\n\t\t\t\t<div class=\"elementor-widget-container\">\n\t\t\t\t\t<h2 class=\"elementor-heading-title elementor-size-default\">Portefeuille<\/h2>\t\t\t\t<\/div>\n\t\t\t\t<\/div>\n\t\t\t\t<div class=\"elementor-element elementor-element-1d053b9 elementor-widget elementor-widget-text-editor\" data-id=\"1d053b9\" data-element_type=\"widget\" data-e-type=\"widget\" data-widget_type=\"text-editor.default\">\n\t\t\t\t<div class=\"elementor-widget-container\">\n\t\t\t\t\t\t\t\t\t<p style=\"text-align: center;\"><em>D\u00e9couvrez tous les \u00e9quipements ABC d\u00e9di\u00e9s au secteur de la petite maroquinerie, comme pour la production de portefeuilles, <br \/>pour g\u00e9rer les d\u00e9coupes, les emporte-pi\u00e8ces et les composants en optimisant le processus de production. <\/em><\/p><p style=\"text-align: center;\"><em>Du chevalet porte-peaux au meuble pour emporte-pi\u00e8ce, en passant par la table de travail et le chariot porte-rouleaux.\u00a0 <br \/>Voici les \u00e9quipements recommand\u00e9s pour votre atelier de petite maroquinerie de production de portefeuille.<\/em><\/p>\t\t\t\t\t\t\t\t<\/div>\n\t\t\t\t<\/div>\n\t\t\t\t\t<\/div>\n\t\t<\/div>\n\t\t\t\t\t<\/div>\n\t\t<\/section>\n\t\t\t\t<section class=\"elementor-section elementor-top-section elementor-element elementor-element-2873539 elementor-section-boxed elementor-section-height-default elementor-section-height-default\" data-id=\"2873539\" data-element_type=\"section\" data-e-type=\"section\">\n\t\t\t\t\t\t<div class=\"elementor-container elementor-column-gap-default\">\n\t\t\t\t\t<div class=\"elementor-column elementor-col-100 elementor-top-column elementor-element elementor-element-ef2932c\" data-id=\"ef2932c\" data-element_type=\"column\" data-e-type=\"column\">\n\t\t\t<div class=\"elementor-widget-wrap elementor-element-populated\">\n\t\t\t\t\t\t<div class=\"elementor-element elementor-element-d83a143 elementor-widget elementor-widget-shortcode\" data-id=\"d83a143\" data-element_type=\"widget\" data-e-type=\"widget\" data-widget_type=\"shortcode.default\">\n\t\t\t\t<div class=\"elementor-widget-container\">\n\t\t\t\t\t\t\t<div class=\"elementor-shortcode\"><div class=\"slider \"><div class=\"portefeuille owl-carousel owl-theme sector\"><div class=\"item flex\"><div class=\"columns column_1-2 image\"><img decoding=\"async\" src=\"https:\/\/abcprato.it\/wp-content\/uploads\/2023\/11\/chariot-porte-peaux-standard-800x600.jpg\" alt=\"chariot-porte-peaux-standard\"><\/div><div class=\"columns column_1-2 last slide-content\"><h3>Chevalet porte-peaux standard<\/h3><p>Chevalet porte-peaux id\u00e9al pour d\u00e9placer les demi-peaux ou les coupures d&rsquo;un d\u00e9partement \u00e0 l&rsquo;autre dans l&rsquo;atelier. Placez-le dans le d\u00e9partement de d\u00e9coupe, soit \u00e0 l&#8217;emporte-pi\u00e8ce, soit \u00e0 laser CAD.<br \/>\n\u00c9quip\u00e9 avec : bosse lisse standard, double \u00e9tag\u00e8re d\u2019appui, poign\u00e9e des deux c\u00f4t\u00e9s, syst\u00e8me antistatique et roues anti-fil.<\/p>\n<a href=\"https:\/\/abcprato.it\/fr\/chevalet-cuir\/chevalet-porte-peaux-standard\/\"  style=\"margin-top:40px;text-transform:uppercase; text-decoration:underline; font-weight:600;\" class=\"btn blue\" alt=\"\">D\u00e9couvrir plus<\/a><\/div><\/div><div class=\"item flex\"><div class=\"columns column_1-2 image\"><img decoding=\"async\" src=\"https:\/\/abcprato.it\/wp-content\/uploads\/2023\/11\/chevalet-porte-peaux-standard-avec-large-bosse-800x600.jpg\" alt=\"chevalet-porte-peaux-standard-avec-large-bosse\"><\/div><div class=\"columns column_1-2 last slide-content\"><h3>Chevalet porte-peaux standard avec large bosse <\/h3><p>Tr\u00e9teau porte-peaux \u00e0 large bosse, id\u00e9al pour vos portefeuilles en cuir d\u00e9licats et particuliers. Id\u00e9al pour la d\u00e9coupe \u00e0 l&#8217;emporte-pi\u00e8ce et \u00e0 laser CAD. La faible hauteur de 130 cm \u00e9limine les efforts de l&rsquo;op\u00e9rateur.<br \/>\n\u00c9quip\u00e9 avec : large bosse lisse, double \u00e9tag\u00e8re d\u2019appui, poign\u00e9e des deux c\u00f4t\u00e9s, syst\u00e8me antistatique et roues anti-fil.<\/p>\n<a href=\"https:\/\/abcprato.it\/fr\/chevalet-cuir\/chevalet-porte-peaux-standard-avec-large-bosse\/\"  style=\"margin-top:40px;text-transform:uppercase; text-decoration:underline; font-weight:600;\" class=\"btn blue\" alt=\"\">D\u00e9couvrir plus<\/a><\/div><\/div><div class=\"item flex\"><div class=\"columns column_1-2 image\"><img decoding=\"async\" src=\"https:\/\/abcprato.it\/wp-content\/uploads\/2024\/10\/meuble-pour-emporte-pieces-securite-StopGo-Italie-800x600.jpg\" alt=\"meuble-pour-emporte-pieces-securite-Stop&Go-Italie\"><\/div><div class=\"columns column_1-2 last slide-content\"><h3>Meuble horizontal \u00e0 emporte-pi\u00e8ces<\/h3><p>Utile pour ranger tous les emporte-pi\u00e8ces ou les patrons de papier utilis\u00e9s pour fabriquer le portefeuille. Placez-la \u00e0 c\u00f4t\u00e9 de la presse hydraulique pour avoir disponibles une \u00e9tag\u00e8re solide et les EP dans les tiroirs.<\/p>\n<a href=\"https:\/\/abcprato.it\/fr\/rangement-a-ep\/meuble-horizontal-pour-emporte-pieces\/\"  style=\"margin-top:40px;text-transform:uppercase; text-decoration:underline; font-weight:600;\" class=\"btn blue\" alt=\"\">D\u00e9couvrir plus<\/a><\/div><\/div><div class=\"item flex\"><div class=\"columns column_1-2 image\"><img decoding=\"async\" src=\"https:\/\/abcprato.it\/wp-content\/uploads\/2023\/11\/chariot-porte-rouleaux-800x600.jpg\" alt=\"chariot-porte-rouleaux\"><\/div><div class=\"columns column_1-2 last slide-content\"><h3>Chariot porte-rouleaux<\/h3><p>Id\u00e9al pour manipuler des rouleaux de tissu, de salpa ou de microfibre dans le d\u00e9partement de d\u00e9coupe de la petite maroquinerie. Permet de manipuler jusqu&rsquo;\u00e0 8 rouleaux dans un espace r\u00e9duit.\u00a0 \u00c9quip\u00e9 de roues anti-fil pour assurer une manipulation agile.<\/p>\n<a href=\"https:\/\/abcprato.it\/fr\/chariots\/chariot-porte-rouleaux\/\"  style=\"margin-top:40px;text-transform:uppercase; text-decoration:underline; font-weight:600;\" class=\"btn blue\" alt=\"\">D\u00e9couvrir plus<\/a><\/div><\/div><div class=\"item flex\"><div class=\"columns column_1-2 image\"><img decoding=\"async\" src=\"https:\/\/abcprato.it\/wp-content\/uploads\/2023\/11\/chariot-a-etageres-1-800x600.jpg\" alt=\"chariot-a-etageres\"><\/div><div class=\"columns column_1-2 last slide-content\"><h3>Chariot \u00e0 \u00e9tag\u00e8res<\/h3><p>D\u00e9placez les d\u00e9coupes, les rembourrages et tous les \u00e9l\u00e9ments de production avec le chariot \u00e0 \u00e9tag\u00e8res. Large gamme disponible : de deux \u00e0 cinq \u00e9tag\u00e8res et diff\u00e9rentes tailles de niveau. Convient \u00e0 toutes les utilisations et \u00e0 tous les d\u00e9partements de l\u2019atelier de la petite maroquinerie. Man\u0153uvre ais\u00e9e gr\u00e2ce aux roues anti-fil.<\/p>\n<a href=\"https:\/\/abcprato.it\/fr\/chariots\/chariot-a-etageres\/\"  style=\"margin-top:40px;text-transform:uppercase; text-decoration:underline; font-weight:600;\" class=\"btn blue\" alt=\"\">D\u00e9couvrir plus<\/a><\/div><\/div><div class=\"item flex\"><div class=\"columns column_1-2 image\"><img decoding=\"async\" src=\"https:\/\/abcprato.it\/wp-content\/uploads\/2023\/11\/meuble-vertical-ferme-800x600.jpg\" alt=\"meuble-vertical-ferme\"><\/div><div class=\"columns column_1-2 last slide-content\"><h3>Meuble vertical \u00e0 emporte-pi\u00e8ces <\/h3><p>Conservez toutes les emporte-pi\u00e8ces dont vous avez besoin pour r\u00e9aliser vos portefeuilles en ordre, de mani\u00e8re verticale. Stocker une grande quantit\u00e9 de EP dans un espace r\u00e9duit.<\/p>\n<a href=\"\"  style=\"margin-top:40px;text-transform:uppercase; text-decoration:underline; font-weight:600;\" class=\"btn blue\" alt=\"\">D\u00e9couvrir plus<\/a><\/div><\/div><div class=\"item flex\"><div class=\"columns column_1-2 image\"><img decoding=\"async\" src=\"https:\/\/abcprato.it\/wp-content\/uploads\/2023\/11\/table-de-travail-modelage-800x600.jpg\" alt=\"table-de-travail-modelage\"><\/div><div class=\"columns column_1-2 last slide-content\"><h3>Table de travail <\/h3><p>Id\u00e9al dans les d\u00e9partements de pr\u00e9paration et d&rsquo;assemblage. R\u00e9glez la hauteur en fonction de chaque op\u00e9rateur. Compl\u00e9tez-la avec des accessoires tels que le porte-lampe, la lampe LED et le tiroir pour qu&rsquo;elle r\u00e9ponde \u00e0 tous les besoins.<\/p>\n<a href=\"https:\/\/abcprato.it\/fr\/ameublement\/table-de-travail\/\"  style=\"margin-top:40px;text-transform:uppercase; text-decoration:underline; font-weight:600;\" class=\"btn blue\" alt=\"\">D\u00e9couvrir plus<\/a><\/div><\/div><div class=\"item flex\"><div class=\"columns column_1-2 image\"><img decoding=\"async\" src=\"https:\/\/abcprato.it\/wp-content\/uploads\/2023\/11\/meuble-a-coudre-textile-800x600.jpg\" alt=\"meuble-a-coudre-textile\"><\/div><div class=\"columns column_1-2 last slide-content\"><h3>Meuble \u00e0 coudre<\/h3><p>Placez-le sous chaque machine \u00e0 coudre pour g\u00e9rer le poste de travail individuel. Fourni d\u00e9j\u00e0 avec des accessoires d\u00e9di\u00e9s pour le d\u00e9partement couture de votre atelier de petite maroquinerie.<\/p>\n<a href=\"\"  style=\"margin-top:40px;text-transform:uppercase; text-decoration:underline; font-weight:600;\" class=\"btn blue\" alt=\"\">D\u00e9couvrir plus<\/a><\/div><\/div><div class=\"item flex\"><div class=\"columns column_1-2 image\"><img decoding=\"async\" src=\"https:\/\/abcprato.it\/wp-content\/uploads\/2023\/10\/chariot-porte-rouleux-tissu-maroquinerie-800x600.jpg\" alt=\"chariot-porte-rouleux-tissu-maroquinerie\"><\/div><div class=\"columns column_1-2 last slide-content\"><h3>Chariot porte-rouleaux bas pour la d\u00e9coupe automatique<\/h3><p>Chariot id\u00e9al pour la petite maroquinerie, pour tous les traitements \u00e0 \u00ab\u00a0matelas\u00a0\u00bb par l&rsquo;utilisation de plusieurs mat\u00e9riaux lors de la d\u00e9coupe. Permet de manipuler jusqu&rsquo;\u00e0 4 rouleaux simultan\u00e9ment. Man\u0153uvrabilit\u00e9 assur\u00e9e par des roues pare-fil de haute qualit\u00e9 avec freins.<\/p>\n<a href=\"https:\/\/abcprato.it\/fr\/articles-faits-sur-mesure\/chariot-porte-rouleaux-bas-pour-decoupe-automatique\/\"  style=\"margin-top:40px;text-transform:uppercase; text-decoration:underline; font-weight:600;\" class=\"btn blue\" alt=\"\">D\u00e9couvrir plus<\/a><\/div><\/div><\/div><script type=\"text\/javascript\">\n  \t\t\t\t\t\t\t\t\tjQuery(document).ready(function($) {\n  \t\t\t\t\t\t\t\t\t$(\".portefeuille\").owlCarousel({\n  \t\t\t\t\t\t\t\t\tcenter: true,\n  \t\t\t\t\t\t\t\t\titems:1,\n  \t\t\t\t\t\t\t\t\tnav:true,\n  \t\t\t\t\t\t\t\t\tdots:true,\n  \t\t\t\t\t\t\t\t\tloop:true,\n  \t\t\t\t\t\t\t\t\tmargin:0,\n                    smartSpeed: 500,\n  \t\t\t\t\t\t\t\t\tautoplay:true,\n  \t\t\t\t\t\t\t\t\tautoplayTimeout:5000,\n  \t\t\t\t\t\t\t\t\tautoplayHoverPause:true,\n  \t\t\t\t\t\t\t\t\tnavText : [\"<i class=\\\"fas fa-chevron-left\\\"><\/i>\",\"<i class=\\\"fas fa-chevron-right\\\"><\/i>\"]\n  \t\t\t\t\t\t\t\t});});<\/script><\/div><\/div>\n\t\t\t\t\t\t<\/div>\n\t\t\t\t<\/div>\n\t\t\t\t\t<\/div>\n\t\t<\/div>\n\t\t\t\t\t<\/div>\n\t\t<\/section>\n\t\t\t\t<\/div>\n\t\t","protected":false},"excerpt":{"rendered":"<p>Portefeuille D\u00e9couvrez tous les \u00e9quipements ABC d\u00e9di\u00e9s au secteur de la petite maroquinerie, comme pour la production de portefeuilles, pour g\u00e9rer les d\u00e9coupes, les emporte-pi\u00e8ces&#8230; <a class=\"read-more\" style=\"text-decoration:underline;\" href=\"https:\/\/abcprato.it\/fr\/slider\/portefeuille\/\">En savoir plus<\/a><\/p>\n","protected":false},"author":3,"featured_media":20205,"parent":7959,"menu_order":0,"comment_status":"closed","ping_status":"closed","template":"elementor_header_footer","meta":{"_acf_changed":false,"footnotes":""},"class_list":["post-5627","page","type-page","status-publish","has-post-thumbnail","hentry"],"acf":[],"yoast_head":"<!-- This site is optimized with the Yoast SEO plugin v27.2 - https:\/\/yoast.com\/product\/yoast-seo-wordpress\/ -->\n<title>Portefeuille - ABC Equipment &amp; Solutions<\/title>\n<meta name=\"description\" content=\"D\u00e9couvrez tout l&#039;\u00e9quipement ABC d\u00e9di\u00e9 au portefeuille : chevalet porte-peaux, chariot porte-rouleaux et a \u00e9tag\u00e8res et meubles pour EP.\" \/>\n<meta name=\"robots\" content=\"index, follow, max-snippet:-1, max-image-preview:large, max-video-preview:-1\" \/>\n<link rel=\"canonical\" href=\"https:\/\/abcprato.it\/fr\/domaines-d-application\/portefeuille\/\" \/>\n<meta property=\"og:locale\" content=\"fr_FR\" \/>\n<meta property=\"og:type\" content=\"article\" \/>\n<meta property=\"og:title\" content=\"Portefeuille - ABC Equipment &amp; Solutions\" \/>\n<meta property=\"og:description\" content=\"D\u00e9couvrez tout l&#039;\u00e9quipement ABC d\u00e9di\u00e9 au portefeuille : chevalet porte-peaux, chariot porte-rouleaux et a \u00e9tag\u00e8res et meubles pour EP.\" \/>\n<meta property=\"og:url\" content=\"https:\/\/abcprato.it\/fr\/domaines-d-application\/portefeuille\/\" \/>\n<meta property=\"og:site_name\" content=\"ABC Equipment &amp; Solutions\" \/>\n<meta property=\"article:modified_time\" content=\"2023-11-30T23:56:02+00:00\" \/>\n<meta property=\"og:image\" content=\"https:\/\/abcprato.it\/wp-content\/uploads\/2023\/11\/domaine-fabricant-portefeuille.jpg\" \/>\n\t<meta property=\"og:image:width\" content=\"1500\" \/>\n\t<meta property=\"og:image:height\" content=\"1000\" \/>\n\t<meta property=\"og:image:type\" content=\"image\/jpeg\" \/>\n<meta name=\"twitter:card\" content=\"summary_large_image\" \/>\n<meta name=\"twitter:label1\" content=\"Dur\u00e9e de lecture estim\u00e9e\" \/>\n\t<meta name=\"twitter:data1\" content=\"1 minute\" \/>\n<script type=\"application\/ld+json\" class=\"yoast-schema-graph\">{\"@context\":\"https:\/\/schema.org\",\"@graph\":[{\"@type\":\"WebPage\",\"@id\":\"https:\/\/abcprato.it\/fr\/domaines-d-application\/portefeuille\/\",\"url\":\"https:\/\/abcprato.it\/fr\/domaines-d-application\/portefeuille\/\",\"name\":\"Portefeuille - ABC Equipment &amp; Solutions\",\"isPartOf\":{\"@id\":\"https:\/\/abcprato.it\/fr\/#website\"},\"primaryImageOfPage\":{\"@id\":\"https:\/\/abcprato.it\/fr\/domaines-d-application\/portefeuille\/#primaryimage\"},\"image\":{\"@id\":\"https:\/\/abcprato.it\/fr\/domaines-d-application\/portefeuille\/#primaryimage\"},\"thumbnailUrl\":\"https:\/\/abcprato.it\/wp-content\/uploads\/2023\/11\/settore-produzione-portafoglio.jpg\",\"datePublished\":\"2021-02-16T10:32:25+00:00\",\"dateModified\":\"2023-11-30T23:56:02+00:00\",\"description\":\"D\u00e9couvrez tout l'\u00e9quipement ABC d\u00e9di\u00e9 au portefeuille : chevalet porte-peaux, chariot porte-rouleaux et a \u00e9tag\u00e8res et meubles pour EP.\",\"breadcrumb\":{\"@id\":\"https:\/\/abcprato.it\/fr\/domaines-d-application\/portefeuille\/#breadcrumb\"},\"inLanguage\":\"fr-FR\",\"potentialAction\":[{\"@type\":\"ReadAction\",\"target\":[\"https:\/\/abcprato.it\/fr\/domaines-d-application\/portefeuille\/\"]}]},{\"@type\":\"ImageObject\",\"inLanguage\":\"fr-FR\",\"@id\":\"https:\/\/abcprato.it\/fr\/domaines-d-application\/portefeuille\/#primaryimage\",\"url\":\"https:\/\/abcprato.it\/wp-content\/uploads\/2023\/11\/settore-produzione-portafoglio.jpg\",\"contentUrl\":\"https:\/\/abcprato.it\/wp-content\/uploads\/2023\/11\/settore-produzione-portafoglio.jpg\",\"width\":1500,\"height\":1000,\"caption\":\"settore-produzione-portafoglio\"},{\"@type\":\"BreadcrumbList\",\"@id\":\"https:\/\/abcprato.it\/fr\/domaines-d-application\/portefeuille\/#breadcrumb\",\"itemListElement\":[{\"@type\":\"ListItem\",\"position\":1,\"name\":\"Home\",\"item\":\"https:\/\/abcprato.it\/fr\/\"},{\"@type\":\"ListItem\",\"position\":2,\"name\":\"Domaines\",\"item\":\"https:\/\/abcprato.it\/fr\/settori\/\"},{\"@type\":\"ListItem\",\"position\":3,\"name\":\"Portefeuille\"}]},{\"@type\":\"WebSite\",\"@id\":\"https:\/\/abcprato.it\/fr\/#website\",\"url\":\"https:\/\/abcprato.it\/fr\/\",\"name\":\"ABC Equipment &amp; Solutions\",\"description\":\"\",\"publisher\":{\"@id\":\"https:\/\/abcprato.it\/fr\/#organization\"},\"potentialAction\":[{\"@type\":\"SearchAction\",\"target\":{\"@type\":\"EntryPoint\",\"urlTemplate\":\"https:\/\/abcprato.it\/fr\/?s={search_term_string}\"},\"query-input\":{\"@type\":\"PropertyValueSpecification\",\"valueRequired\":true,\"valueName\":\"search_term_string\"}}],\"inLanguage\":\"fr-FR\"},{\"@type\":\"Organization\",\"@id\":\"https:\/\/abcprato.it\/fr\/#organization\",\"name\":\"ABC Equipment & Solutions\",\"url\":\"https:\/\/abcprato.it\/fr\/\",\"logo\":{\"@type\":\"ImageObject\",\"inLanguage\":\"fr-FR\",\"@id\":\"https:\/\/abcprato.it\/fr\/#\/schema\/logo\/image\/\",\"url\":\"https:\/\/abcprato.it\/wp-content\/uploads\/2021\/01\/ABC-logo-2021.svg\",\"contentUrl\":\"https:\/\/abcprato.it\/wp-content\/uploads\/2021\/01\/ABC-logo-2021.svg\",\"width\":1,\"height\":1,\"caption\":\"ABC Equipment & Solutions\"},\"image\":{\"@id\":\"https:\/\/abcprato.it\/fr\/#\/schema\/logo\/image\/\"}}]}<\/script>\n<!-- \/ Yoast SEO plugin. -->","yoast_head_json":{"title":"Portefeuille - ABC Equipment &amp; Solutions","description":"D\u00e9couvrez tout l'\u00e9quipement ABC d\u00e9di\u00e9 au portefeuille : chevalet porte-peaux, chariot porte-rouleaux et a \u00e9tag\u00e8res et meubles pour EP.","robots":{"index":"index","follow":"follow","max-snippet":"max-snippet:-1","max-image-preview":"max-image-preview:large","max-video-preview":"max-video-preview:-1"},"canonical":"https:\/\/abcprato.it\/fr\/domaines-d-application\/portefeuille\/","og_locale":"fr_FR","og_type":"article","og_title":"Portefeuille - ABC Equipment &amp; Solutions","og_description":"D\u00e9couvrez tout l'\u00e9quipement ABC d\u00e9di\u00e9 au portefeuille : chevalet porte-peaux, chariot porte-rouleaux et a \u00e9tag\u00e8res et meubles pour EP.","og_url":"https:\/\/abcprato.it\/fr\/domaines-d-application\/portefeuille\/","og_site_name":"ABC Equipment &amp; Solutions","article_modified_time":"2023-11-30T23:56:02+00:00","og_image":[{"width":1500,"height":1000,"url":"https:\/\/abcprato.it\/wp-content\/uploads\/2023\/11\/domaine-fabricant-portefeuille.jpg","type":"image\/jpeg"}],"twitter_card":"summary_large_image","twitter_misc":{"Dur\u00e9e de lecture estim\u00e9e":"1 minute"},"schema":{"@context":"https:\/\/schema.org","@graph":[{"@type":"WebPage","@id":"https:\/\/abcprato.it\/fr\/domaines-d-application\/portefeuille\/","url":"https:\/\/abcprato.it\/fr\/domaines-d-application\/portefeuille\/","name":"Portefeuille - ABC Equipment &amp; Solutions","isPartOf":{"@id":"https:\/\/abcprato.it\/fr\/#website"},"primaryImageOfPage":{"@id":"https:\/\/abcprato.it\/fr\/domaines-d-application\/portefeuille\/#primaryimage"},"image":{"@id":"https:\/\/abcprato.it\/fr\/domaines-d-application\/portefeuille\/#primaryimage"},"thumbnailUrl":"https:\/\/abcprato.it\/wp-content\/uploads\/2023\/11\/settore-produzione-portafoglio.jpg","datePublished":"2021-02-16T10:32:25+00:00","dateModified":"2023-11-30T23:56:02+00:00","description":"D\u00e9couvrez tout l'\u00e9quipement ABC d\u00e9di\u00e9 au portefeuille : chevalet porte-peaux, chariot porte-rouleaux et a \u00e9tag\u00e8res et meubles pour EP.","breadcrumb":{"@id":"https:\/\/abcprato.it\/fr\/domaines-d-application\/portefeuille\/#breadcrumb"},"inLanguage":"fr-FR","potentialAction":[{"@type":"ReadAction","target":["https:\/\/abcprato.it\/fr\/domaines-d-application\/portefeuille\/"]}]},{"@type":"ImageObject","inLanguage":"fr-FR","@id":"https:\/\/abcprato.it\/fr\/domaines-d-application\/portefeuille\/#primaryimage","url":"https:\/\/abcprato.it\/wp-content\/uploads\/2023\/11\/settore-produzione-portafoglio.jpg","contentUrl":"https:\/\/abcprato.it\/wp-content\/uploads\/2023\/11\/settore-produzione-portafoglio.jpg","width":1500,"height":1000,"caption":"settore-produzione-portafoglio"},{"@type":"BreadcrumbList","@id":"https:\/\/abcprato.it\/fr\/domaines-d-application\/portefeuille\/#breadcrumb","itemListElement":[{"@type":"ListItem","position":1,"name":"Home","item":"https:\/\/abcprato.it\/fr\/"},{"@type":"ListItem","position":2,"name":"Domaines","item":"https:\/\/abcprato.it\/fr\/settori\/"},{"@type":"ListItem","position":3,"name":"Portefeuille"}]},{"@type":"WebSite","@id":"https:\/\/abcprato.it\/fr\/#website","url":"https:\/\/abcprato.it\/fr\/","name":"ABC Equipment &amp; Solutions","description":"","publisher":{"@id":"https:\/\/abcprato.it\/fr\/#organization"},"potentialAction":[{"@type":"SearchAction","target":{"@type":"EntryPoint","urlTemplate":"https:\/\/abcprato.it\/fr\/?s={search_term_string}"},"query-input":{"@type":"PropertyValueSpecification","valueRequired":true,"valueName":"search_term_string"}}],"inLanguage":"fr-FR"},{"@type":"Organization","@id":"https:\/\/abcprato.it\/fr\/#organization","name":"ABC Equipment & Solutions","url":"https:\/\/abcprato.it\/fr\/","logo":{"@type":"ImageObject","inLanguage":"fr-FR","@id":"https:\/\/abcprato.it\/fr\/#\/schema\/logo\/image\/","url":"https:\/\/abcprato.it\/wp-content\/uploads\/2021\/01\/ABC-logo-2021.svg","contentUrl":"https:\/\/abcprato.it\/wp-content\/uploads\/2021\/01\/ABC-logo-2021.svg","width":1,"height":1,"caption":"ABC Equipment & Solutions"},"image":{"@id":"https:\/\/abcprato.it\/fr\/#\/schema\/logo\/image\/"}}]}},"_links":{"self":[{"href":"https:\/\/abcprato.it\/fr\/wp-json\/wp\/v2\/pages\/5627","targetHints":{"allow":["GET"]}}],"collection":[{"href":"https:\/\/abcprato.it\/fr\/wp-json\/wp\/v2\/pages"}],"about":[{"href":"https:\/\/abcprato.it\/fr\/wp-json\/wp\/v2\/types\/page"}],"author":[{"embeddable":true,"href":"https:\/\/abcprato.it\/fr\/wp-json\/wp\/v2\/users\/3"}],"replies":[{"embeddable":true,"href":"https:\/\/abcprato.it\/fr\/wp-json\/wp\/v2\/comments?post=5627"}],"version-history":[{"count":16,"href":"https:\/\/abcprato.it\/fr\/wp-json\/wp\/v2\/pages\/5627\/revisions"}],"predecessor-version":[{"id":21623,"href":"https:\/\/abcprato.it\/fr\/wp-json\/wp\/v2\/pages\/5627\/revisions\/21623"}],"up":[{"embeddable":true,"href":"https:\/\/abcprato.it\/fr\/wp-json\/wp\/v2\/pages\/7959"}],"wp:featuredmedia":[{"embeddable":true,"href":"https:\/\/abcprato.it\/fr\/wp-json\/wp\/v2\/media\/20205"}],"wp:attachment":[{"href":"https:\/\/abcprato.it\/fr\/wp-json\/wp\/v2\/media?parent=5627"}],"curies":[{"name":"wp","href":"https:\/\/api.w.org\/{rel}","templated":true}]}}