{"id":5690,"date":"2021-02-16T11:56:07","date_gmt":"2021-02-16T10:56:07","guid":{"rendered":"https:\/\/abcprato.it\/?page_id=5690"},"modified":"2023-12-01T01:00:29","modified_gmt":"2023-12-01T00:00:29","slug":"ceinture","status":"publish","type":"page","link":"https:\/\/abcprato.it\/fr\/domaines-d-application\/ceinture\/","title":{"rendered":"Ceinture"},"content":{"rendered":"\t\t<div data-elementor-type=\"wp-page\" data-elementor-id=\"5690\" class=\"elementor elementor-5690 elementor-2481\" data-elementor-post-type=\"page\">\n\t\t\t\t\t\t<section class=\"elementor-section elementor-top-section elementor-element elementor-element-92bd888 elementor-section-boxed elementor-section-height-default elementor-section-height-default\" data-id=\"92bd888\" data-element_type=\"section\" data-e-type=\"section\" data-settings=\"{&quot;background_background&quot;:&quot;classic&quot;}\">\n\t\t\t\t\t\t\t<div class=\"elementor-background-overlay\"><\/div>\n\t\t\t\t\t\t\t<div class=\"elementor-container elementor-column-gap-default\">\n\t\t\t\t\t<div class=\"elementor-column elementor-col-100 elementor-top-column elementor-element elementor-element-ddcb564\" data-id=\"ddcb564\" data-element_type=\"column\" data-e-type=\"column\">\n\t\t\t<div class=\"elementor-widget-wrap elementor-element-populated\">\n\t\t\t\t\t\t<div class=\"elementor-element elementor-element-304e807 elementor-widget elementor-widget-image\" data-id=\"304e807\" data-element_type=\"widget\" data-e-type=\"widget\" data-widget_type=\"image.default\">\n\t\t\t\t<div class=\"elementor-widget-container\">\n\t\t\t\t\t\t\t\t\t\t\t\t\t\t\t<img decoding=\"async\" width=\"65\" height=\"65\" src=\"https:\/\/abcprato.it\/wp-content\/uploads\/2021\/09\/ICONE_cintura.svg\" class=\"attachment-full size-full wp-image-9018\" alt=\"\" \/>\t\t\t\t\t\t\t\t\t\t\t\t\t\t\t<\/div>\n\t\t\t\t<\/div>\n\t\t\t\t<div class=\"elementor-element elementor-element-c6c9171 elementor-widget elementor-widget-heading\" data-id=\"c6c9171\" data-element_type=\"widget\" data-e-type=\"widget\" data-widget_type=\"heading.default\">\n\t\t\t\t<div class=\"elementor-widget-container\">\n\t\t\t\t\t<h2 class=\"elementor-heading-title elementor-size-default\">Ceinture<\/h2>\t\t\t\t<\/div>\n\t\t\t\t<\/div>\n\t\t\t\t<div class=\"elementor-element elementor-element-1d053b9 elementor-widget elementor-widget-text-editor\" data-id=\"1d053b9\" data-element_type=\"widget\" data-e-type=\"widget\" data-widget_type=\"text-editor.default\">\n\t\t\t\t<div class=\"elementor-widget-container\">\n\t\t\t\t\t\t\t\t\t<p style=\"text-align: center;\"><em>D\u00e9couvrez tous les \u00e9quipements ABC d\u00e9di\u00e9s \u00e0 votre atelier de ceinture <\/em><br \/><em>pour g\u00e9rer et manipuler les bandes de cuir, la peau coup\u00e9e, les produits semi-finis et finis tout en am\u00e9liorant les temps de production.<\/em><\/p><p style=\"text-align: center;\"><em>Du tr\u00e9teau porte-peaux et chariot porte-ceinture au meuble pour EP, en passant par le chariot porte-rouleux et la table de travail.\u00a0<\/em><br \/><em>Voici tous les produits recommand\u00e9s pour les ateliers fabricants des ceintures.<\/em><\/p>\t\t\t\t\t\t\t\t<\/div>\n\t\t\t\t<\/div>\n\t\t\t\t\t<\/div>\n\t\t<\/div>\n\t\t\t\t\t<\/div>\n\t\t<\/section>\n\t\t\t\t<section class=\"elementor-section elementor-top-section elementor-element elementor-element-d026cbd elementor-section-boxed elementor-section-height-default elementor-section-height-default\" data-id=\"d026cbd\" data-element_type=\"section\" data-e-type=\"section\">\n\t\t\t\t\t\t<div class=\"elementor-container elementor-column-gap-default\">\n\t\t\t\t\t<div class=\"elementor-column elementor-col-100 elementor-top-column elementor-element elementor-element-a7bc269\" data-id=\"a7bc269\" data-element_type=\"column\" data-e-type=\"column\">\n\t\t\t<div class=\"elementor-widget-wrap elementor-element-populated\">\n\t\t\t\t\t\t<div class=\"elementor-element elementor-element-8cb2a7f elementor-widget elementor-widget-shortcode\" data-id=\"8cb2a7f\" data-element_type=\"widget\" data-e-type=\"widget\" data-widget_type=\"shortcode.default\">\n\t\t\t\t<div class=\"elementor-widget-container\">\n\t\t\t\t\t\t\t<div class=\"elementor-shortcode\"><div class=\"slider \"><div class=\"ceinture owl-carousel owl-theme sector\"><div class=\"item flex\"><div class=\"columns column_1-2 image\"><img decoding=\"async\" src=\"https:\/\/abcprato.it\/wp-content\/uploads\/2024\/07\/chariot-porte-ceintures-800x600.jpg\" alt=\"chariot-porte-ceintures\"><\/div><div class=\"columns column_1-2 last slide-content\"><h3>Chariot porte-ceintures<\/h3><p>Chariot porte-ceintures id\u00e9al pour d\u00e9placer les ceintures et les bandes de cuir. Compl\u00e9tez le chariot en ins\u00e9rant des s\u00e9parateurs pour les diff\u00e9rentes productions, s\u00e9ries ou types de produits. D\u00e9placez-le facilement d&rsquo;un d\u00e9partement \u00e0 l&rsquo;autre gr\u00e2ce aux roues anti-fil.<\/p>\n<a href=\"https:\/\/abcprato.it\/fr\/chariots\/chariot-porte-ceintures\/\"  style=\"margin-top:40px;text-transform:uppercase; text-decoration:underline; font-weight:600;\" class=\"btn blue\" alt=\"\">D\u00e9couvrir plus<\/a><\/div><\/div><div class=\"item flex\"><div class=\"columns column_1-2 image\"><img decoding=\"async\" src=\"https:\/\/abcprato.it\/wp-content\/uploads\/2023\/11\/grand-chevalet-porte-epeaux-automobile-800x600.jpg\" alt=\"grand-chevalet-porte-epeaux-automobile\"><\/div><div class=\"columns column_1-2 last slide-content\"><h3>Grand chevalet porte-peaux<\/h3><p>Chariot porte-peaux d\u00e9di\u00e9 aux peaux enti\u00e8res de grandes dimensions. Id\u00e9al pour la manipulation des peaux utilis\u00e9es pour la production de ceintures. Peut \u00eatre utilis\u00e9 pour la d\u00e9coupe \u00e0 l&#8217;emporte-pi\u00e8ce ou \u00e0 laser CAD.<br \/>\n\u00c9quip\u00e9 avec : bosse lisse standard, double \u00e9tag\u00e8re d\u2019appui, poign\u00e9e des deux c\u00f4t\u00e9s, syst\u00e8me antistatique et roues anti-fil.<\/p>\n<a href=\"https:\/\/abcprato.it\/fr\/chevalet-cuir\/chevalet-porte-peaux-grand\/\"  style=\"margin-top:40px;text-transform:uppercase; text-decoration:underline; font-weight:600;\" class=\"btn blue\" alt=\"\">D\u00e9couvrir plus<\/a><\/div><\/div><div class=\"item flex\"><div class=\"columns column_1-2 image\"><img decoding=\"async\" src=\"https:\/\/abcprato.it\/wp-content\/uploads\/2023\/11\/chevalet-porte-peaux-standard-avec-large-bosse-800x600.jpg\" alt=\"chevalet-porte-peaux-standard-avec-large-bosse\"><\/div><div class=\"columns column_1-2 last slide-content\"><h3>Chevalet porte-peaux standard avec large bosse  <\/h3><p>Chariot porte-peaux standard qui, gr\u00e2ce \u00e0 sa large bosse, permet de manipuler les grandes peaux \u00e0 une hauteur r\u00e9duite de 130 cm, \u00e9liminant ainsi les efforts physiques de l&rsquo;op\u00e9rateur. \u00c9quip\u00e9 avec : large bosse lisse, double \u00e9tag\u00e8re d\u2019appui, poign\u00e9e des deux c\u00f4t\u00e9s, syst\u00e8me antistatique et roues anti-fil.<\/p>\n<a href=\"https:\/\/abcprato.it\/fr\/chevalet-cuir\/chevalet-porte-peaux-standard-avec-large-bosse\/\"  style=\"margin-top:40px;text-transform:uppercase; text-decoration:underline; font-weight:600;\" class=\"btn blue\" alt=\"\">D\u00e9couvrir plus<\/a><\/div><\/div><div class=\"item flex\"><div class=\"columns column_1-2 image\"><img decoding=\"async\" src=\"https:\/\/abcprato.it\/wp-content\/uploads\/2024\/06\/grand-chariot-porte-peaux-avec-large-bosse-maroquinerie-800x600.jpg\" alt=\"grand-chariot-porte-peaux-avec-large-bosse-maroquinerie\"><\/div><div class=\"columns column_1-2 last slide-content\"><h3>Grand chevalet porte-peaux avec large bosse<\/h3><p>D\u00e9placez les peaux enti\u00e8res, m\u00eame les plus d\u00e9licates, avec le grand tr\u00e9teau porte-peaux avec large bosse. Positionnez-le dans le d\u00e9partement de d\u00e9coupe, soit \u00e0 l&#8217;emporte-pi\u00e8ce, soit au laser CAD. \u00c9quip\u00e9 avec : large bosse lisse, double \u00e9tag\u00e8re d\u2019appui, poign\u00e9e des deux c\u00f4t\u00e9s, syst\u00e8me antistatique et roues anti-fil.<\/p>\n<a href=\"https:\/\/abcprato.it\/fr\/chevalet-cuir\/grand-chevalet-porte-peaux-avec-large-bosse\/\"  style=\"margin-top:40px;text-transform:uppercase; text-decoration:underline; font-weight:600;\" class=\"btn blue\" alt=\"\">D\u00e9couvrir plus<\/a><\/div><\/div><div class=\"item flex\"><div class=\"columns column_1-2 image\"><img decoding=\"async\" src=\"https:\/\/abcprato.it\/wp-content\/uploads\/2023\/11\/meuble-vertical-ceinture-800x600.jpg\" alt=\"meuble-vertical-ceinture\"><\/div><div class=\"columns column_1-2 last slide-content\"><h3>Meuble vertical pour emporte-pi\u00e8ces<\/h3><p>Gardez toutes vos EP de ceinture bien rang\u00e9es \u00e0 l&rsquo;int\u00e9rieur du meuble vertical. Ins\u00e9rez \u00e9galement l\u2019accessoire pour les longs emporte-pi\u00e8ces pour la ceinture afin de les maintenir en place lors de l&rsquo;ouverture ou de la fermeture du tiroir. Placez-le dans le d\u00e9partement de production ou de stockage de l\u2019atelier.<\/p>\n<a href=\"\"  style=\"margin-top:40px;text-transform:uppercase; text-decoration:underline; font-weight:600;\" class=\"btn blue\" alt=\"\">D\u00e9couvrir plus<\/a><\/div><\/div><div class=\"item flex\"><div class=\"columns column_1-2 image\"><img decoding=\"async\" src=\"https:\/\/abcprato.it\/wp-content\/uploads\/2023\/11\/meuble-horizontal-ceinture-800x600.jpg\" alt=\"meuble-horizontal-ceinture\"><\/div><div class=\"columns column_1-2 last slide-content\"><h3>Meuble horizontal pour emporte-pi\u00e8ces<\/h3><p>Meuble horizontal id\u00e9al pour ranger tous les emporte-pi\u00e8ces utilis\u00e9s dans la production, y compris les EP longue pour ceinture. L&#8217;emplacement id\u00e9al est \u00e0 c\u00f4t\u00e9 de la presse hydraulique, en remplacement du plan de travail existant.<\/p>\n<a href=\"https:\/\/abcprato.it\/fr\/rangement-a-ep\/meuble-horizontal-pour-emporte-pieces\/\"  style=\"margin-top:40px;text-transform:uppercase; text-decoration:underline; font-weight:600;\" class=\"btn blue\" alt=\"\">D\u00e9couvrir plus<\/a><\/div><\/div><div class=\"item flex\"><div class=\"columns column_1-2 image\"><img decoding=\"async\" src=\"https:\/\/abcprato.it\/wp-content\/uploads\/2023\/11\/chariot-porte-rouleaux-fabricants-ceinture-800x600.jpg\" alt=\"chariot-porte-rouleaux-fabricants-ceinture\"><\/div><div class=\"columns column_1-2 last slide-content\"><h3>Chariot porte-rouleaux<\/h3><p>Chariot id\u00e9al pour la manutention des rouleaux de tissu, de salpa ou des renforcements utilis\u00e9s pour la fabrication des ceintures. Installez-le dans le d\u00e9partement de coupe et de pr\u00e9paration. D\u00e9placez-le confortablement d&rsquo;un d\u00e9partement \u00e0 l&rsquo;autre gr\u00e2ce aux roues anti-fil. Manipulez jusqu&rsquo;\u00e0 8 rouleaux dans un espace r\u00e9duit.<\/p>\n<a href=\"https:\/\/abcprato.it\/fr\/chariots\/chariot-porte-rouleaux\/\"  style=\"margin-top:40px;text-transform:uppercase; text-decoration:underline; font-weight:600;\" class=\"btn blue\" alt=\"\">D\u00e9couvrir plus<\/a><\/div><\/div><div class=\"item flex\"><div class=\"columns column_1-2 image\"><img decoding=\"async\" src=\"https:\/\/abcprato.it\/wp-content\/uploads\/2023\/11\/chariot-a-etageres-fabricants-ceintures-800x600.jpg\" alt=\"chariot-a-etageres-fabricants-ceintures\"><\/div><div class=\"columns column_1-2 last slide-content\"><h3>Chariot \u00e0 \u00e9tag\u00e8res<\/h3><p>Large gamme de chariots, de deux \u00e0 cinq niveaux. Maniabilit\u00e9 garantie par des roues anti-fil. D\u00e9couvrez la gamme d\u00e9di\u00e9e aux fabricants de ceintures pour la manutention de produits finis, de d\u00e9coupes, d&rsquo;\u00e9chantillons ou de composants.<\/p>\n<a href=\"https:\/\/abcprato.it\/fr\/chariots\/chariot-a-etageres\/\"  style=\"margin-top:40px;text-transform:uppercase; text-decoration:underline; font-weight:600;\" class=\"btn blue\" alt=\"\">D\u00e9couvrir plus<\/a><\/div><\/div><div class=\"item flex\"><div class=\"columns column_1-2 image\"><img decoding=\"async\" src=\"https:\/\/abcprato.it\/wp-content\/uploads\/2023\/11\/table-de-travail-modelage-departement-800x600.jpg\" alt=\"table-de-travail-modelage-departement\"><\/div><div class=\"columns column_1-2 last slide-content\"><h3>Table de travail <\/h3><p>La table de travail peut \u00eatre plac\u00e9e dans le service de modelage, d&rsquo;\u00e9chantillonnage ou de production de l&rsquo;atelier de fabrication de ceintures. Gr\u00e2ce \u00e0 sa hauteur r\u00e9glable, elle convient \u00e0 tous les op\u00e9rateurs. Ins\u00e9rez des accessoires en fonction de vos besoins.<\/p>\n<a href=\"https:\/\/abcprato.it\/fr\/ameublement\/table-de-travail\/\"  style=\"margin-top:40px;text-transform:uppercase; text-decoration:underline; font-weight:600;\" class=\"btn blue\" alt=\"\">D\u00e9couvrir plus<\/a><\/div><\/div><div class=\"item flex\"><div class=\"columns column_1-2 image\"><img decoding=\"async\" src=\"https:\/\/abcprato.it\/wp-content\/uploads\/2023\/11\/meuble-a-coudre-maroquinerie-800x600.jpg\" alt=\"meuble-a-coudre-maroquinerie\"><\/div><div class=\"columns column_1-2 last slide-content\"><h3>Meuble \u00e0 coudre<\/h3><p>Meuble \u00e0 coudre con\u00e7u pour la couturi\u00e8re. Livr\u00e9 d\u00e9j\u00e0 complet avec les accessoires d\u00e9di\u00e9s tels que les porte-bobines, canettes ou c\u00f4nes. Placez-le sous chaque machine \u00e0 coudre dans le d\u00e9partement couture de votre atelier de ceinture.<\/p>\n<a href=\"\"  style=\"margin-top:40px;text-transform:uppercase; text-decoration:underline; font-weight:600;\" class=\"btn blue\" alt=\"\">D\u00e9couvrir plus<\/a><\/div><\/div><div class=\"item flex\"><div class=\"columns column_1-2 image\"><img decoding=\"async\" src=\"https:\/\/abcprato.it\/wp-content\/uploads\/2023\/10\/chariot-porte-rouleux-tissu-maroquinerie-800x600.jpg\" alt=\"chariot-porte-rouleux-tissu-maroquinerie\"><\/div><div class=\"columns column_1-2 last slide-content\"><h3>Chariot porte-rouleaux bas pour la d\u00e9coupe automatique<\/h3><p>Positionnez le chariot \u00e0 c\u00f4t\u00e9 de la machine de d\u00e9coupe automatique pour les ceintures. Permet de manipuler jusqu&rsquo;\u00e0 4 rouleaux de mat\u00e9riau. La structure \u00e9troite optimise l&rsquo;espace dans le d\u00e9partement. Man\u0153uvrabilit\u00e9 assur\u00e9e par les roues pare-fil avec freins.<\/p>\n<a href=\"https:\/\/abcprato.it\/fr\/articles-faits-sur-mesure\/chariot-porte-rouleaux-bas-pour-decoupe-automatique\/\"  style=\"margin-top:40px;text-transform:uppercase; text-decoration:underline; font-weight:600;\" class=\"btn blue\" alt=\"\">D\u00e9couvrir plus<\/a><\/div><\/div><\/div><script type=\"text\/javascript\">\n  \t\t\t\t\t\t\t\t\tjQuery(document).ready(function($) {\n  \t\t\t\t\t\t\t\t\t$(\".ceinture\").owlCarousel({\n  \t\t\t\t\t\t\t\t\tcenter: true,\n  \t\t\t\t\t\t\t\t\titems:1,\n  \t\t\t\t\t\t\t\t\tnav:true,\n  \t\t\t\t\t\t\t\t\tdots:true,\n  \t\t\t\t\t\t\t\t\tloop:true,\n  \t\t\t\t\t\t\t\t\tmargin:0,\n                    smartSpeed: 500,\n  \t\t\t\t\t\t\t\t\tautoplay:true,\n  \t\t\t\t\t\t\t\t\tautoplayTimeout:5000,\n  \t\t\t\t\t\t\t\t\tautoplayHoverPause:true,\n  \t\t\t\t\t\t\t\t\tnavText : [\"<i class=\\\"fas fa-chevron-left\\\"><\/i>\",\"<i class=\\\"fas fa-chevron-right\\\"><\/i>\"]\n  \t\t\t\t\t\t\t\t});});<\/script><\/div><\/div>\n\t\t\t\t\t\t<\/div>\n\t\t\t\t<\/div>\n\t\t\t\t\t<\/div>\n\t\t<\/div>\n\t\t\t\t\t<\/div>\n\t\t<\/section>\n\t\t\t\t<\/div>\n\t\t","protected":false},"excerpt":{"rendered":"<p>Ceinture D\u00e9couvrez tous les \u00e9quipements ABC d\u00e9di\u00e9s \u00e0 votre atelier de ceinture pour g\u00e9rer et manipuler les bandes de cuir, la peau coup\u00e9e, les produits&#8230; <a class=\"read-more\" style=\"text-decoration:underline;\" href=\"https:\/\/abcprato.it\/fr\/slider\/ceinture\/\">En savoir plus<\/a><\/p>\n","protected":false},"author":3,"featured_media":20175,"parent":7959,"menu_order":0,"comment_status":"closed","ping_status":"closed","template":"elementor_header_footer","meta":{"_acf_changed":false,"footnotes":""},"class_list":["post-5690","page","type-page","status-publish","has-post-thumbnail","hentry"],"acf":[],"yoast_head":"<!-- This site is optimized with the Yoast SEO plugin v27.2 - https:\/\/yoast.com\/product\/yoast-seo-wordpress\/ -->\n<title>Ceinture - ABC Equipment &amp; Solutions<\/title>\n<meta name=\"description\" content=\"D\u00e9couvrez tout l&#039;\u00e9quipement ABC d\u00e9di\u00e9 \u00e0 votre atelier de fabrication de ceintures : chariots porte-ceintures, porte-peaux et porte-rouleaux, meuble pour EP.\" \/>\n<meta name=\"robots\" content=\"index, follow, max-snippet:-1, max-image-preview:large, max-video-preview:-1\" \/>\n<link rel=\"canonical\" href=\"https:\/\/abcprato.it\/fr\/domaines-d-application\/ceinture\/\" \/>\n<meta property=\"og:locale\" content=\"fr_FR\" \/>\n<meta property=\"og:type\" content=\"article\" \/>\n<meta property=\"og:title\" content=\"Ceinture - ABC Equipment &amp; Solutions\" \/>\n<meta property=\"og:description\" content=\"D\u00e9couvrez tout l&#039;\u00e9quipement ABC d\u00e9di\u00e9 \u00e0 votre atelier de fabrication de ceintures : chariots porte-ceintures, porte-peaux et porte-rouleaux, meuble pour EP.\" \/>\n<meta property=\"og:url\" content=\"https:\/\/abcprato.it\/fr\/domaines-d-application\/ceinture\/\" \/>\n<meta property=\"og:site_name\" content=\"ABC Equipment &amp; Solutions\" \/>\n<meta property=\"article:modified_time\" content=\"2023-12-01T00:00:29+00:00\" \/>\n<meta property=\"og:image\" content=\"https:\/\/abcprato.it\/wp-content\/uploads\/2023\/11\/domaine-fabricant-ceinture.jpg\" \/>\n\t<meta property=\"og:image:width\" content=\"1500\" \/>\n\t<meta property=\"og:image:height\" content=\"1100\" \/>\n\t<meta property=\"og:image:type\" content=\"image\/jpeg\" \/>\n<meta name=\"twitter:card\" content=\"summary_large_image\" \/>\n<meta name=\"twitter:label1\" content=\"Dur\u00e9e de lecture estim\u00e9e\" \/>\n\t<meta name=\"twitter:data1\" content=\"1 minute\" \/>\n<script type=\"application\/ld+json\" class=\"yoast-schema-graph\">{\"@context\":\"https:\/\/schema.org\",\"@graph\":[{\"@type\":\"WebPage\",\"@id\":\"https:\/\/abcprato.it\/fr\/domaines-d-application\/ceinture\/\",\"url\":\"https:\/\/abcprato.it\/fr\/domaines-d-application\/ceinture\/\",\"name\":\"Ceinture - ABC Equipment &amp; Solutions\",\"isPartOf\":{\"@id\":\"https:\/\/abcprato.it\/fr\/#website\"},\"primaryImageOfPage\":{\"@id\":\"https:\/\/abcprato.it\/fr\/domaines-d-application\/ceinture\/#primaryimage\"},\"image\":{\"@id\":\"https:\/\/abcprato.it\/fr\/domaines-d-application\/ceinture\/#primaryimage\"},\"thumbnailUrl\":\"https:\/\/abcprato.it\/wp-content\/uploads\/2023\/11\/settore-produzione-cintura-.jpg\",\"datePublished\":\"2021-02-16T10:56:07+00:00\",\"dateModified\":\"2023-12-01T00:00:29+00:00\",\"description\":\"D\u00e9couvrez tout l'\u00e9quipement ABC d\u00e9di\u00e9 \u00e0 votre atelier de fabrication de ceintures : chariots porte-ceintures, porte-peaux et porte-rouleaux, meuble pour EP.\",\"breadcrumb\":{\"@id\":\"https:\/\/abcprato.it\/fr\/domaines-d-application\/ceinture\/#breadcrumb\"},\"inLanguage\":\"fr-FR\",\"potentialAction\":[{\"@type\":\"ReadAction\",\"target\":[\"https:\/\/abcprato.it\/fr\/domaines-d-application\/ceinture\/\"]}]},{\"@type\":\"ImageObject\",\"inLanguage\":\"fr-FR\",\"@id\":\"https:\/\/abcprato.it\/fr\/domaines-d-application\/ceinture\/#primaryimage\",\"url\":\"https:\/\/abcprato.it\/wp-content\/uploads\/2023\/11\/settore-produzione-cintura-.jpg\",\"contentUrl\":\"https:\/\/abcprato.it\/wp-content\/uploads\/2023\/11\/settore-produzione-cintura-.jpg\",\"width\":1500,\"height\":1100,\"caption\":\"settore-produzione-cintura-\"},{\"@type\":\"BreadcrumbList\",\"@id\":\"https:\/\/abcprato.it\/fr\/domaines-d-application\/ceinture\/#breadcrumb\",\"itemListElement\":[{\"@type\":\"ListItem\",\"position\":1,\"name\":\"Home\",\"item\":\"https:\/\/abcprato.it\/fr\/\"},{\"@type\":\"ListItem\",\"position\":2,\"name\":\"Domaines\",\"item\":\"https:\/\/abcprato.it\/fr\/settori\/\"},{\"@type\":\"ListItem\",\"position\":3,\"name\":\"Ceinture\"}]},{\"@type\":\"WebSite\",\"@id\":\"https:\/\/abcprato.it\/fr\/#website\",\"url\":\"https:\/\/abcprato.it\/fr\/\",\"name\":\"ABC Equipment &amp; Solutions\",\"description\":\"\",\"publisher\":{\"@id\":\"https:\/\/abcprato.it\/fr\/#organization\"},\"potentialAction\":[{\"@type\":\"SearchAction\",\"target\":{\"@type\":\"EntryPoint\",\"urlTemplate\":\"https:\/\/abcprato.it\/fr\/?s={search_term_string}\"},\"query-input\":{\"@type\":\"PropertyValueSpecification\",\"valueRequired\":true,\"valueName\":\"search_term_string\"}}],\"inLanguage\":\"fr-FR\"},{\"@type\":\"Organization\",\"@id\":\"https:\/\/abcprato.it\/fr\/#organization\",\"name\":\"ABC Equipment & Solutions\",\"url\":\"https:\/\/abcprato.it\/fr\/\",\"logo\":{\"@type\":\"ImageObject\",\"inLanguage\":\"fr-FR\",\"@id\":\"https:\/\/abcprato.it\/fr\/#\/schema\/logo\/image\/\",\"url\":\"https:\/\/abcprato.it\/wp-content\/uploads\/2021\/01\/ABC-logo-2021.svg\",\"contentUrl\":\"https:\/\/abcprato.it\/wp-content\/uploads\/2021\/01\/ABC-logo-2021.svg\",\"width\":1,\"height\":1,\"caption\":\"ABC Equipment & Solutions\"},\"image\":{\"@id\":\"https:\/\/abcprato.it\/fr\/#\/schema\/logo\/image\/\"}}]}<\/script>\n<!-- \/ Yoast SEO plugin. -->","yoast_head_json":{"title":"Ceinture - ABC Equipment &amp; Solutions","description":"D\u00e9couvrez tout l'\u00e9quipement ABC d\u00e9di\u00e9 \u00e0 votre atelier de fabrication de ceintures : chariots porte-ceintures, porte-peaux et porte-rouleaux, meuble pour EP.","robots":{"index":"index","follow":"follow","max-snippet":"max-snippet:-1","max-image-preview":"max-image-preview:large","max-video-preview":"max-video-preview:-1"},"canonical":"https:\/\/abcprato.it\/fr\/domaines-d-application\/ceinture\/","og_locale":"fr_FR","og_type":"article","og_title":"Ceinture - ABC Equipment &amp; Solutions","og_description":"D\u00e9couvrez tout l'\u00e9quipement ABC d\u00e9di\u00e9 \u00e0 votre atelier de fabrication de ceintures : chariots porte-ceintures, porte-peaux et porte-rouleaux, meuble pour EP.","og_url":"https:\/\/abcprato.it\/fr\/domaines-d-application\/ceinture\/","og_site_name":"ABC Equipment &amp; Solutions","article_modified_time":"2023-12-01T00:00:29+00:00","og_image":[{"width":1500,"height":1100,"url":"https:\/\/abcprato.it\/wp-content\/uploads\/2023\/11\/domaine-fabricant-ceinture.jpg","type":"image\/jpeg"}],"twitter_card":"summary_large_image","twitter_misc":{"Dur\u00e9e de lecture estim\u00e9e":"1 minute"},"schema":{"@context":"https:\/\/schema.org","@graph":[{"@type":"WebPage","@id":"https:\/\/abcprato.it\/fr\/domaines-d-application\/ceinture\/","url":"https:\/\/abcprato.it\/fr\/domaines-d-application\/ceinture\/","name":"Ceinture - ABC Equipment &amp; Solutions","isPartOf":{"@id":"https:\/\/abcprato.it\/fr\/#website"},"primaryImageOfPage":{"@id":"https:\/\/abcprato.it\/fr\/domaines-d-application\/ceinture\/#primaryimage"},"image":{"@id":"https:\/\/abcprato.it\/fr\/domaines-d-application\/ceinture\/#primaryimage"},"thumbnailUrl":"https:\/\/abcprato.it\/wp-content\/uploads\/2023\/11\/settore-produzione-cintura-.jpg","datePublished":"2021-02-16T10:56:07+00:00","dateModified":"2023-12-01T00:00:29+00:00","description":"D\u00e9couvrez tout l'\u00e9quipement ABC d\u00e9di\u00e9 \u00e0 votre atelier de fabrication de ceintures : chariots porte-ceintures, porte-peaux et porte-rouleaux, meuble pour EP.","breadcrumb":{"@id":"https:\/\/abcprato.it\/fr\/domaines-d-application\/ceinture\/#breadcrumb"},"inLanguage":"fr-FR","potentialAction":[{"@type":"ReadAction","target":["https:\/\/abcprato.it\/fr\/domaines-d-application\/ceinture\/"]}]},{"@type":"ImageObject","inLanguage":"fr-FR","@id":"https:\/\/abcprato.it\/fr\/domaines-d-application\/ceinture\/#primaryimage","url":"https:\/\/abcprato.it\/wp-content\/uploads\/2023\/11\/settore-produzione-cintura-.jpg","contentUrl":"https:\/\/abcprato.it\/wp-content\/uploads\/2023\/11\/settore-produzione-cintura-.jpg","width":1500,"height":1100,"caption":"settore-produzione-cintura-"},{"@type":"BreadcrumbList","@id":"https:\/\/abcprato.it\/fr\/domaines-d-application\/ceinture\/#breadcrumb","itemListElement":[{"@type":"ListItem","position":1,"name":"Home","item":"https:\/\/abcprato.it\/fr\/"},{"@type":"ListItem","position":2,"name":"Domaines","item":"https:\/\/abcprato.it\/fr\/settori\/"},{"@type":"ListItem","position":3,"name":"Ceinture"}]},{"@type":"WebSite","@id":"https:\/\/abcprato.it\/fr\/#website","url":"https:\/\/abcprato.it\/fr\/","name":"ABC Equipment &amp; Solutions","description":"","publisher":{"@id":"https:\/\/abcprato.it\/fr\/#organization"},"potentialAction":[{"@type":"SearchAction","target":{"@type":"EntryPoint","urlTemplate":"https:\/\/abcprato.it\/fr\/?s={search_term_string}"},"query-input":{"@type":"PropertyValueSpecification","valueRequired":true,"valueName":"search_term_string"}}],"inLanguage":"fr-FR"},{"@type":"Organization","@id":"https:\/\/abcprato.it\/fr\/#organization","name":"ABC Equipment & Solutions","url":"https:\/\/abcprato.it\/fr\/","logo":{"@type":"ImageObject","inLanguage":"fr-FR","@id":"https:\/\/abcprato.it\/fr\/#\/schema\/logo\/image\/","url":"https:\/\/abcprato.it\/wp-content\/uploads\/2021\/01\/ABC-logo-2021.svg","contentUrl":"https:\/\/abcprato.it\/wp-content\/uploads\/2021\/01\/ABC-logo-2021.svg","width":1,"height":1,"caption":"ABC Equipment & Solutions"},"image":{"@id":"https:\/\/abcprato.it\/fr\/#\/schema\/logo\/image\/"}}]}},"_links":{"self":[{"href":"https:\/\/abcprato.it\/fr\/wp-json\/wp\/v2\/pages\/5690","targetHints":{"allow":["GET"]}}],"collection":[{"href":"https:\/\/abcprato.it\/fr\/wp-json\/wp\/v2\/pages"}],"about":[{"href":"https:\/\/abcprato.it\/fr\/wp-json\/wp\/v2\/types\/page"}],"author":[{"embeddable":true,"href":"https:\/\/abcprato.it\/fr\/wp-json\/wp\/v2\/users\/3"}],"replies":[{"embeddable":true,"href":"https:\/\/abcprato.it\/fr\/wp-json\/wp\/v2\/comments?post=5690"}],"version-history":[{"count":15,"href":"https:\/\/abcprato.it\/fr\/wp-json\/wp\/v2\/pages\/5690\/revisions"}],"predecessor-version":[{"id":21641,"href":"https:\/\/abcprato.it\/fr\/wp-json\/wp\/v2\/pages\/5690\/revisions\/21641"}],"up":[{"embeddable":true,"href":"https:\/\/abcprato.it\/fr\/wp-json\/wp\/v2\/pages\/7959"}],"wp:featuredmedia":[{"embeddable":true,"href":"https:\/\/abcprato.it\/fr\/wp-json\/wp\/v2\/media\/20175"}],"wp:attachment":[{"href":"https:\/\/abcprato.it\/fr\/wp-json\/wp\/v2\/media?parent=5690"}],"curies":[{"name":"wp","href":"https:\/\/api.w.org\/{rel}","templated":true}]}}