{"id":5716,"date":"2021-02-16T12:07:07","date_gmt":"2021-02-16T11:07:07","guid":{"rendered":"https:\/\/abcprato.it\/?page_id=5716"},"modified":"2023-12-01T00:58:31","modified_gmt":"2023-11-30T23:58:31","slug":"bracelets-de-montre","status":"publish","type":"page","link":"https:\/\/abcprato.it\/fr\/domaines-d-application\/bracelets-de-montre\/","title":{"rendered":"Bracelets de Montre"},"content":{"rendered":"\t\t<div data-elementor-type=\"wp-page\" data-elementor-id=\"5716\" class=\"elementor elementor-5716 elementor-2611\" data-elementor-post-type=\"page\">\n\t\t\t\t\t\t<section class=\"elementor-section elementor-top-section elementor-element elementor-element-92bd888 elementor-section-boxed elementor-section-height-default elementor-section-height-default\" data-id=\"92bd888\" data-element_type=\"section\" data-e-type=\"section\" data-settings=\"{&quot;background_background&quot;:&quot;classic&quot;}\">\n\t\t\t\t\t\t\t<div class=\"elementor-background-overlay\"><\/div>\n\t\t\t\t\t\t\t<div class=\"elementor-container elementor-column-gap-default\">\n\t\t\t\t\t<div class=\"elementor-column elementor-col-100 elementor-top-column elementor-element elementor-element-ddcb564\" data-id=\"ddcb564\" data-element_type=\"column\" data-e-type=\"column\">\n\t\t\t<div class=\"elementor-widget-wrap elementor-element-populated\">\n\t\t\t\t\t\t<div class=\"elementor-element elementor-element-4f1b16c elementor-widget elementor-widget-image\" data-id=\"4f1b16c\" data-element_type=\"widget\" data-e-type=\"widget\" data-widget_type=\"image.default\">\n\t\t\t\t<div class=\"elementor-widget-container\">\n\t\t\t\t\t\t\t\t\t\t\t\t\t\t\t<img decoding=\"async\" width=\"65\" height=\"65\" src=\"https:\/\/abcprato.it\/wp-content\/uploads\/2021\/09\/ICONE_cinturini.svg\" class=\"attachment-full size-full wp-image-9022\" alt=\"\" \/>\t\t\t\t\t\t\t\t\t\t\t\t\t\t\t<\/div>\n\t\t\t\t<\/div>\n\t\t\t\t<div class=\"elementor-element elementor-element-c6c9171 elementor-widget elementor-widget-heading\" data-id=\"c6c9171\" data-element_type=\"widget\" data-e-type=\"widget\" data-widget_type=\"heading.default\">\n\t\t\t\t<div class=\"elementor-widget-container\">\n\t\t\t\t\t<h2 class=\"elementor-heading-title elementor-size-default\">Bracelets de Montre<\/h2>\t\t\t\t<\/div>\n\t\t\t\t<\/div>\n\t\t\t\t<div class=\"elementor-element elementor-element-1d053b9 elementor-widget elementor-widget-text-editor\" data-id=\"1d053b9\" data-element_type=\"widget\" data-e-type=\"widget\" data-widget_type=\"text-editor.default\">\n\t\t\t\t<div class=\"elementor-widget-container\">\n\t\t\t\t\t\t\t\t\t<p style=\"text-align: center;\"><em>D\u00e9couvrez tous les \u00e9quipements ABC d\u00e9di\u00e9s \u00e0 la petite maroquinerie <br \/>pour r\u00e9aliser des bracelets de montre, g\u00e9rer les patrons, les d\u00e9coupes et les composants <br \/>tout en optimisant le temps et les m\u00e9thodes dans le d\u00e9partement de production.\u00a0<\/em><\/p><p style=\"text-align: center;\"><em>Du chariot porte-peaux au meuble pour EP, en passant par la table de travail et le chariot porte-rouleaux.\u00a0 <\/em><br \/><em>Voici tout l&rsquo;\u00e9quipement recommand\u00e9 pour votre atelier de petite maroquinerie pour la production de bracelets de montre.<\/em><\/p>\t\t\t\t\t\t\t\t<\/div>\n\t\t\t\t<\/div>\n\t\t\t\t\t<\/div>\n\t\t<\/div>\n\t\t\t\t\t<\/div>\n\t\t<\/section>\n\t\t\t\t<section class=\"elementor-section elementor-top-section elementor-element elementor-element-f1cff00 elementor-section-boxed elementor-section-height-default elementor-section-height-default\" data-id=\"f1cff00\" data-element_type=\"section\" data-e-type=\"section\">\n\t\t\t\t\t\t<div class=\"elementor-container elementor-column-gap-default\">\n\t\t\t\t\t<div class=\"elementor-column elementor-col-100 elementor-top-column elementor-element elementor-element-1a344c9\" data-id=\"1a344c9\" data-element_type=\"column\" data-e-type=\"column\">\n\t\t\t<div class=\"elementor-widget-wrap elementor-element-populated\">\n\t\t\t\t\t\t<div class=\"elementor-element elementor-element-4e8c194 elementor-widget elementor-widget-shortcode\" data-id=\"4e8c194\" data-element_type=\"widget\" data-e-type=\"widget\" data-widget_type=\"shortcode.default\">\n\t\t\t\t<div class=\"elementor-widget-container\">\n\t\t\t\t\t\t\t<div class=\"elementor-shortcode\"><div class=\"slider \"><div class=\"bracelets-de-montre owl-carousel owl-theme sector\"><div class=\"item flex\"><div class=\"columns column_1-2 image\"><img decoding=\"async\" src=\"https:\/\/abcprato.it\/wp-content\/uploads\/2023\/11\/chariot-porte-peaux-standard-800x600.jpg\" alt=\"chariot-porte-peaux-standard\"><\/div><div class=\"columns column_1-2 last slide-content\"><h3>Chevalet porte-peaux standard<\/h3><p>Chevalet porte-peaux con\u00e7u pour la manipulation des demi-peaux ou des chutes. L&#8217;emplacement id\u00e9al est dans le d\u00e9partement de d\u00e9coupe, soit \u00e0 l&#8217;emporte-pi\u00e8ce, soit au laser CAD.<br \/>\n\u00c9quip\u00e9 avec : bosse lisse standard, double \u00e9tag\u00e8re d\u2019appui, poign\u00e9e des deux c\u00f4t\u00e9s, syst\u00e8me antistatique et roues anti-fil.<\/p>\n<a href=\"https:\/\/abcprato.it\/fr\/chevalet-cuir\/chevalet-porte-peaux-standard\/\"  style=\"margin-top:40px;text-transform:uppercase; text-decoration:underline; font-weight:600;\" class=\"btn blue\" alt=\"\">D\u00e9couvrir plus<\/a><\/div><\/div><div class=\"item flex\"><div class=\"columns column_1-2 image\"><img decoding=\"async\" src=\"https:\/\/abcprato.it\/wp-content\/uploads\/2023\/11\/chevalet-porte-peaux-standard-avec-large-bosse-800x600.jpg\" alt=\"chevalet-porte-peaux-standard-avec-large-bosse\"><\/div><div class=\"columns column_1-2 last slide-content\"><h3>Chevalet porte-peaux standard avec large bosse <\/h3><p>Tr\u00e9teau porte-peaux, avec large bosse, parfait pour manipuler les peaux utilis\u00e9es pour la fabrication de bracelets de montres de tous mat\u00e9riaux.<br \/>\n\u00c9quip\u00e9 avec : large bosse lisse, double \u00e9tag\u00e8re d\u2019appui, poign\u00e9e des deux c\u00f4t\u00e9s, syst\u00e8me antistatique et roues anti-fil.<\/p>\n<a href=\"https:\/\/abcprato.it\/fr\/chevalet-cuir\/chevalet-porte-peaux-standard-avec-large-bosse\/\"  style=\"margin-top:40px;text-transform:uppercase; text-decoration:underline; font-weight:600;\" class=\"btn blue\" alt=\"\">D\u00e9couvrir plus<\/a><\/div><\/div><div class=\"item flex\"><div class=\"columns column_1-2 image\"><img decoding=\"async\" src=\"https:\/\/abcprato.it\/wp-content\/uploads\/2023\/11\/meuble-horizontal-pour-EP-bracelets-de-montre-800x600.jpg\" alt=\"meuble-horizontal-pour-EP-bracelets-de-montre\"><\/div><div class=\"columns column_1-2 last slide-content\"><h3>Meuble horizontal \u00e0 emporte-pi\u00e8ces<\/h3><p>Meuble id\u00e9al pour ranger les jeux de emporte-pi\u00e8ces ou les patrons en papier utilis\u00e9s dans la production de bracelets de montres. Plac\u00e9 \u00e0 c\u00f4t\u00e9 de la presse hydraulique, il remplace le plan de travail existant.<\/p>\n<a href=\"https:\/\/abcprato.it\/fr\/rangement-a-ep\/meuble-horizontal-pour-emporte-pieces\/\"  style=\"margin-top:40px;text-transform:uppercase; text-decoration:underline; font-weight:600;\" class=\"btn blue\" alt=\"\">D\u00e9couvrir plus<\/a><\/div><\/div><div class=\"item flex\"><div class=\"columns column_1-2 image\"><img decoding=\"async\" src=\"https:\/\/abcprato.it\/wp-content\/uploads\/2023\/11\/chariot-porte-rouleaux-800x600.jpg\" alt=\"chariot-porte-rouleaux\"><\/div><div class=\"columns column_1-2 last slide-content\"><h3>Chariot porte-rouleaux<\/h3><p>Chariot destin\u00e9 \u00e0 la manutention de rouleaux de salpa, reinforcement ou de tissus d&rsquo;un service \u00e0 l&rsquo;autre dans l&rsquo;atelier de petite maroquinerie.\u00a0 Structure \u00e9troite, \u00e9quip\u00e9e de 8 tubes dispos\u00e9s de mani\u00e8re asym\u00e9trique.<\/p>\n<a href=\"https:\/\/abcprato.it\/fr\/chariots\/chariot-porte-rouleaux\/\"  style=\"margin-top:40px;text-transform:uppercase; text-decoration:underline; font-weight:600;\" class=\"btn blue\" alt=\"\">D\u00e9couvrir plus<\/a><\/div><\/div><div class=\"item flex\"><div class=\"columns column_1-2 image\"><img decoding=\"async\" src=\"https:\/\/abcprato.it\/wp-content\/uploads\/2023\/11\/chariot-a-etageres-fabricants-bracelets-de-montre-800x600.jpg\" alt=\"chariot-a-etageres-fabricants-bracelets-de-montre\"><\/div><div class=\"columns column_1-2 last slide-content\"><h3>Chariot \u00e0 \u00e9tag\u00e8res<\/h3><p>Chariots \u00e0 \u00e9tag\u00e8res parfaits pour la manipulation du cuir coup\u00e9, du rembourrage, des composants et des produits semi-finis dans tous les d\u00e9partements de l&rsquo;industrie de la petite maroquinerie. Large gamme disponible, de deux \u00e0 cinq \u00e9tag\u00e8res avec diff\u00e9rentes tailles de plateau.\u00a0 Mobilit\u00e9 confortable du chariot gr\u00e2ce aux roues anti-fil.<\/p>\n<a href=\"https:\/\/abcprato.it\/fr\/chariots\/chariot-a-etageres\/\"  style=\"margin-top:40px;text-transform:uppercase; text-decoration:underline; font-weight:600;\" class=\"btn blue\" alt=\"\">D\u00e9couvrir plus<\/a><\/div><\/div><div class=\"item flex\"><div class=\"columns column_1-2 image\"><img decoding=\"async\" src=\"https:\/\/abcprato.it\/wp-content\/uploads\/2023\/11\/meuble-vertical-ferme-800x600.jpg\" alt=\"meuble-vertical-ferme\"><\/div><div class=\"columns column_1-2 last slide-content\"><h3>Meuble vertical \u00e0 emporte-pieces<\/h3><p>Rangez toutes vos EP, m\u00eame les s\u00e9ries les moins utilis\u00e9es, dans le meuble vertical.\u00a0 Disposez vos emporte-pi\u00e8ces, utiles pour la production de bracelets de montres, dans 10 tiroirs doubles, optimisant ainsi l&rsquo;espace de production.<\/p>\n<a href=\"\"  style=\"margin-top:40px;text-transform:uppercase; text-decoration:underline; font-weight:600;\" class=\"btn blue\" alt=\"\">D\u00e9couvrir plus<\/a><\/div><\/div><div class=\"item flex\"><div class=\"columns column_1-2 image\"><img decoding=\"async\" src=\"https:\/\/abcprato.it\/wp-content\/uploads\/2023\/11\/table-de-travail-modelage-800x600.jpg\" alt=\"table-de-travail-modelage\"><\/div><div class=\"columns column_1-2 last slide-content\"><h3>Table de travail <\/h3><p>Positionnez la table de travail dans le d\u00e9partement de modelage ou de pr\u00e9paration. Personnalisez-la avec des accessoires tels que le porte-lampe, la lampe LED et le tiroir pour composants pour r\u00e9pondre \u00e0 tous les besoins.<\/p>\n<a href=\"https:\/\/abcprato.it\/fr\/ameublement\/table-de-travail\/\"  style=\"margin-top:40px;text-transform:uppercase; text-decoration:underline; font-weight:600;\" class=\"btn blue\" alt=\"\">D\u00e9couvrir plus<\/a><\/div><\/div><div class=\"item flex\"><div class=\"columns column_1-2 image\"><img decoding=\"async\" src=\"https:\/\/abcprato.it\/wp-content\/uploads\/2023\/11\/meuble-a-coudre-textile-800x600.jpg\" alt=\"meuble-a-coudre-textile\"><\/div><div class=\"columns column_1-2 last slide-content\"><h3>Meuble \u00e0 coudre<\/h3><p>Meuble con\u00e7u pour le poste de travail individuel du d\u00e9partement couture de l\u2019atelier de petite maroquinerie. Livr\u00e9e d\u00e9j\u00e0 compl\u00e8te avec les accessoires tels que les porte-bobines, canettes et c\u00f4nes de fil.<\/p>\n<a href=\"\"  style=\"margin-top:40px;text-transform:uppercase; text-decoration:underline; font-weight:600;\" class=\"btn blue\" alt=\"\">D\u00e9couvrir plus<\/a><\/div><\/div><div class=\"item flex\"><div class=\"columns column_1-2 image\"><img decoding=\"async\" src=\"https:\/\/abcprato.it\/wp-content\/uploads\/2023\/10\/chariot-porte-rouleux-tissu-maroquinerie-800x600.jpg\" alt=\"chariot-porte-rouleux-tissu-maroquinerie\"><\/div><div class=\"columns column_1-2 last slide-content\"><h3>Chariot porte-rouleaux bas pour la d\u00e9coupe automatique<\/h3><p>Si vous effectuez des d\u00e9coupes automatiques dans votre petite maroquinerie, \u00e9quipez l\u2019atelier avec le chariot porte-rouleaux bas. Id\u00e9al pour le traitement des \u00ab\u00a0matelas\u00a0\u00bb o\u00f9 plusieurs mat\u00e9riaux doivent \u00eatre coup\u00e9s ensemble. Conception \u00e9troite et compacte qui optimise l&rsquo;espace dans le d\u00e9partement.<\/p>\n<a href=\"https:\/\/abcprato.it\/fr\/articles-faits-sur-mesure\/chariot-porte-rouleaux-bas-pour-decoupe-automatique\/\"  style=\"margin-top:40px;text-transform:uppercase; text-decoration:underline; font-weight:600;\" class=\"btn blue\" alt=\"\">D\u00e9couvrir plus<\/a><\/div><\/div><\/div><script type=\"text\/javascript\">\n  \t\t\t\t\t\t\t\t\tjQuery(document).ready(function($) {\n  \t\t\t\t\t\t\t\t\t$(\".bracelets-de-montre\").owlCarousel({\n  \t\t\t\t\t\t\t\t\tcenter: true,\n  \t\t\t\t\t\t\t\t\titems:1,\n  \t\t\t\t\t\t\t\t\tnav:true,\n  \t\t\t\t\t\t\t\t\tdots:true,\n  \t\t\t\t\t\t\t\t\tloop:true,\n  \t\t\t\t\t\t\t\t\tmargin:0,\n                    smartSpeed: 500,\n  \t\t\t\t\t\t\t\t\tautoplay:true,\n  \t\t\t\t\t\t\t\t\tautoplayTimeout:5000,\n  \t\t\t\t\t\t\t\t\tautoplayHoverPause:true,\n  \t\t\t\t\t\t\t\t\tnavText : [\"<i class=\\\"fas fa-chevron-left\\\"><\/i>\",\"<i class=\\\"fas fa-chevron-right\\\"><\/i>\"]\n  \t\t\t\t\t\t\t\t});});<\/script><\/div><\/div>\n\t\t\t\t\t\t<\/div>\n\t\t\t\t<\/div>\n\t\t\t\t\t<\/div>\n\t\t<\/div>\n\t\t\t\t\t<\/div>\n\t\t<\/section>\n\t\t\t\t<\/div>\n\t\t","protected":false},"excerpt":{"rendered":"<p>Bracelets de Montre D\u00e9couvrez tous les \u00e9quipements ABC d\u00e9di\u00e9s \u00e0 la petite maroquinerie pour r\u00e9aliser des bracelets de montre, g\u00e9rer les patrons, les d\u00e9coupes et&#8230; <a class=\"read-more\" style=\"text-decoration:underline;\" href=\"https:\/\/abcprato.it\/fr\/slider\/bracelets-de-montre\/\">En savoir plus<\/a><\/p>\n","protected":false},"author":3,"featured_media":20195,"parent":7959,"menu_order":0,"comment_status":"closed","ping_status":"closed","template":"elementor_header_footer","meta":{"_acf_changed":false,"footnotes":""},"class_list":["post-5716","page","type-page","status-publish","has-post-thumbnail","hentry"],"acf":[],"yoast_head":"<!-- This site is optimized with the Yoast SEO plugin v27.2 - https:\/\/yoast.com\/product\/yoast-seo-wordpress\/ -->\n<title>Bracelets de Montre - ABC Equipment &amp; Solutions<\/title>\n<meta name=\"description\" content=\"D\u00e9couvrez tout l&#039;\u00e9quipement ABC d\u00e9di\u00e9 aux bracelets de montre : chariots porte-peaux, porte-rouleaux, chevalet \u00e0 \u00e9tag\u00e8res et meubles pour EP.\" \/>\n<meta name=\"robots\" content=\"index, follow, max-snippet:-1, max-image-preview:large, max-video-preview:-1\" \/>\n<link rel=\"canonical\" href=\"https:\/\/abcprato.it\/fr\/domaines-d-application\/bracelets-de-montre\/\" \/>\n<meta property=\"og:locale\" content=\"fr_FR\" \/>\n<meta property=\"og:type\" content=\"article\" \/>\n<meta property=\"og:title\" content=\"Bracelets de Montre - ABC Equipment &amp; Solutions\" \/>\n<meta property=\"og:description\" content=\"D\u00e9couvrez tout l&#039;\u00e9quipement ABC d\u00e9di\u00e9 aux bracelets de montre : chariots porte-peaux, porte-rouleaux, chevalet \u00e0 \u00e9tag\u00e8res et meubles pour EP.\" \/>\n<meta property=\"og:url\" content=\"https:\/\/abcprato.it\/fr\/domaines-d-application\/bracelets-de-montre\/\" \/>\n<meta property=\"og:site_name\" content=\"ABC Equipment &amp; Solutions\" \/>\n<meta property=\"article:modified_time\" content=\"2023-11-30T23:58:31+00:00\" \/>\n<meta property=\"og:image\" content=\"https:\/\/abcprato.it\/wp-content\/uploads\/2021\/02\/meuble-horizontal-pour-watchstraps.jpg\" \/>\n\t<meta property=\"og:image:width\" content=\"1500\" \/>\n\t<meta property=\"og:image:height\" content=\"1100\" \/>\n\t<meta property=\"og:image:type\" content=\"image\/jpeg\" \/>\n<meta name=\"twitter:card\" content=\"summary_large_image\" \/>\n<meta name=\"twitter:label1\" content=\"Dur\u00e9e de lecture estim\u00e9e\" \/>\n\t<meta name=\"twitter:data1\" content=\"1 minute\" \/>\n<script type=\"application\/ld+json\" class=\"yoast-schema-graph\">{\"@context\":\"https:\/\/schema.org\",\"@graph\":[{\"@type\":\"WebPage\",\"@id\":\"https:\/\/abcprato.it\/fr\/domaines-d-application\/bracelets-de-montre\/\",\"url\":\"https:\/\/abcprato.it\/fr\/domaines-d-application\/bracelets-de-montre\/\",\"name\":\"Bracelets de Montre - ABC Equipment &amp; Solutions\",\"isPartOf\":{\"@id\":\"https:\/\/abcprato.it\/fr\/#website\"},\"primaryImageOfPage\":{\"@id\":\"https:\/\/abcprato.it\/fr\/domaines-d-application\/bracelets-de-montre\/#primaryimage\"},\"image\":{\"@id\":\"https:\/\/abcprato.it\/fr\/domaines-d-application\/bracelets-de-montre\/#primaryimage\"},\"thumbnailUrl\":\"https:\/\/abcprato.it\/wp-content\/uploads\/2023\/11\/settore-produzione-cinturini.jpg\",\"datePublished\":\"2021-02-16T11:07:07+00:00\",\"dateModified\":\"2023-11-30T23:58:31+00:00\",\"description\":\"D\u00e9couvrez tout l'\u00e9quipement ABC d\u00e9di\u00e9 aux bracelets de montre : chariots porte-peaux, porte-rouleaux, chevalet \u00e0 \u00e9tag\u00e8res et meubles pour EP.\",\"breadcrumb\":{\"@id\":\"https:\/\/abcprato.it\/fr\/domaines-d-application\/bracelets-de-montre\/#breadcrumb\"},\"inLanguage\":\"fr-FR\",\"potentialAction\":[{\"@type\":\"ReadAction\",\"target\":[\"https:\/\/abcprato.it\/fr\/domaines-d-application\/bracelets-de-montre\/\"]}]},{\"@type\":\"ImageObject\",\"inLanguage\":\"fr-FR\",\"@id\":\"https:\/\/abcprato.it\/fr\/domaines-d-application\/bracelets-de-montre\/#primaryimage\",\"url\":\"https:\/\/abcprato.it\/wp-content\/uploads\/2023\/11\/settore-produzione-cinturini.jpg\",\"contentUrl\":\"https:\/\/abcprato.it\/wp-content\/uploads\/2023\/11\/settore-produzione-cinturini.jpg\",\"width\":1500,\"height\":1100},{\"@type\":\"BreadcrumbList\",\"@id\":\"https:\/\/abcprato.it\/fr\/domaines-d-application\/bracelets-de-montre\/#breadcrumb\",\"itemListElement\":[{\"@type\":\"ListItem\",\"position\":1,\"name\":\"Home\",\"item\":\"https:\/\/abcprato.it\/fr\/\"},{\"@type\":\"ListItem\",\"position\":2,\"name\":\"Domaines\",\"item\":\"https:\/\/abcprato.it\/fr\/settori\/\"},{\"@type\":\"ListItem\",\"position\":3,\"name\":\"Bracelets de Montre\"}]},{\"@type\":\"WebSite\",\"@id\":\"https:\/\/abcprato.it\/fr\/#website\",\"url\":\"https:\/\/abcprato.it\/fr\/\",\"name\":\"ABC Equipment &amp; Solutions\",\"description\":\"\",\"publisher\":{\"@id\":\"https:\/\/abcprato.it\/fr\/#organization\"},\"potentialAction\":[{\"@type\":\"SearchAction\",\"target\":{\"@type\":\"EntryPoint\",\"urlTemplate\":\"https:\/\/abcprato.it\/fr\/?s={search_term_string}\"},\"query-input\":{\"@type\":\"PropertyValueSpecification\",\"valueRequired\":true,\"valueName\":\"search_term_string\"}}],\"inLanguage\":\"fr-FR\"},{\"@type\":\"Organization\",\"@id\":\"https:\/\/abcprato.it\/fr\/#organization\",\"name\":\"ABC Equipment & Solutions\",\"url\":\"https:\/\/abcprato.it\/fr\/\",\"logo\":{\"@type\":\"ImageObject\",\"inLanguage\":\"fr-FR\",\"@id\":\"https:\/\/abcprato.it\/fr\/#\/schema\/logo\/image\/\",\"url\":\"https:\/\/abcprato.it\/wp-content\/uploads\/2021\/01\/ABC-logo-2021.svg\",\"contentUrl\":\"https:\/\/abcprato.it\/wp-content\/uploads\/2021\/01\/ABC-logo-2021.svg\",\"width\":1,\"height\":1,\"caption\":\"ABC Equipment & Solutions\"},\"image\":{\"@id\":\"https:\/\/abcprato.it\/fr\/#\/schema\/logo\/image\/\"}}]}<\/script>\n<!-- \/ Yoast SEO plugin. -->","yoast_head_json":{"title":"Bracelets de Montre - ABC Equipment &amp; Solutions","description":"D\u00e9couvrez tout l'\u00e9quipement ABC d\u00e9di\u00e9 aux bracelets de montre : chariots porte-peaux, porte-rouleaux, chevalet \u00e0 \u00e9tag\u00e8res et meubles pour EP.","robots":{"index":"index","follow":"follow","max-snippet":"max-snippet:-1","max-image-preview":"max-image-preview:large","max-video-preview":"max-video-preview:-1"},"canonical":"https:\/\/abcprato.it\/fr\/domaines-d-application\/bracelets-de-montre\/","og_locale":"fr_FR","og_type":"article","og_title":"Bracelets de Montre - ABC Equipment &amp; Solutions","og_description":"D\u00e9couvrez tout l'\u00e9quipement ABC d\u00e9di\u00e9 aux bracelets de montre : chariots porte-peaux, porte-rouleaux, chevalet \u00e0 \u00e9tag\u00e8res et meubles pour EP.","og_url":"https:\/\/abcprato.it\/fr\/domaines-d-application\/bracelets-de-montre\/","og_site_name":"ABC Equipment &amp; Solutions","article_modified_time":"2023-11-30T23:58:31+00:00","og_image":[{"width":1500,"height":1100,"url":"https:\/\/abcprato.it\/wp-content\/uploads\/2021\/02\/meuble-horizontal-pour-watchstraps.jpg","type":"image\/jpeg"}],"twitter_card":"summary_large_image","twitter_misc":{"Dur\u00e9e de lecture estim\u00e9e":"1 minute"},"schema":{"@context":"https:\/\/schema.org","@graph":[{"@type":"WebPage","@id":"https:\/\/abcprato.it\/fr\/domaines-d-application\/bracelets-de-montre\/","url":"https:\/\/abcprato.it\/fr\/domaines-d-application\/bracelets-de-montre\/","name":"Bracelets de Montre - ABC Equipment &amp; Solutions","isPartOf":{"@id":"https:\/\/abcprato.it\/fr\/#website"},"primaryImageOfPage":{"@id":"https:\/\/abcprato.it\/fr\/domaines-d-application\/bracelets-de-montre\/#primaryimage"},"image":{"@id":"https:\/\/abcprato.it\/fr\/domaines-d-application\/bracelets-de-montre\/#primaryimage"},"thumbnailUrl":"https:\/\/abcprato.it\/wp-content\/uploads\/2023\/11\/settore-produzione-cinturini.jpg","datePublished":"2021-02-16T11:07:07+00:00","dateModified":"2023-11-30T23:58:31+00:00","description":"D\u00e9couvrez tout l'\u00e9quipement ABC d\u00e9di\u00e9 aux bracelets de montre : chariots porte-peaux, porte-rouleaux, chevalet \u00e0 \u00e9tag\u00e8res et meubles pour EP.","breadcrumb":{"@id":"https:\/\/abcprato.it\/fr\/domaines-d-application\/bracelets-de-montre\/#breadcrumb"},"inLanguage":"fr-FR","potentialAction":[{"@type":"ReadAction","target":["https:\/\/abcprato.it\/fr\/domaines-d-application\/bracelets-de-montre\/"]}]},{"@type":"ImageObject","inLanguage":"fr-FR","@id":"https:\/\/abcprato.it\/fr\/domaines-d-application\/bracelets-de-montre\/#primaryimage","url":"https:\/\/abcprato.it\/wp-content\/uploads\/2023\/11\/settore-produzione-cinturini.jpg","contentUrl":"https:\/\/abcprato.it\/wp-content\/uploads\/2023\/11\/settore-produzione-cinturini.jpg","width":1500,"height":1100},{"@type":"BreadcrumbList","@id":"https:\/\/abcprato.it\/fr\/domaines-d-application\/bracelets-de-montre\/#breadcrumb","itemListElement":[{"@type":"ListItem","position":1,"name":"Home","item":"https:\/\/abcprato.it\/fr\/"},{"@type":"ListItem","position":2,"name":"Domaines","item":"https:\/\/abcprato.it\/fr\/settori\/"},{"@type":"ListItem","position":3,"name":"Bracelets de Montre"}]},{"@type":"WebSite","@id":"https:\/\/abcprato.it\/fr\/#website","url":"https:\/\/abcprato.it\/fr\/","name":"ABC Equipment &amp; Solutions","description":"","publisher":{"@id":"https:\/\/abcprato.it\/fr\/#organization"},"potentialAction":[{"@type":"SearchAction","target":{"@type":"EntryPoint","urlTemplate":"https:\/\/abcprato.it\/fr\/?s={search_term_string}"},"query-input":{"@type":"PropertyValueSpecification","valueRequired":true,"valueName":"search_term_string"}}],"inLanguage":"fr-FR"},{"@type":"Organization","@id":"https:\/\/abcprato.it\/fr\/#organization","name":"ABC Equipment & Solutions","url":"https:\/\/abcprato.it\/fr\/","logo":{"@type":"ImageObject","inLanguage":"fr-FR","@id":"https:\/\/abcprato.it\/fr\/#\/schema\/logo\/image\/","url":"https:\/\/abcprato.it\/wp-content\/uploads\/2021\/01\/ABC-logo-2021.svg","contentUrl":"https:\/\/abcprato.it\/wp-content\/uploads\/2021\/01\/ABC-logo-2021.svg","width":1,"height":1,"caption":"ABC Equipment & Solutions"},"image":{"@id":"https:\/\/abcprato.it\/fr\/#\/schema\/logo\/image\/"}}]}},"_links":{"self":[{"href":"https:\/\/abcprato.it\/fr\/wp-json\/wp\/v2\/pages\/5716","targetHints":{"allow":["GET"]}}],"collection":[{"href":"https:\/\/abcprato.it\/fr\/wp-json\/wp\/v2\/pages"}],"about":[{"href":"https:\/\/abcprato.it\/fr\/wp-json\/wp\/v2\/types\/page"}],"author":[{"embeddable":true,"href":"https:\/\/abcprato.it\/fr\/wp-json\/wp\/v2\/users\/3"}],"replies":[{"embeddable":true,"href":"https:\/\/abcprato.it\/fr\/wp-json\/wp\/v2\/comments?post=5716"}],"version-history":[{"count":15,"href":"https:\/\/abcprato.it\/fr\/wp-json\/wp\/v2\/pages\/5716\/revisions"}],"predecessor-version":[{"id":21632,"href":"https:\/\/abcprato.it\/fr\/wp-json\/wp\/v2\/pages\/5716\/revisions\/21632"}],"up":[{"embeddable":true,"href":"https:\/\/abcprato.it\/fr\/wp-json\/wp\/v2\/pages\/7959"}],"wp:featuredmedia":[{"embeddable":true,"href":"https:\/\/abcprato.it\/fr\/wp-json\/wp\/v2\/media\/20195"}],"wp:attachment":[{"href":"https:\/\/abcprato.it\/fr\/wp-json\/wp\/v2\/media?parent=5716"}],"curies":[{"name":"wp","href":"https:\/\/api.w.org\/{rel}","templated":true}]}}