{"id":5722,"date":"2021-02-16T12:17:26","date_gmt":"2021-02-16T11:17:26","guid":{"rendered":"https:\/\/abcprato.it\/?page_id=5722"},"modified":"2023-12-01T00:53:40","modified_gmt":"2023-11-30T23:53:40","slug":"sellerie","status":"publish","type":"page","link":"https:\/\/abcprato.it\/fr\/domaines-d-application\/sellerie\/","title":{"rendered":"Sellerie"},"content":{"rendered":"\t\t<div data-elementor-type=\"wp-page\" data-elementor-id=\"5722\" class=\"elementor elementor-5722 elementor-2582\" data-elementor-post-type=\"page\">\n\t\t\t\t\t\t<section class=\"elementor-section elementor-top-section elementor-element elementor-element-92bd888 elementor-section-boxed elementor-section-height-default elementor-section-height-default\" data-id=\"92bd888\" data-element_type=\"section\" data-e-type=\"section\" data-settings=\"{&quot;background_background&quot;:&quot;classic&quot;}\">\n\t\t\t\t\t\t\t<div class=\"elementor-background-overlay\"><\/div>\n\t\t\t\t\t\t\t<div class=\"elementor-container elementor-column-gap-default\">\n\t\t\t\t\t<div class=\"elementor-column elementor-col-100 elementor-top-column elementor-element elementor-element-ddcb564\" data-id=\"ddcb564\" data-element_type=\"column\" data-e-type=\"column\">\n\t\t\t<div class=\"elementor-widget-wrap elementor-element-populated\">\n\t\t\t\t\t\t<div class=\"elementor-element elementor-element-0680b84 elementor-widget elementor-widget-image\" data-id=\"0680b84\" data-element_type=\"widget\" data-e-type=\"widget\" data-widget_type=\"image.default\">\n\t\t\t\t<div class=\"elementor-widget-container\">\n\t\t\t\t\t\t\t\t\t\t\t\t\t\t\t<img decoding=\"async\" width=\"65\" height=\"65\" src=\"https:\/\/abcprato.it\/wp-content\/uploads\/2021\/09\/ICONE_equitazione.svg\" class=\"attachment-full size-full wp-image-9026\" alt=\"\" \/>\t\t\t\t\t\t\t\t\t\t\t\t\t\t\t<\/div>\n\t\t\t\t<\/div>\n\t\t\t\t<div class=\"elementor-element elementor-element-c6c9171 elementor-widget elementor-widget-heading\" data-id=\"c6c9171\" data-element_type=\"widget\" data-e-type=\"widget\" data-widget_type=\"heading.default\">\n\t\t\t\t<div class=\"elementor-widget-container\">\n\t\t\t\t\t<h2 class=\"elementor-heading-title elementor-size-default\">Sellerie<\/h2>\t\t\t\t<\/div>\n\t\t\t\t<\/div>\n\t\t\t\t<div class=\"elementor-element elementor-element-1d053b9 elementor-widget elementor-widget-text-editor\" data-id=\"1d053b9\" data-element_type=\"widget\" data-e-type=\"widget\" data-widget_type=\"text-editor.default\">\n\t\t\t\t<div class=\"elementor-widget-container\">\n\t\t\t\t\t\t\t\t\t<p style=\"text-align: center;\"><em>D\u00e9couvrez tous les \u00e9quipements ABC d\u00e9di\u00e9s \u00e0 la sellerie <br \/>pour g\u00e9rer et manipuler les produits semi-finis, les composants et les produits finis tout en optimisant les temps de production.<\/em><\/p><p style=\"text-align: center;\"><em>Du chevalet porte-peaux et chariot porte-rouleaux au meuble pour EP, en passant par la table de travail et les chariots \u00e0 \u00e9tag\u00e8res.\u00a0<br \/><\/em><em>Voici tous les produits recommand\u00e9s pour le secteur \u00e9questre.<\/em><\/p>\t\t\t\t\t\t\t\t<\/div>\n\t\t\t\t<\/div>\n\t\t\t\t\t<\/div>\n\t\t<\/div>\n\t\t\t\t\t<\/div>\n\t\t<\/section>\n\t\t\t\t<section class=\"elementor-section elementor-top-section elementor-element elementor-element-4bc6a1e elementor-section-boxed elementor-section-height-default elementor-section-height-default\" data-id=\"4bc6a1e\" data-element_type=\"section\" data-e-type=\"section\">\n\t\t\t\t\t\t<div class=\"elementor-container elementor-column-gap-default\">\n\t\t\t\t\t<div class=\"elementor-column elementor-col-100 elementor-top-column elementor-element elementor-element-d8feac4\" data-id=\"d8feac4\" data-element_type=\"column\" data-e-type=\"column\">\n\t\t\t<div class=\"elementor-widget-wrap elementor-element-populated\">\n\t\t\t\t\t\t<div class=\"elementor-element elementor-element-e8308af elementor-widget elementor-widget-shortcode\" data-id=\"e8308af\" data-element_type=\"widget\" data-e-type=\"widget\" data-widget_type=\"shortcode.default\">\n\t\t\t\t<div class=\"elementor-widget-container\">\n\t\t\t\t\t\t\t<div class=\"elementor-shortcode\"><div class=\"slider \"><div class=\"sellerie owl-carousel owl-theme sector\"><div class=\"item flex\"><div class=\"columns column_1-2 image\"><img decoding=\"async\" src=\"https:\/\/abcprato.it\/wp-content\/uploads\/2023\/11\/grand-chevalet-porte-peaux-sellerie-800x600.jpg\" alt=\"grand-chevalet-porte-peaux-sellerie\"><\/div><div class=\"columns column_1-2 last slide-content\"><h3>Grand chevalet porte-peaux<\/h3><p>Chevalet porte-peaux pour d\u00e9placer les grandes peaux d&rsquo;un d\u00e9partement \u00e0 l&rsquo;autre. Il peut \u00eatre plac\u00e9 \u00e0 c\u00f4t\u00e9 de la machine de d\u00e9coupe au laser ou de la presse hydraulique.<br \/>\n\u00c9quip\u00e9 avec : bosse lisse standard, double \u00e9tag\u00e8re d\u2019appui, poign\u00e9e des deux c\u00f4t\u00e9s, syst\u00e8me antistatique et roues anti-fil.<\/p>\n<a href=\"https:\/\/abcprato.it\/fr\/chevalet-cuir\/chevalet-porte-peaux-grand\/\"  style=\"margin-top:40px;text-transform:uppercase; text-decoration:underline; font-weight:600;\" class=\"btn blue\" alt=\"\">D\u00e9couvrir plus<\/a><\/div><\/div><div class=\"item flex\"><div class=\"columns column_1-2 image\"><img decoding=\"async\" src=\"https:\/\/abcprato.it\/wp-content\/uploads\/2023\/11\/chevalet-porte-peaux-standard-avec-large-bosse-800x600.jpg\" alt=\"chevalet-porte-peaux-standard-avec-large-bosse\"><\/div><div class=\"columns column_1-2 last slide-content\"><h3>Chevalet porte-peaux standard avec large bosse<\/h3><p>Chevalet porte-peaux standard avec une large bosse, id\u00e9al pour manipuler tous les types de peau, m\u00eame les plus d\u00e9licats. Vous pouvez \u00e9galement manipuler des cuirs de grande taille \u00e0 faible hauteur gr\u00e2ce \u00e0 la surface d&rsquo;appui plus large.<br \/>\n\u00c9quip\u00e9 avec : large bosse lisse, double \u00e9tag\u00e8re d\u2019appui, poign\u00e9e des deux c\u00f4t\u00e9s, syst\u00e8me antistatique et roues anti-fil.<\/p>\n<a href=\"https:\/\/abcprato.it\/fr\/chevalet-cuir\/chevalet-porte-peaux-standard-avec-large-bosse\/\"  style=\"margin-top:40px;text-transform:uppercase; text-decoration:underline; font-weight:600;\" class=\"btn blue\" alt=\"\">D\u00e9couvrir plus<\/a><\/div><\/div><div class=\"item flex\"><div class=\"columns column_1-2 image\"><img decoding=\"async\" src=\"https:\/\/abcprato.it\/wp-content\/uploads\/2023\/11\/grand-chariot-porte-peaux-large-bosse-800x600.jpg\" alt=\"grand-chariot-porte-peaux-large-bosse\"><\/div><div class=\"columns column_1-2 last slide-content\"><h3>Grand chevalet porte-peaux avec large bosse<\/h3><p>Grand tr\u00e9teau porte-peaux avec large bosse, con\u00e7u pour manipuler tous les types de cuir, m\u00eame les plus d\u00e9licats. A placer dans le d\u00e9partement de d\u00e9coupe laser ou CAD de votre sellerie. \u00c9quip\u00e9 avec : large bosse lisse, double \u00e9tag\u00e8re d\u2019appui, poign\u00e9e des deux c\u00f4t\u00e9s, syst\u00e8me antistatique et roues anti-fil.<\/p>\n<a href=\"https:\/\/abcprato.it\/fr\/chevalet-cuir\/grand-chevalet-porte-peaux-avec-large-bosse\/\"  style=\"margin-top:40px;text-transform:uppercase; text-decoration:underline; font-weight:600;\" class=\"btn blue\" alt=\"\">D\u00e9couvrir plus<\/a><\/div><\/div><div class=\"item flex\"><div class=\"columns column_1-2 image\"><img decoding=\"async\" src=\"https:\/\/abcprato.it\/wp-content\/uploads\/2023\/11\/meuble-vertical-sellerie-1-800x600.jpg\" alt=\"meuble-vertical-sellerie\"><\/div><div class=\"columns column_1-2 last slide-content\"><h3>Meuble vertical pour emporte-pi\u00e8ces<\/h3><p>Garder en ordre les grandes EP, utilis\u00e9es pour fabriquer des selles ou d&rsquo;autres composants \u00e0 l&rsquo;int\u00e9rieur du meuble vertical. Stocker une grande quantit\u00e9 de emporte-pi\u00e8ces dans l&rsquo;espace d&rsquo;une europalette.<\/p>\n<a href=\"\"  style=\"margin-top:40px;text-transform:uppercase; text-decoration:underline; font-weight:600;\" class=\"btn blue\" alt=\"\">D\u00e9couvrir plus<\/a><\/div><\/div><div class=\"item flex\"><div class=\"columns column_1-2 image\"><img decoding=\"async\" src=\"https:\/\/abcprato.it\/wp-content\/uploads\/2023\/11\/meuble-horizontal-pour-ep-sellerie-800x600.jpg\" alt=\"meuble-horizontal-pour-ep-sellerie\"><\/div><div class=\"columns column_1-2 last slide-content\"><h3>Meuble horizontal pour emporte-pi\u00e8ces <\/h3><p>Placez le meuble horizontal \u00e0 c\u00f4t\u00e9 de la presse hydraulique, en remplacement du plan de travail. L&rsquo;op\u00e9rateur disposera d&rsquo;un plateau en acier peint durable et des tiroirs contenant les EP.<\/p>\n<a href=\"https:\/\/abcprato.it\/fr\/rangement-a-ep\/meuble-horizontal-pour-emporte-pieces\/\"  style=\"margin-top:40px;text-transform:uppercase; text-decoration:underline; font-weight:600;\" class=\"btn blue\" alt=\"\">D\u00e9couvrir plus<\/a><\/div><\/div><div class=\"item flex\"><div class=\"columns column_1-2 image\"><img decoding=\"async\" src=\"https:\/\/abcprato.it\/wp-content\/uploads\/2023\/11\/chariot-porte-rouleaux-chaussures-800x600.jpg\" alt=\"chariot-porte-rouleaux-chaussures\"><\/div><div class=\"columns column_1-2 last slide-content\"><h3>Chariot porte-rouleaux<\/h3><p>G\u00e9rer et manipuler tous les rouleaux de tissu, de renforcement et de tissu utilis\u00e9s pour fabriquer des selles ou d&rsquo;autres composants dans le monde \u00e9questre. Le chariot porte-rouleaux a une structure \u00e9troite et permet de manipuler jusqu&rsquo;\u00e0 8 rouleaux. Fourni avec des roues anti-fil pour une manipulation ais\u00e9e dans l&rsquo;atelier.<\/p>\n<a href=\"https:\/\/abcprato.it\/fr\/chariots\/chariot-porte-rouleaux\/\"  style=\"margin-top:40px;text-transform:uppercase; text-decoration:underline; font-weight:600;\" class=\"btn blue\" alt=\"\">D\u00e9couvrir plus<\/a><\/div><\/div><div class=\"item flex\"><div class=\"columns column_1-2 image\"><img decoding=\"async\" src=\"https:\/\/abcprato.it\/wp-content\/uploads\/2023\/11\/porte-ceinture-avec-separateurs-800x600.webp\" alt=\"porte-ceinture-avec-separateurs\"><\/div><div class=\"columns column_1-2 last slide-content\"><h3>Chariot porte-ceinture<\/h3><p>Utilisez le chariot porte-ceinture non seulement pour les ceintures, mais aussi pour toutes les bandes de cuir qui composent la selle, telles que les sangles, les \u00e9triers, les brides et les r\u00eanes. Compl\u00e9tez le chariot avec des s\u00e9parateurs pour s\u00e9parer les diff\u00e9rents produits. Man\u0153uvrabilit\u00e9 agile assur\u00e9e par les roues anti-fil.<\/p>\n<a href=\"https:\/\/abcprato.it\/fr\/chariots\/chariot-porte-ceintures\/\"  style=\"margin-top:40px;text-transform:uppercase; text-decoration:underline; font-weight:600;\" class=\"btn blue\" alt=\"\">D\u00e9couvrir plus<\/a><\/div><\/div><div class=\"item flex\"><div class=\"columns column_1-2 image\"><img decoding=\"async\" src=\"https:\/\/abcprato.it\/wp-content\/uploads\/2023\/11\/chariot-a-etageres-1-800x600.jpg\" alt=\"chariot-a-etageres\"><\/div><div class=\"columns column_1-2 last slide-content\"><h3>Chariot \u00e0 \u00e9tag\u00e8res<\/h3><p>Large gamme de chariots, de deux \u00e0 cinq niveaux, avec diff\u00e9rentes tailles d&rsquo;\u00e9tag\u00e8res. Id\u00e9al pour la manipulation des composants, des produits semi-finis, des \u00e9chantillons et des produits finis dans l&rsquo;atelier de sellerie. Mobilit\u00e9 confortable gr\u00e2ce aux roues anti-fil.<\/p>\n<a href=\"https:\/\/abcprato.it\/fr\/chariots\/chariot-a-etageres\/\"  style=\"margin-top:40px;text-transform:uppercase; text-decoration:underline; font-weight:600;\" class=\"btn blue\" alt=\"\">D\u00e9couvrir plus<\/a><\/div><\/div><div class=\"item flex\"><div class=\"columns column_1-2 image\"><img decoding=\"async\" src=\"https:\/\/abcprato.it\/wp-content\/uploads\/2023\/11\/table-de-travail-sellerie-800x600.jpg\" alt=\"table-de-travail-sellerie\"><\/div><div class=\"columns column_1-2 last slide-content\"><h3>Table de travail <\/h3><p>Il convient parfaitement \u00e0 toutes les \u00e9tapes de traitement, de la mati\u00e8re premi\u00e8re au produit fini. Il est r\u00e9glable en hauteur pour s&rsquo;adapter \u00e0 l&rsquo;op\u00e9rateur et au type de travail effectu\u00e9 (position assise ou debout). Personnalisez-le avec des accessoires.<\/p>\n<a href=\"https:\/\/abcprato.it\/fr\/ameublement\/table-de-travail\/\"  style=\"margin-top:40px;text-transform:uppercase; text-decoration:underline; font-weight:600;\" class=\"btn blue\" alt=\"\">D\u00e9couvrir plus<\/a><\/div><\/div><div class=\"item flex\"><div class=\"columns column_1-2 image\"><img decoding=\"async\" src=\"https:\/\/abcprato.it\/wp-content\/uploads\/2023\/11\/meuble-a-coudre-maroquinerie-800x600.jpg\" alt=\"meuble-a-coudre-maroquinerie\"><\/div><div class=\"columns column_1-2 last slide-content\"><h3>Meuble \u00e0 coudre<\/h3><p>Meuble \u00e0 coudre con\u00e7u pour la couturi\u00e8re. Il est livr\u00e9 avec des accessoires utiles tels que des porte-bobines, des canettes et des c\u00f4nes. A placer sous chaque machine \u00e0 coudre de la sellerie.<\/p>\n<a href=\"\"  style=\"margin-top:40px;text-transform:uppercase; text-decoration:underline; font-weight:600;\" class=\"btn blue\" alt=\"\">D\u00e9couvrir plus<\/a><\/div><\/div><div class=\"item flex\"><div class=\"columns column_1-2 image\"><img decoding=\"async\" src=\"https:\/\/abcprato.it\/wp-content\/uploads\/2023\/06\/chariot-porte-rouleaux-pour-machine-de-decoupe-laser-CAD-800x600.jpg\" alt=\"chariot-porte-rouleaux-pour-machine-de-decoupe-laser-CAD\"><\/div><div class=\"columns column_1-2 last slide-content\"><h3>Chariot porte-rouleaux bas pour la d\u00e9coupe automatique<\/h3><p>Chariot porte-rouleaux con\u00e7u pour la d\u00e9coupe automatique des selles et \u00e0 positionner \u00e0 c\u00f4t\u00e9 de la table de d\u00e9coupe. Manipulation garantie par les roues anti-fil avec frein. Peut contenir jusqu&rsquo;\u00e0 4 rouleaux, 3 standards et 1 plus long tel que le cart\u00e8ne.<\/p>\n<a href=\"https:\/\/abcprato.it\/fr\/articles-faits-sur-mesure\/chariot-porte-rouleaux-bas-pour-decoupe-automatique\/\"  style=\"margin-top:40px;text-transform:uppercase; text-decoration:underline; font-weight:600;\" class=\"btn blue\" alt=\"\">D\u00e9couvrir plus<\/a><\/div><\/div><\/div><script type=\"text\/javascript\">\n  \t\t\t\t\t\t\t\t\tjQuery(document).ready(function($) {\n  \t\t\t\t\t\t\t\t\t$(\".sellerie\").owlCarousel({\n  \t\t\t\t\t\t\t\t\tcenter: true,\n  \t\t\t\t\t\t\t\t\titems:1,\n  \t\t\t\t\t\t\t\t\tnav:true,\n  \t\t\t\t\t\t\t\t\tdots:true,\n  \t\t\t\t\t\t\t\t\tloop:true,\n  \t\t\t\t\t\t\t\t\tmargin:0,\n                    smartSpeed: 500,\n  \t\t\t\t\t\t\t\t\tautoplay:true,\n  \t\t\t\t\t\t\t\t\tautoplayTimeout:5000,\n  \t\t\t\t\t\t\t\t\tautoplayHoverPause:true,\n  \t\t\t\t\t\t\t\t\tnavText : [\"<i class=\\\"fas fa-chevron-left\\\"><\/i>\",\"<i class=\\\"fas fa-chevron-right\\\"><\/i>\"]\n  \t\t\t\t\t\t\t\t});});<\/script><\/div><\/div>\n\t\t\t\t\t\t<\/div>\n\t\t\t\t<\/div>\n\t\t\t\t\t<\/div>\n\t\t<\/div>\n\t\t\t\t\t<\/div>\n\t\t<\/section>\n\t\t\t\t<\/div>\n\t\t","protected":false},"excerpt":{"rendered":"<p>Sellerie D\u00e9couvrez tous les \u00e9quipements ABC d\u00e9di\u00e9s \u00e0 la sellerie pour g\u00e9rer et manipuler les produits semi-finis, les composants et les produits finis tout en&#8230; <a class=\"read-more\" style=\"text-decoration:underline;\" href=\"https:\/\/abcprato.it\/fr\/slider\/sellerie\/\">En savoir plus<\/a><\/p>\n","protected":false},"author":3,"featured_media":20227,"parent":7959,"menu_order":0,"comment_status":"closed","ping_status":"closed","template":"elementor_header_footer","meta":{"_acf_changed":false,"footnotes":""},"class_list":["post-5722","page","type-page","status-publish","has-post-thumbnail","hentry"],"acf":[],"yoast_head":"<!-- This site is optimized with the Yoast SEO plugin v27.2 - https:\/\/yoast.com\/product\/yoast-seo-wordpress\/ -->\n<title>Sellerie - ABC Equipment &amp; Solutions<\/title>\n<meta name=\"description\" content=\"D\u00e9couvrez tout l&#039;\u00e9quipement ABC d\u00e9di\u00e9 \u00e0 votre atelier de sellerie : de chevalet porte-peaux et chariot porte-rouleaux aux meubles pour EP et tables de travail.\" \/>\n<meta name=\"robots\" content=\"index, follow, max-snippet:-1, max-image-preview:large, max-video-preview:-1\" \/>\n<link rel=\"canonical\" href=\"https:\/\/abcprato.it\/fr\/domaines-d-application\/sellerie\/\" \/>\n<meta property=\"og:locale\" content=\"fr_FR\" \/>\n<meta property=\"og:type\" content=\"article\" \/>\n<meta property=\"og:title\" content=\"Sellerie - ABC Equipment &amp; Solutions\" \/>\n<meta property=\"og:description\" content=\"D\u00e9couvrez tout l&#039;\u00e9quipement ABC d\u00e9di\u00e9 \u00e0 votre atelier de sellerie : de chevalet porte-peaux et chariot porte-rouleaux aux meubles pour EP et tables de travail.\" \/>\n<meta property=\"og:url\" content=\"https:\/\/abcprato.it\/fr\/domaines-d-application\/sellerie\/\" \/>\n<meta property=\"og:site_name\" content=\"ABC Equipment &amp; Solutions\" \/>\n<meta property=\"article:modified_time\" content=\"2023-11-30T23:53:40+00:00\" \/>\n<meta property=\"og:image\" content=\"https:\/\/abcprato.it\/wp-content\/uploads\/2023\/11\/domaine-fabricant-sellerie.jpg\" \/>\n\t<meta property=\"og:image:width\" content=\"1500\" \/>\n\t<meta property=\"og:image:height\" content=\"1100\" \/>\n\t<meta property=\"og:image:type\" content=\"image\/jpeg\" \/>\n<meta name=\"twitter:card\" content=\"summary_large_image\" \/>\n<meta name=\"twitter:label1\" content=\"Dur\u00e9e de lecture estim\u00e9e\" \/>\n\t<meta name=\"twitter:data1\" content=\"1 minute\" \/>\n<script type=\"application\/ld+json\" class=\"yoast-schema-graph\">{\"@context\":\"https:\/\/schema.org\",\"@graph\":[{\"@type\":\"WebPage\",\"@id\":\"https:\/\/abcprato.it\/fr\/domaines-d-application\/sellerie\/\",\"url\":\"https:\/\/abcprato.it\/fr\/domaines-d-application\/sellerie\/\",\"name\":\"Sellerie - ABC Equipment &amp; Solutions\",\"isPartOf\":{\"@id\":\"https:\/\/abcprato.it\/fr\/#website\"},\"primaryImageOfPage\":{\"@id\":\"https:\/\/abcprato.it\/fr\/domaines-d-application\/sellerie\/#primaryimage\"},\"image\":{\"@id\":\"https:\/\/abcprato.it\/fr\/domaines-d-application\/sellerie\/#primaryimage\"},\"thumbnailUrl\":\"https:\/\/abcprato.it\/wp-content\/uploads\/2023\/11\/settore-produzione-sella.jpg\",\"datePublished\":\"2021-02-16T11:17:26+00:00\",\"dateModified\":\"2023-11-30T23:53:40+00:00\",\"description\":\"D\u00e9couvrez tout l'\u00e9quipement ABC d\u00e9di\u00e9 \u00e0 votre atelier de sellerie : de chevalet porte-peaux et chariot porte-rouleaux aux meubles pour EP et tables de travail.\",\"breadcrumb\":{\"@id\":\"https:\/\/abcprato.it\/fr\/domaines-d-application\/sellerie\/#breadcrumb\"},\"inLanguage\":\"fr-FR\",\"potentialAction\":[{\"@type\":\"ReadAction\",\"target\":[\"https:\/\/abcprato.it\/fr\/domaines-d-application\/sellerie\/\"]}]},{\"@type\":\"ImageObject\",\"inLanguage\":\"fr-FR\",\"@id\":\"https:\/\/abcprato.it\/fr\/domaines-d-application\/sellerie\/#primaryimage\",\"url\":\"https:\/\/abcprato.it\/wp-content\/uploads\/2023\/11\/settore-produzione-sella.jpg\",\"contentUrl\":\"https:\/\/abcprato.it\/wp-content\/uploads\/2023\/11\/settore-produzione-sella.jpg\",\"width\":1500,\"height\":1100,\"caption\":\"settore-produzione-sella\"},{\"@type\":\"BreadcrumbList\",\"@id\":\"https:\/\/abcprato.it\/fr\/domaines-d-application\/sellerie\/#breadcrumb\",\"itemListElement\":[{\"@type\":\"ListItem\",\"position\":1,\"name\":\"Home\",\"item\":\"https:\/\/abcprato.it\/fr\/\"},{\"@type\":\"ListItem\",\"position\":2,\"name\":\"Domaines\",\"item\":\"https:\/\/abcprato.it\/fr\/settori\/\"},{\"@type\":\"ListItem\",\"position\":3,\"name\":\"Sellerie\"}]},{\"@type\":\"WebSite\",\"@id\":\"https:\/\/abcprato.it\/fr\/#website\",\"url\":\"https:\/\/abcprato.it\/fr\/\",\"name\":\"ABC Equipment &amp; Solutions\",\"description\":\"\",\"publisher\":{\"@id\":\"https:\/\/abcprato.it\/fr\/#organization\"},\"potentialAction\":[{\"@type\":\"SearchAction\",\"target\":{\"@type\":\"EntryPoint\",\"urlTemplate\":\"https:\/\/abcprato.it\/fr\/?s={search_term_string}\"},\"query-input\":{\"@type\":\"PropertyValueSpecification\",\"valueRequired\":true,\"valueName\":\"search_term_string\"}}],\"inLanguage\":\"fr-FR\"},{\"@type\":\"Organization\",\"@id\":\"https:\/\/abcprato.it\/fr\/#organization\",\"name\":\"ABC Equipment & Solutions\",\"url\":\"https:\/\/abcprato.it\/fr\/\",\"logo\":{\"@type\":\"ImageObject\",\"inLanguage\":\"fr-FR\",\"@id\":\"https:\/\/abcprato.it\/fr\/#\/schema\/logo\/image\/\",\"url\":\"https:\/\/abcprato.it\/wp-content\/uploads\/2021\/01\/ABC-logo-2021.svg\",\"contentUrl\":\"https:\/\/abcprato.it\/wp-content\/uploads\/2021\/01\/ABC-logo-2021.svg\",\"width\":1,\"height\":1,\"caption\":\"ABC Equipment & Solutions\"},\"image\":{\"@id\":\"https:\/\/abcprato.it\/fr\/#\/schema\/logo\/image\/\"}}]}<\/script>\n<!-- \/ Yoast SEO plugin. -->","yoast_head_json":{"title":"Sellerie - ABC Equipment &amp; Solutions","description":"D\u00e9couvrez tout l'\u00e9quipement ABC d\u00e9di\u00e9 \u00e0 votre atelier de sellerie : de chevalet porte-peaux et chariot porte-rouleaux aux meubles pour EP et tables de travail.","robots":{"index":"index","follow":"follow","max-snippet":"max-snippet:-1","max-image-preview":"max-image-preview:large","max-video-preview":"max-video-preview:-1"},"canonical":"https:\/\/abcprato.it\/fr\/domaines-d-application\/sellerie\/","og_locale":"fr_FR","og_type":"article","og_title":"Sellerie - ABC Equipment &amp; Solutions","og_description":"D\u00e9couvrez tout l'\u00e9quipement ABC d\u00e9di\u00e9 \u00e0 votre atelier de sellerie : de chevalet porte-peaux et chariot porte-rouleaux aux meubles pour EP et tables de travail.","og_url":"https:\/\/abcprato.it\/fr\/domaines-d-application\/sellerie\/","og_site_name":"ABC Equipment &amp; Solutions","article_modified_time":"2023-11-30T23:53:40+00:00","og_image":[{"width":1500,"height":1100,"url":"https:\/\/abcprato.it\/wp-content\/uploads\/2023\/11\/domaine-fabricant-sellerie.jpg","type":"image\/jpeg"}],"twitter_card":"summary_large_image","twitter_misc":{"Dur\u00e9e de lecture estim\u00e9e":"1 minute"},"schema":{"@context":"https:\/\/schema.org","@graph":[{"@type":"WebPage","@id":"https:\/\/abcprato.it\/fr\/domaines-d-application\/sellerie\/","url":"https:\/\/abcprato.it\/fr\/domaines-d-application\/sellerie\/","name":"Sellerie - ABC Equipment &amp; Solutions","isPartOf":{"@id":"https:\/\/abcprato.it\/fr\/#website"},"primaryImageOfPage":{"@id":"https:\/\/abcprato.it\/fr\/domaines-d-application\/sellerie\/#primaryimage"},"image":{"@id":"https:\/\/abcprato.it\/fr\/domaines-d-application\/sellerie\/#primaryimage"},"thumbnailUrl":"https:\/\/abcprato.it\/wp-content\/uploads\/2023\/11\/settore-produzione-sella.jpg","datePublished":"2021-02-16T11:17:26+00:00","dateModified":"2023-11-30T23:53:40+00:00","description":"D\u00e9couvrez tout l'\u00e9quipement ABC d\u00e9di\u00e9 \u00e0 votre atelier de sellerie : de chevalet porte-peaux et chariot porte-rouleaux aux meubles pour EP et tables de travail.","breadcrumb":{"@id":"https:\/\/abcprato.it\/fr\/domaines-d-application\/sellerie\/#breadcrumb"},"inLanguage":"fr-FR","potentialAction":[{"@type":"ReadAction","target":["https:\/\/abcprato.it\/fr\/domaines-d-application\/sellerie\/"]}]},{"@type":"ImageObject","inLanguage":"fr-FR","@id":"https:\/\/abcprato.it\/fr\/domaines-d-application\/sellerie\/#primaryimage","url":"https:\/\/abcprato.it\/wp-content\/uploads\/2023\/11\/settore-produzione-sella.jpg","contentUrl":"https:\/\/abcprato.it\/wp-content\/uploads\/2023\/11\/settore-produzione-sella.jpg","width":1500,"height":1100,"caption":"settore-produzione-sella"},{"@type":"BreadcrumbList","@id":"https:\/\/abcprato.it\/fr\/domaines-d-application\/sellerie\/#breadcrumb","itemListElement":[{"@type":"ListItem","position":1,"name":"Home","item":"https:\/\/abcprato.it\/fr\/"},{"@type":"ListItem","position":2,"name":"Domaines","item":"https:\/\/abcprato.it\/fr\/settori\/"},{"@type":"ListItem","position":3,"name":"Sellerie"}]},{"@type":"WebSite","@id":"https:\/\/abcprato.it\/fr\/#website","url":"https:\/\/abcprato.it\/fr\/","name":"ABC Equipment &amp; Solutions","description":"","publisher":{"@id":"https:\/\/abcprato.it\/fr\/#organization"},"potentialAction":[{"@type":"SearchAction","target":{"@type":"EntryPoint","urlTemplate":"https:\/\/abcprato.it\/fr\/?s={search_term_string}"},"query-input":{"@type":"PropertyValueSpecification","valueRequired":true,"valueName":"search_term_string"}}],"inLanguage":"fr-FR"},{"@type":"Organization","@id":"https:\/\/abcprato.it\/fr\/#organization","name":"ABC Equipment & Solutions","url":"https:\/\/abcprato.it\/fr\/","logo":{"@type":"ImageObject","inLanguage":"fr-FR","@id":"https:\/\/abcprato.it\/fr\/#\/schema\/logo\/image\/","url":"https:\/\/abcprato.it\/wp-content\/uploads\/2021\/01\/ABC-logo-2021.svg","contentUrl":"https:\/\/abcprato.it\/wp-content\/uploads\/2021\/01\/ABC-logo-2021.svg","width":1,"height":1,"caption":"ABC Equipment & Solutions"},"image":{"@id":"https:\/\/abcprato.it\/fr\/#\/schema\/logo\/image\/"}}]}},"_links":{"self":[{"href":"https:\/\/abcprato.it\/fr\/wp-json\/wp\/v2\/pages\/5722","targetHints":{"allow":["GET"]}}],"collection":[{"href":"https:\/\/abcprato.it\/fr\/wp-json\/wp\/v2\/pages"}],"about":[{"href":"https:\/\/abcprato.it\/fr\/wp-json\/wp\/v2\/types\/page"}],"author":[{"embeddable":true,"href":"https:\/\/abcprato.it\/fr\/wp-json\/wp\/v2\/users\/3"}],"replies":[{"embeddable":true,"href":"https:\/\/abcprato.it\/fr\/wp-json\/wp\/v2\/comments?post=5722"}],"version-history":[{"count":18,"href":"https:\/\/abcprato.it\/fr\/wp-json\/wp\/v2\/pages\/5722\/revisions"}],"predecessor-version":[{"id":21614,"href":"https:\/\/abcprato.it\/fr\/wp-json\/wp\/v2\/pages\/5722\/revisions\/21614"}],"up":[{"embeddable":true,"href":"https:\/\/abcprato.it\/fr\/wp-json\/wp\/v2\/pages\/7959"}],"wp:featuredmedia":[{"embeddable":true,"href":"https:\/\/abcprato.it\/fr\/wp-json\/wp\/v2\/media\/20227"}],"wp:attachment":[{"href":"https:\/\/abcprato.it\/fr\/wp-json\/wp\/v2\/media?parent=5722"}],"curies":[{"name":"wp","href":"https:\/\/api.w.org\/{rel}","templated":true}]}}